{"id":9986,"date":"2026-02-07T08:54:03","date_gmt":"2026-02-07T07:54:03","guid":{"rendered":"https:\/\/www.shelltonewhaleproject.org\/observer-baleines-depuis-dana-point-copy\/"},"modified":"2026-02-07T10:41:37","modified_gmt":"2026-02-07T09:41:37","slug":"avistamiento-de-ballenas-ketchikan","status":"publish","type":"page","link":"https:\/\/www.shelltonewhaleproject.org\/es\/observer-baleines-ketchikan\/","title":{"rendered":"AVISTAMIENTO DE BALLENAS DESDE KETCHIKAN"},"content":{"rendered":"<!--themify_builder_content-->\n<div id=\"themify_builder_content-9986\" data-postid=\"9986\" class=\"themify_builder_content themify_builder_content-9986 themify_builder tf_clear\">\n                    <div  data-lazy=\"1\" class=\"module_row themify_builder_row tb_uh4u356 tb_first tf_w\">\n            <span  class=\"builder_row_cover tf_abs\" data-lazy=\"1\"><\/span>            <div class=\"row_inner col_align_top tb_col_count_1 tf_box tf_rel\">\n                        <div  data-lazy=\"1\" class=\"module_column tb-column col-full tb_8441370 first\">\n                    <!-- module text -->\n<div  class=\"module module-text tb_owam773    wow\" data-tf-animation=\"fadeInDown\" data-lazy=\"1\">\n        <div  class=\"tb_text_wrap\">\n        <h1 style=\"text-align: center;\">Avistamiento respetuoso de ballenas desde KETCHIKAN (Alaska)<\/h1>    <\/div>\n<\/div>\n<!-- \/module text --><!-- module plain text -->\n<div  class=\"module module-plain-text tb_vzo8575\" data-lazy=\"1\">\n        <div class=\"tb_text_wrap\">\n    <div class=\"tb_layout_part_wrap tf_w\"><!--themify_builder_content-->\n    <div  class=\"themify_builder_content themify_builder_content-8399 themify_builder not_editable_builder in_the_loop\" data-postid=\"8399\">\n                        <div  data-lazy=\"1\" class=\"module_row themify_builder_row tb_tjb8415 tf_w\">\n                        <div class=\"row_inner col_align_top tb_col_count_1 tf_box tf_rel\">\n                        <div  data-lazy=\"1\" class=\"module_column tb-column col-full tb_7b53415 first\">\n                    <!-- module text -->\n<div  class=\"module module-text tb_2jx4524\" data-lazy=\"1\">\n        <div  class=\"tb_text_wrap\">\n        <h4 style=\"text-align: center;\"><b>Shelltone Whale Project enumera una selecci\u00f3n de operadores de avistamiento de cet\u00e1ceos que se comprometen a adoptar un enfoque respetuoso.<\/b><\/h4>\n<h4 style=\"text-align: center;\">\u00a0<\/h4>\n<h4 style=\"text-align: center;\"><b>Bi\u00f3logos marinos y gu\u00edas experimentados que anteponen el bienestar de los animales.<\/b><\/h4>\n<h4 style=\"text-align: center;\">\u00a0<\/h4>\n<h4 style=\"text-align: center;\"><b>Compruebe directamente su disponibilidad y reserve su experiencia al mejor precio, sin coste adicional.<\/b><\/h4>    <\/div>\n<\/div>\n<!-- \/module text --><!-- module image -->\n<div  class=\"module module-image tb_06zv177 image-center   tf_mw\" data-lazy=\"1\">\n        <div class=\"image-wrap tf_rel tf_mw\">\n            <img loading=\"lazy\" decoding=\"async\" src=\"https:\/\/www.shelltonewhaleproject.org\/wp-content\/uploads\/2025\/10\/lgog-SWP-respect-1-LD-977x1024-250x250.png\" width=\"250\" height=\"250\" class=\"wp-post-image wp-image-8330\" title=\"lgog-SWP-respeto-1-LD\" alt=\"lgog-SWP-respeto-1-LD\" srcset=\"https:\/\/www.shelltonewhaleproject.org\/wp-content\/uploads\/2025\/10\/lgog-SWP-respect-1-LD-977x1024-250x250.png 250w, https:\/\/www.shelltonewhaleproject.org\/wp-content\/uploads\/2025\/10\/lgog-SWP-respect-1-LD-150x150.png 150w, https:\/\/www.shelltonewhaleproject.org\/wp-content\/uploads\/2025\/10\/lgog-SWP-respect-1-LD-11x12.png 11w, https:\/\/www.shelltonewhaleproject.org\/wp-content\/uploads\/2025\/10\/lgog-SWP-respect-1-LD-977x1024-300x300.png 300w\" sizes=\"auto, (max-width: 250px) 100vw, 250px\" \/>    \n        <\/div>\n    <!-- \/image-wrap -->\n    \n        <\/div>\n<!-- \/module image -->        <\/div>\n                        <\/div>\n        <\/div>\n            <\/div>\n<!--\/themify_builder_content--><\/div>\n    <\/div>\n<\/div>\n<!-- \/module plain text -->        <\/div>\n                        <\/div>\n        <\/div>\n                        <div  data-css_id=\"98f9307\" data-lazy=\"1\" class=\"module_row themify_builder_row fullwidth_row_container tb_98f9307 tf_w\">\n                        <div class=\"row_inner col_align_top tb_col_count_1 tf_box tf_rel\">\n                        <div  data-lazy=\"1\" class=\"module_column tb-column col-full tb_qu7u903 first\">\n                    <!-- module text -->\n<div  class=\"module module-text tb_5ujv053    wow\" data-tf-animation=\"fadeInUp\" data-tf-animation_delay=\"1\" data-lazy=\"1\">\n        <div  class=\"tb_text_wrap\">\n        <h1 style=\"text-align: center;\"><span style=\"color: #093c7a;\">La opini\u00f3n del equipo de Shelltone<\/span><\/h1>    <\/div>\n<\/div>\n<!-- \/module text --><!-- module text -->\n<div  class=\"module module-text tb_fsm4378    wow\" data-tf-animation=\"fadeInUp\" data-tf-animation_delay=\"1\" data-lazy=\"1\">\n        <div  class=\"tb_text_wrap\">\n        <p style=\"text-align: center;\"><strong>Su aventura comienza mientras navegamos por los estrechos de Tongass, donde su gu\u00eda le contar\u00e1 de primera mano la rica historia, cultura y vibrante costa de Ketchikan.<\/strong><\/p>\n<p style=\"text-align: center;\"><strong>Desde aqu\u00ed, nos dirigiremos a los mejores puntos de observaci\u00f3n, donde la naturaleza salvaje de Alaska cobra vida. Podr\u00e1 ver ballenas jorobadas salir a la superficie y zambullirse, \u00e1guilas calvas sobrevolar el cielo, focas comunes asolearse en las rocas y una gran variedad de aves marinas que prosperan en las ricas aguas del sudeste de Alaska.<\/strong><\/p>\n<p style=\"text-align: center;\"><b>Los entusiastas de los cet\u00e1ceos seleccionados por el equipo de Shelltone en Dana Point eligieron el <span style=\"color: #6e9e2f;\">RESPETO<\/span>.<\/b><\/p>    <\/div>\n<\/div>\n<!-- \/module text -->        <\/div>\n                        <\/div>\n        <\/div>\n                        <div  data-lazy=\"1\" class=\"module_row themify_builder_row tb_xqra330 tf_w\">\n                        <div class=\"row_inner col_align_top tb_col_count_1 tf_box tf_rel\">\n                        <div  data-lazy=\"1\" class=\"module_column tb-column col-full tb_rp9g838 first\">\n                    <!-- module text -->\n<div  class=\"module module-text tb_x1oi650    wow\" data-tf-animation=\"fadeInDown\" data-lazy=\"1\">\n        <div  class=\"tb_text_wrap\">\n        <h2 style=\"text-align: center;\"><strong>OBSERVACI\u00d3N DE CET\u00c1CEOS EN KETCHIKAN<\/strong><\/h2>\n<p style=\"text-align: center;\"><strong>Calendario de salidas, tarifas, reservas...<\/strong><\/p>    <\/div>\n<\/div>\n<!-- \/module text --><!-- module plain text -->\n<div  class=\"module module-plain-text tb_cglg087\" data-lazy=\"1\">\n        <div class=\"tb_text_wrap\">\n    <div class=\"shelltone-fh-embed\">\n  <iframe\n    src=\"https:\/\/fareharbor.com\/embeds\/book\/eagleonetours\/items\/144150\/?asn=fhdn&#038;asn-ref=shelltonewhaleproject&#038;ref=shelltonewhaleproject&#038;bookable-only=yes&#038;full-items=yes&#038;marketplace=yes&#038;flow=no&#038;branding=no\"\n    loading=\"lazy\"\n    scrolling=\"auto\">\n  <\/iframe>\n<\/div>\n    <\/div>\n<\/div>\n<!-- \/module plain text -->        <\/div>\n                        <\/div>\n        <\/div>\n                        <div  data-anchor=\"photos\" data-css_id=\"bdhj703\" data-lazy=\"1\" class=\"module_row themify_builder_row fullwidth tb_has_section tb_section-photos tb_bdhj703 tf_w\">\n                        <div class=\"row_inner col_align_top tb_col_count_1 tf_box tf_rel\">\n                        <div  data-lazy=\"1\" class=\"module_column tb-column col-full tb_d31p050 first\">\n                            <div  data-lazy=\"1\" class=\"module_subrow themify_builder_sub_row tf_w col_align_top tb_col_count_1 tb_pmg6539\">\n                <div  data-lazy=\"1\" class=\"module_column sub_column col-full tb_3a1l570 first\">\n                    <!-- module text -->\n<div  class=\"module module-text tb_zmbr555    wow\" data-tf-animation=\"fadeInUp\" data-tf-animation_delay=\"1\" data-lazy=\"1\">\n        <div  class=\"tb_text_wrap\">\n        <h1 style=\"text-align: center;\">Fotos de la expedici\u00f3n a Ketchikan<\/h1>    <\/div>\n<\/div>\n<!-- \/module text -->        <\/div>\n                    <\/div>\n                <\/div>\n                        <\/div>\n        <\/div>\n                        <div  data-anchor=\"photos\" data-css_id=\"nvur383\" data-lazy=\"1\" class=\"module_row themify_builder_row fullwidth tb_has_section tb_section-photos tb_nvur383 tf_w\">\n                        <div class=\"row_inner col_align_top tb_col_count_1 tf_box tf_rel\">\n                        <div  data-lazy=\"1\" class=\"module_column tb-column col-full tb_ohrw593 first\">\n                            <div  data-lazy=\"1\" class=\"module_subrow themify_builder_sub_row tf_w col_align_top tb_col_count_1 tb_g8l5800\">\n                <div  data-lazy=\"1\" class=\"module_column sub_column col-full tb_2c4i308 first\">\n                    <!-- module image -->\n<div  class=\"module module-image tb_trrs033 image-top   auto_fullwidth tf_mw\" data-lazy=\"1\">\n        <div class=\"image-wrap tf_rel tf_mw\">\n            <img loading=\"lazy\" decoding=\"async\" width=\"1600\" height=\"1067\" src=\"https:\/\/www.shelltonewhaleproject.org\/wp-content\/uploads\/2026\/02\/ketchikan-whalewatching.jpeg\" class=\"wp-post-image wp-image-10005\" title=\"ketchikan-whalewatching\" alt=\"ketchikan-whalewatching\" srcset=\"https:\/\/www.shelltonewhaleproject.org\/wp-content\/uploads\/2026\/02\/ketchikan-whalewatching.jpeg 1600w, https:\/\/www.shelltonewhaleproject.org\/wp-content\/uploads\/2026\/02\/ketchikan-whalewatching-300x200.jpeg 300w, https:\/\/www.shelltonewhaleproject.org\/wp-content\/uploads\/2026\/02\/ketchikan-whalewatching-1024x683.jpeg 1024w, https:\/\/www.shelltonewhaleproject.org\/wp-content\/uploads\/2026\/02\/ketchikan-whalewatching-768x512.jpeg 768w, https:\/\/www.shelltonewhaleproject.org\/wp-content\/uploads\/2026\/02\/ketchikan-whalewatching-1536x1024.jpeg 1536w, https:\/\/www.shelltonewhaleproject.org\/wp-content\/uploads\/2026\/02\/ketchikan-whalewatching-18x12.jpeg 18w\" sizes=\"auto, (max-width: 1600px) 100vw, 1600px\" \/>    \n        <\/div>\n    <!-- \/image-wrap -->\n    \n        <\/div>\n<!-- \/module image --><!-- module image -->\n<div  class=\"module module-image tb_p4ao008 image-top   auto_fullwidth tf_mw\" data-lazy=\"1\">\n        <div class=\"image-wrap tf_rel tf_mw\">\n            <img loading=\"lazy\" decoding=\"async\" width=\"1600\" height=\"1060\" src=\"https:\/\/www.shelltonewhaleproject.org\/wp-content\/uploads\/2026\/02\/ketchikan-whalewatching-1.jpeg\" class=\"wp-post-image wp-image-10006\" title=\"ketchikan-whalewatching-1\" alt=\"ketchikan-whalewatching-1\" srcset=\"https:\/\/www.shelltonewhaleproject.org\/wp-content\/uploads\/2026\/02\/ketchikan-whalewatching-1.jpeg 1600w, https:\/\/www.shelltonewhaleproject.org\/wp-content\/uploads\/2026\/02\/ketchikan-whalewatching-1-300x199.jpeg 300w, https:\/\/www.shelltonewhaleproject.org\/wp-content\/uploads\/2026\/02\/ketchikan-whalewatching-1-1024x678.jpeg 1024w, https:\/\/www.shelltonewhaleproject.org\/wp-content\/uploads\/2026\/02\/ketchikan-whalewatching-1-768x509.jpeg 768w, https:\/\/www.shelltonewhaleproject.org\/wp-content\/uploads\/2026\/02\/ketchikan-whalewatching-1-1536x1018.jpeg 1536w, https:\/\/www.shelltonewhaleproject.org\/wp-content\/uploads\/2026\/02\/ketchikan-whalewatching-1-18x12.jpeg 18w\" sizes=\"auto, (max-width: 1600px) 100vw, 1600px\" \/>    \n        <\/div>\n    <!-- \/image-wrap -->\n    \n        <\/div>\n<!-- \/module image --><!-- module image -->\n<div  class=\"module module-image tb_pv95330 image-top   auto_fullwidth tf_mw\" data-lazy=\"1\">\n        <div class=\"image-wrap tf_rel tf_mw\">\n            <img loading=\"lazy\" decoding=\"async\" width=\"1200\" height=\"1091\" src=\"https:\/\/www.shelltonewhaleproject.org\/wp-content\/uploads\/2026\/02\/ketchikan-whalewatching-2.jpeg\" class=\"wp-post-image wp-image-10007\" title=\"ketchikan-whalewatching-2\" alt=\"ketchikan-whalewatching-2\" srcset=\"https:\/\/www.shelltonewhaleproject.org\/wp-content\/uploads\/2026\/02\/ketchikan-whalewatching-2.jpeg 1200w, https:\/\/www.shelltonewhaleproject.org\/wp-content\/uploads\/2026\/02\/ketchikan-whalewatching-2-300x273.jpeg 300w, https:\/\/www.shelltonewhaleproject.org\/wp-content\/uploads\/2026\/02\/ketchikan-whalewatching-2-1024x931.jpeg 1024w, https:\/\/www.shelltonewhaleproject.org\/wp-content\/uploads\/2026\/02\/ketchikan-whalewatching-2-768x698.jpeg 768w, https:\/\/www.shelltonewhaleproject.org\/wp-content\/uploads\/2026\/02\/ketchikan-whalewatching-2-13x12.jpeg 13w\" sizes=\"auto, (max-width: 1200px) 100vw, 1200px\" \/>    \n        <\/div>\n    <!-- \/image-wrap -->\n    \n        <\/div>\n<!-- \/module image -->        <\/div>\n                    <\/div>\n                <\/div>\n                        <\/div>\n        <\/div>\n        <\/div>\n<!--\/themify_builder_content-->","protected":false},"excerpt":{"rendered":"<p>Observation respectueuse de baleines depuis KETCHIKAN (Alaska) L&rsquo;avis de la team Shelltone Votre aventure commence alors que nous naviguons dans les Tongass Narrows, o\u00f9 votre guide vous raconte en direct la riche histoire, la culture et le littoral anim\u00e9 de Ketchikan. De l\u00e0, nous nous dirigerons vers les meilleurs sites d&rsquo;observation o\u00f9 la nature sauvage [&hellip;]<\/p>\n","protected":false},"author":13,"featured_media":0,"parent":0,"menu_order":0,"comment_status":"closed","ping_status":"closed","template":"","meta":{"footnotes":""},"class_list":["post-9986","page","type-page","status-publish","hentry","has-post-title","has-post-date","has-post-category","has-post-tag","has-post-comment","has-post-author",""],"builder_content":"<h1 style=\"text-align: center;\">Observation respectueuse de baleines depuis KETCHIKAN (Alaska)<\/h1>\n[themify_layout_part id=\"8399\"]\n<h1 style=\"text-align: center;\">L'avis de la team Shelltone<\/h1>\n<p style=\"text-align: center;\"><strong>Votre aventure commence alors que nous naviguons dans les Tongass Narrows, o\u00f9 votre guide vous raconte en direct la riche histoire, la culture et le littoral anim\u00e9 de Ketchikan.<\/strong><\/p> <p style=\"text-align: center;\"><strong>De l\u00e0, nous nous dirigerons vers les meilleurs sites d'observation o\u00f9 la nature sauvage de l'Alaska prend vie. Vous pourrez observer les baleines \u00e0 bosse faire surface et plonger, les pygargues \u00e0 t\u00eate blanche planer au-dessus de vos t\u00eates, les phoques communs se pr\u00e9lasser sur les rochers et une grande vari\u00e9t\u00e9 d'oiseaux marins qui prosp\u00e8rent dans les eaux riches du sud-est de l'Alaska.<\/strong><\/p> <p style=\"text-align: center;\"><b>Les observateurs passionn\u00e9s de c\u00e9tac\u00e9s s\u00e9lectionn\u00e9s par la team Shelltone \u00e0 Dana Point ont choisi le RESPECT.<\/b><\/p>\n<h2 style=\"text-align: center;\"><strong>OBSERVATION DE C\u00c9TAC\u00c9S \u00c0 KETCHIKAN<\/strong><\/h2> <p style=\"text-align: center;\"><strong>Calendrier des sorties, tarifs, r\u00e9servations...<\/strong><\/p>\n<iframe src=\"https:\/\/fareharbor.com\/embeds\/book\/eagleonetours\/items\/144150\/?asn=fhdn&asn-ref=shelltonewhaleproject&ref=shelltonewhaleproject&bookable-only=yes&full-items=yes&marketplace=yes&flow=no&branding=no\" loading=\"lazy\" scrolling=\"auto\"> <\/iframe>\n<h1 style=\"text-align: center;\">Photos de l'exp\u00e9dition \u00e0 Ketchikan<\/h1>\n<img src=\"https:\/\/www.shelltonewhaleproject.org\/wp-content\/uploads\/2026\/02\/ketchikan-whalewatching.jpeg\" title=\"ketchikan-whalewatching\" alt=\"ketchikan-whalewatching\" srcset=\"https:\/\/www.shelltonewhaleproject.org\/wp-content\/uploads\/2026\/02\/ketchikan-whalewatching.jpeg 1600w, https:\/\/www.shelltonewhaleproject.org\/wp-content\/uploads\/2026\/02\/ketchikan-whalewatching-300x200.jpeg 300w, https:\/\/www.shelltonewhaleproject.org\/wp-content\/uploads\/2026\/02\/ketchikan-whalewatching-1024x683.jpeg 1024w, https:\/\/www.shelltonewhaleproject.org\/wp-content\/uploads\/2026\/02\/ketchikan-whalewatching-768x512.jpeg 768w, https:\/\/www.shelltonewhaleproject.org\/wp-content\/uploads\/2026\/02\/ketchikan-whalewatching-1536x1024.jpeg 1536w, https:\/\/www.shelltonewhaleproject.org\/wp-content\/uploads\/2026\/02\/ketchikan-whalewatching-18x12.jpeg 18w\" sizes=\"(max-width: 1600px) 100vw, 1600px\" \/>\n<img src=\"https:\/\/www.shelltonewhaleproject.org\/wp-content\/uploads\/2026\/02\/ketchikan-whalewatching-1.jpeg\" title=\"ketchikan-whalewatching-1\" alt=\"ketchikan-whalewatching-1\" srcset=\"https:\/\/www.shelltonewhaleproject.org\/wp-content\/uploads\/2026\/02\/ketchikan-whalewatching-1.jpeg 1600w, https:\/\/www.shelltonewhaleproject.org\/wp-content\/uploads\/2026\/02\/ketchikan-whalewatching-1-300x199.jpeg 300w, https:\/\/www.shelltonewhaleproject.org\/wp-content\/uploads\/2026\/02\/ketchikan-whalewatching-1-1024x678.jpeg 1024w, https:\/\/www.shelltonewhaleproject.org\/wp-content\/uploads\/2026\/02\/ketchikan-whalewatching-1-768x509.jpeg 768w, https:\/\/www.shelltonewhaleproject.org\/wp-content\/uploads\/2026\/02\/ketchikan-whalewatching-1-1536x1018.jpeg 1536w, https:\/\/www.shelltonewhaleproject.org\/wp-content\/uploads\/2026\/02\/ketchikan-whalewatching-1-18x12.jpeg 18w\" sizes=\"(max-width: 1600px) 100vw, 1600px\" \/>\n<img src=\"https:\/\/www.shelltonewhaleproject.org\/wp-content\/uploads\/2026\/02\/ketchikan-whalewatching-2.jpeg\" title=\"ketchikan-whalewatching-2\" alt=\"ketchikan-whalewatching-2\" srcset=\"https:\/\/www.shelltonewhaleproject.org\/wp-content\/uploads\/2026\/02\/ketchikan-whalewatching-2.jpeg 1200w, https:\/\/www.shelltonewhaleproject.org\/wp-content\/uploads\/2026\/02\/ketchikan-whalewatching-2-300x273.jpeg 300w, https:\/\/www.shelltonewhaleproject.org\/wp-content\/uploads\/2026\/02\/ketchikan-whalewatching-2-1024x931.jpeg 1024w, https:\/\/www.shelltonewhaleproject.org\/wp-content\/uploads\/2026\/02\/ketchikan-whalewatching-2-768x698.jpeg 768w, https:\/\/www.shelltonewhaleproject.org\/wp-content\/uploads\/2026\/02\/ketchikan-whalewatching-2-13x12.jpeg 13w\" sizes=\"(max-width: 1200px) 100vw, 1200px\" \/>","_links":{"self":[{"href":"https:\/\/www.shelltonewhaleproject.org\/es\/wp-json\/wp\/v2\/pages\/9986","targetHints":{"allow":["GET"]}}],"collection":[{"href":"https:\/\/www.shelltonewhaleproject.org\/es\/wp-json\/wp\/v2\/pages"}],"about":[{"href":"https:\/\/www.shelltonewhaleproject.org\/es\/wp-json\/wp\/v2\/types\/page"}],"author":[{"embeddable":true,"href":"https:\/\/www.shelltonewhaleproject.org\/es\/wp-json\/wp\/v2\/users\/13"}],"replies":[{"embeddable":true,"href":"https:\/\/www.shelltonewhaleproject.org\/es\/wp-json\/wp\/v2\/comments?post=9986"}],"version-history":[{"count":8,"href":"https:\/\/www.shelltonewhaleproject.org\/es\/wp-json\/wp\/v2\/pages\/9986\/revisions"}],"predecessor-version":[{"id":10009,"href":"https:\/\/www.shelltonewhaleproject.org\/es\/wp-json\/wp\/v2\/pages\/9986\/revisions\/10009"}],"wp:attachment":[{"href":"https:\/\/www.shelltonewhaleproject.org\/es\/wp-json\/wp\/v2\/media?parent=9986"}],"curies":[{"name":"wp","href":"https:\/\/api.w.org\/{rel}","templated":true}]}}