{"id":9820,"date":"2026-02-02T11:19:32","date_gmt":"2026-02-02T10:19:32","guid":{"rendered":"https:\/\/www.shelltonewhaleproject.org\/observer-baleines-depuis-dana-point-copy\/"},"modified":"2026-02-04T09:59:49","modified_gmt":"2026-02-04T08:59:49","slug":"avistamiento-de-ballenas-san-francisco","status":"publish","type":"page","link":"https:\/\/www.shelltonewhaleproject.org\/es\/observer-baleines-san-francisco\/","title":{"rendered":"AVISTAMIENTO DE BALLENAS DESDE SAN FRANCISCO"},"content":{"rendered":"<!--themify_builder_content-->\n<div id=\"themify_builder_content-9820\" data-postid=\"9820\" class=\"themify_builder_content themify_builder_content-9820 themify_builder tf_clear\">\n                    <div  data-lazy=\"1\" class=\"module_row themify_builder_row tb_qght111 tb_first tf_w\">\n            <span  class=\"builder_row_cover tf_abs\" data-lazy=\"1\"><\/span>            <div class=\"row_inner col_align_top tb_col_count_1 tf_box tf_rel\">\n                        <div  data-lazy=\"1\" class=\"module_column tb-column col-full tb_crdx230 first\">\n                    <!-- module text -->\n<div  class=\"module module-text tb_4aew147    wow\" data-tf-animation=\"fadeInDown\" data-lazy=\"1\">\n        <div  class=\"tb_text_wrap\">\n        <h1 style=\"text-align: center;\">Avistamiento respetuoso de ballenas desde SAN FRANCISCO (California)<\/h1>    <\/div>\n<\/div>\n<!-- \/module text --><!-- module plain text -->\n<div  class=\"module module-plain-text tb_df2k000\" data-lazy=\"1\">\n        <div class=\"tb_text_wrap\">\n    <div class=\"tb_layout_part_wrap tf_w\"><!--themify_builder_content-->\n    <div  class=\"themify_builder_content themify_builder_content-8399 themify_builder not_editable_builder in_the_loop\" data-postid=\"8399\">\n                        <div  data-lazy=\"1\" class=\"module_row themify_builder_row tb_tjb8415 tf_w\">\n                        <div class=\"row_inner col_align_top tb_col_count_1 tf_box tf_rel\">\n                        <div  data-lazy=\"1\" class=\"module_column tb-column col-full tb_7b53415 first\">\n                    <!-- module text -->\n<div  class=\"module module-text tb_2jx4524\" data-lazy=\"1\">\n        <div  class=\"tb_text_wrap\">\n        <h4 style=\"text-align: center;\">Shelltone Whale Project es una organizaci\u00f3n medioambiental que certifica a los operadores de avistamiento de ballenas respetuosos con el medio ambiente.<\/h4>\n<h4 style=\"text-align: center;\">\u00a0<\/h4>\n<h4 style=\"text-align: center;\">Bi\u00f3logos marinos y gu\u00edas naturalistas, que privilegian enfoques suaves y respetuosos.<\/h4>\n<h4 style=\"text-align: center;\">\u00a0<\/h4>\n<h4 style=\"text-align: center;\">Nuestro sitio le da acceso directo a los calendarios de los operadores que hemos seleccionado, para que pueda reservar su salida directamente con ellos, al mejor precio y sin coste adicional.<\/h4>    <\/div>\n<\/div>\n<!-- \/module text --><!-- module image -->\n<div  class=\"module module-image tb_06zv177 image-center   tf_mw\" data-lazy=\"1\">\n        <div class=\"image-wrap tf_rel tf_mw\">\n            <img loading=\"lazy\" decoding=\"async\" src=\"https:\/\/www.shelltonewhaleproject.org\/wp-content\/uploads\/2025\/10\/lgog-SWP-respect-1-LD-977x1024-250x250.png\" width=\"250\" height=\"250\" class=\"wp-post-image wp-image-8330\" title=\"lgog-SWP-respeto-1-LD\" alt=\"lgog-SWP-respeto-1-LD\" srcset=\"https:\/\/www.shelltonewhaleproject.org\/wp-content\/uploads\/2025\/10\/lgog-SWP-respect-1-LD-977x1024-250x250.png 250w, https:\/\/www.shelltonewhaleproject.org\/wp-content\/uploads\/2025\/10\/lgog-SWP-respect-1-LD-150x150.png 150w, https:\/\/www.shelltonewhaleproject.org\/wp-content\/uploads\/2025\/10\/lgog-SWP-respect-1-LD-11x12.png 11w, https:\/\/www.shelltonewhaleproject.org\/wp-content\/uploads\/2025\/10\/lgog-SWP-respect-1-LD-977x1024-300x300.png 300w\" sizes=\"auto, (max-width: 250px) 100vw, 250px\" \/>    \n        <\/div>\n    <!-- \/image-wrap -->\n    \n        <\/div>\n<!-- \/module image -->        <\/div>\n                        <\/div>\n        <\/div>\n            <\/div>\n<!--\/themify_builder_content--><\/div>\n    <\/div>\n<\/div>\n<!-- \/module plain text -->        <\/div>\n                        <\/div>\n        <\/div>\n                        <div  data-css_id=\"za1a040\" data-lazy=\"1\" class=\"module_row themify_builder_row fullwidth_row_container tb_za1a040 tf_w\">\n                        <div class=\"row_inner col_align_top tb_col_count_1 tf_box tf_rel\">\n                        <div  data-lazy=\"1\" class=\"module_column tb-column col-full tb_i8xl404 first\">\n                    <!-- module text -->\n<div  class=\"module module-text tb_8r3s305    wow\" data-tf-animation=\"fadeInUp\" data-tf-animation_delay=\"1\" data-lazy=\"1\">\n        <div  class=\"tb_text_wrap\">\n        <h1 style=\"text-align: center;\"><span style=\"color: #093c7a;\">La opini\u00f3n del equipo de Shelltone<\/span><\/h1>    <\/div>\n<\/div>\n<!-- \/module text --><!-- module text -->\n<div  class=\"module module-text tb_8ndm341    wow\" data-tf-animation=\"fadeInUp\" data-tf-animation_delay=\"1\" data-lazy=\"1\">\n        <div  class=\"tb_text_wrap\">\n        <p style=\"text-align: center;\"><strong>Disfrute de un crucero panor\u00e1mico por la magn\u00edfica costa de San Francisco y descubra la fant\u00e1stica fauna de la bah\u00eda. \u00a1Cada viaje es una experiencia \u00fanica! Prepare un picnic, coja su c\u00e1mara y disfrute del viaje de su vida por el Oc\u00e9ano Pac\u00edfico.<\/strong><br><br><\/p>\n<p style=\"text-align: center;\"><b>Puede observar ballenas jorobadas<\/b>, <b>ballenas grises<\/b>, <b>focas, delfines, marsopas y abundantes colonias de aves marinas.<\/b><b><\/b><\/p>\n<p style=\"text-align: center;\"><b>Disfrutar\u00e1 de una extraordinaria vista del puente Golden Gate y de la magn\u00edfica costa.<\/b><\/p>\n<p style=\"text-align: center;\"><b>Los entusiastas de los cet\u00e1ceos seleccionados por el equipo de Shelltone en San Francisco han elegido el <span style=\"color: #6e9e2f;\">RESPETO<\/span>.<\/b><\/p>    <\/div>\n<\/div>\n<!-- \/module text -->        <\/div>\n                        <\/div>\n        <\/div>\n                        <div  data-lazy=\"1\" class=\"module_row themify_builder_row tb_06ho084 tf_w\">\n                        <div class=\"row_inner col_align_top tb_col_count_1 tf_box tf_rel\">\n                        <div  data-lazy=\"1\" class=\"module_column tb-column col-full tb_v1e3410 first\">\n                    <!-- module text -->\n<div  class=\"module module-text tb_q5d8040    wow\" data-tf-animation=\"fadeInDown\" data-lazy=\"1\">\n        <div  class=\"tb_text_wrap\">\n        <h2 style=\"text-align: center;\"><strong>Avistamientos de cet\u00e1ceos en San Francisco<\/strong><\/h2>\n<p style=\"text-align: center;\"><strong>Calendario de salidas, tarifas, reservas...<\/strong><\/p>    <\/div>\n<\/div>\n<!-- \/module text --><!-- module plain text -->\n<div  class=\"module module-plain-text tb_7xlf434\" data-lazy=\"1\">\n        <div class=\"tb_text_wrap\">\n    <div class=\"shelltone-fh-embed\">\n  <iframe\n    src=\"https:\/\/fareharbor.com\/embeds\/book\/sanfranciscowhaletours\/items\/26595\/?asn=fhdn&#038;asn-ref=shelltonewhaleproject&#038;ref=shelltonewhaleproject&#038;bookable-only=yes&#038;full-items=yes&#038;marketplace=yes&#038;flow=no&#038;branding=no\"\n    loading=\"lazy\"\n    scrolling=\"auto\">\n  <\/iframe>\n<\/div>\n    <\/div>\n<\/div>\n<!-- \/module plain text -->        <\/div>\n                        <\/div>\n        <\/div>\n                        <div  data-anchor=\"photos\" data-css_id=\"fvg6340\" data-lazy=\"1\" class=\"module_row themify_builder_row fullwidth tb_has_section tb_section-photos tb_fvg6340 tf_w\">\n                        <div class=\"row_inner col_align_top tb_col_count_1 tf_box tf_rel\">\n                        <div  data-lazy=\"1\" class=\"module_column tb-column col-full tb_vea2411 first\">\n                            <div  data-lazy=\"1\" class=\"module_subrow themify_builder_sub_row tf_w col_align_top tb_col_count_1 tb_d7iw014\">\n                <div  data-lazy=\"1\" class=\"module_column sub_column col-full tb_szj3011 first\">\n                    <!-- module text -->\n<div  class=\"module module-text tb_73ml055    wow\" data-tf-animation=\"fadeInUp\" data-tf-animation_delay=\"1\" data-lazy=\"1\">\n        <div  class=\"tb_text_wrap\">\n        <h1 style=\"text-align: center;\">Fotos de la expedici\u00f3n a San Francisco<\/h1>    <\/div>\n<\/div>\n<!-- \/module text --><!-- module image -->\n<div  class=\"module module-image tb_pvrq004 image-top   auto_fullwidth tf_mw\" data-lazy=\"1\">\n        <div class=\"image-wrap tf_rel tf_mw\">\n            <img loading=\"lazy\" decoding=\"async\" width=\"718\" height=\"403\" src=\"https:\/\/www.shelltonewhaleproject.org\/wp-content\/uploads\/2026\/02\/san-francisco-whalewatching.jpeg\" class=\"wp-post-image wp-image-9849\" title=\"san-francisco-whalewatching\" alt=\"san-francisco-whalewatching\" srcset=\"https:\/\/www.shelltonewhaleproject.org\/wp-content\/uploads\/2026\/02\/san-francisco-whalewatching.jpeg 718w, https:\/\/www.shelltonewhaleproject.org\/wp-content\/uploads\/2026\/02\/san-francisco-whalewatching-300x168.jpeg 300w, https:\/\/www.shelltonewhaleproject.org\/wp-content\/uploads\/2026\/02\/san-francisco-whalewatching-18x10.jpeg 18w\" sizes=\"auto, (max-width: 718px) 100vw, 718px\" \/>    \n        <\/div>\n    <!-- \/image-wrap -->\n    \n        <\/div>\n<!-- \/module image --><!-- module image -->\n<div  class=\"module module-image tb_x4xu541 image-top   auto_fullwidth tf_mw\" data-lazy=\"1\">\n        <div class=\"image-wrap tf_rel tf_mw\">\n            <img loading=\"lazy\" decoding=\"async\" width=\"1440\" height=\"960\" src=\"https:\/\/www.shelltonewhaleproject.org\/wp-content\/uploads\/2026\/02\/san-francisco-whalewatching-2.jpeg\" class=\"wp-post-image wp-image-9847\" title=\"san-francisco-whalewatching-2\" alt=\"san-francisco-whalewatching-2\" srcset=\"https:\/\/www.shelltonewhaleproject.org\/wp-content\/uploads\/2026\/02\/san-francisco-whalewatching-2.jpeg 1440w, https:\/\/www.shelltonewhaleproject.org\/wp-content\/uploads\/2026\/02\/san-francisco-whalewatching-2-300x200.jpeg 300w, https:\/\/www.shelltonewhaleproject.org\/wp-content\/uploads\/2026\/02\/san-francisco-whalewatching-2-1024x683.jpeg 1024w, https:\/\/www.shelltonewhaleproject.org\/wp-content\/uploads\/2026\/02\/san-francisco-whalewatching-2-768x512.jpeg 768w, https:\/\/www.shelltonewhaleproject.org\/wp-content\/uploads\/2026\/02\/san-francisco-whalewatching-2-18x12.jpeg 18w\" sizes=\"auto, (max-width: 1440px) 100vw, 1440px\" \/>    \n        <\/div>\n    <!-- \/image-wrap -->\n    \n        <\/div>\n<!-- \/module image --><!-- module image -->\n<div  class=\"module module-image tb_2z1l001 image-top   auto_fullwidth tf_mw\" data-lazy=\"1\">\n        <div class=\"image-wrap tf_rel tf_mw\">\n            <img loading=\"lazy\" decoding=\"async\" width=\"1270\" height=\"1000\" src=\"https:\/\/www.shelltonewhaleproject.org\/wp-content\/uploads\/2026\/02\/san-francisco-whalewatching-1.jpeg\" class=\"wp-post-image wp-image-9848\" title=\"san-francisco-whalewatching-1\" alt=\"san-francisco-whalewatching-1\" srcset=\"https:\/\/www.shelltonewhaleproject.org\/wp-content\/uploads\/2026\/02\/san-francisco-whalewatching-1.jpeg 1270w, https:\/\/www.shelltonewhaleproject.org\/wp-content\/uploads\/2026\/02\/san-francisco-whalewatching-1-300x236.jpeg 300w, https:\/\/www.shelltonewhaleproject.org\/wp-content\/uploads\/2026\/02\/san-francisco-whalewatching-1-1024x806.jpeg 1024w, https:\/\/www.shelltonewhaleproject.org\/wp-content\/uploads\/2026\/02\/san-francisco-whalewatching-1-768x605.jpeg 768w, https:\/\/www.shelltonewhaleproject.org\/wp-content\/uploads\/2026\/02\/san-francisco-whalewatching-1-15x12.jpeg 15w\" sizes=\"auto, (max-width: 1270px) 100vw, 1270px\" \/>    \n        <\/div>\n    <!-- \/image-wrap -->\n    \n        <\/div>\n<!-- \/module image -->        <\/div>\n                    <\/div>\n                <\/div>\n                        <\/div>\n        <\/div>\n                        <div  data-anchor=\"photos\" data-css_id=\"7ns2330\" data-lazy=\"1\" class=\"module_row themify_builder_row fullwidth tb_has_section tb_section-photos tb_7ns2330 tf_w\">\n                        <div class=\"row_inner col_align_top tb_col_count_1 tf_box tf_rel\">\n                        <div  data-lazy=\"1\" class=\"module_column tb-column col-full tb_2tw4335 first\">\n                            <div  data-lazy=\"1\" class=\"module_subrow themify_builder_sub_row tf_w col_align_top tb_col_count_1 tb_xjo2315\">\n                <div  data-lazy=\"1\" class=\"module_column sub_column col-full tb_a6cd114 first\">\n                            <\/div>\n                    <\/div>\n                <\/div>\n                        <\/div>\n        <\/div>\n        <\/div>\n<!--\/themify_builder_content-->","protected":false},"excerpt":{"rendered":"<p>Observation respectueuse de baleines depuis SAN FRANCISCO (Californie) L&rsquo;avis de la team Shelltone Profitez d&rsquo;une croisi\u00e8re panoramique le long de la magnifique c\u00f4te de San Francisco et d\u00e9couvrez la faune fantastique de la baie. Chaque voyage est une exp\u00e9rience unique&nbsp;! Pr\u00e9parez un pique-nique, prenez votre appareil photo et profitez du voyage de votre vie sur [&hellip;]<\/p>\n","protected":false},"author":13,"featured_media":0,"parent":0,"menu_order":0,"comment_status":"closed","ping_status":"closed","template":"","meta":{"footnotes":""},"class_list":["post-9820","page","type-page","status-publish","hentry","has-post-title","has-post-date","has-post-category","has-post-tag","has-post-comment","has-post-author",""],"builder_content":"<h1 style=\"text-align: center;\">Observation respectueuse de baleines depuis SAN FRANCISCO (Californie)<\/h1>\n[themify_layout_part id=\"8399\"]\n<h1 style=\"text-align: center;\">L'avis de la team Shelltone<\/h1>\n<p style=\"text-align: center;\"><strong>Profitez d'une croisi\u00e8re panoramique le long de la magnifique c\u00f4te de San Francisco et d\u00e9couvrez la faune fantastique de la baie. Chaque voyage est une exp\u00e9rience unique ! Pr\u00e9parez un pique-nique, prenez votre appareil photo et profitez du voyage de votre vie sur l'oc\u00e9an Pacifique.<\/strong><br><br><\/p> <p style=\"text-align: center;\"><b>Vous pourrez observer des baleines \u00e0 bosse<\/b>, <b>baleines grises<\/b>, <b>phoques communs, dauphins, marsouins et colonies d'oiseaux marins abondantes.<\/b><b><\/b><\/p> <p style=\"text-align: center;\"><b>Vous profiterez d\u2019une extraordinaire vue sur le Golden Gate Bridge et les magnifiques c\u00f4tes.<\/b><\/p> <p style=\"text-align: center;\"><b>Les observateurs passionn\u00e9s de c\u00e9tac\u00e9s s\u00e9lectionn\u00e9s par la team Shelltone \u00e0 San Francisco ont choisi le RESPECT.<\/b><\/p>\n<h2 style=\"text-align: center;\"><strong>OBSERVATION DE C\u00c9TAC\u00c9S \u00c0 San Francisco<\/strong><\/h2> <p style=\"text-align: center;\"><strong>Calendrier des sorties, tarifs, r\u00e9servations...<\/strong><\/p>\n<iframe src=\"https:\/\/fareharbor.com\/embeds\/book\/sanfranciscowhaletours\/items\/26595\/?asn=fhdn&asn-ref=shelltonewhaleproject&ref=shelltonewhaleproject&bookable-only=yes&full-items=yes&marketplace=yes&flow=no&branding=no\" loading=\"lazy\" scrolling=\"auto\"> <\/iframe>\n<h1 style=\"text-align: center;\">Photos de l'exp\u00e9dition \u00e0 San Francisco<\/h1>\n<img src=\"https:\/\/www.shelltonewhaleproject.org\/wp-content\/uploads\/2026\/02\/san-francisco-whalewatching.jpeg\" title=\"san-francisco-whalewatching\" alt=\"san-francisco-whalewatching\" srcset=\"https:\/\/www.shelltonewhaleproject.org\/wp-content\/uploads\/2026\/02\/san-francisco-whalewatching.jpeg 718w, https:\/\/www.shelltonewhaleproject.org\/wp-content\/uploads\/2026\/02\/san-francisco-whalewatching-300x168.jpeg 300w, https:\/\/www.shelltonewhaleproject.org\/wp-content\/uploads\/2026\/02\/san-francisco-whalewatching-18x10.jpeg 18w\" sizes=\"(max-width: 718px) 100vw, 718px\" \/>\n<img src=\"https:\/\/www.shelltonewhaleproject.org\/wp-content\/uploads\/2026\/02\/san-francisco-whalewatching-2.jpeg\" title=\"san-francisco-whalewatching-2\" alt=\"san-francisco-whalewatching-2\" srcset=\"https:\/\/www.shelltonewhaleproject.org\/wp-content\/uploads\/2026\/02\/san-francisco-whalewatching-2.jpeg 1440w, https:\/\/www.shelltonewhaleproject.org\/wp-content\/uploads\/2026\/02\/san-francisco-whalewatching-2-300x200.jpeg 300w, https:\/\/www.shelltonewhaleproject.org\/wp-content\/uploads\/2026\/02\/san-francisco-whalewatching-2-1024x683.jpeg 1024w, https:\/\/www.shelltonewhaleproject.org\/wp-content\/uploads\/2026\/02\/san-francisco-whalewatching-2-768x512.jpeg 768w, https:\/\/www.shelltonewhaleproject.org\/wp-content\/uploads\/2026\/02\/san-francisco-whalewatching-2-18x12.jpeg 18w\" sizes=\"(max-width: 1440px) 100vw, 1440px\" \/>\n<img src=\"https:\/\/www.shelltonewhaleproject.org\/wp-content\/uploads\/2026\/02\/san-francisco-whalewatching-1.jpeg\" title=\"san-francisco-whalewatching-1\" alt=\"san-francisco-whalewatching-1\" srcset=\"https:\/\/www.shelltonewhaleproject.org\/wp-content\/uploads\/2026\/02\/san-francisco-whalewatching-1.jpeg 1270w, https:\/\/www.shelltonewhaleproject.org\/wp-content\/uploads\/2026\/02\/san-francisco-whalewatching-1-300x236.jpeg 300w, https:\/\/www.shelltonewhaleproject.org\/wp-content\/uploads\/2026\/02\/san-francisco-whalewatching-1-1024x806.jpeg 1024w, https:\/\/www.shelltonewhaleproject.org\/wp-content\/uploads\/2026\/02\/san-francisco-whalewatching-1-768x605.jpeg 768w, https:\/\/www.shelltonewhaleproject.org\/wp-content\/uploads\/2026\/02\/san-francisco-whalewatching-1-15x12.jpeg 15w\" sizes=\"(max-width: 1270px) 100vw, 1270px\" \/>","_links":{"self":[{"href":"https:\/\/www.shelltonewhaleproject.org\/es\/wp-json\/wp\/v2\/pages\/9820","targetHints":{"allow":["GET"]}}],"collection":[{"href":"https:\/\/www.shelltonewhaleproject.org\/es\/wp-json\/wp\/v2\/pages"}],"about":[{"href":"https:\/\/www.shelltonewhaleproject.org\/es\/wp-json\/wp\/v2\/types\/page"}],"author":[{"embeddable":true,"href":"https:\/\/www.shelltonewhaleproject.org\/es\/wp-json\/wp\/v2\/users\/13"}],"replies":[{"embeddable":true,"href":"https:\/\/www.shelltonewhaleproject.org\/es\/wp-json\/wp\/v2\/comments?post=9820"}],"version-history":[{"count":13,"href":"https:\/\/www.shelltonewhaleproject.org\/es\/wp-json\/wp\/v2\/pages\/9820\/revisions"}],"predecessor-version":[{"id":9967,"href":"https:\/\/www.shelltonewhaleproject.org\/es\/wp-json\/wp\/v2\/pages\/9820\/revisions\/9967"}],"wp:attachment":[{"href":"https:\/\/www.shelltonewhaleproject.org\/es\/wp-json\/wp\/v2\/media?parent=9820"}],"curies":[{"name":"wp","href":"https:\/\/api.w.org\/{rel}","templated":true}]}}