{"id":7994,"date":"2025-09-29T12:16:27","date_gmt":"2025-09-29T10:16:27","guid":{"rendered":"https:\/\/www.shelltonewhaleproject.org\/canada-copy\/"},"modified":"2025-12-24T16:59:06","modified_gmt":"2025-12-24T15:59:06","slug":"avistamiento-de-ballenas-en-oceania","status":"publish","type":"page","link":"https:\/\/www.shelltonewhaleproject.org\/es\/whalewatching-oceanie\/","title":{"rendered":"Ocean\u00eda"},"content":{"rendered":"<!--themify_builder_content-->\n<div id=\"themify_builder_content-7994\" data-postid=\"7994\" class=\"themify_builder_content themify_builder_content-7994 themify_builder tf_clear\">\n                    <div  data-anchor=\"destinations\" data-lazy=\"1\" class=\"module_row themify_builder_row tb_has_section tb_section-destinations tb_kefj440 tb_first tf_w wow\" data-tf-animation=\"fadeInUp\">\n                        <div class=\"row_inner col_align_top tb_col_count_1 tf_box tf_rel\">\n                        <div  data-lazy=\"1\" class=\"module_column tb-column col-full tb_bf9p040 first\">\n                            <div  data-lazy=\"1\" class=\"module_subrow themify_builder_sub_row tf_w col_align_top tb_col_count_1 tb_bjc9600\">\n                <div  data-lazy=\"1\" class=\"module_column sub_column col-full tb_ix1d440 first\">\n                    <!-- module text -->\n<div  class=\"module module-text tb_gldp166\" data-lazy=\"1\">\n        <div  class=\"tb_text_wrap\">\n        <h1 style=\"text-align: center;\">Ocean\u00eda<\/h1>    <\/div>\n<\/div>\n<!-- \/module text -->        <\/div>\n                    <\/div>\n                <div  data-lazy=\"1\" class=\"module_subrow themify_builder_sub_row tf_w col_align_top tb_col_count_4 tb_crtg188\">\n                <div  data-lazy=\"1\" class=\"module_column sub_column col4-1 tb_pil3609 first\">\n                    <!-- module image pro -->\n<div  class=\"module module-pro-image tb_35u7337 filter- effect-grayscale-reverse fullwidth_image rounded tf_textc   entrance-effect-none\" data-lazy=\"1\" data-entrance-effect=\"none\" data-exit-effect=\"\" >\n\t\n    <div class=\"image-pro-wrap tf_rel tf_overflow tf_inline_b\">\n\t\t\t\t\t<a class=\"image-pro-external tf_abs tf_w tf_h\" href=\"https:\/\/www.shelltonewhaleproject.org\/es\/observar-ballenas-y-delfines-hervey-bay\/\" ><span class=\"screen-reader-text\">Enlace<\/span><\/a>\n\t\t   \t\t<div class=\"image-pro-flip-box-wrap tf_rel tf_w tf_overflow\">\n\t\t\t<div class=\"image-pro-flip-box tf_rel\">\n\n\t\t\t\t<img loading=\"lazy\" decoding=\"async\" width=\"800\" height=\"521\" src=\"https:\/\/www.shelltonewhaleproject.org\/wp-content\/uploads\/2025\/09\/Whalewatching-Hervey-Bey-1.jpeg\" class=\"wp-post-image wp-image-7999\" title=\"Hervey Bey, Australia\" alt=\"Hervey Bey, Australia\" srcset=\"https:\/\/www.shelltonewhaleproject.org\/wp-content\/uploads\/2025\/09\/Whalewatching-Hervey-Bey-1.jpeg 800w, https:\/\/www.shelltonewhaleproject.org\/wp-content\/uploads\/2025\/09\/Whalewatching-Hervey-Bey-1-300x195.jpeg 300w, https:\/\/www.shelltonewhaleproject.org\/wp-content\/uploads\/2025\/09\/Whalewatching-Hervey-Bey-1-768x500.jpeg 768w, https:\/\/www.shelltonewhaleproject.org\/wp-content\/uploads\/2025\/09\/Whalewatching-Hervey-Bey-1-18x12.jpeg 18w\" sizes=\"auto, (max-width: 800px) 100vw, 800px\" \/>\n\t\t\t\t\t\t\t\t\t<div class=\"image-pro-overlay none tf_abs\">\n\n\t\t\t\t\t\t\t\t\t\t\t\t\t<div class=\"image-pro-color-overlay tf_abs\" style=\"background-color:rgba(3,22,51, 0.47)\"><\/div>\n\t\t\t\t\t\t\n\t\t\t\t\t\t<div class=\"image-pro-overlay-inner\">\n\n\t\t\t\t\t\t\t\t\t\t\t\t\t\t\t<h4 class=\"image-pro-entity image-pro-title\">Hervey Bey, Australia<\/h4>\n\t\t\t\t\t\t\t\t\n\t\t\t\t\t\t\t\n\t\t\t\t\t\t\t\n\t\t\t\t\t\t<\/div>\n\t\t\t\t\t<\/div><!-- .image-pro-overlay -->\n\t\t\t\t\n\t\t\t<\/div>\n\t\t<\/div>\n\n    <\/div><!-- .image-pro-wrap -->\n\n\t\n\t\n\t<\/div><!-- \/module image pro -->        <\/div>\n                    <div  data-lazy=\"1\" class=\"module_column sub_column col4-1 tb_90ac626\">\n                    <!-- module image pro -->\n<div  class=\"module module-pro-image tb_eldo991 filter- effect-grayscale-reverse fullwidth_image rounded tf_textc   entrance-effect-none\" data-lazy=\"1\" data-entrance-effect=\"none\" data-exit-effect=\"\" >\n\t\n    <div class=\"image-pro-wrap tf_rel tf_overflow tf_inline_b\">\n\t\t\t\t<div class=\"image-pro-flip-box-wrap tf_rel tf_w tf_overflow\">\n\t\t\t<div class=\"image-pro-flip-box tf_rel\">\n\n\t\t\t\t<img loading=\"lazy\" decoding=\"async\" width=\"800\" height=\"526\" src=\"https:\/\/www.shelltonewhaleproject.org\/wp-content\/uploads\/2025\/09\/Oceanie.jpeg\" class=\"wp-post-image wp-image-7855\" title=\"Nueva base pr\u00f3ximamente...\" alt=\"Nueva base pr\u00f3ximamente...\" srcset=\"https:\/\/www.shelltonewhaleproject.org\/wp-content\/uploads\/2025\/09\/Oceanie.jpeg 800w, https:\/\/www.shelltonewhaleproject.org\/wp-content\/uploads\/2025\/09\/Oceanie-300x197.jpeg 300w, https:\/\/www.shelltonewhaleproject.org\/wp-content\/uploads\/2025\/09\/Oceanie-768x505.jpeg 768w, https:\/\/www.shelltonewhaleproject.org\/wp-content\/uploads\/2025\/09\/Oceanie-18x12.jpeg 18w\" sizes=\"auto, (max-width: 800px) 100vw, 800px\" \/>\n\t\t\t\t\t\t\t\t\t<div class=\"image-pro-overlay none tf_abs\">\n\n\t\t\t\t\t\t\t\t\t\t\t\t\t<div class=\"image-pro-color-overlay tf_abs\" style=\"background-color:rgba(3,21,51, 0.85)\"><\/div>\n\t\t\t\t\t\t\n\t\t\t\t\t\t<div class=\"image-pro-overlay-inner\">\n\n\t\t\t\t\t\t\t\t\t\t\t\t\t\t\t<h4 class=\"image-pro-entity image-pro-title\">Nueva base pr\u00f3ximamente...<\/h4>\n\t\t\t\t\t\t\t\t\n\t\t\t\t\t\t\t\n\t\t\t\t\t\t\t\n\t\t\t\t\t\t<\/div>\n\t\t\t\t\t<\/div><!-- .image-pro-overlay -->\n\t\t\t\t\n\t\t\t<\/div>\n\t\t<\/div>\n\n    <\/div><!-- .image-pro-wrap -->\n\n\t\n\t\n\t<\/div><!-- \/module image pro -->        <\/div>\n                    <div  data-lazy=\"1\" class=\"module_column sub_column col4-1 tb_vl12411\">\n                    <!-- module image pro -->\n<div  class=\"module module-pro-image tb_ez0r325 filter- effect-grayscale-reverse fullwidth_image rounded tf_textc   entrance-effect-none\" data-lazy=\"1\" data-entrance-effect=\"none\" data-exit-effect=\"\" >\n\t\n    <div class=\"image-pro-wrap tf_rel tf_overflow tf_inline_b\">\n\t\t\t\t<div class=\"image-pro-flip-box-wrap tf_rel tf_w tf_overflow\">\n\t\t\t<div class=\"image-pro-flip-box tf_rel\">\n\n\t\t\t\t<img loading=\"lazy\" decoding=\"async\" width=\"800\" height=\"526\" src=\"https:\/\/www.shelltonewhaleproject.org\/wp-content\/uploads\/2025\/09\/Oceanie.jpeg\" class=\"wp-post-image wp-image-7855\" title=\"Nueva base pr\u00f3ximamente...\" alt=\"Nueva base pr\u00f3ximamente...\" srcset=\"https:\/\/www.shelltonewhaleproject.org\/wp-content\/uploads\/2025\/09\/Oceanie.jpeg 800w, https:\/\/www.shelltonewhaleproject.org\/wp-content\/uploads\/2025\/09\/Oceanie-300x197.jpeg 300w, https:\/\/www.shelltonewhaleproject.org\/wp-content\/uploads\/2025\/09\/Oceanie-768x505.jpeg 768w, https:\/\/www.shelltonewhaleproject.org\/wp-content\/uploads\/2025\/09\/Oceanie-18x12.jpeg 18w\" sizes=\"auto, (max-width: 800px) 100vw, 800px\" \/>\n\t\t\t\t\t\t\t\t\t<div class=\"image-pro-overlay none tf_abs\">\n\n\t\t\t\t\t\t\t\t\t\t\t\t\t<div class=\"image-pro-color-overlay tf_abs\" style=\"background-color:rgba(3,21,51, 0.85)\"><\/div>\n\t\t\t\t\t\t\n\t\t\t\t\t\t<div class=\"image-pro-overlay-inner\">\n\n\t\t\t\t\t\t\t\t\t\t\t\t\t\t\t<h4 class=\"image-pro-entity image-pro-title\">Nueva base pr\u00f3ximamente...<\/h4>\n\t\t\t\t\t\t\t\t\n\t\t\t\t\t\t\t\n\t\t\t\t\t\t\t\n\t\t\t\t\t\t<\/div>\n\t\t\t\t\t<\/div><!-- .image-pro-overlay -->\n\t\t\t\t\n\t\t\t<\/div>\n\t\t<\/div>\n\n    <\/div><!-- .image-pro-wrap -->\n\n\t\n\t\n\t<\/div><!-- \/module image pro -->        <\/div>\n                    <div  data-lazy=\"1\" class=\"module_column sub_column col4-1 tb_c9za004 last\">\n                    <!-- module image pro -->\n<div  class=\"module module-pro-image tb_22lw410 filter- effect-grayscale-reverse fullwidth_image rounded tf_textc   entrance-effect-none\" data-lazy=\"1\" data-entrance-effect=\"none\" data-exit-effect=\"\" >\n\t\n    <div class=\"image-pro-wrap tf_rel tf_overflow tf_inline_b\">\n\t\t\t\t<div class=\"image-pro-flip-box-wrap tf_rel tf_w tf_overflow\">\n\t\t\t<div class=\"image-pro-flip-box tf_rel\">\n\n\t\t\t\t<img loading=\"lazy\" decoding=\"async\" width=\"800\" height=\"526\" src=\"https:\/\/www.shelltonewhaleproject.org\/wp-content\/uploads\/2025\/09\/Oceanie.jpeg\" class=\"wp-post-image wp-image-7855\" title=\"Nueva base pr\u00f3ximamente...\" alt=\"Nueva base pr\u00f3ximamente...\" srcset=\"https:\/\/www.shelltonewhaleproject.org\/wp-content\/uploads\/2025\/09\/Oceanie.jpeg 800w, https:\/\/www.shelltonewhaleproject.org\/wp-content\/uploads\/2025\/09\/Oceanie-300x197.jpeg 300w, https:\/\/www.shelltonewhaleproject.org\/wp-content\/uploads\/2025\/09\/Oceanie-768x505.jpeg 768w, https:\/\/www.shelltonewhaleproject.org\/wp-content\/uploads\/2025\/09\/Oceanie-18x12.jpeg 18w\" sizes=\"auto, (max-width: 800px) 100vw, 800px\" \/>\n\t\t\t\t\t\t\t\t\t<div class=\"image-pro-overlay none tf_abs\">\n\n\t\t\t\t\t\t\t\t\t\t\t\t\t<div class=\"image-pro-color-overlay tf_abs\" style=\"background-color:rgba(3,21,51, 0.85)\"><\/div>\n\t\t\t\t\t\t\n\t\t\t\t\t\t<div class=\"image-pro-overlay-inner\">\n\n\t\t\t\t\t\t\t\t\t\t\t\t\t\t\t<h4 class=\"image-pro-entity image-pro-title\">Nueva base pr\u00f3ximamente...<\/h4>\n\t\t\t\t\t\t\t\t\n\t\t\t\t\t\t\t\n\t\t\t\t\t\t\t\n\t\t\t\t\t\t<\/div>\n\t\t\t\t\t<\/div><!-- .image-pro-overlay -->\n\t\t\t\t\n\t\t\t<\/div>\n\t\t<\/div>\n\n    <\/div><!-- .image-pro-wrap -->\n\n\t\n\t\n\t<\/div><!-- \/module image pro -->        <\/div>\n                    <\/div>\n                <\/div>\n                        <\/div>\n        <\/div>\n        <\/div>\n<!--\/themify_builder_content-->","protected":false},"excerpt":{"rendered":"<p>Oc\u00e9anie Lien Hervey Bey, Australie R\u00e9server En savoir + Nouvelle base \u00e0 venir&#8230; Nouvelle base \u00e0 venir&#8230; Nouvelle base \u00e0 venir&#8230;<\/p>","protected":false},"author":14,"featured_media":0,"parent":0,"menu_order":0,"comment_status":"closed","ping_status":"closed","template":"","meta":{"footnotes":""},"class_list":["post-7994","page","type-page","status-publish","hentry","has-post-title","has-post-date","has-post-category","has-post-tag","has-post-comment","has-post-author",""],"builder_content":"<h1 style=\"text-align: center;\">Oc\u00e9anie<\/h1>\n<a href=\"https:\/\/www.shelltonewhaleproject.org\/observer-baleines-hervey-bay\/\" >Link<\/a> \n <img src=\"https:\/\/www.shelltonewhaleproject.org\/wp-content\/uploads\/2025\/09\/Whalewatching-Hervey-Bey-1.jpeg\" title=\"Hervey Bey, Australie\" alt=\"Hervey Bey, Australie\" srcset=\"https:\/\/www.shelltonewhaleproject.org\/wp-content\/uploads\/2025\/09\/Whalewatching-Hervey-Bey-1.jpeg 800w, https:\/\/www.shelltonewhaleproject.org\/wp-content\/uploads\/2025\/09\/Whalewatching-Hervey-Bey-1-300x195.jpeg 300w, https:\/\/www.shelltonewhaleproject.org\/wp-content\/uploads\/2025\/09\/Whalewatching-Hervey-Bey-1-768x500.jpeg 768w, https:\/\/www.shelltonewhaleproject.org\/wp-content\/uploads\/2025\/09\/Whalewatching-Hervey-Bey-1-18x12.jpeg 18w\" sizes=\"(max-width: 800px) 100vw, 800px\" \/> \n \n <h4>Hervey Bey, Australie<\/h4>\n<a href=\"https:\/\/fareharbor.com\/embeds\/book\/pacificwhaleoz\/items\/46288\/?asn=fhdn-aud&#038;asn-ref=shelltonewhaleproject&#038;full-items=yes&#038;flow=no&#038;branding=yes&#038;bookable-only=yes&#038;ref=shelltonewhaleproject&#038;back=BACKLINK&#038;u=52c78f15-e8ea-480a-a7c3-7542e1fd9a45&#038;from-ssl=yes&#038;ga4t=G-HSJ2X486FE%2C__%3BAW-16617312084%2Cundefined__undefined%3B&#038;g4=yes&#038;cp=no&#038;csp=no\" > R\u00e9server <\/a>\n<a href=\"https:\/\/www.shelltonewhaleproject.org\/observer-baleines-hervey-bay\/\" > En savoir + <\/a>\n<img src=\"https:\/\/www.shelltonewhaleproject.org\/wp-content\/uploads\/2025\/09\/Oceanie.jpeg\" title=\"Nouvelle base \u00e0 venir...\" alt=\"Nouvelle base \u00e0 venir...\" srcset=\"https:\/\/www.shelltonewhaleproject.org\/wp-content\/uploads\/2025\/09\/Oceanie.jpeg 800w, https:\/\/www.shelltonewhaleproject.org\/wp-content\/uploads\/2025\/09\/Oceanie-300x197.jpeg 300w, https:\/\/www.shelltonewhaleproject.org\/wp-content\/uploads\/2025\/09\/Oceanie-768x505.jpeg 768w, https:\/\/www.shelltonewhaleproject.org\/wp-content\/uploads\/2025\/09\/Oceanie-18x12.jpeg 18w\" sizes=\"(max-width: 800px) 100vw, 800px\" \/> \n \n <h4>Nouvelle base \u00e0 venir...<\/h4>\n<img src=\"https:\/\/www.shelltonewhaleproject.org\/wp-content\/uploads\/2025\/09\/Oceanie.jpeg\" title=\"Nouvelle base \u00e0 venir...\" alt=\"Nouvelle base \u00e0 venir...\" srcset=\"https:\/\/www.shelltonewhaleproject.org\/wp-content\/uploads\/2025\/09\/Oceanie.jpeg 800w, https:\/\/www.shelltonewhaleproject.org\/wp-content\/uploads\/2025\/09\/Oceanie-300x197.jpeg 300w, https:\/\/www.shelltonewhaleproject.org\/wp-content\/uploads\/2025\/09\/Oceanie-768x505.jpeg 768w, https:\/\/www.shelltonewhaleproject.org\/wp-content\/uploads\/2025\/09\/Oceanie-18x12.jpeg 18w\" sizes=\"(max-width: 800px) 100vw, 800px\" \/> \n \n <h4>Nouvelle base \u00e0 venir...<\/h4>\n<img src=\"https:\/\/www.shelltonewhaleproject.org\/wp-content\/uploads\/2025\/09\/Oceanie.jpeg\" title=\"Nouvelle base \u00e0 venir...\" alt=\"Nouvelle base \u00e0 venir...\" srcset=\"https:\/\/www.shelltonewhaleproject.org\/wp-content\/uploads\/2025\/09\/Oceanie.jpeg 800w, https:\/\/www.shelltonewhaleproject.org\/wp-content\/uploads\/2025\/09\/Oceanie-300x197.jpeg 300w, https:\/\/www.shelltonewhaleproject.org\/wp-content\/uploads\/2025\/09\/Oceanie-768x505.jpeg 768w, https:\/\/www.shelltonewhaleproject.org\/wp-content\/uploads\/2025\/09\/Oceanie-18x12.jpeg 18w\" sizes=\"(max-width: 800px) 100vw, 800px\" \/> \n \n <h4>Nouvelle base \u00e0 venir...<\/h4>","_links":{"self":[{"href":"https:\/\/www.shelltonewhaleproject.org\/es\/wp-json\/wp\/v2\/pages\/7994","targetHints":{"allow":["GET"]}}],"collection":[{"href":"https:\/\/www.shelltonewhaleproject.org\/es\/wp-json\/wp\/v2\/pages"}],"about":[{"href":"https:\/\/www.shelltonewhaleproject.org\/es\/wp-json\/wp\/v2\/types\/page"}],"author":[{"embeddable":true,"href":"https:\/\/www.shelltonewhaleproject.org\/es\/wp-json\/wp\/v2\/users\/14"}],"replies":[{"embeddable":true,"href":"https:\/\/www.shelltonewhaleproject.org\/es\/wp-json\/wp\/v2\/comments?post=7994"}],"version-history":[{"count":5,"href":"https:\/\/www.shelltonewhaleproject.org\/es\/wp-json\/wp\/v2\/pages\/7994\/revisions"}],"predecessor-version":[{"id":9500,"href":"https:\/\/www.shelltonewhaleproject.org\/es\/wp-json\/wp\/v2\/pages\/7994\/revisions\/9500"}],"wp:attachment":[{"href":"https:\/\/www.shelltonewhaleproject.org\/es\/wp-json\/wp\/v2\/media?parent=7994"}],"curies":[{"name":"wp","href":"https:\/\/api.w.org\/{rel}","templated":true}]}}