{"id":7922,"date":"2025-09-26T19:59:00","date_gmt":"2025-09-26T17:59:00","guid":{"rendered":"https:\/\/www.shelltonewhaleproject.org\/vignettes-antilles-iles-europeennes-copy\/"},"modified":"2026-02-02T16:19:52","modified_gmt":"2026-02-02T15:19:52","slug":"avistamiento-de-ballenas-antillas-islas-europeas","status":"publish","type":"page","link":"https:\/\/www.shelltonewhaleproject.org\/es\/whalewatching-antilles-iles-europeennes\/","title":{"rendered":"Antillas e islas europeas"},"content":{"rendered":"<!--themify_builder_content-->\n<div id=\"themify_builder_content-7922\" data-postid=\"7922\" class=\"themify_builder_content themify_builder_content-7922 themify_builder tf_clear\">\n                    <div  data-anchor=\"destinations\" data-lazy=\"1\" class=\"module_row themify_builder_row tb_has_section tb_section-destinations tb_a02s027 tb_first tf_w wow\" data-tf-animation=\"fadeInUp\">\n                        <div class=\"row_inner col_align_top tb_col_count_1 tf_box tf_rel\">\n                        <div  data-lazy=\"1\" class=\"module_column tb-column col-full tb_7cs0008 first\">\n                            <div  data-lazy=\"1\" class=\"module_subrow themify_builder_sub_row tf_w col_align_top tb_col_count_1 tb_3f61488\">\n                <div  data-lazy=\"1\" class=\"module_column sub_column col-full tb_wt9z645 first\">\n                    <!-- module text -->\n<div  class=\"module module-text tb_i49l900\" data-lazy=\"1\">\n        <div  class=\"tb_text_wrap\">\n        <h1 style=\"text-align: center;\">Caribe e islas europeas<\/h1>    <\/div>\n<\/div>\n<!-- \/module text -->        <\/div>\n                    <\/div>\n                <div  data-lazy=\"1\" class=\"module_subrow themify_builder_sub_row tf_w col_align_top tb_col_count_4 tb_i6dc096\">\n                <div  data-lazy=\"1\" class=\"module_column sub_column col4-1 tb_ze8k685 first\">\n                    <!-- module image pro -->\n<div  class=\"module module-pro-image tb_oavz459 filter- effect-grayscale-reverse fullwidth_image rounded tf_textc   entrance-effect-none\" data-lazy=\"1\" data-entrance-effect=\"none\" data-exit-effect=\"\" >\n\t\n    <div class=\"image-pro-wrap tf_rel tf_overflow tf_inline_b\">\n\t\t\t\t\t<a class=\"image-pro-external tf_abs tf_w tf_h\" href=\"https:\/\/www.shelltonewhaleproject.org\/es\/observar-delfines-ballenas-guadalupe\/\" ><span class=\"screen-reader-text\">Enlace<\/span><\/a>\n\t\t   \t\t<div class=\"image-pro-flip-box-wrap tf_rel tf_w tf_overflow\">\n\t\t\t<div class=\"image-pro-flip-box tf_rel\">\n\n\t\t\t\t<img loading=\"lazy\" decoding=\"async\" width=\"696\" height=\"450\" src=\"https:\/\/www.shelltonewhaleproject.org\/wp-content\/uploads\/2025\/09\/Guadeloupe.jpeg\" class=\"wp-post-image wp-image-7881\" title=\"Guadeloupe\" alt=\"Guadeloupe\" srcset=\"https:\/\/www.shelltonewhaleproject.org\/wp-content\/uploads\/2025\/09\/Guadeloupe.jpeg 696w, https:\/\/www.shelltonewhaleproject.org\/wp-content\/uploads\/2025\/09\/Guadeloupe-300x194.jpeg 300w, https:\/\/www.shelltonewhaleproject.org\/wp-content\/uploads\/2025\/09\/Guadeloupe-18x12.jpeg 18w, https:\/\/www.shelltonewhaleproject.org\/wp-content\/uploads\/2025\/09\/Guadeloupe-386x250.jpeg 386w\" sizes=\"auto, (max-width: 696px) 100vw, 696px\" \/>\n\t\t\t\t\t\t\t\t\t<div class=\"image-pro-overlay none tf_abs\">\n\n\t\t\t\t\t\t\t\t\t\t\t\t\t<div class=\"image-pro-color-overlay tf_abs\" style=\"background-color:rgba(3,22,51, 0.47)\"><\/div>\n\t\t\t\t\t\t\n\t\t\t\t\t\t<div class=\"image-pro-overlay-inner\">\n\n\t\t\t\t\t\t\t\t\t\t\t\t\t\t\t<h4 class=\"image-pro-entity image-pro-title\">Guadeloupe<\/h4>\n\t\t\t\t\t\t\t\t\n\t\t\t\t\t\t\t\n\t\t\t\t\t\t\t\n\t\t\t\t\t\t<\/div>\n\t\t\t\t\t<\/div><!-- .image-pro-overlay -->\n\t\t\t\t\n\t\t\t<\/div>\n\t\t<\/div>\n\n    <\/div><!-- .image-pro-wrap -->\n\n\t\n\t\n\t<\/div><!-- \/module image pro -->        <\/div>\n                    <div  data-lazy=\"1\" class=\"module_column sub_column col4-1 tb_za0r808\">\n                    <!-- module image pro -->\n<div  class=\"module module-pro-image tb_1xsl440 filter- effect-grayscale-reverse fullwidth_image rounded tf_textc   entrance-effect-none\" data-lazy=\"1\" data-entrance-effect=\"none\" data-exit-effect=\"\" >\n\t\n    <div class=\"image-pro-wrap tf_rel tf_overflow tf_inline_b\">\n\t\t\t\t\t<a class=\"image-pro-external tf_abs tf_w tf_h\" href=\"https:\/\/www.shelltonewhaleproject.org\/es\/observar-delfines-ballenas-pico-azores\/\" ><span class=\"screen-reader-text\">Enlace<\/span><\/a>\n\t\t   \t\t<div class=\"image-pro-flip-box-wrap tf_rel tf_w tf_overflow\">\n\t\t\t<div class=\"image-pro-flip-box tf_rel\">\n\n\t\t\t\t<img loading=\"lazy\" decoding=\"async\" width=\"722\" height=\"473\" src=\"https:\/\/www.shelltonewhaleproject.org\/wp-content\/uploads\/2025\/09\/Acores.jpeg\" class=\"wp-post-image wp-image-7882\" title=\"Azores\" alt=\"Azores\" srcset=\"https:\/\/www.shelltonewhaleproject.org\/wp-content\/uploads\/2025\/09\/Acores.jpeg 722w, https:\/\/www.shelltonewhaleproject.org\/wp-content\/uploads\/2025\/09\/Acores-300x197.jpeg 300w, https:\/\/www.shelltonewhaleproject.org\/wp-content\/uploads\/2025\/09\/Acores-18x12.jpeg 18w, https:\/\/www.shelltonewhaleproject.org\/wp-content\/uploads\/2025\/09\/Acores-381x250.jpeg 381w\" sizes=\"auto, (max-width: 722px) 100vw, 722px\" \/>\n\t\t\t\t\t\t\t\t\t<div class=\"image-pro-overlay none tf_abs\">\n\n\t\t\t\t\t\t\t\t\t\t\t\t\t<div class=\"image-pro-color-overlay tf_abs\" style=\"background-color:rgba(3,22,51, 0.49)\"><\/div>\n\t\t\t\t\t\t\n\t\t\t\t\t\t<div class=\"image-pro-overlay-inner\">\n\n\t\t\t\t\t\t\t\t\t\t\t\t\t\t\t<h4 class=\"image-pro-entity image-pro-title\">Azores<\/h4>\n\t\t\t\t\t\t\t\t\n\t\t\t\t\t\t\t\n\t\t\t\t\t\t\t\n\t\t\t\t\t\t<\/div>\n\t\t\t\t\t<\/div><!-- .image-pro-overlay -->\n\t\t\t\t\n\t\t\t<\/div>\n\t\t<\/div>\n\n    <\/div><!-- .image-pro-wrap -->\n\n\t\n\t\n\t<\/div><!-- \/module image pro -->        <\/div>\n                    <div  data-lazy=\"1\" class=\"module_column sub_column col4-1 tb_ikq0086\">\n                    <!-- module image pro -->\n<div  class=\"module module-pro-image tb_5lah804 filter- effect-grayscale-reverse fullwidth_image rounded tf_textc   entrance-effect-none\" data-lazy=\"1\" data-entrance-effect=\"none\" data-exit-effect=\"\" >\n\t\n    <div class=\"image-pro-wrap tf_rel tf_overflow tf_inline_b\">\n\t\t\t\t\t<a class=\"image-pro-external tf_abs tf_w tf_h\" href=\"https:\/\/www.shelltonewhaleproject.org\/es\/avistamiento-cetaceos-tenerife\/\" ><span class=\"screen-reader-text\">Enlace<\/span><\/a>\n\t\t   \t\t<div class=\"image-pro-flip-box-wrap tf_rel tf_w tf_overflow\">\n\t\t\t<div class=\"image-pro-flip-box tf_rel\">\n\n\t\t\t\t<img loading=\"lazy\" decoding=\"async\" width=\"800\" height=\"521\" src=\"https:\/\/www.shelltonewhaleproject.org\/wp-content\/uploads\/2025\/09\/Tenerife.jpeg\" class=\"wp-post-image wp-image-7883\" title=\"Tenerife\" alt=\"Tenerife\" srcset=\"https:\/\/www.shelltonewhaleproject.org\/wp-content\/uploads\/2025\/09\/Tenerife.jpeg 800w, https:\/\/www.shelltonewhaleproject.org\/wp-content\/uploads\/2025\/09\/Tenerife-300x195.jpeg 300w, https:\/\/www.shelltonewhaleproject.org\/wp-content\/uploads\/2025\/09\/Tenerife-768x500.jpeg 768w, https:\/\/www.shelltonewhaleproject.org\/wp-content\/uploads\/2025\/09\/Tenerife-18x12.jpeg 18w, https:\/\/www.shelltonewhaleproject.org\/wp-content\/uploads\/2025\/09\/Tenerife-383x250.jpeg 383w\" sizes=\"auto, (max-width: 800px) 100vw, 800px\" \/>\n\t\t\t\t\t\t\t\t\t<div class=\"image-pro-overlay none tf_abs\">\n\n\t\t\t\t\t\t\t\t\t\t\t\t\t<div class=\"image-pro-color-overlay tf_abs\" style=\"background-color:rgba(3,22,51, 0.47)\"><\/div>\n\t\t\t\t\t\t\n\t\t\t\t\t\t<div class=\"image-pro-overlay-inner\">\n\n\t\t\t\t\t\t\t\t\t\t\t\t\t\t\t<h4 class=\"image-pro-entity image-pro-title\">Tenerife<\/h4>\n\t\t\t\t\t\t\t\t\n\t\t\t\t\t\t\t\n\t\t\t\t\t\t\t\n\t\t\t\t\t\t<\/div>\n\t\t\t\t\t<\/div><!-- .image-pro-overlay -->\n\t\t\t\t\n\t\t\t<\/div>\n\t\t<\/div>\n\n    <\/div><!-- .image-pro-wrap -->\n\n\t\n\t\n\t<\/div><!-- \/module image pro -->        <\/div>\n                    <div  data-lazy=\"1\" class=\"module_column sub_column col4-1 tb_4gng808 last\">\n                    <!-- module image pro -->\n<div  class=\"module module-pro-image tb_4dd4640 filter- effect-grayscale-reverse fullwidth_image rounded tf_textc   entrance-effect-none\" data-lazy=\"1\" data-entrance-effect=\"none\" data-exit-effect=\"\" >\n\t\n    <div class=\"image-pro-wrap tf_rel tf_overflow tf_inline_b\">\n\t\t\t\t\t<a class=\"image-pro-external tf_abs tf_w tf_h\" href=\"https:\/\/www.shelltonewhaleproject.org\/es\/observar-ballenas-en-madeira\/\" ><span class=\"screen-reader-text\">Enlace<\/span><\/a>\n\t\t   \t\t<div class=\"image-pro-flip-box-wrap tf_rel tf_w tf_overflow\">\n\t\t\t<div class=\"image-pro-flip-box tf_rel\">\n\n\t\t\t\t<img loading=\"lazy\" decoding=\"async\" width=\"731\" height=\"474\" src=\"https:\/\/www.shelltonewhaleproject.org\/wp-content\/uploads\/2025\/09\/Madere.jpeg\" class=\"wp-post-image wp-image-7971\" title=\"Madeira\" alt=\"Madeira\" srcset=\"https:\/\/www.shelltonewhaleproject.org\/wp-content\/uploads\/2025\/09\/Madere.jpeg 731w, https:\/\/www.shelltonewhaleproject.org\/wp-content\/uploads\/2025\/09\/Madere-300x195.jpeg 300w, https:\/\/www.shelltonewhaleproject.org\/wp-content\/uploads\/2025\/09\/Madere-18x12.jpeg 18w\" sizes=\"auto, (max-width: 731px) 100vw, 731px\" \/>\n\t\t\t\t\t\t\t\t\t<div class=\"image-pro-overlay none tf_abs\">\n\n\t\t\t\t\t\t\t\t\t\t\t\t\t<div class=\"image-pro-color-overlay tf_abs\" style=\"background-color:rgba(3,22,51, 0.49)\"><\/div>\n\t\t\t\t\t\t\n\t\t\t\t\t\t<div class=\"image-pro-overlay-inner\">\n\n\t\t\t\t\t\t\t\t\t\t\t\t\t\t\t<h4 class=\"image-pro-entity image-pro-title\">Madeira<\/h4>\n\t\t\t\t\t\t\t\t\n\t\t\t\t\t\t\t\n\t\t\t\t\t\t\t\n\t\t\t\t\t\t<\/div>\n\t\t\t\t\t<\/div><!-- .image-pro-overlay -->\n\t\t\t\t\n\t\t\t<\/div>\n\t\t<\/div>\n\n    <\/div><!-- .image-pro-wrap -->\n\n\t\n\t\n\t<\/div><!-- \/module image pro -->        <\/div>\n                    <\/div>\n                <div  data-lazy=\"1\" class=\"module_subrow themify_builder_sub_row tf_w col_align_top tb_col_count_4 tb_okp1778\">\n                <div  data-lazy=\"1\" class=\"module_column sub_column col4-1 tb_6pn4778 first\">\n                    <!-- module image pro -->\n<div  class=\"module module-pro-image tb_rs4y778 filter- effect-grayscale-reverse fullwidth_image rounded tf_textc   entrance-effect-none\" data-lazy=\"1\" data-entrance-effect=\"none\" data-exit-effect=\"\" >\n\t\n    <div class=\"image-pro-wrap tf_rel tf_overflow tf_inline_b\">\n\t\t\t\t\t<a class=\"image-pro-external tf_abs tf_w tf_h\" href=\"https:\/\/www.shelltonewhaleproject.org\/es\/avistamiento-de-ballenas-lanzarote\/\" ><span class=\"screen-reader-text\">Enlace<\/span><\/a>\n\t\t   \t\t<div class=\"image-pro-flip-box-wrap tf_rel tf_w tf_overflow\">\n\t\t\t<div class=\"image-pro-flip-box tf_rel\">\n\n\t\t\t\t<img loading=\"lazy\" decoding=\"async\" width=\"800\" height=\"521\" src=\"https:\/\/www.shelltonewhaleproject.org\/wp-content\/uploads\/2025\/09\/Lanzarote.jpeg\" class=\"wp-post-image wp-image-7884\" title=\"Lanzarote\" alt=\"Lanzarote\" srcset=\"https:\/\/www.shelltonewhaleproject.org\/wp-content\/uploads\/2025\/09\/Lanzarote.jpeg 800w, https:\/\/www.shelltonewhaleproject.org\/wp-content\/uploads\/2025\/09\/Lanzarote-300x195.jpeg 300w, https:\/\/www.shelltonewhaleproject.org\/wp-content\/uploads\/2025\/09\/Lanzarote-768x500.jpeg 768w, https:\/\/www.shelltonewhaleproject.org\/wp-content\/uploads\/2025\/09\/Lanzarote-18x12.jpeg 18w, https:\/\/www.shelltonewhaleproject.org\/wp-content\/uploads\/2025\/09\/Lanzarote-383x250.jpeg 383w\" sizes=\"auto, (max-width: 800px) 100vw, 800px\" \/>\n\t\t\t\t\t\t\t\t\t<div class=\"image-pro-overlay none tf_abs\">\n\n\t\t\t\t\t\t\t\t\t\t\t\t\t<div class=\"image-pro-color-overlay tf_abs\" style=\"background-color:rgba(3,22,51, 0.49)\"><\/div>\n\t\t\t\t\t\t\n\t\t\t\t\t\t<div class=\"image-pro-overlay-inner\">\n\n\t\t\t\t\t\t\t\t\t\t\t\t\t\t\t<h4 class=\"image-pro-entity image-pro-title\">Lanzarote<\/h4>\n\t\t\t\t\t\t\t\t\n\t\t\t\t\t\t\t\n\t\t\t\t\t\t\t\n\t\t\t\t\t\t<\/div>\n\t\t\t\t\t<\/div><!-- .image-pro-overlay -->\n\t\t\t\t\n\t\t\t<\/div>\n\t\t<\/div>\n\n    <\/div><!-- .image-pro-wrap -->\n\n\t\n\t\n\t<\/div><!-- \/module image pro -->        <\/div>\n                    <div  data-lazy=\"1\" class=\"module_column sub_column col4-1 tb_6t20778\">\n                    <!-- module image pro -->\n<div  class=\"module module-pro-image tb_mnep823 filter- effect-grayscale-reverse fullwidth_image rounded tf_textc   entrance-effect-none\" data-lazy=\"1\" data-entrance-effect=\"none\" data-exit-effect=\"\" >\n\t\n    <div class=\"image-pro-wrap tf_rel tf_overflow tf_inline_b\">\n\t\t\t\t\t<a class=\"image-pro-external tf_abs tf_w tf_h\" href=\"https:\/\/www.shelltonewhaleproject.org\/es\/avistamiento-de-cetaceos-la-gomera\/\" ><span class=\"screen-reader-text\">Enlace<\/span><\/a>\n\t\t   \t\t<div class=\"image-pro-flip-box-wrap tf_rel tf_w tf_overflow\">\n\t\t\t<div class=\"image-pro-flip-box tf_rel\">\n\n\t\t\t\t<img loading=\"lazy\" decoding=\"async\" width=\"800\" height=\"520\" src=\"https:\/\/www.shelltonewhaleproject.org\/wp-content\/uploads\/2026\/02\/la-gomera-whalewatching-3.jpeg\" class=\"wp-post-image wp-image-9874\" title=\"La Gomera\" alt=\"La Gomera\" srcset=\"https:\/\/www.shelltonewhaleproject.org\/wp-content\/uploads\/2026\/02\/la-gomera-whalewatching-3.jpeg 800w, https:\/\/www.shelltonewhaleproject.org\/wp-content\/uploads\/2026\/02\/la-gomera-whalewatching-3-300x195.jpeg 300w, https:\/\/www.shelltonewhaleproject.org\/wp-content\/uploads\/2026\/02\/la-gomera-whalewatching-3-768x499.jpeg 768w, https:\/\/www.shelltonewhaleproject.org\/wp-content\/uploads\/2026\/02\/la-gomera-whalewatching-3-18x12.jpeg 18w\" sizes=\"auto, (max-width: 800px) 100vw, 800px\" \/>\n\t\t\t\t\t\t\t\t\t<div class=\"image-pro-overlay none tf_abs\">\n\n\t\t\t\t\t\t\t\t\t\t\t\t\t<div class=\"image-pro-color-overlay tf_abs\" style=\"background-color:rgba(3,22,51, 0.47)\"><\/div>\n\t\t\t\t\t\t\n\t\t\t\t\t\t<div class=\"image-pro-overlay-inner\">\n\n\t\t\t\t\t\t\t\t\t\t\t\t\t\t\t<h4 class=\"image-pro-entity image-pro-title\">La Gomera<\/h4>\n\t\t\t\t\t\t\t\t\n\t\t\t\t\t\t\t\n\t\t\t\t\t\t\t\n\t\t\t\t\t\t<\/div>\n\t\t\t\t\t<\/div><!-- .image-pro-overlay -->\n\t\t\t\t\n\t\t\t<\/div>\n\t\t<\/div>\n\n    <\/div><!-- .image-pro-wrap -->\n\n\t\n\t\n\t<\/div><!-- \/module image pro -->        <\/div>\n                    <div  data-lazy=\"1\" class=\"module_column sub_column col4-1 tb_0wr0778\">\n                            <\/div>\n                    <div  data-lazy=\"1\" class=\"module_column sub_column col4-1 tb_4som778 last\">\n                            <\/div>\n                    <\/div>\n                <\/div>\n                        <\/div>\n        <\/div>\n        <\/div>\n<!--\/themify_builder_content-->","protected":false},"excerpt":{"rendered":"<p>Cara\u00efbes &amp; \u00eeles europ\u00e9ennes Lien Guadeloupe Lien A\u00e7ores Lien Tenerife Lien Mad\u00e8re Lien Lanzarote Lien La Gomera<\/p>","protected":false},"author":14,"featured_media":0,"parent":0,"menu_order":0,"comment_status":"closed","ping_status":"closed","template":"","meta":{"footnotes":""},"class_list":["post-7922","page","type-page","status-publish","hentry","has-post-title","has-post-date","has-post-category","has-post-tag","has-post-comment","has-post-author",""],"builder_content":"<h1 style=\"text-align: center;\">Cara\u00efbes &amp; \u00eeles europ\u00e9ennes<\/h1>\n<a href=\"https:\/\/www.shelltonewhaleproject.org\/observer-dauphins-baleines-guadeloupe\/\" >Link<\/a> \n <img src=\"https:\/\/www.shelltonewhaleproject.org\/wp-content\/uploads\/2025\/09\/Guadeloupe.jpeg\" title=\"Guadeloupe\" alt=\"Guadeloupe\" srcset=\"https:\/\/www.shelltonewhaleproject.org\/wp-content\/uploads\/2025\/09\/Guadeloupe.jpeg 696w, https:\/\/www.shelltonewhaleproject.org\/wp-content\/uploads\/2025\/09\/Guadeloupe-300x194.jpeg 300w, https:\/\/www.shelltonewhaleproject.org\/wp-content\/uploads\/2025\/09\/Guadeloupe-18x12.jpeg 18w, https:\/\/www.shelltonewhaleproject.org\/wp-content\/uploads\/2025\/09\/Guadeloupe-386x250.jpeg 386w\" sizes=\"(max-width: 696px) 100vw, 696px\" \/> \n \n <h4>Guadeloupe<\/h4>\n<a href=\"https:\/\/www.shelltonewhaleproject.org\/observer-dauphins-baleines-pico-acores\/\" >Link<\/a> \n <img src=\"https:\/\/www.shelltonewhaleproject.org\/wp-content\/uploads\/2025\/09\/Acores.jpeg\" title=\"A\u00e7ores\" alt=\"A\u00e7ores\" srcset=\"https:\/\/www.shelltonewhaleproject.org\/wp-content\/uploads\/2025\/09\/Acores.jpeg 722w, https:\/\/www.shelltonewhaleproject.org\/wp-content\/uploads\/2025\/09\/Acores-300x197.jpeg 300w, https:\/\/www.shelltonewhaleproject.org\/wp-content\/uploads\/2025\/09\/Acores-18x12.jpeg 18w, https:\/\/www.shelltonewhaleproject.org\/wp-content\/uploads\/2025\/09\/Acores-381x250.jpeg 381w\" sizes=\"(max-width: 722px) 100vw, 722px\" \/> \n \n <h4>A\u00e7ores<\/h4>\n<a href=\"https:\/\/www.shelltonewhaleproject.org\/observer-baleines-tenerife\/\" >Link<\/a> \n <img src=\"https:\/\/www.shelltonewhaleproject.org\/wp-content\/uploads\/2025\/09\/Tenerife.jpeg\" title=\"Tenerife\" alt=\"Tenerife\" srcset=\"https:\/\/www.shelltonewhaleproject.org\/wp-content\/uploads\/2025\/09\/Tenerife.jpeg 800w, https:\/\/www.shelltonewhaleproject.org\/wp-content\/uploads\/2025\/09\/Tenerife-300x195.jpeg 300w, https:\/\/www.shelltonewhaleproject.org\/wp-content\/uploads\/2025\/09\/Tenerife-768x500.jpeg 768w, https:\/\/www.shelltonewhaleproject.org\/wp-content\/uploads\/2025\/09\/Tenerife-18x12.jpeg 18w, https:\/\/www.shelltonewhaleproject.org\/wp-content\/uploads\/2025\/09\/Tenerife-383x250.jpeg 383w\" sizes=\"(max-width: 800px) 100vw, 800px\" \/> \n \n <h4>Tenerife<\/h4>\n<a href=\"https:\/\/www.shelltonewhaleproject.org\/observer-baleines-madere\/\" >Link<\/a> \n <img src=\"https:\/\/www.shelltonewhaleproject.org\/wp-content\/uploads\/2025\/09\/Madere.jpeg\" title=\"Mad\u00e8re\" alt=\"Mad\u00e8re\" srcset=\"https:\/\/www.shelltonewhaleproject.org\/wp-content\/uploads\/2025\/09\/Madere.jpeg 731w, https:\/\/www.shelltonewhaleproject.org\/wp-content\/uploads\/2025\/09\/Madere-300x195.jpeg 300w, https:\/\/www.shelltonewhaleproject.org\/wp-content\/uploads\/2025\/09\/Madere-18x12.jpeg 18w\" sizes=\"(max-width: 731px) 100vw, 731px\" \/> \n \n <h4>Mad\u00e8re<\/h4>\n<a href=\"https:\/\/www.shelltonewhaleproject.org\/observer-baleines-lanzarote\/#\" >Link<\/a> \n <img src=\"https:\/\/www.shelltonewhaleproject.org\/wp-content\/uploads\/2025\/09\/Lanzarote.jpeg\" title=\"Lanzarote\" alt=\"Lanzarote\" srcset=\"https:\/\/www.shelltonewhaleproject.org\/wp-content\/uploads\/2025\/09\/Lanzarote.jpeg 800w, https:\/\/www.shelltonewhaleproject.org\/wp-content\/uploads\/2025\/09\/Lanzarote-300x195.jpeg 300w, https:\/\/www.shelltonewhaleproject.org\/wp-content\/uploads\/2025\/09\/Lanzarote-768x500.jpeg 768w, https:\/\/www.shelltonewhaleproject.org\/wp-content\/uploads\/2025\/09\/Lanzarote-18x12.jpeg 18w, https:\/\/www.shelltonewhaleproject.org\/wp-content\/uploads\/2025\/09\/Lanzarote-383x250.jpeg 383w\" sizes=\"(max-width: 800px) 100vw, 800px\" \/> \n \n <h4>Lanzarote<\/h4>\n<a href=\"https:\/\/www.shelltonewhaleproject.org\/observer-baleines-la-gomera\/#\" >Link<\/a> \n <img src=\"https:\/\/www.shelltonewhaleproject.org\/wp-content\/uploads\/2026\/02\/la-gomera-whalewatching-3.jpeg\" title=\"La Gomera\" alt=\"La Gomera\" srcset=\"https:\/\/www.shelltonewhaleproject.org\/wp-content\/uploads\/2026\/02\/la-gomera-whalewatching-3.jpeg 800w, https:\/\/www.shelltonewhaleproject.org\/wp-content\/uploads\/2026\/02\/la-gomera-whalewatching-3-300x195.jpeg 300w, https:\/\/www.shelltonewhaleproject.org\/wp-content\/uploads\/2026\/02\/la-gomera-whalewatching-3-768x499.jpeg 768w, https:\/\/www.shelltonewhaleproject.org\/wp-content\/uploads\/2026\/02\/la-gomera-whalewatching-3-18x12.jpeg 18w\" sizes=\"(max-width: 800px) 100vw, 800px\" \/> \n \n <h4>La Gomera<\/h4>","_links":{"self":[{"href":"https:\/\/www.shelltonewhaleproject.org\/es\/wp-json\/wp\/v2\/pages\/7922","targetHints":{"allow":["GET"]}}],"collection":[{"href":"https:\/\/www.shelltonewhaleproject.org\/es\/wp-json\/wp\/v2\/pages"}],"about":[{"href":"https:\/\/www.shelltonewhaleproject.org\/es\/wp-json\/wp\/v2\/types\/page"}],"author":[{"embeddable":true,"href":"https:\/\/www.shelltonewhaleproject.org\/es\/wp-json\/wp\/v2\/users\/14"}],"replies":[{"embeddable":true,"href":"https:\/\/www.shelltonewhaleproject.org\/es\/wp-json\/wp\/v2\/comments?post=7922"}],"version-history":[{"count":8,"href":"https:\/\/www.shelltonewhaleproject.org\/es\/wp-json\/wp\/v2\/pages\/7922\/revisions"}],"predecessor-version":[{"id":9928,"href":"https:\/\/www.shelltonewhaleproject.org\/es\/wp-json\/wp\/v2\/pages\/7922\/revisions\/9928"}],"wp:attachment":[{"href":"https:\/\/www.shelltonewhaleproject.org\/es\/wp-json\/wp\/v2\/media?parent=7922"}],"curies":[{"name":"wp","href":"https:\/\/api.w.org\/{rel}","templated":true}]}}