{"id":7434,"date":"2025-06-18T13:47:49","date_gmt":"2025-06-18T11:47:49","guid":{"rendered":"https:\/\/www.shelltonewhaleproject.org\/observer-baleines-depuis-la-peninsule-de-valdes-copy\/"},"modified":"2025-12-25T10:32:19","modified_gmt":"2025-12-25T09:32:19","slug":"avistamiento-de-ballenas-lanzarote","status":"publish","type":"page","link":"https:\/\/www.shelltonewhaleproject.org\/es\/observer-baleines-lanzarote\/","title":{"rendered":"AVISTAMIENTO DE CET\u00c1CEOS DESDE LANZAROTE"},"content":{"rendered":"<!--themify_builder_content-->\n<div id=\"themify_builder_content-7434\" data-postid=\"7434\" class=\"themify_builder_content themify_builder_content-7434 themify_builder tf_clear\">\n                    <div  data-lazy=\"1\" class=\"module_row themify_builder_row tb_jdqv684 tb_first tf_w\">\n            <span  class=\"builder_row_cover tf_abs\" data-lazy=\"1\"><\/span>            <div class=\"row_inner col_align_top tb_col_count_1 tf_box tf_rel\">\n                        <div  data-lazy=\"1\" class=\"module_column tb-column col-full tb_96ub684 first\">\n                    <!-- module text -->\n<div  class=\"module module-text tb_0l1y684    wow\" data-tf-animation=\"fadeInDown\" data-lazy=\"1\">\n        <div  class=\"tb_text_wrap\">\n        <h1 style=\"text-align: center;\">Avistamiento respetuoso de cet\u00e1ceos desde Lanzarote (Espa\u00f1a)<\/h1>    <\/div>\n<\/div>\n<!-- \/module text --><!-- module plain text -->\n<div  class=\"module module-plain-text tb_0t9y684\" data-lazy=\"1\">\n        <div class=\"tb_text_wrap\">\n    <div class=\"tb_layout_part_wrap tf_w\"><!--themify_builder_content-->\n    <div  class=\"themify_builder_content themify_builder_content-8399 themify_builder not_editable_builder in_the_loop\" data-postid=\"8399\">\n                        <div  data-lazy=\"1\" class=\"module_row themify_builder_row tb_tjb8415 tf_w\">\n                        <div class=\"row_inner col_align_top tb_col_count_1 tf_box tf_rel\">\n                        <div  data-lazy=\"1\" class=\"module_column tb-column col-full tb_7b53415 first\">\n                    <!-- module text -->\n<div  class=\"module module-text tb_2jx4524\" data-lazy=\"1\">\n        <div  class=\"tb_text_wrap\">\n        <h4 style=\"text-align: center;\"><b>Shelltone Whale Project enumera una selecci\u00f3n de operadores de avistamiento de cet\u00e1ceos que se comprometen a adoptar un enfoque respetuoso.<\/b><\/h4>\n<h4 style=\"text-align: center;\">\u00a0<\/h4>\n<h4 style=\"text-align: center;\"><b>Bi\u00f3logos marinos y gu\u00edas experimentados que anteponen el bienestar de los animales.<\/b><\/h4>\n<h4 style=\"text-align: center;\">\u00a0<\/h4>\n<h4 style=\"text-align: center;\"><b>Compruebe directamente su disponibilidad y reserve su experiencia al mejor precio, sin coste adicional.<\/b><\/h4>    <\/div>\n<\/div>\n<!-- \/module text --><!-- module image -->\n<div  class=\"module module-image tb_06zv177 image-center   tf_mw\" data-lazy=\"1\">\n        <div class=\"image-wrap tf_rel tf_mw\">\n            <img loading=\"lazy\" decoding=\"async\" src=\"https:\/\/www.shelltonewhaleproject.org\/wp-content\/uploads\/2025\/10\/lgog-SWP-respect-1-LD-977x1024-250x250.png\" width=\"250\" height=\"250\" class=\"wp-post-image wp-image-8330\" title=\"lgog-SWP-respeto-1-LD\" alt=\"lgog-SWP-respeto-1-LD\" srcset=\"https:\/\/www.shelltonewhaleproject.org\/wp-content\/uploads\/2025\/10\/lgog-SWP-respect-1-LD-977x1024-250x250.png 250w, https:\/\/www.shelltonewhaleproject.org\/wp-content\/uploads\/2025\/10\/lgog-SWP-respect-1-LD-150x150.png 150w, https:\/\/www.shelltonewhaleproject.org\/wp-content\/uploads\/2025\/10\/lgog-SWP-respect-1-LD-11x12.png 11w, https:\/\/www.shelltonewhaleproject.org\/wp-content\/uploads\/2025\/10\/lgog-SWP-respect-1-LD-977x1024-300x300.png 300w\" sizes=\"auto, (max-width: 250px) 100vw, 250px\" \/>    \n        <\/div>\n    <!-- \/image-wrap -->\n    \n        <\/div>\n<!-- \/module image -->        <\/div>\n                        <\/div>\n        <\/div>\n            <\/div>\n<!--\/themify_builder_content--><\/div>\n    <\/div>\n<\/div>\n<!-- \/module plain text -->        <\/div>\n                        <\/div>\n        <\/div>\n                        <div  data-css_id=\"uwh170\" data-lazy=\"1\" class=\"module_row themify_builder_row fullwidth_row_container tb_uwh170 tf_w\">\n                        <div class=\"row_inner col_align_top tb_col_count_1 tf_box tf_rel\">\n                        <div  data-lazy=\"1\" class=\"module_column tb-column col-full tb_06di70 first\">\n                    <!-- module text -->\n<div  class=\"module module-text tb_64dz70    wow\" data-tf-animation=\"fadeInUp\" data-tf-animation_delay=\"1\" data-lazy=\"1\">\n        <div  class=\"tb_text_wrap\">\n        <h1 style=\"text-align: center;\"><span style=\"color: #093c7a;\">La opini\u00f3n del equipo de Shelltone<\/span><\/h1>    <\/div>\n<\/div>\n<!-- \/module text --><!-- module text -->\n<div  class=\"module module-text tb_tnxr70    wow\" data-tf-animation=\"fadeInUp\" data-tf-animation_delay=\"1\" data-lazy=\"1\">\n        <div  class=\"tb_text_wrap\">\n        <p style=\"text-align: center;\"><strong>Navegue a bordo de un catamar\u00e1n de 14 metros totalmente silencioso y sin emisiones en las Islas Canarias para explorar y escuchar a varias especies majestuosas de ballenas y delfines, como el delf\u00edn mular, el delf\u00edn com\u00fan, el calder\u00f3n gris y el rorcual tropical.<\/strong><\/p>\n<p style=\"text-align: center;\"><strong>Le acompa\u00f1ar\u00e1n un patr\u00f3n y un gu\u00eda experimentados que le explicar\u00e1n todo lo que necesita saber sobre las ballenas y los delfines.<\/strong><\/p>\n<p style=\"text-align: center;\"><strong>Se respeta plenamente la carta de observaci\u00f3n de cet\u00e1ceos del Proyecto Ballena de Shelltone.<\/strong><\/p>\n<p style=\"text-align: center;\"><strong>Los entusiastas de los cet\u00e1ceos seleccionados por el equipo de Shelltone en Lanzarote han elegido el <span style=\"color: #6e9e2f;\">RESPETO<\/span>.<\/strong><\/p>    <\/div>\n<\/div>\n<!-- \/module text -->        <\/div>\n                        <\/div>\n        <\/div>\n                        <div  data-lazy=\"1\" class=\"module_row themify_builder_row tb_h011041 tf_w\">\n                        <div class=\"row_inner col_align_top tb_col_count_1 tf_box tf_rel\">\n                        <div  data-lazy=\"1\" class=\"module_column tb-column col-full tb_1hir610 first\">\n                    <!-- module text -->\n<div  class=\"module module-text tb_keh7010    wow\" data-tf-animation=\"fadeInDown\" data-lazy=\"1\">\n        <div  class=\"tb_text_wrap\">\n        <h2 style=\"text-align: center;\"><strong>AVISTAMIENTO DE CET\u00c1CEOS EN LANZAROTE<\/strong><\/h2>\n<p style=\"text-align: center;\"><strong>Calendario de salidas, tarifas, reservas...<\/strong><\/p>    <\/div>\n<\/div>\n<!-- \/module text --><!-- module plain text -->\n<div  class=\"module module-plain-text tb_tc72753\" data-lazy=\"1\">\n        <div class=\"tb_text_wrap\">\n    <div class=\"shelltone-fh-embed\">\n  <iframe\n    src=\"https:\/\/fareharbor.com\/embeds\/book\/wewhale-canarias-sl\/items\/446691\/?asn=fhdn-eur&#038;asn-ref=shelltonewhaleproject&#038;ref=shelltonewhaleproject&#038;bookable-only=yes&#038;full-items=yes&#038;marketplace=yes&#038;flow=no\"\n    loading=\"lazy\"\n    scrolling=\"auto\">\n  <\/iframe>\n<\/div>\n    <\/div>\n<\/div>\n<!-- \/module plain text -->        <\/div>\n                        <\/div>\n        <\/div>\n                        <div  data-anchor=\"photos\" data-css_id=\"09im513\" data-lazy=\"1\" class=\"module_row themify_builder_row fullwidth tb_has_section tb_section-photos tb_09im513 tf_w\">\n                        <div class=\"row_inner col_align_top tb_col_count_1 tf_box tf_rel\">\n                        <div  data-lazy=\"1\" class=\"module_column tb-column col-full tb_kxao513 first\">\n                            <div  data-lazy=\"1\" class=\"module_subrow themify_builder_sub_row tf_w col_align_top tb_col_count_1 tb_4zxl513\">\n                <div  data-lazy=\"1\" class=\"module_column sub_column col-full tb_e0xe513 first\">\n                    <!-- module text -->\n<div  class=\"module module-text tb_zh1z513    wow\" data-tf-animation=\"fadeInUp\" data-tf-animation_delay=\"1\" data-lazy=\"1\">\n        <div  class=\"tb_text_wrap\">\n        <h1 style=\"text-align: center;\">Fotos de la expedici\u00f3n a Lanzarote<\/h1>    <\/div>\n<\/div>\n<!-- \/module text -->        <\/div>\n                    <\/div>\n                <\/div>\n                        <\/div>\n        <\/div>\n                        <div  data-anchor=\"photos\" data-css_id=\"ionl581\" data-lazy=\"1\" class=\"module_row themify_builder_row fullwidth tb_has_section tb_section-photos tb_ionl581 tf_w\">\n                        <div class=\"row_inner col_align_top tb_col_count_1 tf_box tf_rel\">\n                        <div  data-lazy=\"1\" class=\"module_column tb-column col-full tb_01vi014 first\">\n                            <div  data-lazy=\"1\" class=\"module_subrow themify_builder_sub_row tf_w col_align_top tb_col_count_1 tb_p2kk680\">\n                <div  data-lazy=\"1\" class=\"module_column sub_column col-full tb_euzk810 first\">\n                    <!-- module image -->\n<div  class=\"module module-image tb_qgdr840 image-top   auto_fullwidth tf_mw\" data-lazy=\"1\">\n        <div class=\"image-wrap tf_rel tf_mw\">\n            <img loading=\"lazy\" decoding=\"async\" width=\"1600\" height=\"1576\" src=\"https:\/\/www.shelltonewhaleproject.org\/wp-content\/uploads\/2025\/06\/Shelltone-whale-Lanzarote.jpeg\" class=\"wp-post-image wp-image-7443\" title=\"Conchuela-ballena-Lanzarote\" alt=\"Conchuela-ballena-Lanzarote\" srcset=\"https:\/\/www.shelltonewhaleproject.org\/wp-content\/uploads\/2025\/06\/Shelltone-whale-Lanzarote.jpeg 1600w, https:\/\/www.shelltonewhaleproject.org\/wp-content\/uploads\/2025\/06\/Shelltone-whale-Lanzarote-300x296.jpeg 300w, https:\/\/www.shelltonewhaleproject.org\/wp-content\/uploads\/2025\/06\/Shelltone-whale-Lanzarote-1024x1009.jpeg 1024w, https:\/\/www.shelltonewhaleproject.org\/wp-content\/uploads\/2025\/06\/Shelltone-whale-Lanzarote-768x756.jpeg 768w, https:\/\/www.shelltonewhaleproject.org\/wp-content\/uploads\/2025\/06\/Shelltone-whale-Lanzarote-1536x1513.jpeg 1536w, https:\/\/www.shelltonewhaleproject.org\/wp-content\/uploads\/2025\/06\/Shelltone-whale-Lanzarote-12x12.jpeg 12w\" sizes=\"auto, (max-width: 1600px) 100vw, 1600px\" \/>    \n        <\/div>\n    <!-- \/image-wrap -->\n    \n        <\/div>\n<!-- \/module image --><!-- module image -->\n<div  class=\"module module-image tb_wd7g381 image-top   auto_fullwidth tf_mw\" data-lazy=\"1\">\n        <div class=\"image-wrap tf_rel tf_mw\">\n            <img loading=\"lazy\" decoding=\"async\" width=\"1600\" height=\"1067\" src=\"https:\/\/www.shelltonewhaleproject.org\/wp-content\/uploads\/2025\/06\/Shelltone-whale-Lanzarote-3.jpeg\" class=\"wp-post-image wp-image-7444\" title=\"Shelltone-ballena-Lanzarote-3\" alt=\"Shelltone-ballena-Lanzarote-3\" srcset=\"https:\/\/www.shelltonewhaleproject.org\/wp-content\/uploads\/2025\/06\/Shelltone-whale-Lanzarote-3.jpeg 1600w, https:\/\/www.shelltonewhaleproject.org\/wp-content\/uploads\/2025\/06\/Shelltone-whale-Lanzarote-3-300x200.jpeg 300w, https:\/\/www.shelltonewhaleproject.org\/wp-content\/uploads\/2025\/06\/Shelltone-whale-Lanzarote-3-1024x683.jpeg 1024w, https:\/\/www.shelltonewhaleproject.org\/wp-content\/uploads\/2025\/06\/Shelltone-whale-Lanzarote-3-768x512.jpeg 768w, https:\/\/www.shelltonewhaleproject.org\/wp-content\/uploads\/2025\/06\/Shelltone-whale-Lanzarote-3-1536x1024.jpeg 1536w, https:\/\/www.shelltonewhaleproject.org\/wp-content\/uploads\/2025\/06\/Shelltone-whale-Lanzarote-3-18x12.jpeg 18w\" sizes=\"auto, (max-width: 1600px) 100vw, 1600px\" \/>    \n        <\/div>\n    <!-- \/image-wrap -->\n    \n        <\/div>\n<!-- \/module image --><!-- module image -->\n<div  class=\"module module-image tb_e8qg170 image-top   auto_fullwidth tf_mw\" data-lazy=\"1\">\n        <div class=\"image-wrap tf_rel tf_mw\">\n            <img loading=\"lazy\" decoding=\"async\" width=\"1600\" height=\"939\" src=\"https:\/\/www.shelltonewhaleproject.org\/wp-content\/uploads\/2025\/06\/Shelltone-whale-Lanzarote-2.jpeg\" class=\"wp-post-image wp-image-7442\" title=\"Shelltone-ballena-Lanzarote-2\" alt=\"Shelltone-ballena-Lanzarote-2\" srcset=\"https:\/\/www.shelltonewhaleproject.org\/wp-content\/uploads\/2025\/06\/Shelltone-whale-Lanzarote-2.jpeg 1600w, https:\/\/www.shelltonewhaleproject.org\/wp-content\/uploads\/2025\/06\/Shelltone-whale-Lanzarote-2-300x176.jpeg 300w, https:\/\/www.shelltonewhaleproject.org\/wp-content\/uploads\/2025\/06\/Shelltone-whale-Lanzarote-2-1024x601.jpeg 1024w, https:\/\/www.shelltonewhaleproject.org\/wp-content\/uploads\/2025\/06\/Shelltone-whale-Lanzarote-2-768x451.jpeg 768w, https:\/\/www.shelltonewhaleproject.org\/wp-content\/uploads\/2025\/06\/Shelltone-whale-Lanzarote-2-1536x901.jpeg 1536w, https:\/\/www.shelltonewhaleproject.org\/wp-content\/uploads\/2025\/06\/Shelltone-whale-Lanzarote-2-18x12.jpeg 18w\" sizes=\"auto, (max-width: 1600px) 100vw, 1600px\" \/>    \n        <\/div>\n    <!-- \/image-wrap -->\n    \n        <\/div>\n<!-- \/module image -->        <\/div>\n                    <\/div>\n                <\/div>\n                        <\/div>\n        <\/div>\n        <\/div>\n<!--\/themify_builder_content-->","protected":false},"excerpt":{"rendered":"<p>Observation respectueuse de baleines depuis Lanzarote (Espagne) L&rsquo;avis de la team Shelltone Naviguez \u00e0 bord d\u2019un catamaran de 14 m\u00e8tres, totalement silencieux et sans \u00e9missions, aux \u00eeles Canaries, pour explorer et \u00e9couter plusieurs esp\u00e8ces majestueuses de baleines et de dauphins, telles que les grands dauphins, les dauphins communs, les dauphins de Risso et les baleines [&hellip;]<\/p>\n","protected":false},"author":1,"featured_media":0,"parent":0,"menu_order":0,"comment_status":"closed","ping_status":"closed","template":"","meta":{"footnotes":""},"class_list":["post-7434","page","type-page","status-publish","hentry","has-post-title","has-post-date","has-post-category","has-post-tag","has-post-comment","has-post-author",""],"builder_content":"<h1 style=\"text-align: center;\">Observation respectueuse de baleines depuis Lanzarote (Espagne)<\/h1>\n[themify_layout_part id=\"8399\"]\n<h1 style=\"text-align: center;\">L'avis de la team Shelltone<\/h1>\n<p style=\"text-align: center;\"><strong>Naviguez \u00e0 bord d\u2019un catamaran de 14 m\u00e8tres, totalement silencieux et sans \u00e9missions, aux \u00eeles Canaries, pour explorer et \u00e9couter plusieurs esp\u00e8ces majestueuses de baleines et de dauphins, telles que les grands dauphins, les dauphins communs, les dauphins de Risso et les baleines de Bryde.<\/strong><\/p> <p style=\"text-align: center;\"><strong>Vous \u00eates accompagn\u00e9s par un skipper et un guide exp\u00e9riment\u00e9s qui vous expliquent tout ce qu'il faut savoir sur les baleines et les dauphins.<\/strong><\/p> <p style=\"text-align: center;\"><strong>La charte d\u2019observation des c\u00e9tac\u00e9s du Shelltone Whale Project y est parfaitement respect\u00e9e.<\/strong><\/p> <p style=\"text-align: center;\"><strong>Les observateurs passionn\u00e9s de c\u00e9tac\u00e9s s\u00e9lectionn\u00e9s par la team Shelltone \u00e0 Lanzarote ont choisi le RESPECT.<\/strong><\/p>\n<h2 style=\"text-align: center;\"><strong>OBSERVATION DE C\u00c9TAC\u00c9S \u00c0 LANZAROTE<\/strong><\/h2> <p style=\"text-align: center;\"><strong>Calendrier des sorties, tarifs, r\u00e9servations...<\/strong><\/p>\n<iframe src=\"https:\/\/fareharbor.com\/embeds\/book\/wewhale-canarias-sl\/items\/446691\/?asn=fhdn-eur&asn-ref=shelltonewhaleproject&ref=shelltonewhaleproject&bookable-only=yes&full-items=yes&marketplace=yes&flow=no\" loading=\"lazy\" scrolling=\"auto\"> <\/iframe>\n<h1 style=\"text-align: center;\">Photos de l'exp\u00e9dition \u00e0 Lanzarote<\/h1>\n<img src=\"https:\/\/www.shelltonewhaleproject.org\/wp-content\/uploads\/2025\/06\/Shelltone-whale-Lanzarote.jpeg\" title=\"Shelltone-whale-Lanzarote\" alt=\"Shelltone-whale-Lanzarote\" srcset=\"https:\/\/www.shelltonewhaleproject.org\/wp-content\/uploads\/2025\/06\/Shelltone-whale-Lanzarote.jpeg 1600w, https:\/\/www.shelltonewhaleproject.org\/wp-content\/uploads\/2025\/06\/Shelltone-whale-Lanzarote-300x296.jpeg 300w, https:\/\/www.shelltonewhaleproject.org\/wp-content\/uploads\/2025\/06\/Shelltone-whale-Lanzarote-1024x1009.jpeg 1024w, https:\/\/www.shelltonewhaleproject.org\/wp-content\/uploads\/2025\/06\/Shelltone-whale-Lanzarote-768x756.jpeg 768w, https:\/\/www.shelltonewhaleproject.org\/wp-content\/uploads\/2025\/06\/Shelltone-whale-Lanzarote-1536x1513.jpeg 1536w, https:\/\/www.shelltonewhaleproject.org\/wp-content\/uploads\/2025\/06\/Shelltone-whale-Lanzarote-12x12.jpeg 12w\" sizes=\"(max-width: 1600px) 100vw, 1600px\" \/>\n<img src=\"https:\/\/www.shelltonewhaleproject.org\/wp-content\/uploads\/2025\/06\/Shelltone-whale-Lanzarote-3.jpeg\" title=\"Shelltone-whale-Lanzarote-3\" alt=\"Shelltone-whale-Lanzarote-3\" srcset=\"https:\/\/www.shelltonewhaleproject.org\/wp-content\/uploads\/2025\/06\/Shelltone-whale-Lanzarote-3.jpeg 1600w, https:\/\/www.shelltonewhaleproject.org\/wp-content\/uploads\/2025\/06\/Shelltone-whale-Lanzarote-3-300x200.jpeg 300w, https:\/\/www.shelltonewhaleproject.org\/wp-content\/uploads\/2025\/06\/Shelltone-whale-Lanzarote-3-1024x683.jpeg 1024w, https:\/\/www.shelltonewhaleproject.org\/wp-content\/uploads\/2025\/06\/Shelltone-whale-Lanzarote-3-768x512.jpeg 768w, https:\/\/www.shelltonewhaleproject.org\/wp-content\/uploads\/2025\/06\/Shelltone-whale-Lanzarote-3-1536x1024.jpeg 1536w, https:\/\/www.shelltonewhaleproject.org\/wp-content\/uploads\/2025\/06\/Shelltone-whale-Lanzarote-3-18x12.jpeg 18w\" sizes=\"(max-width: 1600px) 100vw, 1600px\" \/>\n<img src=\"https:\/\/www.shelltonewhaleproject.org\/wp-content\/uploads\/2025\/06\/Shelltone-whale-Lanzarote-2.jpeg\" title=\"Shelltone-whale-Lanzarote-2\" alt=\"Shelltone-whale-Lanzarote-2\" srcset=\"https:\/\/www.shelltonewhaleproject.org\/wp-content\/uploads\/2025\/06\/Shelltone-whale-Lanzarote-2.jpeg 1600w, https:\/\/www.shelltonewhaleproject.org\/wp-content\/uploads\/2025\/06\/Shelltone-whale-Lanzarote-2-300x176.jpeg 300w, https:\/\/www.shelltonewhaleproject.org\/wp-content\/uploads\/2025\/06\/Shelltone-whale-Lanzarote-2-1024x601.jpeg 1024w, https:\/\/www.shelltonewhaleproject.org\/wp-content\/uploads\/2025\/06\/Shelltone-whale-Lanzarote-2-768x451.jpeg 768w, https:\/\/www.shelltonewhaleproject.org\/wp-content\/uploads\/2025\/06\/Shelltone-whale-Lanzarote-2-1536x901.jpeg 1536w, https:\/\/www.shelltonewhaleproject.org\/wp-content\/uploads\/2025\/06\/Shelltone-whale-Lanzarote-2-18x12.jpeg 18w\" sizes=\"(max-width: 1600px) 100vw, 1600px\" \/>","_links":{"self":[{"href":"https:\/\/www.shelltonewhaleproject.org\/es\/wp-json\/wp\/v2\/pages\/7434","targetHints":{"allow":["GET"]}}],"collection":[{"href":"https:\/\/www.shelltonewhaleproject.org\/es\/wp-json\/wp\/v2\/pages"}],"about":[{"href":"https:\/\/www.shelltonewhaleproject.org\/es\/wp-json\/wp\/v2\/types\/page"}],"author":[{"embeddable":true,"href":"https:\/\/www.shelltonewhaleproject.org\/es\/wp-json\/wp\/v2\/users\/1"}],"replies":[{"embeddable":true,"href":"https:\/\/www.shelltonewhaleproject.org\/es\/wp-json\/wp\/v2\/comments?post=7434"}],"version-history":[{"count":4,"href":"https:\/\/www.shelltonewhaleproject.org\/es\/wp-json\/wp\/v2\/pages\/7434\/revisions"}],"predecessor-version":[{"id":9587,"href":"https:\/\/www.shelltonewhaleproject.org\/es\/wp-json\/wp\/v2\/pages\/7434\/revisions\/9587"}],"wp:attachment":[{"href":"https:\/\/www.shelltonewhaleproject.org\/es\/wp-json\/wp\/v2\/media?parent=7434"}],"curies":[{"name":"wp","href":"https:\/\/api.w.org\/{rel}","templated":true}]}}