{"id":7397,"date":"2025-06-18T08:13:39","date_gmt":"2025-06-18T06:13:39","guid":{"rendered":"https:\/\/www.shelltonewhaleproject.org\/observer-baleines-depuis-moss-landing-copy\/"},"modified":"2025-12-25T10:42:17","modified_gmt":"2025-12-25T09:42:17","slug":"observar-ballenas-peninsula-valdes","status":"publish","type":"page","link":"https:\/\/www.shelltonewhaleproject.org\/es\/observer-baleines-peninsule-valdes\/","title":{"rendered":"AVISTAMIENTO DE CET\u00c1CEOS DESDE LA PEN\u00cdNSULA DE VALDES"},"content":{"rendered":"<!--themify_builder_content-->\n<div id=\"themify_builder_content-7397\" data-postid=\"7397\" class=\"themify_builder_content themify_builder_content-7397 themify_builder tf_clear\">\n                    <div  data-lazy=\"1\" class=\"module_row themify_builder_row tb_lhws27 tb_first tf_w\">\n            <span  class=\"builder_row_cover tf_abs\" data-lazy=\"1\"><\/span>            <div class=\"row_inner col_align_top tb_col_count_1 tf_box tf_rel\">\n                        <div  data-lazy=\"1\" class=\"module_column tb-column col-full tb_jlfp27 first\">\n                    <!-- module text -->\n<div  class=\"module module-text tb_gxnd27    wow\" data-tf-animation=\"fadeInDown\" data-lazy=\"1\">\n        <div  class=\"tb_text_wrap\">\n        <h1 style=\"text-align: center;\">Respetuoso avistamiento de cet\u00e1ceos desde PENINSULA VALDES (Argentina)<\/h1>    <\/div>\n<\/div>\n<!-- \/module text --><!-- module plain text -->\n<div  class=\"module module-plain-text tb_ufw627\" data-lazy=\"1\">\n        <div class=\"tb_text_wrap\">\n    <div class=\"tb_layout_part_wrap tf_w\"><!--themify_builder_content-->\n    <div  class=\"themify_builder_content themify_builder_content-8399 themify_builder not_editable_builder in_the_loop\" data-postid=\"8399\">\n                        <div  data-lazy=\"1\" class=\"module_row themify_builder_row tb_tjb8415 tf_w\">\n                        <div class=\"row_inner col_align_top tb_col_count_1 tf_box tf_rel\">\n                        <div  data-lazy=\"1\" class=\"module_column tb-column col-full tb_7b53415 first\">\n                    <!-- module text -->\n<div  class=\"module module-text tb_2jx4524\" data-lazy=\"1\">\n        <div  class=\"tb_text_wrap\">\n        <h4 style=\"text-align: center;\"><b>Shelltone Whale Project enumera una selecci\u00f3n de operadores de avistamiento de cet\u00e1ceos que se comprometen a adoptar un enfoque respetuoso.<\/b><\/h4>\n<h4 style=\"text-align: center;\">\u00a0<\/h4>\n<h4 style=\"text-align: center;\"><b>Bi\u00f3logos marinos y gu\u00edas experimentados que anteponen el bienestar de los animales.<\/b><\/h4>\n<h4 style=\"text-align: center;\">\u00a0<\/h4>\n<h4 style=\"text-align: center;\"><b>Compruebe directamente su disponibilidad y reserve su experiencia al mejor precio, sin coste adicional.<\/b><\/h4>    <\/div>\n<\/div>\n<!-- \/module text --><!-- module image -->\n<div  class=\"module module-image tb_06zv177 image-center   tf_mw\" data-lazy=\"1\">\n        <div class=\"image-wrap tf_rel tf_mw\">\n            <img loading=\"lazy\" decoding=\"async\" src=\"https:\/\/www.shelltonewhaleproject.org\/wp-content\/uploads\/2025\/10\/lgog-SWP-respect-1-LD-977x1024-250x250.png\" width=\"250\" height=\"250\" class=\"wp-post-image wp-image-8330\" title=\"lgog-SWP-respeto-1-LD\" alt=\"lgog-SWP-respeto-1-LD\" srcset=\"https:\/\/www.shelltonewhaleproject.org\/wp-content\/uploads\/2025\/10\/lgog-SWP-respect-1-LD-977x1024-250x250.png 250w, https:\/\/www.shelltonewhaleproject.org\/wp-content\/uploads\/2025\/10\/lgog-SWP-respect-1-LD-150x150.png 150w, https:\/\/www.shelltonewhaleproject.org\/wp-content\/uploads\/2025\/10\/lgog-SWP-respect-1-LD-11x12.png 11w, https:\/\/www.shelltonewhaleproject.org\/wp-content\/uploads\/2025\/10\/lgog-SWP-respect-1-LD-977x1024-300x300.png 300w\" sizes=\"auto, (max-width: 250px) 100vw, 250px\" \/>    \n        <\/div>\n    <!-- \/image-wrap -->\n    \n        <\/div>\n<!-- \/module image -->        <\/div>\n                        <\/div>\n        <\/div>\n            <\/div>\n<!--\/themify_builder_content--><\/div>\n    <\/div>\n<\/div>\n<!-- \/module plain text -->        <\/div>\n                        <\/div>\n        <\/div>\n                        <div  data-css_id=\"s5v2010\" data-lazy=\"1\" class=\"module_row themify_builder_row fullwidth_row_container tb_s5v2010 tf_w\">\n                        <div class=\"row_inner col_align_top tb_col_count_1 tf_box tf_rel\">\n                        <div  data-lazy=\"1\" class=\"module_column tb-column col-full tb_pyg8055 first\">\n                    <!-- module text -->\n<div  class=\"module module-text tb_cku3060    wow\" data-tf-animation=\"fadeInUp\" data-tf-animation_delay=\"1\" data-lazy=\"1\">\n        <div  class=\"tb_text_wrap\">\n        <h1 style=\"text-align: center;\"><span style=\"color: #093c7a;\">La opini\u00f3n del equipo de Shelltone<\/span><\/h1>    <\/div>\n<\/div>\n<!-- \/module text --><!-- module text -->\n<div  class=\"module module-text tb_1mo7655    wow\" data-tf-animation=\"fadeInUp\" data-tf-animation_delay=\"1\" data-lazy=\"1\">\n        <div  class=\"tb_text_wrap\">\n        <p style=\"text-align: center;\"><strong>Viva una de las mejores aventuras en la Pen\u00ednsula Vald\u00e9s y descubra la fascinante ballena franca austral. La Pen\u00ednsula Vald\u00e9s tambi\u00e9n le ofrece la posibilidad de ver de cerca ballenas, orcas, ping\u00fcinos, leones marinos, delfines...<\/strong><\/p>\n<p style=\"text-align: center;\"><strong>Descubra la interpretaci\u00f3n del ecosistema costero y marino y el ciclo vital de las ballenas: apareamiento, nacimiento y cr\u00eda de los ballenatos. Embarcar\u00e1 en una embarcaci\u00f3n para navegar por el Golfo Nuevo y observar la ballena franca austral. Durante la navegaci\u00f3n, los pasajeros conocer\u00e1n la interpretaci\u00f3n del ecosistema costero y marino.<\/strong><\/p>\n<p style=\"text-align: center;\"><b>Los aficionados a la observaci\u00f3n de cet\u00e1ceos seleccionados por el equipo de Shelltone en la pen\u00ednsula de Vald\u00e9s eligieron el <span style=\"color: rgb(110, 158, 47);\">RESPETO<\/span>.<\/b><\/p>    <\/div>\n<\/div>\n<!-- \/module text -->        <\/div>\n                        <\/div>\n        <\/div>\n                        <div  data-lazy=\"1\" class=\"module_row themify_builder_row tb_7h1u570 tf_w\">\n                        <div class=\"row_inner col_align_top tb_col_count_1 tf_box tf_rel\">\n                        <div  data-lazy=\"1\" class=\"module_column tb-column col-full tb_3boe066 first\">\n                    <!-- module text -->\n<div  class=\"module module-text tb_860a210    wow\" data-tf-animation=\"fadeInDown\" data-lazy=\"1\">\n        <div  class=\"tb_text_wrap\">\n        <h2 style=\"text-align: center;\"><strong>OBSERVACI\u00d3N DE CET\u00c1CEOS EN LA PEN\u00cdNSULA DE VALDES<\/strong><\/h2>\n<p style=\"text-align: center;\"><strong>Calendario de salidas, tarifas, reservas...<\/strong><\/p>    <\/div>\n<\/div>\n<!-- \/module text --><!-- module plain text -->\n<div  class=\"module module-plain-text tb_6xxp2\" data-lazy=\"1\">\n        <div class=\"tb_text_wrap\">\n    <div class=\"shelltone-fh-embed\">\n  <iframe\n    src=\"https:\/\/fareharbor.com\/embeds\/book\/batours\/items\/251191\/?asn=fhdn-eur&#038;asn-ref=shelltonewhaleproject&#038;ref=shelltonewhaleproject&#038;bookable-only=yes&#038;full-items=yes&#038;marketplace=yes&#038;flow=no\"\n    loading=\"lazy\"\n    scrolling=\"auto\">\n  <\/iframe>\n<\/div>\n    <\/div>\n<\/div>\n<!-- \/module plain text -->        <\/div>\n                        <\/div>\n        <\/div>\n                        <div  data-anchor=\"photos\" data-css_id=\"e53r70\" data-lazy=\"1\" class=\"module_row themify_builder_row fullwidth tb_has_section tb_section-photos tb_e53r70 tf_w\">\n                        <div class=\"row_inner col_align_top tb_col_count_1 tf_box tf_rel\">\n                        <div  data-lazy=\"1\" class=\"module_column tb-column col-full tb_gco170 first\">\n                            <div  data-lazy=\"1\" class=\"module_subrow themify_builder_sub_row tf_w col_align_top tb_col_count_1 tb_rn7m70\">\n                <div  data-lazy=\"1\" class=\"module_column sub_column col-full tb_2r5p70 first\">\n                    <!-- module text -->\n<div  class=\"module module-text tb_klcr70    wow\" data-tf-animation=\"fadeInUp\" data-tf-animation_delay=\"1\" data-lazy=\"1\">\n        <div  class=\"tb_text_wrap\">\n        <h1 style=\"text-align: center;\">Fotos de la expedici\u00f3n de Vald\u00e9s<\/h1>    <\/div>\n<\/div>\n<!-- \/module text -->        <\/div>\n                    <\/div>\n                <\/div>\n                        <\/div>\n        <\/div>\n                        <div  data-anchor=\"photos\" data-css_id=\"nc4e660\" data-lazy=\"1\" class=\"module_row themify_builder_row fullwidth tb_has_section tb_section-photos tb_nc4e660 tf_w\">\n                        <div class=\"row_inner col_align_top tb_col_count_1 tf_box tf_rel\">\n                        <div  data-lazy=\"1\" class=\"module_column tb-column col-full tb_s0kr505 first\">\n                            <div  data-lazy=\"1\" class=\"module_subrow themify_builder_sub_row tf_w col_align_top tb_col_count_1 tb_sw9e000\">\n                <div  data-lazy=\"1\" class=\"module_column sub_column col-full tb_pp11000 first\">\n                    <!-- module image -->\n<div  class=\"module module-image tb_1sar600 image-top   auto_fullwidth tf_mw\" data-lazy=\"1\">\n        <div class=\"image-wrap tf_rel tf_mw\">\n            <img loading=\"lazy\" decoding=\"async\" width=\"720\" height=\"480\" src=\"https:\/\/www.shelltonewhaleproject.org\/wp-content\/uploads\/2025\/06\/shelltone-whale-peninsules-valdes.jpeg\" class=\"wp-post-image wp-image-7409\" title=\"shelltone-whale-peninsules-valdes\" alt=\"shelltone-whale-peninsules-valdes\" srcset=\"https:\/\/www.shelltonewhaleproject.org\/wp-content\/uploads\/2025\/06\/shelltone-whale-peninsules-valdes.jpeg 720w, https:\/\/www.shelltonewhaleproject.org\/wp-content\/uploads\/2025\/06\/shelltone-whale-peninsules-valdes-300x200.jpeg 300w, https:\/\/www.shelltonewhaleproject.org\/wp-content\/uploads\/2025\/06\/shelltone-whale-peninsules-valdes-18x12.jpeg 18w\" sizes=\"auto, (max-width: 720px) 100vw, 720px\" \/>    \n        <\/div>\n    <!-- \/image-wrap -->\n    \n        <\/div>\n<!-- \/module image --><!-- module image -->\n<div  class=\"module module-image tb_g2ve676 image-top   auto_fullwidth tf_mw\" data-lazy=\"1\">\n        <div class=\"image-wrap tf_rel tf_mw\">\n            <img loading=\"lazy\" decoding=\"async\" width=\"720\" height=\"480\" src=\"https:\/\/www.shelltonewhaleproject.org\/wp-content\/uploads\/2025\/06\/shelltone-whale-peninsules-valdes.-2.jpeg\" class=\"wp-post-image wp-image-7408\" title=\"concha-ballena-peninsulas-valdes.-2\" alt=\"concha-ballena-peninsulas-valdes.-2\" srcset=\"https:\/\/www.shelltonewhaleproject.org\/wp-content\/uploads\/2025\/06\/shelltone-whale-peninsules-valdes.-2.jpeg 720w, https:\/\/www.shelltonewhaleproject.org\/wp-content\/uploads\/2025\/06\/shelltone-whale-peninsules-valdes.-2-300x200.jpeg 300w, https:\/\/www.shelltonewhaleproject.org\/wp-content\/uploads\/2025\/06\/shelltone-whale-peninsules-valdes.-2-18x12.jpeg 18w\" sizes=\"auto, (max-width: 720px) 100vw, 720px\" \/>    \n        <\/div>\n    <!-- \/image-wrap -->\n    \n        <\/div>\n<!-- \/module image --><!-- module image -->\n<div  class=\"module module-image tb_5sxi006 image-top   auto_fullwidth tf_mw\" data-lazy=\"1\">\n        <div class=\"image-wrap tf_rel tf_mw\">\n            <img loading=\"lazy\" decoding=\"async\" width=\"720\" height=\"480\" src=\"https:\/\/www.shelltonewhaleproject.org\/wp-content\/uploads\/2025\/06\/shelltone-whale-peninsules-valdes-1.jpeg\" class=\"wp-post-image wp-image-7407\" title=\"shelltone-ballena-peninsulas-valdes-1\" alt=\"shelltone-ballena-peninsulas-valdes-1\" srcset=\"https:\/\/www.shelltonewhaleproject.org\/wp-content\/uploads\/2025\/06\/shelltone-whale-peninsules-valdes-1.jpeg 720w, https:\/\/www.shelltonewhaleproject.org\/wp-content\/uploads\/2025\/06\/shelltone-whale-peninsules-valdes-1-300x200.jpeg 300w, https:\/\/www.shelltonewhaleproject.org\/wp-content\/uploads\/2025\/06\/shelltone-whale-peninsules-valdes-1-18x12.jpeg 18w\" sizes=\"auto, (max-width: 720px) 100vw, 720px\" \/>    \n        <\/div>\n    <!-- \/image-wrap -->\n    \n        <\/div>\n<!-- \/module image -->        <\/div>\n                    <\/div>\n                <\/div>\n                        <\/div>\n        <\/div>\n        <\/div>\n<!--\/themify_builder_content-->","protected":false},"excerpt":{"rendered":"<p>Observation respectueuse de baleines depuis LA P\u00c9NINSULE DE VALDES (Argentine) L&rsquo;avis de la team Shelltone Vivez l&rsquo;une des plus belles aventures de la p\u00e9ninsule Vald\u00e9s et d\u00e9couvrez la fascinante baleine franche australe&nbsp;! La p\u00e9ninsule de Vald\u00e8s vous offre \u00e9galement la possibilit\u00e9 de voir de tr\u00e8s pr\u00e8s des baleines, orques, manchots, lions de mer, dauphins\u2026 D\u00e9couvrez [&hellip;]<\/p>\n","protected":false},"author":1,"featured_media":0,"parent":0,"menu_order":0,"comment_status":"closed","ping_status":"closed","template":"","meta":{"footnotes":""},"class_list":["post-7397","page","type-page","status-publish","hentry","has-post-title","has-post-date","has-post-category","has-post-tag","has-post-comment","has-post-author",""],"builder_content":"<h1 style=\"text-align: center;\">Observation respectueuse de baleines depuis LA P\u00c9NINSULE DE VALDES (Argentine)<\/h1>\n[themify_layout_part id=\"8399\"]\n<h1 style=\"text-align: center;\">L'avis de la team Shelltone<\/h1>\n<p style=\"text-align: center;\"><strong>Vivez l'une des plus belles aventures de la p\u00e9ninsule Vald\u00e9s et d\u00e9couvrez la fascinante baleine franche australe ! La p\u00e9ninsule de Vald\u00e8s vous offre \u00e9galement la possibilit\u00e9 de voir de tr\u00e8s pr\u00e8s des baleines, orques, manchots, lions de mer, dauphins\u2026<\/strong><\/p> <p style=\"text-align: center;\"><strong>D\u00e9couvrez l'interpr\u00e9tation de l'\u00e9cosyst\u00e8me c\u00f4tier et marin et le cycle biologique des baleines : accouplement, naissance et \u00e9levage des baleineaux. Vous embarquerez \u00e0 bord d'un bateau pour naviguer dans le Golfo Nuevo et observer la baleine franche australe. Pendant la navigation, les passagers seront initi\u00e9s \u00e0 l'interpr\u00e9tation de l'\u00e9cosyst\u00e8me c\u00f4tier et marin.<\/strong><\/p> <p style=\"text-align: center;\"><b>Les observateurs passionn\u00e9s de c\u00e9tac\u00e9s s\u00e9lectionn\u00e9s par la team Shelltone \u00e0 la p\u00e9ninsule de Valdes ont choisi le RESPECT.<\/b><\/p>\n<h2 style=\"text-align: center;\"><strong>OBSERVATION DE C\u00c9TAC\u00c9S \u00c0 LA P\u00c9NINSULE DE VALDES<\/strong><\/h2> <p style=\"text-align: center;\"><strong>Calendrier des sorties, tarifs, r\u00e9servations...<\/strong><\/p>\n<iframe src=\"https:\/\/fareharbor.com\/embeds\/book\/batours\/items\/251191\/?asn=fhdn-eur&asn-ref=shelltonewhaleproject&ref=shelltonewhaleproject&bookable-only=yes&full-items=yes&marketplace=yes&flow=no\" loading=\"lazy\" scrolling=\"auto\"> <\/iframe>\n<h1 style=\"text-align: center;\">Photos de l'exp\u00e9dition \u00e0 Valdes<\/h1>\n<img src=\"https:\/\/www.shelltonewhaleproject.org\/wp-content\/uploads\/2025\/06\/shelltone-whale-peninsules-valdes.jpeg\" title=\"shelltone-whale-peninsules-valdes\" alt=\"shelltone-whale-peninsules-valdes\" srcset=\"https:\/\/www.shelltonewhaleproject.org\/wp-content\/uploads\/2025\/06\/shelltone-whale-peninsules-valdes.jpeg 720w, https:\/\/www.shelltonewhaleproject.org\/wp-content\/uploads\/2025\/06\/shelltone-whale-peninsules-valdes-300x200.jpeg 300w, https:\/\/www.shelltonewhaleproject.org\/wp-content\/uploads\/2025\/06\/shelltone-whale-peninsules-valdes-18x12.jpeg 18w\" sizes=\"(max-width: 720px) 100vw, 720px\" \/>\n<img src=\"https:\/\/www.shelltonewhaleproject.org\/wp-content\/uploads\/2025\/06\/shelltone-whale-peninsules-valdes.-2.jpeg\" title=\"shelltone-whale-peninsules-valdes.-2\" alt=\"shelltone-whale-peninsules-valdes.-2\" srcset=\"https:\/\/www.shelltonewhaleproject.org\/wp-content\/uploads\/2025\/06\/shelltone-whale-peninsules-valdes.-2.jpeg 720w, https:\/\/www.shelltonewhaleproject.org\/wp-content\/uploads\/2025\/06\/shelltone-whale-peninsules-valdes.-2-300x200.jpeg 300w, https:\/\/www.shelltonewhaleproject.org\/wp-content\/uploads\/2025\/06\/shelltone-whale-peninsules-valdes.-2-18x12.jpeg 18w\" sizes=\"(max-width: 720px) 100vw, 720px\" \/>\n<img src=\"https:\/\/www.shelltonewhaleproject.org\/wp-content\/uploads\/2025\/06\/shelltone-whale-peninsules-valdes-1.jpeg\" title=\"shelltone-whale-peninsules-valdes-1\" alt=\"shelltone-whale-peninsules-valdes-1\" srcset=\"https:\/\/www.shelltonewhaleproject.org\/wp-content\/uploads\/2025\/06\/shelltone-whale-peninsules-valdes-1.jpeg 720w, https:\/\/www.shelltonewhaleproject.org\/wp-content\/uploads\/2025\/06\/shelltone-whale-peninsules-valdes-1-300x200.jpeg 300w, https:\/\/www.shelltonewhaleproject.org\/wp-content\/uploads\/2025\/06\/shelltone-whale-peninsules-valdes-1-18x12.jpeg 18w\" sizes=\"(max-width: 720px) 100vw, 720px\" \/>","_links":{"self":[{"href":"https:\/\/www.shelltonewhaleproject.org\/es\/wp-json\/wp\/v2\/pages\/7397","targetHints":{"allow":["GET"]}}],"collection":[{"href":"https:\/\/www.shelltonewhaleproject.org\/es\/wp-json\/wp\/v2\/pages"}],"about":[{"href":"https:\/\/www.shelltonewhaleproject.org\/es\/wp-json\/wp\/v2\/types\/page"}],"author":[{"embeddable":true,"href":"https:\/\/www.shelltonewhaleproject.org\/es\/wp-json\/wp\/v2\/users\/1"}],"replies":[{"embeddable":true,"href":"https:\/\/www.shelltonewhaleproject.org\/es\/wp-json\/wp\/v2\/comments?post=7397"}],"version-history":[{"count":4,"href":"https:\/\/www.shelltonewhaleproject.org\/es\/wp-json\/wp\/v2\/pages\/7397\/revisions"}],"predecessor-version":[{"id":9605,"href":"https:\/\/www.shelltonewhaleproject.org\/es\/wp-json\/wp\/v2\/pages\/7397\/revisions\/9605"}],"wp:attachment":[{"href":"https:\/\/www.shelltonewhaleproject.org\/es\/wp-json\/wp\/v2\/media?parent=7397"}],"curies":[{"name":"wp","href":"https:\/\/api.w.org\/{rel}","templated":true}]}}