{"id":7393,"date":"2025-06-18T08:11:54","date_gmt":"2025-06-18T06:11:54","guid":{"rendered":"https:\/\/www.shelltonewhaleproject.org\/observer-baleines-depuis-san-diego-copy\/"},"modified":"2025-12-25T10:27:42","modified_gmt":"2025-12-25T09:27:42","slug":"observar-ballenas-en-moss-landing","status":"publish","type":"page","link":"https:\/\/www.shelltonewhaleproject.org\/es\/observer-baleines-moss-landing\/","title":{"rendered":"AVISTAMIENTO DE BALLENAS DESDE MOSS LANDING"},"content":{"rendered":"<!--themify_builder_content-->\n<div id=\"themify_builder_content-7393\" data-postid=\"7393\" class=\"themify_builder_content themify_builder_content-7393 themify_builder tf_clear\">\n                    <div  data-lazy=\"1\" class=\"module_row themify_builder_row tb_3dbl632 tb_first tf_w\">\n            <span  class=\"builder_row_cover tf_abs\" data-lazy=\"1\"><\/span>            <div class=\"row_inner col_align_top tb_col_count_1 tf_box tf_rel\">\n                        <div  data-lazy=\"1\" class=\"module_column tb-column col-full tb_y60s632 first\">\n                    <!-- module text -->\n<div  class=\"module module-text tb_s726632    wow\" data-tf-animation=\"fadeInDown\" data-lazy=\"1\">\n        <div  class=\"tb_text_wrap\">\n        <h1 style=\"text-align: center;\">Avistamiento respetuoso de ballenas desde Moss Landing, California<\/h1>    <\/div>\n<\/div>\n<!-- \/module text --><!-- module plain text -->\n<div  class=\"module module-plain-text tb_h5hs632\" data-lazy=\"1\">\n        <div class=\"tb_text_wrap\">\n    <div class=\"tb_layout_part_wrap tf_w\"><!--themify_builder_content-->\n    <div  class=\"themify_builder_content themify_builder_content-8399 themify_builder not_editable_builder in_the_loop\" data-postid=\"8399\">\n                        <div  data-lazy=\"1\" class=\"module_row themify_builder_row tb_tjb8415 tf_w\">\n                        <div class=\"row_inner col_align_top tb_col_count_1 tf_box tf_rel\">\n                        <div  data-lazy=\"1\" class=\"module_column tb-column col-full tb_7b53415 first\">\n                    <!-- module text -->\n<div  class=\"module module-text tb_2jx4524\" data-lazy=\"1\">\n        <div  class=\"tb_text_wrap\">\n        <h4 style=\"text-align: center;\"><b>Shelltone Whale Project enumera una selecci\u00f3n de operadores de avistamiento de cet\u00e1ceos que se comprometen a adoptar un enfoque respetuoso.<\/b><\/h4>\n<h4 style=\"text-align: center;\">\u00a0<\/h4>\n<h4 style=\"text-align: center;\"><b>Bi\u00f3logos marinos y gu\u00edas experimentados que anteponen el bienestar de los animales.<\/b><\/h4>\n<h4 style=\"text-align: center;\">\u00a0<\/h4>\n<h4 style=\"text-align: center;\"><b>Compruebe directamente su disponibilidad y reserve su experiencia al mejor precio, sin coste adicional.<\/b><\/h4>    <\/div>\n<\/div>\n<!-- \/module text --><!-- module image -->\n<div  class=\"module module-image tb_06zv177 image-center   tf_mw\" data-lazy=\"1\">\n        <div class=\"image-wrap tf_rel tf_mw\">\n            <img loading=\"lazy\" decoding=\"async\" src=\"https:\/\/www.shelltonewhaleproject.org\/wp-content\/uploads\/2025\/10\/lgog-SWP-respect-1-LD-977x1024-250x250.png\" width=\"250\" height=\"250\" class=\"wp-post-image wp-image-8330\" title=\"lgog-SWP-respeto-1-LD\" alt=\"lgog-SWP-respeto-1-LD\" srcset=\"https:\/\/www.shelltonewhaleproject.org\/wp-content\/uploads\/2025\/10\/lgog-SWP-respect-1-LD-977x1024-250x250.png 250w, https:\/\/www.shelltonewhaleproject.org\/wp-content\/uploads\/2025\/10\/lgog-SWP-respect-1-LD-150x150.png 150w, https:\/\/www.shelltonewhaleproject.org\/wp-content\/uploads\/2025\/10\/lgog-SWP-respect-1-LD-11x12.png 11w, https:\/\/www.shelltonewhaleproject.org\/wp-content\/uploads\/2025\/10\/lgog-SWP-respect-1-LD-977x1024-300x300.png 300w\" sizes=\"auto, (max-width: 250px) 100vw, 250px\" \/>    \n        <\/div>\n    <!-- \/image-wrap -->\n    \n        <\/div>\n<!-- \/module image -->        <\/div>\n                        <\/div>\n        <\/div>\n            <\/div>\n<!--\/themify_builder_content--><\/div>\n    <\/div>\n<\/div>\n<!-- \/module plain text -->        <\/div>\n                        <\/div>\n        <\/div>\n                        <div  data-css_id=\"vera032\" data-lazy=\"1\" class=\"module_row themify_builder_row fullwidth_row_container tb_vera032 tf_w\">\n                        <div class=\"row_inner col_align_top tb_col_count_1 tf_box tf_rel\">\n                        <div  data-lazy=\"1\" class=\"module_column tb-column col-full tb_f8qs733 first\">\n                    <!-- module text -->\n<div  class=\"module module-text tb_nvtd799    wow\" data-tf-animation=\"fadeInUp\" data-tf-animation_delay=\"1\" data-lazy=\"1\">\n        <div  class=\"tb_text_wrap\">\n        <h1 style=\"text-align: center;\"><span style=\"color: #093c7a;\">La opini\u00f3n del equipo de Shelltone<\/span><\/h1>    <\/div>\n<\/div>\n<!-- \/module text --><!-- module text -->\n<div  class=\"module module-text tb_p70f725    wow\" data-tf-animation=\"fadeInUp\" data-tf-animation_delay=\"1\" data-lazy=\"1\">\n        <div  class=\"tb_text_wrap\">\n        <p style=\"text-align: center;\"><strong>Desde esta base de Moss Landing, perfectamente situada entre Monterey y Santa Cruz, explore el Santuario Marino Nacional de la Bah\u00eda de Monterey.<span class=\"Apple-converted-space\">\u00a0<\/span><\/strong><\/p>\n<p style=\"text-align: center;\"><strong>Una experiencia personalizada de alta gama, ofrecida por un capit\u00e1n experimentado y un fot\u00f3grafo profesional, le ayudar\u00e1 a encontrar los mejores \u00e1ngulos para sus fotos y observaciones. <span class=\"Apple-converted-space\">\u00a0<\/span><\/strong><\/p>\n<p style=\"text-align: center;\"><b>Los entusiastas de la observaci\u00f3n de cet\u00e1ceos seleccionados por el equipo de Shelltone en Moss Landing eligieron el <span style=\"color: #6e9e2f;\">RESPETO<\/span>.<\/b><\/p>    <\/div>\n<\/div>\n<!-- \/module text -->        <\/div>\n                        <\/div>\n        <\/div>\n                        <div  data-lazy=\"1\" class=\"module_row themify_builder_row tb_61me720 tf_w\">\n                        <div class=\"row_inner col_align_top tb_col_count_1 tf_box tf_rel\">\n                        <div  data-lazy=\"1\" class=\"module_column tb-column col-full tb_t6rx700 first\">\n                    <!-- module text -->\n<div  class=\"module module-text tb_op7j255    wow\" data-tf-animation=\"fadeInDown\" data-lazy=\"1\">\n        <div  class=\"tb_text_wrap\">\n        <h2 style=\"text-align: center;\"><strong>AVISTAMIENTO DE CET\u00c1CEOS EN MOSS LANDING<\/strong><\/h2>\n<p style=\"text-align: center;\"><strong>Calendario de salidas, tarifas, reservas...<\/strong><\/p>    <\/div>\n<\/div>\n<!-- \/module text --><!-- module plain text -->\n<div  class=\"module module-plain-text tb_6ix112\" data-lazy=\"1\">\n        <div class=\"tb_text_wrap\">\n    <div class=\"shelltone-fh-embed\">\n  <iframe\n    src=\"https:\/\/fareharbor.com\/embeds\/book\/oceanic-expeditions\/items\/376130\/?asn=fhdn&#038;asn-ref=shelltonewhaleproject&#038;ref=shelltonewhaleproject&#038;bookable-only=yes&#038;full-items=yes&#038;marketplace=yes&#038;flow=no\"\n    loading=\"lazy\"\n    scrolling=\"auto\">\n  <\/iframe>\n<\/div>\n    <\/div>\n<\/div>\n<!-- \/module plain text -->        <\/div>\n                        <\/div>\n        <\/div>\n                        <div  data-anchor=\"photos\" data-css_id=\"cc2d399\" data-lazy=\"1\" class=\"module_row themify_builder_row fullwidth tb_has_section tb_section-photos tb_cc2d399 tf_w\">\n                        <div class=\"row_inner col_align_top tb_col_count_1 tf_box tf_rel\">\n                        <div  data-lazy=\"1\" class=\"module_column tb-column col-full tb_9il3399 first\">\n                            <div  data-lazy=\"1\" class=\"module_subrow themify_builder_sub_row tf_w col_align_top tb_col_count_1 tb_b58e399\">\n                <div  data-lazy=\"1\" class=\"module_column sub_column col-full tb_g79p399 first\">\n                    <!-- module text -->\n<div  class=\"module module-text tb_ajxa399    wow\" data-tf-animation=\"fadeInUp\" data-tf-animation_delay=\"1\" data-lazy=\"1\">\n        <div  class=\"tb_text_wrap\">\n        <h1 style=\"text-align: center;\">Fotos de la expedici\u00f3n a Moss Landing<\/h1>    <\/div>\n<\/div>\n<!-- \/module text -->        <\/div>\n                    <\/div>\n                <\/div>\n                        <\/div>\n        <\/div>\n                        <div  data-anchor=\"photos\" data-css_id=\"fn64105\" data-lazy=\"1\" class=\"module_row themify_builder_row fullwidth tb_has_section tb_section-photos tb_fn64105 tf_w\">\n                        <div class=\"row_inner col_align_top tb_col_count_1 tf_box tf_rel\">\n                        <div  data-lazy=\"1\" class=\"module_column tb-column col-full tb_lfur502 first\">\n                            <div  data-lazy=\"1\" class=\"module_subrow themify_builder_sub_row tf_w col_align_top tb_col_count_1 tb_dtho533\">\n                <div  data-lazy=\"1\" class=\"module_column sub_column col-full tb_ms6u072 first\">\n                    <!-- module image -->\n<div  class=\"module module-image tb_f53s530 image-top   auto_fullwidth tf_mw\" data-lazy=\"1\">\n        <div class=\"image-wrap tf_rel tf_mw\">\n            <img loading=\"lazy\" decoding=\"async\" width=\"1346\" height=\"1009\" src=\"https:\/\/www.shelltonewhaleproject.org\/wp-content\/uploads\/2025\/06\/shelltone-whale-moss-landing.jpeg\" class=\"wp-post-image wp-image-7401\" title=\"shelltone-whale-moss-landing\" alt=\"shelltone-whale-moss-landing\" srcset=\"https:\/\/www.shelltonewhaleproject.org\/wp-content\/uploads\/2025\/06\/shelltone-whale-moss-landing.jpeg 1346w, https:\/\/www.shelltonewhaleproject.org\/wp-content\/uploads\/2025\/06\/shelltone-whale-moss-landing-300x225.jpeg 300w, https:\/\/www.shelltonewhaleproject.org\/wp-content\/uploads\/2025\/06\/shelltone-whale-moss-landing-1024x768.jpeg 1024w, https:\/\/www.shelltonewhaleproject.org\/wp-content\/uploads\/2025\/06\/shelltone-whale-moss-landing-768x576.jpeg 768w, https:\/\/www.shelltonewhaleproject.org\/wp-content\/uploads\/2025\/06\/shelltone-whale-moss-landing-16x12.jpeg 16w\" sizes=\"auto, (max-width: 1346px) 100vw, 1346px\" \/>    \n        <\/div>\n    <!-- \/image-wrap -->\n    \n        <\/div>\n<!-- \/module image --><!-- module image -->\n<div  class=\"module module-image tb_5p4i707 image-top   auto_fullwidth tf_mw\" data-lazy=\"1\">\n        <div class=\"image-wrap tf_rel tf_mw\">\n            <img loading=\"lazy\" decoding=\"async\" width=\"1346\" height=\"897\" src=\"https:\/\/www.shelltonewhaleproject.org\/wp-content\/uploads\/2025\/06\/shelltone-whale-moss-landing-1.jpeg\" class=\"wp-post-image wp-image-7402\" title=\"shelltone-whale-moss-landing-1\" alt=\"shelltone-whale-moss-landing-1\" srcset=\"https:\/\/www.shelltonewhaleproject.org\/wp-content\/uploads\/2025\/06\/shelltone-whale-moss-landing-1.jpeg 1346w, https:\/\/www.shelltonewhaleproject.org\/wp-content\/uploads\/2025\/06\/shelltone-whale-moss-landing-1-300x200.jpeg 300w, https:\/\/www.shelltonewhaleproject.org\/wp-content\/uploads\/2025\/06\/shelltone-whale-moss-landing-1-1024x682.jpeg 1024w, https:\/\/www.shelltonewhaleproject.org\/wp-content\/uploads\/2025\/06\/shelltone-whale-moss-landing-1-768x512.jpeg 768w, https:\/\/www.shelltonewhaleproject.org\/wp-content\/uploads\/2025\/06\/shelltone-whale-moss-landing-1-18x12.jpeg 18w\" sizes=\"auto, (max-width: 1346px) 100vw, 1346px\" \/>    \n        <\/div>\n    <!-- \/image-wrap -->\n    \n        <\/div>\n<!-- \/module image --><!-- module image -->\n<div  class=\"module module-image tb_jt2b735 image-top   auto_fullwidth tf_mw\" data-lazy=\"1\">\n        <div class=\"image-wrap tf_rel tf_mw\">\n            <img loading=\"lazy\" decoding=\"async\" width=\"1346\" height=\"898\" src=\"https:\/\/www.shelltonewhaleproject.org\/wp-content\/uploads\/2025\/06\/shelltone-whale-moss-landing-2.jpeg\" class=\"wp-post-image wp-image-7403\" title=\"shelltone-whale-moss-landing-2\" alt=\"shelltone-whale-moss-landing-2\" srcset=\"https:\/\/www.shelltonewhaleproject.org\/wp-content\/uploads\/2025\/06\/shelltone-whale-moss-landing-2.jpeg 1346w, https:\/\/www.shelltonewhaleproject.org\/wp-content\/uploads\/2025\/06\/shelltone-whale-moss-landing-2-300x200.jpeg 300w, https:\/\/www.shelltonewhaleproject.org\/wp-content\/uploads\/2025\/06\/shelltone-whale-moss-landing-2-1024x683.jpeg 1024w, https:\/\/www.shelltonewhaleproject.org\/wp-content\/uploads\/2025\/06\/shelltone-whale-moss-landing-2-768x512.jpeg 768w, https:\/\/www.shelltonewhaleproject.org\/wp-content\/uploads\/2025\/06\/shelltone-whale-moss-landing-2-18x12.jpeg 18w\" sizes=\"auto, (max-width: 1346px) 100vw, 1346px\" \/>    \n        <\/div>\n    <!-- \/image-wrap -->\n    \n        <\/div>\n<!-- \/module image -->        <\/div>\n                    <\/div>\n                <\/div>\n                        <\/div>\n        <\/div>\n        <\/div>\n<!--\/themify_builder_content-->","protected":false},"excerpt":{"rendered":"<p>Observation respectueuse de baleines depuis Moss Landing, Californie L&rsquo;avis de la team Shelltone Depuis cette base de Moss Landing, parfaitement situ\u00e9e entre Monterey et Santa Cruz, explorez le sanctuaire marin national de la baie de Monterey.\u00a0 Exp\u00e9rience personnalis\u00e9e et haut de gamme, offerte par un capitaine exp\u00e9riment\u00e9 et un photographe professionnel, vous permettra de trouver [&hellip;]<\/p>\n","protected":false},"author":1,"featured_media":0,"parent":0,"menu_order":0,"comment_status":"closed","ping_status":"closed","template":"","meta":{"footnotes":""},"class_list":["post-7393","page","type-page","status-publish","hentry","has-post-title","has-post-date","has-post-category","has-post-tag","has-post-comment","has-post-author",""],"builder_content":"<h1 style=\"text-align: center;\">Observation respectueuse de baleines depuis Moss Landing, Californie<\/h1>\n[themify_layout_part id=\"8399\"]\n<h1 style=\"text-align: center;\">L'avis de la team Shelltone<\/h1>\n<p style=\"text-align: center;\"><strong>Depuis cette base de Moss Landing, parfaitement situ\u00e9e entre Monterey et Santa Cruz, explorez le sanctuaire marin national de la baie de Monterey.\u00a0<\/strong><\/p> <p style=\"text-align: center;\"><strong>Exp\u00e9rience personnalis\u00e9e et haut de gamme, offerte par un capitaine exp\u00e9riment\u00e9 et un photographe professionnel, vous permettra de trouver les meilleurs angles pour vos photos et vos observations. \u00a0<\/strong><\/p> <p style=\"text-align: center;\"><b>Les observateurs passionn\u00e9s de c\u00e9tac\u00e9s s\u00e9lectionn\u00e9s par la team Shelltone \u00e0 Moss Landing ont choisi le RESPECT.<\/b><\/p>\n<h2 style=\"text-align: center;\"><strong>OBSERVATION DE C\u00c9TAC\u00c9S \u00c0 MOSS LANDING<\/strong><\/h2> <p style=\"text-align: center;\"><strong>Calendrier des sorties, tarifs, r\u00e9servations...<\/strong><\/p>\n<iframe src=\"https:\/\/fareharbor.com\/embeds\/book\/oceanic-expeditions\/items\/376130\/?asn=fhdn&asn-ref=shelltonewhaleproject&ref=shelltonewhaleproject&bookable-only=yes&full-items=yes&marketplace=yes&flow=no\" loading=\"lazy\" scrolling=\"auto\"> <\/iframe>\n<h1 style=\"text-align: center;\">Photos de l'exp\u00e9dition \u00e0 Moss Landing<\/h1>\n<img src=\"https:\/\/www.shelltonewhaleproject.org\/wp-content\/uploads\/2025\/06\/shelltone-whale-moss-landing.jpeg\" title=\"shelltone-whale-moss-landing\" alt=\"shelltone-whale-moss-landing\" srcset=\"https:\/\/www.shelltonewhaleproject.org\/wp-content\/uploads\/2025\/06\/shelltone-whale-moss-landing.jpeg 1346w, https:\/\/www.shelltonewhaleproject.org\/wp-content\/uploads\/2025\/06\/shelltone-whale-moss-landing-300x225.jpeg 300w, https:\/\/www.shelltonewhaleproject.org\/wp-content\/uploads\/2025\/06\/shelltone-whale-moss-landing-1024x768.jpeg 1024w, https:\/\/www.shelltonewhaleproject.org\/wp-content\/uploads\/2025\/06\/shelltone-whale-moss-landing-768x576.jpeg 768w, https:\/\/www.shelltonewhaleproject.org\/wp-content\/uploads\/2025\/06\/shelltone-whale-moss-landing-16x12.jpeg 16w\" sizes=\"(max-width: 1346px) 100vw, 1346px\" \/>\n<img src=\"https:\/\/www.shelltonewhaleproject.org\/wp-content\/uploads\/2025\/06\/shelltone-whale-moss-landing-1.jpeg\" title=\"shelltone-whale-moss-landing-1\" alt=\"shelltone-whale-moss-landing-1\" srcset=\"https:\/\/www.shelltonewhaleproject.org\/wp-content\/uploads\/2025\/06\/shelltone-whale-moss-landing-1.jpeg 1346w, https:\/\/www.shelltonewhaleproject.org\/wp-content\/uploads\/2025\/06\/shelltone-whale-moss-landing-1-300x200.jpeg 300w, https:\/\/www.shelltonewhaleproject.org\/wp-content\/uploads\/2025\/06\/shelltone-whale-moss-landing-1-1024x682.jpeg 1024w, https:\/\/www.shelltonewhaleproject.org\/wp-content\/uploads\/2025\/06\/shelltone-whale-moss-landing-1-768x512.jpeg 768w, https:\/\/www.shelltonewhaleproject.org\/wp-content\/uploads\/2025\/06\/shelltone-whale-moss-landing-1-18x12.jpeg 18w\" sizes=\"(max-width: 1346px) 100vw, 1346px\" \/>\n<img src=\"https:\/\/www.shelltonewhaleproject.org\/wp-content\/uploads\/2025\/06\/shelltone-whale-moss-landing-2.jpeg\" title=\"shelltone-whale-moss-landing-2\" alt=\"shelltone-whale-moss-landing-2\" srcset=\"https:\/\/www.shelltonewhaleproject.org\/wp-content\/uploads\/2025\/06\/shelltone-whale-moss-landing-2.jpeg 1346w, https:\/\/www.shelltonewhaleproject.org\/wp-content\/uploads\/2025\/06\/shelltone-whale-moss-landing-2-300x200.jpeg 300w, https:\/\/www.shelltonewhaleproject.org\/wp-content\/uploads\/2025\/06\/shelltone-whale-moss-landing-2-1024x683.jpeg 1024w, https:\/\/www.shelltonewhaleproject.org\/wp-content\/uploads\/2025\/06\/shelltone-whale-moss-landing-2-768x512.jpeg 768w, https:\/\/www.shelltonewhaleproject.org\/wp-content\/uploads\/2025\/06\/shelltone-whale-moss-landing-2-18x12.jpeg 18w\" sizes=\"(max-width: 1346px) 100vw, 1346px\" \/>","_links":{"self":[{"href":"https:\/\/www.shelltonewhaleproject.org\/es\/wp-json\/wp\/v2\/pages\/7393","targetHints":{"allow":["GET"]}}],"collection":[{"href":"https:\/\/www.shelltonewhaleproject.org\/es\/wp-json\/wp\/v2\/pages"}],"about":[{"href":"https:\/\/www.shelltonewhaleproject.org\/es\/wp-json\/wp\/v2\/types\/page"}],"author":[{"embeddable":true,"href":"https:\/\/www.shelltonewhaleproject.org\/es\/wp-json\/wp\/v2\/users\/1"}],"replies":[{"embeddable":true,"href":"https:\/\/www.shelltonewhaleproject.org\/es\/wp-json\/wp\/v2\/comments?post=7393"}],"version-history":[{"count":4,"href":"https:\/\/www.shelltonewhaleproject.org\/es\/wp-json\/wp\/v2\/pages\/7393\/revisions"}],"predecessor-version":[{"id":9575,"href":"https:\/\/www.shelltonewhaleproject.org\/es\/wp-json\/wp\/v2\/pages\/7393\/revisions\/9575"}],"wp:attachment":[{"href":"https:\/\/www.shelltonewhaleproject.org\/es\/wp-json\/wp\/v2\/media?parent=7393"}],"curies":[{"name":"wp","href":"https:\/\/api.w.org\/{rel}","templated":true}]}}