{"id":7311,"date":"2025-06-13T20:27:39","date_gmt":"2025-06-13T18:27:39","guid":{"rendered":"https:\/\/www.shelltonewhaleproject.org\/?page_id=7311"},"modified":"2025-12-25T10:26:57","modified_gmt":"2025-12-25T09:26:57","slug":"observar-ballenas-monterey","status":"publish","type":"page","link":"https:\/\/www.shelltonewhaleproject.org\/es\/observer-baleines-monterey\/","title":{"rendered":"AVISTAMIENTO DE BALLENAS DESDE MONTEREY"},"content":{"rendered":"<!--themify_builder_content-->\n<div id=\"themify_builder_content-7311\" data-postid=\"7311\" class=\"themify_builder_content themify_builder_content-7311 themify_builder tf_clear\">\n                    <div  data-lazy=\"1\" class=\"module_row themify_builder_row tb_74za002 tb_first tf_w\">\n            <span  class=\"builder_row_cover tf_abs\" data-lazy=\"1\"><\/span>            <div class=\"row_inner col_align_top tb_col_count_1 tf_box tf_rel\">\n                        <div  data-lazy=\"1\" class=\"module_column tb-column col-full tb_rv4k011 first\">\n                    <!-- module text -->\n<div  class=\"module module-text tb_ri3y217    wow\" data-tf-animation=\"fadeInDown\" data-lazy=\"1\">\n        <div  class=\"tb_text_wrap\">\n        <h1 style=\"text-align: center;\">Avistamiento respetuoso de ballenas desde Monterey (California)<\/h1>    <\/div>\n<\/div>\n<!-- \/module text --><!-- module plain text -->\n<div  class=\"module module-plain-text tb_xmkv584\" data-lazy=\"1\">\n        <div class=\"tb_text_wrap\">\n    <div class=\"tb_layout_part_wrap tf_w\"><!--themify_builder_content-->\n    <div  class=\"themify_builder_content themify_builder_content-8399 themify_builder not_editable_builder in_the_loop\" data-postid=\"8399\">\n                        <div  data-lazy=\"1\" class=\"module_row themify_builder_row tb_tjb8415 tf_w\">\n                        <div class=\"row_inner col_align_top tb_col_count_1 tf_box tf_rel\">\n                        <div  data-lazy=\"1\" class=\"module_column tb-column col-full tb_7b53415 first\">\n                    <!-- module text -->\n<div  class=\"module module-text tb_2jx4524\" data-lazy=\"1\">\n        <div  class=\"tb_text_wrap\">\n        <h4 style=\"text-align: center;\"><b>Shelltone Whale Project enumera una selecci\u00f3n de operadores de avistamiento de cet\u00e1ceos que se comprometen a adoptar un enfoque respetuoso.<\/b><\/h4>\n<h4 style=\"text-align: center;\">\u00a0<\/h4>\n<h4 style=\"text-align: center;\"><b>Bi\u00f3logos marinos y gu\u00edas experimentados que anteponen el bienestar de los animales.<\/b><\/h4>\n<h4 style=\"text-align: center;\">\u00a0<\/h4>\n<h4 style=\"text-align: center;\"><b>Compruebe directamente su disponibilidad y reserve su experiencia al mejor precio, sin coste adicional.<\/b><\/h4>    <\/div>\n<\/div>\n<!-- \/module text --><!-- module image -->\n<div  class=\"module module-image tb_06zv177 image-center   tf_mw\" data-lazy=\"1\">\n        <div class=\"image-wrap tf_rel tf_mw\">\n            <img loading=\"lazy\" decoding=\"async\" src=\"https:\/\/www.shelltonewhaleproject.org\/wp-content\/uploads\/2025\/10\/lgog-SWP-respect-1-LD-977x1024-250x250.png\" width=\"250\" height=\"250\" class=\"wp-post-image wp-image-8330\" title=\"lgog-SWP-respeto-1-LD\" alt=\"lgog-SWP-respeto-1-LD\" srcset=\"https:\/\/www.shelltonewhaleproject.org\/wp-content\/uploads\/2025\/10\/lgog-SWP-respect-1-LD-977x1024-250x250.png 250w, https:\/\/www.shelltonewhaleproject.org\/wp-content\/uploads\/2025\/10\/lgog-SWP-respect-1-LD-150x150.png 150w, https:\/\/www.shelltonewhaleproject.org\/wp-content\/uploads\/2025\/10\/lgog-SWP-respect-1-LD-11x12.png 11w, https:\/\/www.shelltonewhaleproject.org\/wp-content\/uploads\/2025\/10\/lgog-SWP-respect-1-LD-977x1024-300x300.png 300w\" sizes=\"auto, (max-width: 250px) 100vw, 250px\" \/>    \n        <\/div>\n    <!-- \/image-wrap -->\n    \n        <\/div>\n<!-- \/module image -->        <\/div>\n                        <\/div>\n        <\/div>\n            <\/div>\n<!--\/themify_builder_content--><\/div>\n    <\/div>\n<\/div>\n<!-- \/module plain text -->        <\/div>\n                        <\/div>\n        <\/div>\n                        <div  data-css_id=\"lkbf076\" data-lazy=\"1\" class=\"module_row themify_builder_row fullwidth_row_container tb_lkbf076 tf_w\">\n                        <div class=\"row_inner col_align_top tb_col_count_1 tf_box tf_rel\">\n                        <div  data-lazy=\"1\" class=\"module_column tb-column col-full tb_2932007 first\">\n                    <!-- module text -->\n<div  class=\"module module-text tb_hi66483    wow\" data-tf-animation=\"fadeInUp\" data-tf-animation_delay=\"1\" data-lazy=\"1\">\n        <div  class=\"tb_text_wrap\">\n        <h1 style=\"text-align: center;\"><span style=\"color: #093c7a;\">La opini\u00f3n del equipo de Shelltone<\/span><\/h1>    <\/div>\n<\/div>\n<!-- \/module text --><!-- module text -->\n<div  class=\"module module-text tb_52fg881    wow\" data-tf-animation=\"fadeInUp\" data-tf-animation_delay=\"1\" data-lazy=\"1\">\n        <div  class=\"tb_text_wrap\">\n        <p style=\"text-align: center;\"><strong>La bah\u00eda de Monterrey ofrece uno de los mejores avistamientos de ballenas del mundo, gracias al profundo ca\u00f1\u00f3n submarino cercano. Se pueden ver ballenas durante todo el a\u00f1o, por lo que es un lugar privilegiado para los amantes de la fauna marina. Tambi\u00e9n se pueden ver orcas y delfines.<\/strong><\/p>\n<p style=\"text-align: center;\"><strong>El<span class=\"Apple-converted-space\">\u00a0 <\/span>naturalistas se mantienen al d\u00eda de las \u00faltimas investigaciones marinas y se comprometen a compartir con usted la informaci\u00f3n m\u00e1s actualizada. Comunican sus conocimientos cient\u00edficos de forma accesible, enriqueciendo su experiencia con los \u00faltimos descubrimientos sobre la fauna local.<\/strong><\/p>\n<p style=\"text-align: center;\"><b>Los entusiastas de la observaci\u00f3n de cet\u00e1ceos seleccionados por el equipo de Shelltone en Monterey han elegido el <span style=\"color: #6e9e2f;\">RESPETO<\/span>.<\/b><\/p>    <\/div>\n<\/div>\n<!-- \/module text -->        <\/div>\n                        <\/div>\n        <\/div>\n                        <div  data-lazy=\"1\" class=\"module_row themify_builder_row tb_k2tf291 tf_w\">\n                        <div class=\"row_inner col_align_top tb_col_count_1 tf_box tf_rel\">\n                        <div  data-lazy=\"1\" class=\"module_column tb-column col-full tb_f7k5291 first\">\n                    <!-- module text -->\n<div  class=\"module module-text tb_unux291    wow\" data-tf-animation=\"fadeInDown\" data-lazy=\"1\">\n        <div  class=\"tb_text_wrap\">\n        <h2 style=\"text-align: center;\"><strong>AVISTAMIENTO DE CET\u00c1CEOS EN MONTEREY<\/strong><\/h2>\n<p style=\"text-align: center;\"><strong>Calendario de salidas, tarifas, reservas...<\/strong><\/p>    <\/div>\n<\/div>\n<!-- \/module text --><!-- module plain text -->\n<div  class=\"module module-plain-text tb_2k3d28\" data-lazy=\"1\">\n        <div class=\"tb_text_wrap\">\n    <div class=\"shelltone-fh-embed\">\n  <iframe\n    src=\"https:\/\/fareharbor.com\/embeds\/book\/discoverywhalewatch\/items\/47079\/?asn=fhdn&#038;asn-ref=shelltonewhaleproject&#038;ref=shelltonewhaleproject&#038;bookable-only=yes&#038;full-items=yes&#038;marketplace=yes&#038;flow=no\"\n    loading=\"lazy\"\n    scrolling=\"auto\">\n  <\/iframe>\n<\/div>    <\/div>\n<\/div>\n<!-- \/module plain text -->        <\/div>\n                        <\/div>\n        <\/div>\n                        <div  data-anchor=\"photos\" data-css_id=\"h1xd178\" data-lazy=\"1\" class=\"module_row themify_builder_row fullwidth tb_has_section tb_section-photos tb_h1xd178 tf_w\">\n                        <div class=\"row_inner col_align_top tb_col_count_1 tf_box tf_rel\">\n                        <div  data-lazy=\"1\" class=\"module_column tb-column col-full tb_7wxg027 first\">\n                            <div  data-lazy=\"1\" class=\"module_subrow themify_builder_sub_row tf_w col_align_top tb_col_count_1 tb_ehjv099\">\n                <div  data-lazy=\"1\" class=\"module_column sub_column col-full tb_zw72900 first\">\n                    <!-- module text -->\n<div  class=\"module module-text tb_cl8b761    wow\" data-tf-animation=\"fadeInUp\" data-tf-animation_delay=\"1\" data-lazy=\"1\">\n        <div  class=\"tb_text_wrap\">\n        <h1 style=\"text-align: center;\">Fotos de la expedici\u00f3n a Monterrey<\/h1>    <\/div>\n<\/div>\n<!-- \/module text --><!-- module image -->\n<div  class=\"module module-image tb_fbqo101 image-top   auto_fullwidth tf_mw\" data-lazy=\"1\">\n        <div class=\"image-wrap tf_rel tf_mw\">\n            <img loading=\"lazy\" decoding=\"async\" width=\"1600\" height=\"1280\" src=\"https:\/\/www.shelltonewhaleproject.org\/wp-content\/uploads\/2025\/06\/Shelltone-whale-monterey.jpeg\" class=\"wp-post-image wp-image-7313\" title=\"Shelltone-ballena-monterey\" alt=\"Shelltone-ballena-monterey\" srcset=\"https:\/\/www.shelltonewhaleproject.org\/wp-content\/uploads\/2025\/06\/Shelltone-whale-monterey.jpeg 1600w, https:\/\/www.shelltonewhaleproject.org\/wp-content\/uploads\/2025\/06\/Shelltone-whale-monterey-300x240.jpeg 300w, https:\/\/www.shelltonewhaleproject.org\/wp-content\/uploads\/2025\/06\/Shelltone-whale-monterey-1024x819.jpeg 1024w, https:\/\/www.shelltonewhaleproject.org\/wp-content\/uploads\/2025\/06\/Shelltone-whale-monterey-768x614.jpeg 768w, https:\/\/www.shelltonewhaleproject.org\/wp-content\/uploads\/2025\/06\/Shelltone-whale-monterey-1536x1229.jpeg 1536w, https:\/\/www.shelltonewhaleproject.org\/wp-content\/uploads\/2025\/06\/Shelltone-whale-monterey-15x12.jpeg 15w\" sizes=\"auto, (max-width: 1600px) 100vw, 1600px\" \/>    \n        <\/div>\n    <!-- \/image-wrap -->\n    \n        <\/div>\n<!-- \/module image --><!-- module image -->\n<div  class=\"module module-image tb_wff3702 image-top   auto_fullwidth tf_mw\" data-lazy=\"1\">\n        <div class=\"image-wrap tf_rel tf_mw\">\n            <img loading=\"lazy\" decoding=\"async\" width=\"1600\" height=\"1237\" src=\"https:\/\/www.shelltonewhaleproject.org\/wp-content\/uploads\/2025\/06\/Shelltone-whale-monterey-1.jpeg\" class=\"wp-post-image wp-image-7314\" title=\"Shelltone-ballena-monterey-1\" alt=\"Shelltone-ballena-monterey-1\" srcset=\"https:\/\/www.shelltonewhaleproject.org\/wp-content\/uploads\/2025\/06\/Shelltone-whale-monterey-1.jpeg 1600w, https:\/\/www.shelltonewhaleproject.org\/wp-content\/uploads\/2025\/06\/Shelltone-whale-monterey-1-300x232.jpeg 300w, https:\/\/www.shelltonewhaleproject.org\/wp-content\/uploads\/2025\/06\/Shelltone-whale-monterey-1-1024x792.jpeg 1024w, https:\/\/www.shelltonewhaleproject.org\/wp-content\/uploads\/2025\/06\/Shelltone-whale-monterey-1-768x594.jpeg 768w, https:\/\/www.shelltonewhaleproject.org\/wp-content\/uploads\/2025\/06\/Shelltone-whale-monterey-1-1536x1188.jpeg 1536w, https:\/\/www.shelltonewhaleproject.org\/wp-content\/uploads\/2025\/06\/Shelltone-whale-monterey-1-16x12.jpeg 16w\" sizes=\"auto, (max-width: 1600px) 100vw, 1600px\" \/>    \n        <\/div>\n    <!-- \/image-wrap -->\n    \n        <\/div>\n<!-- \/module image --><!-- module image -->\n<div  class=\"module module-image tb_a5y5066 image-top   auto_fullwidth tf_mw\" data-lazy=\"1\">\n        <div class=\"image-wrap tf_rel tf_mw\">\n            <img loading=\"lazy\" decoding=\"async\" width=\"1600\" height=\"842\" src=\"https:\/\/www.shelltonewhaleproject.org\/wp-content\/uploads\/2025\/06\/Shelltone-whale-monterey-3.jpeg\" class=\"wp-post-image wp-image-7315\" title=\"Shelltone-ballena-monterey-3\" alt=\"Shelltone-ballena-monterey-3\" srcset=\"https:\/\/www.shelltonewhaleproject.org\/wp-content\/uploads\/2025\/06\/Shelltone-whale-monterey-3.jpeg 1600w, https:\/\/www.shelltonewhaleproject.org\/wp-content\/uploads\/2025\/06\/Shelltone-whale-monterey-3-300x158.jpeg 300w, https:\/\/www.shelltonewhaleproject.org\/wp-content\/uploads\/2025\/06\/Shelltone-whale-monterey-3-1024x539.jpeg 1024w, https:\/\/www.shelltonewhaleproject.org\/wp-content\/uploads\/2025\/06\/Shelltone-whale-monterey-3-768x404.jpeg 768w, https:\/\/www.shelltonewhaleproject.org\/wp-content\/uploads\/2025\/06\/Shelltone-whale-monterey-3-1536x808.jpeg 1536w, https:\/\/www.shelltonewhaleproject.org\/wp-content\/uploads\/2025\/06\/Shelltone-whale-monterey-3-18x9.jpeg 18w\" sizes=\"auto, (max-width: 1600px) 100vw, 1600px\" \/>    \n        <\/div>\n    <!-- \/image-wrap -->\n    \n        <\/div>\n<!-- \/module image -->        <\/div>\n                    <\/div>\n                <\/div>\n                        <\/div>\n        <\/div>\n        <\/div>\n<!--\/themify_builder_content-->","protected":false},"excerpt":{"rendered":"<p>Observation respectueuse de baleines depuis Monterey (Californie) L&rsquo;avis de la team Shelltone La baie de Monterey offre l&rsquo;un des meilleurs sites d&rsquo;observation des baleines au monde, gr\u00e2ce au canyon sous-marin profond situ\u00e9 \u00e0 proximit\u00e9. Les baleines peuvent \u00eatre observ\u00e9es toute l&rsquo;ann\u00e9e, ce qui en fait un lieu de choix pour tous les amateurs de faune [&hellip;]<\/p>\n","protected":false},"author":14,"featured_media":0,"parent":0,"menu_order":0,"comment_status":"closed","ping_status":"closed","template":"","meta":{"footnotes":""},"class_list":["post-7311","page","type-page","status-publish","hentry","has-post-title","has-post-date","has-post-category","has-post-tag","has-post-comment","has-post-author",""],"builder_content":"<h1 style=\"text-align: center;\">Observation respectueuse de baleines depuis Monterey (Californie)<\/h1>\n[themify_layout_part id=\"8399\"]\n<h1 style=\"text-align: center;\">L'avis de la team Shelltone<\/h1>\n<p style=\"text-align: center;\"><strong>La baie de Monterey offre l'un des meilleurs sites d'observation des baleines au monde, gr\u00e2ce au canyon sous-marin profond situ\u00e9 \u00e0 proximit\u00e9. Les baleines peuvent \u00eatre observ\u00e9es toute l'ann\u00e9e, ce qui en fait un lieu de choix pour tous les amateurs de faune marine ! Vous y observerez des orques et des dauphins.<\/strong><\/p> <p style=\"text-align: center;\"><strong>Les\u00a0 naturalistes se tiennent inform\u00e9s des derni\u00e8res recherches marines et s'engagent \u00e0 partager les informations les plus r\u00e9centes avec vous. Ils communiquent leurs connaissances scientifiques de mani\u00e8re accessible, enrichissant votre exp\u00e9rience avec les derni\u00e8res d\u00e9couvertes sur la faune locale.<\/strong><\/p> <p style=\"text-align: center;\"><b>Les observateurs passionn\u00e9s de c\u00e9tac\u00e9s s\u00e9lectionn\u00e9s par la team Shelltone \u00e0 Monterey ont choisi le RESPECT.<\/b><\/p>\n<h2 style=\"text-align: center;\"><strong>OBSERVATION DE C\u00c9TAC\u00c9S \u00c0 MONTEREY<\/strong><\/h2> <p style=\"text-align: center;\"><strong>Calendrier des sorties, tarifs, r\u00e9servations...<\/strong><\/p>\n<iframe src=\"https:\/\/fareharbor.com\/embeds\/book\/discoverywhalewatch\/items\/47079\/?asn=fhdn&asn-ref=shelltonewhaleproject&ref=shelltonewhaleproject&bookable-only=yes&full-items=yes&marketplace=yes&flow=no\" loading=\"lazy\" scrolling=\"auto\"> <\/iframe>\n<h1 style=\"text-align: center;\">Photos de l'exp\u00e9dition \u00e0\u00a0Monterey<\/h1>\n<img src=\"https:\/\/www.shelltonewhaleproject.org\/wp-content\/uploads\/2025\/06\/Shelltone-whale-monterey.jpeg\" title=\"Shelltone-whale-monterey\" alt=\"Shelltone-whale-monterey\" srcset=\"https:\/\/www.shelltonewhaleproject.org\/wp-content\/uploads\/2025\/06\/Shelltone-whale-monterey.jpeg 1600w, https:\/\/www.shelltonewhaleproject.org\/wp-content\/uploads\/2025\/06\/Shelltone-whale-monterey-300x240.jpeg 300w, https:\/\/www.shelltonewhaleproject.org\/wp-content\/uploads\/2025\/06\/Shelltone-whale-monterey-1024x819.jpeg 1024w, https:\/\/www.shelltonewhaleproject.org\/wp-content\/uploads\/2025\/06\/Shelltone-whale-monterey-768x614.jpeg 768w, https:\/\/www.shelltonewhaleproject.org\/wp-content\/uploads\/2025\/06\/Shelltone-whale-monterey-1536x1229.jpeg 1536w, https:\/\/www.shelltonewhaleproject.org\/wp-content\/uploads\/2025\/06\/Shelltone-whale-monterey-15x12.jpeg 15w\" sizes=\"(max-width: 1600px) 100vw, 1600px\" \/>\n<img src=\"https:\/\/www.shelltonewhaleproject.org\/wp-content\/uploads\/2025\/06\/Shelltone-whale-monterey-1.jpeg\" title=\"Shelltone-whale-monterey-1\" alt=\"Shelltone-whale-monterey-1\" srcset=\"https:\/\/www.shelltonewhaleproject.org\/wp-content\/uploads\/2025\/06\/Shelltone-whale-monterey-1.jpeg 1600w, https:\/\/www.shelltonewhaleproject.org\/wp-content\/uploads\/2025\/06\/Shelltone-whale-monterey-1-300x232.jpeg 300w, https:\/\/www.shelltonewhaleproject.org\/wp-content\/uploads\/2025\/06\/Shelltone-whale-monterey-1-1024x792.jpeg 1024w, https:\/\/www.shelltonewhaleproject.org\/wp-content\/uploads\/2025\/06\/Shelltone-whale-monterey-1-768x594.jpeg 768w, https:\/\/www.shelltonewhaleproject.org\/wp-content\/uploads\/2025\/06\/Shelltone-whale-monterey-1-1536x1188.jpeg 1536w, https:\/\/www.shelltonewhaleproject.org\/wp-content\/uploads\/2025\/06\/Shelltone-whale-monterey-1-16x12.jpeg 16w\" sizes=\"(max-width: 1600px) 100vw, 1600px\" \/>\n<img src=\"https:\/\/www.shelltonewhaleproject.org\/wp-content\/uploads\/2025\/06\/Shelltone-whale-monterey-3.jpeg\" title=\"Shelltone-whale-monterey-3\" alt=\"Shelltone-whale-monterey-3\" srcset=\"https:\/\/www.shelltonewhaleproject.org\/wp-content\/uploads\/2025\/06\/Shelltone-whale-monterey-3.jpeg 1600w, https:\/\/www.shelltonewhaleproject.org\/wp-content\/uploads\/2025\/06\/Shelltone-whale-monterey-3-300x158.jpeg 300w, https:\/\/www.shelltonewhaleproject.org\/wp-content\/uploads\/2025\/06\/Shelltone-whale-monterey-3-1024x539.jpeg 1024w, https:\/\/www.shelltonewhaleproject.org\/wp-content\/uploads\/2025\/06\/Shelltone-whale-monterey-3-768x404.jpeg 768w, https:\/\/www.shelltonewhaleproject.org\/wp-content\/uploads\/2025\/06\/Shelltone-whale-monterey-3-1536x808.jpeg 1536w, https:\/\/www.shelltonewhaleproject.org\/wp-content\/uploads\/2025\/06\/Shelltone-whale-monterey-3-18x9.jpeg 18w\" sizes=\"(max-width: 1600px) 100vw, 1600px\" \/>","_links":{"self":[{"href":"https:\/\/www.shelltonewhaleproject.org\/es\/wp-json\/wp\/v2\/pages\/7311","targetHints":{"allow":["GET"]}}],"collection":[{"href":"https:\/\/www.shelltonewhaleproject.org\/es\/wp-json\/wp\/v2\/pages"}],"about":[{"href":"https:\/\/www.shelltonewhaleproject.org\/es\/wp-json\/wp\/v2\/types\/page"}],"author":[{"embeddable":true,"href":"https:\/\/www.shelltonewhaleproject.org\/es\/wp-json\/wp\/v2\/users\/14"}],"replies":[{"embeddable":true,"href":"https:\/\/www.shelltonewhaleproject.org\/es\/wp-json\/wp\/v2\/comments?post=7311"}],"version-history":[{"count":5,"href":"https:\/\/www.shelltonewhaleproject.org\/es\/wp-json\/wp\/v2\/pages\/7311\/revisions"}],"predecessor-version":[{"id":9573,"href":"https:\/\/www.shelltonewhaleproject.org\/es\/wp-json\/wp\/v2\/pages\/7311\/revisions\/9573"}],"wp:attachment":[{"href":"https:\/\/www.shelltonewhaleproject.org\/es\/wp-json\/wp\/v2\/media?parent=7311"}],"curies":[{"name":"wp","href":"https:\/\/api.w.org\/{rel}","templated":true}]}}