{"id":6961,"date":"2025-05-16T09:04:45","date_gmt":"2025-05-16T07:04:45","guid":{"rendered":"https:\/\/www.shelltonewhaleproject.org\/observer-baleines-depuis-les-escoumins-copy\/"},"modified":"2025-12-25T10:31:51","modified_gmt":"2025-12-25T09:31:51","slug":"observar-ballenas-en-madeira","status":"publish","type":"page","link":"https:\/\/www.shelltonewhaleproject.org\/es\/observer-baleines-madere\/","title":{"rendered":"AVISTAMIENTO DE CET\u00c1CEOS DESDE MADEIRA"},"content":{"rendered":"<!--themify_builder_content-->\n<div id=\"themify_builder_content-6961\" data-postid=\"6961\" class=\"themify_builder_content themify_builder_content-6961 themify_builder tf_clear\">\n                    <div  data-lazy=\"1\" class=\"module_row themify_builder_row tb_owfy403 tb_first tf_w\">\n            <span  class=\"builder_row_cover tf_abs\" data-lazy=\"1\"><\/span>            <div class=\"row_inner col_align_top tb_col_count_1 tf_box tf_rel\">\n                        <div  data-lazy=\"1\" class=\"module_column tb-column col-full tb_qnc1403 first\">\n                    <!-- module text -->\n<div  class=\"module module-text tb_39sf403    wow\" data-tf-animation=\"fadeInDown\" data-lazy=\"1\">\n        <div  class=\"tb_text_wrap\">\n        <h1 style=\"text-align: center;\">Avistamiento respetuoso de cet\u00e1ceos desde Madeira (Portugal)<\/h1>    <\/div>\n<\/div>\n<!-- \/module text --><!-- module plain text -->\n<div  class=\"module module-plain-text tb_j2ye403\" data-lazy=\"1\">\n        <div class=\"tb_text_wrap\">\n    <div class=\"tb_layout_part_wrap tf_w\"><!--themify_builder_content-->\n    <div  class=\"themify_builder_content themify_builder_content-8399 themify_builder not_editable_builder in_the_loop\" data-postid=\"8399\">\n                        <div  data-lazy=\"1\" class=\"module_row themify_builder_row tb_tjb8415 tf_w\">\n                        <div class=\"row_inner col_align_top tb_col_count_1 tf_box tf_rel\">\n                        <div  data-lazy=\"1\" class=\"module_column tb-column col-full tb_7b53415 first\">\n                    <!-- module text -->\n<div  class=\"module module-text tb_2jx4524\" data-lazy=\"1\">\n        <div  class=\"tb_text_wrap\">\n        <h4 style=\"text-align: center;\"><b>Shelltone Whale Project enumera una selecci\u00f3n de operadores de avistamiento de cet\u00e1ceos que se comprometen a adoptar un enfoque respetuoso.<\/b><\/h4>\n<h4 style=\"text-align: center;\">\u00a0<\/h4>\n<h4 style=\"text-align: center;\"><b>Bi\u00f3logos marinos y gu\u00edas experimentados que anteponen el bienestar de los animales.<\/b><\/h4>\n<h4 style=\"text-align: center;\">\u00a0<\/h4>\n<h4 style=\"text-align: center;\"><b>Compruebe directamente su disponibilidad y reserve su experiencia al mejor precio, sin coste adicional.<\/b><\/h4>    <\/div>\n<\/div>\n<!-- \/module text --><!-- module image -->\n<div  class=\"module module-image tb_06zv177 image-center   tf_mw\" data-lazy=\"1\">\n        <div class=\"image-wrap tf_rel tf_mw\">\n            <img loading=\"lazy\" decoding=\"async\" src=\"https:\/\/www.shelltonewhaleproject.org\/wp-content\/uploads\/2025\/10\/lgog-SWP-respect-1-LD-977x1024-250x250.png\" width=\"250\" height=\"250\" class=\"wp-post-image wp-image-8330\" title=\"lgog-SWP-respeto-1-LD\" alt=\"lgog-SWP-respeto-1-LD\" srcset=\"https:\/\/www.shelltonewhaleproject.org\/wp-content\/uploads\/2025\/10\/lgog-SWP-respect-1-LD-977x1024-250x250.png 250w, https:\/\/www.shelltonewhaleproject.org\/wp-content\/uploads\/2025\/10\/lgog-SWP-respect-1-LD-150x150.png 150w, https:\/\/www.shelltonewhaleproject.org\/wp-content\/uploads\/2025\/10\/lgog-SWP-respect-1-LD-11x12.png 11w, https:\/\/www.shelltonewhaleproject.org\/wp-content\/uploads\/2025\/10\/lgog-SWP-respect-1-LD-977x1024-300x300.png 300w\" sizes=\"auto, (max-width: 250px) 100vw, 250px\" \/>    \n        <\/div>\n    <!-- \/image-wrap -->\n    \n        <\/div>\n<!-- \/module image -->        <\/div>\n                        <\/div>\n        <\/div>\n            <\/div>\n<!--\/themify_builder_content--><\/div>\n    <\/div>\n<\/div>\n<!-- \/module plain text -->        <\/div>\n                        <\/div>\n        <\/div>\n                        <div  data-css_id=\"qt0q528\" data-lazy=\"1\" class=\"module_row themify_builder_row fullwidth_row_container tb_qt0q528 tf_w\">\n                        <div class=\"row_inner col_align_top tb_col_count_1 tf_box tf_rel\">\n                        <div  data-lazy=\"1\" class=\"module_column tb-column col-full tb_tvu1528 first\">\n                    <!-- module text -->\n<div  class=\"module module-text tb_v87g924    wow\" data-tf-animation=\"fadeInUp\" data-tf-animation_delay=\"1\" data-lazy=\"1\">\n        <div  class=\"tb_text_wrap\">\n        <h1 style=\"text-align: center;\"><span style=\"color: #093c7a;\">La opini\u00f3n del equipo de Shelltone<\/span><\/h1>    <\/div>\n<\/div>\n<!-- \/module text --><!-- module text -->\n<div  class=\"module module-text tb_b4f8439    wow\" data-tf-animation=\"fadeInUp\" data-tf-animation_delay=\"1\" data-lazy=\"1\">\n        <div  class=\"tb_text_wrap\">\n        <p class=\"p1\" style=\"text-align: center;\"><strong>El archipi\u00e9lago de Madeira es un gran destino para la observaci\u00f3n de cet\u00e1ceos, ya que est\u00e1 cerca de Europa y tiene la suerte de encontrarse en la ruta migratoria de varias ballenas. Se han registrado m\u00e1s de 28 especies de cet\u00e1ceos. Pueden verse todos los meses del a\u00f1o, con un pico de avistamiento de abril a septiembre.<br>Delfines, cachalotes y ballenas piloto son los avistamientos m\u00e1s comunes durante todo el a\u00f1o. <br><br>De marzo a abril y de septiembre a octubre, se pueden ver ballenas jorobadas haciendo una pausa en sus migraciones. La base que hemos enumerado aqu\u00ed respeta a los animales y practica la observaci\u00f3n responsable de ballenas. Los bi\u00f3logos marinos est\u00e1n a bordo de cada barco en cada viaje y comentan los avistamientos.<\/strong><\/p>\n<p class=\"p1\" style=\"text-align: center;\"><strong>Esta base es un ejemplo perfecto del futuro de la observaci\u00f3n de ballenas respetuosa y aut\u00e9ntica.<\/strong><br><br><\/p>\n<p style=\"text-align: center;\"><strong>Los aficionados a los cet\u00e1ceos seleccionados por el equipo de Shelltone en Madeira han elegido el <span style=\"color: #6e9e2f;\">RESPETO<\/span>.<\/strong><\/p>    <\/div>\n<\/div>\n<!-- \/module text -->        <\/div>\n                        <\/div>\n        <\/div>\n                        <div  data-lazy=\"1\" class=\"module_row themify_builder_row tb_hfrp873 tf_w\">\n                        <div class=\"row_inner col_align_top tb_col_count_1 tf_box tf_rel\">\n                        <div  data-lazy=\"1\" class=\"module_column tb-column col-full tb_wmq4873 first\">\n                    <!-- module text -->\n<div  class=\"module module-text tb_0y7z873    wow\" data-tf-animation=\"fadeInDown\" data-lazy=\"1\">\n        <div  class=\"tb_text_wrap\">\n        <h2 style=\"text-align: center;\"><strong>AVISTAMIENTO DE CET\u00c1CEOS EN MADEIRA<\/strong><\/h2>\n<p style=\"text-align: center;\"><strong>Calendario de salidas, tarifas, reservas...<\/strong><\/p>    <\/div>\n<\/div>\n<!-- \/module text --><!-- module plain text -->\n<div  class=\"module module-plain-text tb_umj6150\" data-lazy=\"1\">\n        <div class=\"tb_text_wrap\">\n    <div class=\"shelltone-fh-embed\">\n  <iframe\n    src=\"https:\/\/fareharbor.com\/embeds\/book\/rota-dos-cetaceos\/items\/147957\/?asn=fhdn-eur&#038;asn-ref=shelltonewhaleproject&#038;full-items=yes&#038;flow=no&#038;branding=yes&#038;bookable-only=yes&#038;ref=shelltonewhaleproject&#038;back=BACKLINK\"\n    loading=\"lazy\"\n    scrolling=\"auto\">\n  <\/iframe>\n<\/div>\n    <\/div>\n<\/div>\n<!-- \/module plain text -->        <\/div>\n                        <\/div>\n        <\/div>\n                        <div  data-anchor=\"photos\" data-css_id=\"qdus391\" data-lazy=\"1\" class=\"module_row themify_builder_row fullwidth tb_has_section tb_section-photos tb_qdus391 tf_w\">\n                        <div class=\"row_inner col_align_top tb_col_count_1 tf_box tf_rel\">\n                        <div  data-lazy=\"1\" class=\"module_column tb-column col-full tb_5ja9391 first\">\n                            <div  data-lazy=\"1\" class=\"module_subrow themify_builder_sub_row tf_w col_align_top tb_col_count_1 tb_ts56391\">\n                <div  data-lazy=\"1\" class=\"module_column sub_column col-full tb_qs90391 first\">\n                    <!-- module text -->\n<div  class=\"module module-text tb_gxvx391    wow\" data-tf-animation=\"fadeInUp\" data-tf-animation_delay=\"1\" data-lazy=\"1\">\n        <div  class=\"tb_text_wrap\">\n        <h1 style=\"text-align: center;\">Fotos de la expedici\u00f3n a Madeira<\/h1>    <\/div>\n<\/div>\n<!-- \/module text -->        <\/div>\n                    <\/div>\n                <\/div>\n                        <\/div>\n        <\/div>\n                        <div  data-anchor=\"photos\" data-css_id=\"v066166\" data-lazy=\"1\" class=\"module_row themify_builder_row fullwidth tb_has_section tb_section-photos tb_v066166 tf_w\">\n                        <div class=\"row_inner col_align_top tb_col_count_1 tf_box tf_rel\">\n                        <div  data-lazy=\"1\" class=\"module_column tb-column col-full tb_c7rl166 first\">\n                            <div  data-lazy=\"1\" class=\"module_subrow themify_builder_sub_row tf_w col_align_top tb_col_count_1 tb_7dp2166\">\n                <div  data-lazy=\"1\" class=\"module_column sub_column col-full tb_oba7166 first\">\n                    <!-- module image -->\n<div  class=\"module module-image tb_4ei4166 image-top   auto_fullwidth tf_mw\" data-lazy=\"1\">\n        <div class=\"image-wrap tf_rel tf_mw\">\n            <img loading=\"lazy\" decoding=\"async\" width=\"939\" height=\"704\" src=\"https:\/\/www.shelltonewhaleproject.org\/wp-content\/uploads\/2025\/05\/Photo-Madere-14.jpg\" class=\"wp-post-image wp-image-7006\" title=\"Foto-Madere-14\" alt=\"Foto-Madere-14\" srcset=\"https:\/\/www.shelltonewhaleproject.org\/wp-content\/uploads\/2025\/05\/Photo-Madere-14.jpg 939w, https:\/\/www.shelltonewhaleproject.org\/wp-content\/uploads\/2025\/05\/Photo-Madere-14-300x225.jpg 300w, https:\/\/www.shelltonewhaleproject.org\/wp-content\/uploads\/2025\/05\/Photo-Madere-14-768x576.jpg 768w, https:\/\/www.shelltonewhaleproject.org\/wp-content\/uploads\/2025\/05\/Photo-Madere-14-16x12.jpg 16w, https:\/\/www.shelltonewhaleproject.org\/wp-content\/uploads\/2025\/05\/Photo-Madere-14-550x412.jpg 550w\" sizes=\"auto, (max-width: 939px) 100vw, 939px\" \/>    \n        <\/div>\n    <!-- \/image-wrap -->\n    \n        <\/div>\n<!-- \/module image --><!-- module image -->\n<div  class=\"module module-image tb_vcrg166 image-top   auto_fullwidth tf_mw\" data-lazy=\"1\">\n        <div class=\"image-wrap tf_rel tf_mw\">\n            <img loading=\"lazy\" decoding=\"async\" width=\"960\" height=\"720\" src=\"https:\/\/www.shelltonewhaleproject.org\/wp-content\/uploads\/2025\/05\/Photo-Madere.jpeg\" class=\"wp-post-image wp-image-6985\" title=\"Foto de Madeira\" alt=\"Foto de Madeira\" srcset=\"https:\/\/www.shelltonewhaleproject.org\/wp-content\/uploads\/2025\/05\/Photo-Madere.jpeg 960w, https:\/\/www.shelltonewhaleproject.org\/wp-content\/uploads\/2025\/05\/Photo-Madere-300x225.jpeg 300w, https:\/\/www.shelltonewhaleproject.org\/wp-content\/uploads\/2025\/05\/Photo-Madere-768x576.jpeg 768w, https:\/\/www.shelltonewhaleproject.org\/wp-content\/uploads\/2025\/05\/Photo-Madere-16x12.jpeg 16w, https:\/\/www.shelltonewhaleproject.org\/wp-content\/uploads\/2025\/05\/Photo-Madere-550x412.jpeg 550w\" sizes=\"auto, (max-width: 960px) 100vw, 960px\" \/>    \n        <\/div>\n    <!-- \/image-wrap -->\n    \n        <\/div>\n<!-- \/module image --><!-- module image -->\n<div  class=\"module module-image tb_4rj2166 image-top   auto_fullwidth tf_mw\" data-lazy=\"1\">\n        <div class=\"image-wrap tf_rel tf_mw\">\n            <img loading=\"lazy\" decoding=\"async\" width=\"1113\" height=\"881\" src=\"https:\/\/www.shelltonewhaleproject.org\/wp-content\/uploads\/2025\/05\/Photo-Madere-2.jpeg\" class=\"wp-post-image wp-image-6974\" title=\"Foto Madeira 2\" alt=\"Foto Madeira 2\" srcset=\"https:\/\/www.shelltonewhaleproject.org\/wp-content\/uploads\/2025\/05\/Photo-Madere-2.jpeg 1113w, https:\/\/www.shelltonewhaleproject.org\/wp-content\/uploads\/2025\/05\/Photo-Madere-2-300x237.jpeg 300w, https:\/\/www.shelltonewhaleproject.org\/wp-content\/uploads\/2025\/05\/Photo-Madere-2-1024x811.jpeg 1024w, https:\/\/www.shelltonewhaleproject.org\/wp-content\/uploads\/2025\/05\/Photo-Madere-2-768x608.jpeg 768w, https:\/\/www.shelltonewhaleproject.org\/wp-content\/uploads\/2025\/05\/Photo-Madere-2-15x12.jpeg 15w, https:\/\/www.shelltonewhaleproject.org\/wp-content\/uploads\/2025\/05\/Photo-Madere-2-1024x811-550x435.jpeg 550w\" sizes=\"auto, (max-width: 1113px) 100vw, 1113px\" \/>    \n        <\/div>\n    <!-- \/image-wrap -->\n    \n        <\/div>\n<!-- \/module image -->        <\/div>\n                    <\/div>\n                <\/div>\n                        <\/div>\n        <\/div>\n        <\/div>\n<!--\/themify_builder_content-->","protected":false},"excerpt":{"rendered":"<p>Observation respectueuse de baleines depuis Mad\u00e8re (Portugal) L&rsquo;avis de la team Shelltone L\u2019archipel de Mad\u00e8re est une belle destination pour l\u2019observation des c\u00e9tac\u00e9s, il est \u00e0 la fois proche de l\u2019Europe et a la chance de se trouver sur la routes de migration de diff\u00e9rentes baleines. Ainsi on y a recens\u00e9 plus de 28 esp\u00e8ces [&hellip;]<\/p>\n","protected":false},"author":14,"featured_media":0,"parent":0,"menu_order":0,"comment_status":"closed","ping_status":"closed","template":"","meta":{"footnotes":""},"class_list":["post-6961","page","type-page","status-publish","hentry","has-post-title","has-post-date","has-post-category","has-post-tag","has-post-comment","has-post-author",""],"builder_content":"<h1 style=\"text-align: center;\">Observation respectueuse de baleines depuis Mad\u00e8re (Portugal)<\/h1>\n[themify_layout_part id=\"8399\"]\n<h1 style=\"text-align: center;\">L'avis de la team Shelltone<\/h1>\n<p style=\"text-align: center;\"><strong>L\u2019archipel de Mad\u00e8re est une belle destination pour l\u2019observation des c\u00e9tac\u00e9s, il est \u00e0 la fois proche de l\u2019Europe et a la chance de se trouver sur la routes de migration de diff\u00e9rentes baleines. Ainsi on y a recens\u00e9 plus de 28 esp\u00e8ces de c\u00e9tac\u00e9s. Ils peuvent y \u00eatre observ\u00e9s tous les mois de l\u2019ann\u00e9e, avec un pic de recensement de avril \u00e0 septembre.<br>Toute l\u2019ann\u00e9e, les animaux les animaux observ\u00e9s sont les dauphins, les cachalots, les globic\u00e9phales. <br><br>De mars \u00e0 avril et de septembre \u00e0 octobre on croise les baleines \u00e0 bosse qui font une pause lors de leurs migrations. La base que nous y avons r\u00e9f\u00e9renc\u00e9e est respectueuse des animaux et pratique un whale watching responsable. Des biologistes marins sont \u00e0 bord de chaque bateau \u00e0 chaque sortie et commentent les observations.<\/strong><\/p> <p style=\"text-align: center;\"><strong>Cette base est un parfait exemple de l\u2019avenir d\u2019un whale watching respectueux et authentique.<\/strong><br><br><\/p> <p style=\"text-align: center;\"><strong>Les observateurs passionn\u00e9s de c\u00e9tac\u00e9s s\u00e9lectionn\u00e9s par la team Shelltone \u00e0 Mad\u00e8re ont choisi le RESPECT.<\/strong><\/p>\n<h2 style=\"text-align: center;\"><strong>OBSERVATION DE C\u00c9TAC\u00c9S \u00c0 MAD\u00c8RE<\/strong><\/h2> <p style=\"text-align: center;\"><strong>Calendrier des sorties, tarifs, r\u00e9servations...<\/strong><\/p>\n<iframe src=\"https:\/\/fareharbor.com\/embeds\/book\/rota-dos-cetaceos\/items\/147957\/?asn=fhdn-eur&asn-ref=shelltonewhaleproject&full-items=yes&flow=no&branding=yes&bookable-only=yes&ref=shelltonewhaleproject&back=BACKLINK\" loading=\"lazy\" scrolling=\"auto\"> <\/iframe>\n<h1 style=\"text-align: center;\">Photos de l'exp\u00e9dition \u00e0 Mad\u00e8re<\/h1>\n<img src=\"https:\/\/www.shelltonewhaleproject.org\/wp-content\/uploads\/2025\/05\/Photo-Madere-14.jpg\" title=\"Photo-Madere-14\" alt=\"Photo-Madere-14\" srcset=\"https:\/\/www.shelltonewhaleproject.org\/wp-content\/uploads\/2025\/05\/Photo-Madere-14.jpg 939w, https:\/\/www.shelltonewhaleproject.org\/wp-content\/uploads\/2025\/05\/Photo-Madere-14-300x225.jpg 300w, https:\/\/www.shelltonewhaleproject.org\/wp-content\/uploads\/2025\/05\/Photo-Madere-14-768x576.jpg 768w, https:\/\/www.shelltonewhaleproject.org\/wp-content\/uploads\/2025\/05\/Photo-Madere-14-16x12.jpg 16w, https:\/\/www.shelltonewhaleproject.org\/wp-content\/uploads\/2025\/05\/Photo-Madere-14-550x412.jpg 550w\" sizes=\"(max-width: 939px) 100vw, 939px\" \/>\n<img src=\"https:\/\/www.shelltonewhaleproject.org\/wp-content\/uploads\/2025\/05\/Photo-Madere.jpeg\" title=\"Photo Madere\" alt=\"Photo Madere\" srcset=\"https:\/\/www.shelltonewhaleproject.org\/wp-content\/uploads\/2025\/05\/Photo-Madere.jpeg 960w, https:\/\/www.shelltonewhaleproject.org\/wp-content\/uploads\/2025\/05\/Photo-Madere-300x225.jpeg 300w, https:\/\/www.shelltonewhaleproject.org\/wp-content\/uploads\/2025\/05\/Photo-Madere-768x576.jpeg 768w, https:\/\/www.shelltonewhaleproject.org\/wp-content\/uploads\/2025\/05\/Photo-Madere-16x12.jpeg 16w, https:\/\/www.shelltonewhaleproject.org\/wp-content\/uploads\/2025\/05\/Photo-Madere-550x412.jpeg 550w\" sizes=\"(max-width: 960px) 100vw, 960px\" \/>\n<img src=\"https:\/\/www.shelltonewhaleproject.org\/wp-content\/uploads\/2025\/05\/Photo-Madere-2.jpeg\" title=\"Photo Madere 2\" alt=\"Photo Madere 2\" srcset=\"https:\/\/www.shelltonewhaleproject.org\/wp-content\/uploads\/2025\/05\/Photo-Madere-2.jpeg 1113w, https:\/\/www.shelltonewhaleproject.org\/wp-content\/uploads\/2025\/05\/Photo-Madere-2-300x237.jpeg 300w, https:\/\/www.shelltonewhaleproject.org\/wp-content\/uploads\/2025\/05\/Photo-Madere-2-1024x811.jpeg 1024w, https:\/\/www.shelltonewhaleproject.org\/wp-content\/uploads\/2025\/05\/Photo-Madere-2-768x608.jpeg 768w, https:\/\/www.shelltonewhaleproject.org\/wp-content\/uploads\/2025\/05\/Photo-Madere-2-15x12.jpeg 15w, https:\/\/www.shelltonewhaleproject.org\/wp-content\/uploads\/2025\/05\/Photo-Madere-2-1024x811-550x435.jpeg 550w\" sizes=\"(max-width: 1113px) 100vw, 1113px\" \/>","_links":{"self":[{"href":"https:\/\/www.shelltonewhaleproject.org\/es\/wp-json\/wp\/v2\/pages\/6961","targetHints":{"allow":["GET"]}}],"collection":[{"href":"https:\/\/www.shelltonewhaleproject.org\/es\/wp-json\/wp\/v2\/pages"}],"about":[{"href":"https:\/\/www.shelltonewhaleproject.org\/es\/wp-json\/wp\/v2\/types\/page"}],"author":[{"embeddable":true,"href":"https:\/\/www.shelltonewhaleproject.org\/es\/wp-json\/wp\/v2\/users\/14"}],"replies":[{"embeddable":true,"href":"https:\/\/www.shelltonewhaleproject.org\/es\/wp-json\/wp\/v2\/comments?post=6961"}],"version-history":[{"count":4,"href":"https:\/\/www.shelltonewhaleproject.org\/es\/wp-json\/wp\/v2\/pages\/6961\/revisions"}],"predecessor-version":[{"id":9585,"href":"https:\/\/www.shelltonewhaleproject.org\/es\/wp-json\/wp\/v2\/pages\/6961\/revisions\/9585"}],"wp:attachment":[{"href":"https:\/\/www.shelltonewhaleproject.org\/es\/wp-json\/wp\/v2\/media?parent=6961"}],"curies":[{"name":"wp","href":"https:\/\/api.w.org\/{rel}","templated":true}]}}