{"id":6919,"date":"2025-05-05T16:42:34","date_gmt":"2025-05-05T14:42:34","guid":{"rendered":"https:\/\/www.shelltonewhaleproject.org\/observer-baleines-et-dauphins-depuis-pico-copy\/"},"modified":"2025-12-25T10:40:02","modified_gmt":"2025-12-25T09:40:02","slug":"observar-delfines-ballenas-dingle","status":"publish","type":"page","link":"https:\/\/www.shelltonewhaleproject.org\/es\/observer-dauphins-baleines-dingle\/","title":{"rendered":"AVISTAMIENTO DE BALLENAS Y DELFINES DESDE DINGLE"},"content":{"rendered":"<!--themify_builder_content-->\n<div id=\"themify_builder_content-6919\" data-postid=\"6919\" class=\"themify_builder_content themify_builder_content-6919 themify_builder tf_clear\">\n                    <div  data-lazy=\"1\" class=\"module_row themify_builder_row tb_00tv869 tb_first tf_w\">\n            <span  class=\"builder_row_cover tf_abs\" data-lazy=\"1\"><\/span>            <div class=\"row_inner col_align_top tb_col_count_1 tf_box tf_rel\">\n                        <div  data-lazy=\"1\" class=\"module_column tb-column col-full tb_yff7869 first\">\n                    <!-- module text -->\n<div  class=\"module module-text tb_94c9869    wow\" data-tf-animation=\"fadeInDown\" data-lazy=\"1\">\n        <div  class=\"tb_text_wrap\">\n        <h1 style=\"text-align: center;\">Respetuoso avistamiento de ballenas desde DINGLE, IRLANDA<\/h1>    <\/div>\n<\/div>\n<!-- \/module text --><!-- module plain text -->\n<div  class=\"module module-plain-text tb_teeh869\" data-lazy=\"1\">\n        <div class=\"tb_text_wrap\">\n    <div class=\"tb_layout_part_wrap tf_w\"><!--themify_builder_content-->\n    <div  class=\"themify_builder_content themify_builder_content-8399 themify_builder not_editable_builder in_the_loop\" data-postid=\"8399\">\n                        <div  data-lazy=\"1\" class=\"module_row themify_builder_row tb_tjb8415 tf_w\">\n                        <div class=\"row_inner col_align_top tb_col_count_1 tf_box tf_rel\">\n                        <div  data-lazy=\"1\" class=\"module_column tb-column col-full tb_7b53415 first\">\n                    <!-- module text -->\n<div  class=\"module module-text tb_2jx4524\" data-lazy=\"1\">\n        <div  class=\"tb_text_wrap\">\n        <h4 style=\"text-align: center;\"><b>Shelltone Whale Project enumera una selecci\u00f3n de operadores de avistamiento de cet\u00e1ceos que se comprometen a adoptar un enfoque respetuoso.<\/b><\/h4>\n<h4 style=\"text-align: center;\">\u00a0<\/h4>\n<h4 style=\"text-align: center;\"><b>Bi\u00f3logos marinos y gu\u00edas experimentados que anteponen el bienestar de los animales.<\/b><\/h4>\n<h4 style=\"text-align: center;\">\u00a0<\/h4>\n<h4 style=\"text-align: center;\"><b>Compruebe directamente su disponibilidad y reserve su experiencia al mejor precio, sin coste adicional.<\/b><\/h4>    <\/div>\n<\/div>\n<!-- \/module text --><!-- module image -->\n<div  class=\"module module-image tb_06zv177 image-center   tf_mw\" data-lazy=\"1\">\n        <div class=\"image-wrap tf_rel tf_mw\">\n            <img loading=\"lazy\" decoding=\"async\" src=\"https:\/\/www.shelltonewhaleproject.org\/wp-content\/uploads\/2025\/10\/lgog-SWP-respect-1-LD-977x1024-250x250.png\" width=\"250\" height=\"250\" class=\"wp-post-image wp-image-8330\" title=\"lgog-SWP-respeto-1-LD\" alt=\"lgog-SWP-respeto-1-LD\" srcset=\"https:\/\/www.shelltonewhaleproject.org\/wp-content\/uploads\/2025\/10\/lgog-SWP-respect-1-LD-977x1024-250x250.png 250w, https:\/\/www.shelltonewhaleproject.org\/wp-content\/uploads\/2025\/10\/lgog-SWP-respect-1-LD-150x150.png 150w, https:\/\/www.shelltonewhaleproject.org\/wp-content\/uploads\/2025\/10\/lgog-SWP-respect-1-LD-11x12.png 11w, https:\/\/www.shelltonewhaleproject.org\/wp-content\/uploads\/2025\/10\/lgog-SWP-respect-1-LD-977x1024-300x300.png 300w\" sizes=\"auto, (max-width: 250px) 100vw, 250px\" \/>    \n        <\/div>\n    <!-- \/image-wrap -->\n    \n        <\/div>\n<!-- \/module image -->        <\/div>\n                        <\/div>\n        <\/div>\n            <\/div>\n<!--\/themify_builder_content--><\/div>\n    <\/div>\n<\/div>\n<!-- \/module plain text -->        <\/div>\n                        <\/div>\n        <\/div>\n                        <div  data-css_id=\"18oy004\" data-lazy=\"1\" class=\"module_row themify_builder_row fullwidth_row_container tb_18oy004 tf_w wow\" data-tf-animation=\"fadeInUp\">\n                        <div class=\"row_inner col_align_top tb_col_count_1 tf_box tf_rel\">\n                        <div  data-lazy=\"1\" class=\"module_column tb-column col-full tb_2c11099 first\">\n                    <!-- module text -->\n<div  class=\"module module-text tb_xxcb111\" data-lazy=\"1\">\n        <div  class=\"tb_text_wrap\">\n        <h1 style=\"text-align: center;\"><span style=\"color: #093c7a;\">La opini\u00f3n del equipo de Shelltone<\/span><\/h1>    <\/div>\n<\/div>\n<!-- \/module text --><!-- module text -->\n<div  class=\"module module-text tb_sq16502\" data-lazy=\"1\">\n        <div  class=\"tb_text_wrap\">\n        <p class=\"p1\" style=\"text-align: center;\"><span data-sheets-root=\"1\"><strong>Las aguas de Dingle, donde se encuentra la base a la que nos referimos en Irlanda, albergan dos especies principales de ballenas, la jorobada y la minke, as\u00ed como delfines comunes y mulares.<\/strong><\/span><\/p>\n<p class=\"p1\" style=\"text-align: center;\"><span data-sheets-root=\"1\"><strong>Dingle se ha convertido en el hogar de ambas especies porque siguen los grandes bancos de peces como fuente de alimento a lo largo de la costa.<\/strong><br><strong>Las excursiones se realizan en una semirr\u00edgida de 11,5 m. El patr\u00f3n es tambi\u00e9n bi\u00f3logo marino y le proporcionar\u00e1 una gran cantidad de informaci\u00f3n y estar\u00e1 encantado de responder a cualquier pregunta que pueda tener.<\/strong><br><\/span><\/p>\n<p style=\"text-align: center;\"><b>Los entusiastas de los cet\u00e1ceos seleccionados por el equipo de Shelltone en Dingle han elegido el <span style=\"color: #6e9e2f;\">RESPETO<\/span>.<\/b><\/p>    <\/div>\n<\/div>\n<!-- \/module text -->        <\/div>\n                        <\/div>\n        <\/div>\n                        <div  data-lazy=\"1\" class=\"module_row themify_builder_row tb_qblf807 tf_w\">\n                        <div class=\"row_inner col_align_top tb_col_count_1 tf_box tf_rel\">\n                        <div  data-lazy=\"1\" class=\"module_column tb-column col-full tb_yxhp807 first\">\n                    <!-- module text -->\n<div  class=\"module module-text tb_7v6f807    wow\" data-tf-animation=\"fadeInDown\" data-lazy=\"1\">\n        <div  class=\"tb_text_wrap\">\n        <h2 style=\"text-align: center;\"><strong>AVISTAMIENTO DE CET\u00c1CEOS EN DINGLE<\/strong><\/h2>\n<p style=\"text-align: center;\"><strong>Calendario de salidas, tarifas, reservas...<\/strong><\/p>    <\/div>\n<\/div>\n<!-- \/module text --><!-- module plain text -->\n<div  class=\"module module-plain-text tb_jdjt959\" data-lazy=\"1\">\n        <div class=\"tb_text_wrap\">\n    <div class=\"shelltone-fh-embed\">\n  <iframe\n    src=\"https:\/\/fareharbor.com\/embeds\/book\/dingleboattours\/items\/382300\/?asn=fhdn-eur&#038;asn-ref=shelltonewhaleproject&#038;full-items=yes&#038;flow=no&#038;branding=yes&#038;bookable-only=yes&#038;ref=shelltonewhaleproject&#038;back=BACKLINK\"\n    loading=\"lazy\"\n    scrolling=\"auto\">\n  <\/iframe>\n<\/div>    <\/div>\n<\/div>\n<!-- \/module plain text -->        <\/div>\n                        <\/div>\n        <\/div>\n                        <div  data-anchor=\"photos\" data-css_id=\"rnvu998\" data-lazy=\"1\" class=\"module_row themify_builder_row fullwidth tb_has_section tb_section-photos tb_rnvu998 tf_w\">\n                        <div class=\"row_inner col_align_top tb_col_count_1 tf_box tf_rel\">\n                        <div  data-lazy=\"1\" class=\"module_column tb-column col-full tb_dmcd998 first\">\n                            <div  data-lazy=\"1\" class=\"module_subrow themify_builder_sub_row tf_w col_align_top tb_col_count_1 tb_i00o998\">\n                <div  data-lazy=\"1\" class=\"module_column sub_column col-full tb_g834998 first\">\n                    <!-- module text -->\n<div  class=\"module module-text tb_oq9t998    wow\" data-tf-animation=\"fadeInUp\" data-tf-animation_delay=\"1\" data-lazy=\"1\">\n        <div  class=\"tb_text_wrap\">\n        <h1 style=\"text-align: center;\">Fotos de la expedici\u00f3n a Dingle<\/h1>    <\/div>\n<\/div>\n<!-- \/module text -->        <\/div>\n                    <\/div>\n                <\/div>\n                        <\/div>\n        <\/div>\n                        <div  data-anchor=\"photos\" data-css_id=\"mnxp26\" data-lazy=\"1\" class=\"module_row themify_builder_row fullwidth tb_has_section tb_section-photos tb_mnxp26 tf_w\">\n                        <div class=\"row_inner col_align_top tb_col_count_1 tf_box tf_rel\">\n                        <div  data-lazy=\"1\" class=\"module_column tb-column col-full tb_at8k26 first\">\n                            <div  data-lazy=\"1\" class=\"module_subrow themify_builder_sub_row tf_w col_align_top tb_col_count_1 tb_z9vn26\">\n                <div  data-lazy=\"1\" class=\"module_column sub_column col-full tb_0dp726 first\">\n                    <!-- module image -->\n<div  class=\"module module-image tb_4m8j26 image-top   auto_fullwidth tf_mw\" data-lazy=\"1\">\n        <div class=\"image-wrap tf_rel tf_mw\">\n            <img loading=\"lazy\" decoding=\"async\" width=\"1000\" height=\"750\" src=\"https:\/\/www.shelltonewhaleproject.org\/wp-content\/uploads\/2025\/05\/Dingle-3.jpeg\" class=\"wp-post-image wp-image-6932\" title=\"Dingle 3\" alt=\"Dingle 3\" srcset=\"https:\/\/www.shelltonewhaleproject.org\/wp-content\/uploads\/2025\/05\/Dingle-3.jpeg 1000w, https:\/\/www.shelltonewhaleproject.org\/wp-content\/uploads\/2025\/05\/Dingle-3-300x225.jpeg 300w, https:\/\/www.shelltonewhaleproject.org\/wp-content\/uploads\/2025\/05\/Dingle-3-768x576.jpeg 768w, https:\/\/www.shelltonewhaleproject.org\/wp-content\/uploads\/2025\/05\/Dingle-3-16x12.jpeg 16w, https:\/\/www.shelltonewhaleproject.org\/wp-content\/uploads\/2025\/05\/Dingle-3-550x412.jpeg 550w\" sizes=\"auto, (max-width: 1000px) 100vw, 1000px\" \/>    \n        <\/div>\n    <!-- \/image-wrap -->\n    \n        <\/div>\n<!-- \/module image --><!-- module image -->\n<div  class=\"module module-image tb_6jmi26 image-top   auto_fullwidth tf_mw\" data-lazy=\"1\">\n        <div class=\"image-wrap tf_rel tf_mw\">\n            <img loading=\"lazy\" decoding=\"async\" width=\"1000\" height=\"700\" src=\"https:\/\/www.shelltonewhaleproject.org\/wp-content\/uploads\/2025\/05\/Dingle-2.jpeg\" class=\"wp-post-image wp-image-6931\" title=\"Dingle 2\" alt=\"Dingle 2\" srcset=\"https:\/\/www.shelltonewhaleproject.org\/wp-content\/uploads\/2025\/05\/Dingle-2.jpeg 1000w, https:\/\/www.shelltonewhaleproject.org\/wp-content\/uploads\/2025\/05\/Dingle-2-300x210.jpeg 300w, https:\/\/www.shelltonewhaleproject.org\/wp-content\/uploads\/2025\/05\/Dingle-2-768x538.jpeg 768w, https:\/\/www.shelltonewhaleproject.org\/wp-content\/uploads\/2025\/05\/Dingle-2-18x12.jpeg 18w, https:\/\/www.shelltonewhaleproject.org\/wp-content\/uploads\/2025\/05\/Dingle-2-550x385.jpeg 550w\" sizes=\"auto, (max-width: 1000px) 100vw, 1000px\" \/>    \n        <\/div>\n    <!-- \/image-wrap -->\n    \n        <\/div>\n<!-- \/module image --><!-- module image -->\n<div  class=\"module module-image tb_3yks26 image-top   auto_fullwidth tf_mw\" data-lazy=\"1\">\n        <div class=\"image-wrap tf_rel tf_mw\">\n            <img loading=\"lazy\" decoding=\"async\" width=\"1000\" height=\"666\" src=\"https:\/\/www.shelltonewhaleproject.org\/wp-content\/uploads\/2025\/05\/Dingle-1.jpeg\" class=\"wp-post-image wp-image-6930\" title=\"Dingle 1\" alt=\"Dingle 1\" srcset=\"https:\/\/www.shelltonewhaleproject.org\/wp-content\/uploads\/2025\/05\/Dingle-1.jpeg 1000w, https:\/\/www.shelltonewhaleproject.org\/wp-content\/uploads\/2025\/05\/Dingle-1-300x200.jpeg 300w, https:\/\/www.shelltonewhaleproject.org\/wp-content\/uploads\/2025\/05\/Dingle-1-768x511.jpeg 768w, https:\/\/www.shelltonewhaleproject.org\/wp-content\/uploads\/2025\/05\/Dingle-1-18x12.jpeg 18w, https:\/\/www.shelltonewhaleproject.org\/wp-content\/uploads\/2025\/05\/Dingle-1-550x366.jpeg 550w\" sizes=\"auto, (max-width: 1000px) 100vw, 1000px\" \/>    \n        <\/div>\n    <!-- \/image-wrap -->\n    \n        <\/div>\n<!-- \/module image -->        <\/div>\n                    <\/div>\n                <\/div>\n                        <\/div>\n        <\/div>\n        <\/div>\n<!--\/themify_builder_content-->","protected":false},"excerpt":{"rendered":"<p>Observation respectueuse de baleines depuis DINGLE, IRLANDE L&rsquo;avis de la team Shelltone Les eaux de Dingle, o\u00f9 se trouve la base la base que nous avons r\u00e9f\u00e9renc\u00e9e en Irlande, abritent principalement deux esp\u00e8ces de baleines, la baleine \u00e0 bosse et le petit rorqual, il y r\u00e9side \u00e9galement des dauphins communs et des grands dauphins. Dingle [&hellip;]<\/p>\n","protected":false},"author":14,"featured_media":0,"parent":0,"menu_order":0,"comment_status":"closed","ping_status":"closed","template":"","meta":{"footnotes":""},"class_list":["post-6919","page","type-page","status-publish","hentry","has-post-title","has-post-date","has-post-category","has-post-tag","has-post-comment","has-post-author",""],"builder_content":"<h1 style=\"text-align: center;\">Observation respectueuse de baleines depuis DINGLE, IRLANDE<\/h1>\n[themify_layout_part id=\"8399\"]\n<h1 style=\"text-align: center;\">L'avis de la team Shelltone<\/h1>\n<p style=\"text-align: center;\"><strong>Les eaux de Dingle, o\u00f9 se trouve la base la base que nous avons r\u00e9f\u00e9renc\u00e9e en Irlande, abritent principalement deux esp\u00e8ces de baleines, la baleine \u00e0 bosse et le petit rorqual, il y r\u00e9side \u00e9galement des dauphins communs et des grands dauphins.<\/strong><\/p> <p style=\"text-align: center;\"><strong>Dingle est devenue l'habitat de ces deux esp\u00e8ces parce qu'elles suivent les grands bancs de poissons comme source de nourriture le long de la c\u00f4te.<\/strong><br><strong>Les excursions se font sur un semi-rigide de 11,5 m. Le skipper est \u00e9galement biologiste marin et vous fournira une mine d'informations et sera heureux de r\u00e9pondre \u00e0 toutes vos questions.<\/strong><br><\/p> <p style=\"text-align: center;\"><b>Les observateurs passionn\u00e9s de c\u00e9tac\u00e9s s\u00e9lectionn\u00e9s par la team Shelltone \u00e0 Dingle ont choisi le RESPECT.<\/b><\/p>\n<h2 style=\"text-align: center;\"><strong>OBSERVATION DE C\u00c9TAC\u00c9S \u00c0 DINGLE<\/strong><\/h2> <p style=\"text-align: center;\"><strong>Calendrier des sorties, tarifs, r\u00e9servations...<\/strong><\/p>\n<iframe src=\"https:\/\/fareharbor.com\/embeds\/book\/dingleboattours\/items\/382300\/?asn=fhdn-eur&asn-ref=shelltonewhaleproject&full-items=yes&flow=no&branding=yes&bookable-only=yes&ref=shelltonewhaleproject&back=BACKLINK\" loading=\"lazy\" scrolling=\"auto\"> <\/iframe>\n<h1 style=\"text-align: center;\">Photos de l'exp\u00e9dition \u00e0 Dingle<\/h1>\n<img src=\"https:\/\/www.shelltonewhaleproject.org\/wp-content\/uploads\/2025\/05\/Dingle-3.jpeg\" title=\"Dingle 3\" alt=\"Dingle 3\" srcset=\"https:\/\/www.shelltonewhaleproject.org\/wp-content\/uploads\/2025\/05\/Dingle-3.jpeg 1000w, https:\/\/www.shelltonewhaleproject.org\/wp-content\/uploads\/2025\/05\/Dingle-3-300x225.jpeg 300w, https:\/\/www.shelltonewhaleproject.org\/wp-content\/uploads\/2025\/05\/Dingle-3-768x576.jpeg 768w, https:\/\/www.shelltonewhaleproject.org\/wp-content\/uploads\/2025\/05\/Dingle-3-16x12.jpeg 16w, https:\/\/www.shelltonewhaleproject.org\/wp-content\/uploads\/2025\/05\/Dingle-3-550x412.jpeg 550w\" sizes=\"(max-width: 1000px) 100vw, 1000px\" \/>\n<img src=\"https:\/\/www.shelltonewhaleproject.org\/wp-content\/uploads\/2025\/05\/Dingle-2.jpeg\" title=\"Dingle 2\" alt=\"Dingle 2\" srcset=\"https:\/\/www.shelltonewhaleproject.org\/wp-content\/uploads\/2025\/05\/Dingle-2.jpeg 1000w, https:\/\/www.shelltonewhaleproject.org\/wp-content\/uploads\/2025\/05\/Dingle-2-300x210.jpeg 300w, https:\/\/www.shelltonewhaleproject.org\/wp-content\/uploads\/2025\/05\/Dingle-2-768x538.jpeg 768w, https:\/\/www.shelltonewhaleproject.org\/wp-content\/uploads\/2025\/05\/Dingle-2-18x12.jpeg 18w, https:\/\/www.shelltonewhaleproject.org\/wp-content\/uploads\/2025\/05\/Dingle-2-550x385.jpeg 550w\" sizes=\"(max-width: 1000px) 100vw, 1000px\" \/>\n<img src=\"https:\/\/www.shelltonewhaleproject.org\/wp-content\/uploads\/2025\/05\/Dingle-1.jpeg\" title=\"Dingle 1\" alt=\"Dingle 1\" srcset=\"https:\/\/www.shelltonewhaleproject.org\/wp-content\/uploads\/2025\/05\/Dingle-1.jpeg 1000w, https:\/\/www.shelltonewhaleproject.org\/wp-content\/uploads\/2025\/05\/Dingle-1-300x200.jpeg 300w, https:\/\/www.shelltonewhaleproject.org\/wp-content\/uploads\/2025\/05\/Dingle-1-768x511.jpeg 768w, https:\/\/www.shelltonewhaleproject.org\/wp-content\/uploads\/2025\/05\/Dingle-1-18x12.jpeg 18w, https:\/\/www.shelltonewhaleproject.org\/wp-content\/uploads\/2025\/05\/Dingle-1-550x366.jpeg 550w\" sizes=\"(max-width: 1000px) 100vw, 1000px\" \/>","_links":{"self":[{"href":"https:\/\/www.shelltonewhaleproject.org\/es\/wp-json\/wp\/v2\/pages\/6919","targetHints":{"allow":["GET"]}}],"collection":[{"href":"https:\/\/www.shelltonewhaleproject.org\/es\/wp-json\/wp\/v2\/pages"}],"about":[{"href":"https:\/\/www.shelltonewhaleproject.org\/es\/wp-json\/wp\/v2\/types\/page"}],"author":[{"embeddable":true,"href":"https:\/\/www.shelltonewhaleproject.org\/es\/wp-json\/wp\/v2\/users\/14"}],"replies":[{"embeddable":true,"href":"https:\/\/www.shelltonewhaleproject.org\/es\/wp-json\/wp\/v2\/comments?post=6919"}],"version-history":[{"count":4,"href":"https:\/\/www.shelltonewhaleproject.org\/es\/wp-json\/wp\/v2\/pages\/6919\/revisions"}],"predecessor-version":[{"id":9599,"href":"https:\/\/www.shelltonewhaleproject.org\/es\/wp-json\/wp\/v2\/pages\/6919\/revisions\/9599"}],"wp:attachment":[{"href":"https:\/\/www.shelltonewhaleproject.org\/es\/wp-json\/wp\/v2\/media?parent=6919"}],"curies":[{"name":"wp","href":"https:\/\/api.w.org\/{rel}","templated":true}]}}