{"id":6721,"date":"2025-04-17T11:28:48","date_gmt":"2025-04-17T09:28:48","guid":{"rendered":"https:\/\/www.shelltonewhaleproject.org\/observer-baleines-depuis-les-escoumins-copy\/"},"modified":"2025-12-25T10:30:56","modified_gmt":"2025-12-25T09:30:56","slug":"observar-delfines-ballenas-pico-azores","status":"publish","type":"page","link":"https:\/\/www.shelltonewhaleproject.org\/es\/observer-dauphins-baleines-pico-acores\/","title":{"rendered":"AVISTAMIENTO DE BALLENAS Y DELFINES DESDE PICO"},"content":{"rendered":"<!--themify_builder_content-->\n<div id=\"themify_builder_content-6721\" data-postid=\"6721\" class=\"themify_builder_content themify_builder_content-6721 themify_builder tf_clear\">\n                    <div  data-lazy=\"1\" class=\"module_row themify_builder_row tb_470b887 tb_first tf_w\">\n            <span  class=\"builder_row_cover tf_abs\" data-lazy=\"1\"><\/span>            <div class=\"row_inner col_align_top tb_col_count_1 tf_box tf_rel\">\n                        <div  data-lazy=\"1\" class=\"module_column tb-column col-full tb_ozgq887 first\">\n                    <!-- module text -->\n<div  class=\"module module-text tb_hn7a887    wow\" data-tf-animation=\"fadeInDown\" data-lazy=\"1\">\n        <div  class=\"tb_text_wrap\">\n        <h1 style=\"text-align: center;\">Avistamiento respetuoso de cet\u00e1ceos desde Pico (Azores)<\/h1>    <\/div>\n<\/div>\n<!-- \/module text --><!-- module plain text -->\n<div  class=\"module module-plain-text tb_c57p887\" data-lazy=\"1\">\n        <div class=\"tb_text_wrap\">\n    <div class=\"tb_layout_part_wrap tf_w\"><!--themify_builder_content-->\n    <div  class=\"themify_builder_content themify_builder_content-8399 themify_builder not_editable_builder in_the_loop\" data-postid=\"8399\">\n                        <div  data-lazy=\"1\" class=\"module_row themify_builder_row tb_tjb8415 tf_w\">\n                        <div class=\"row_inner col_align_top tb_col_count_1 tf_box tf_rel\">\n                        <div  data-lazy=\"1\" class=\"module_column tb-column col-full tb_7b53415 first\">\n                    <!-- module text -->\n<div  class=\"module module-text tb_2jx4524\" data-lazy=\"1\">\n        <div  class=\"tb_text_wrap\">\n        <h4 style=\"text-align: center;\"><b>Shelltone Whale Project enumera una selecci\u00f3n de operadores de avistamiento de cet\u00e1ceos que se comprometen a adoptar un enfoque respetuoso.<\/b><\/h4>\n<h4 style=\"text-align: center;\">\u00a0<\/h4>\n<h4 style=\"text-align: center;\"><b>Bi\u00f3logos marinos y gu\u00edas experimentados que anteponen el bienestar de los animales.<\/b><\/h4>\n<h4 style=\"text-align: center;\">\u00a0<\/h4>\n<h4 style=\"text-align: center;\"><b>Compruebe directamente su disponibilidad y reserve su experiencia al mejor precio, sin coste adicional.<\/b><\/h4>    <\/div>\n<\/div>\n<!-- \/module text --><!-- module image -->\n<div  class=\"module module-image tb_06zv177 image-center   tf_mw\" data-lazy=\"1\">\n        <div class=\"image-wrap tf_rel tf_mw\">\n            <img loading=\"lazy\" decoding=\"async\" src=\"https:\/\/www.shelltonewhaleproject.org\/wp-content\/uploads\/2025\/10\/lgog-SWP-respect-1-LD-977x1024-250x250.png\" width=\"250\" height=\"250\" class=\"wp-post-image wp-image-8330\" title=\"lgog-SWP-respeto-1-LD\" alt=\"lgog-SWP-respeto-1-LD\" srcset=\"https:\/\/www.shelltonewhaleproject.org\/wp-content\/uploads\/2025\/10\/lgog-SWP-respect-1-LD-977x1024-250x250.png 250w, https:\/\/www.shelltonewhaleproject.org\/wp-content\/uploads\/2025\/10\/lgog-SWP-respect-1-LD-150x150.png 150w, https:\/\/www.shelltonewhaleproject.org\/wp-content\/uploads\/2025\/10\/lgog-SWP-respect-1-LD-11x12.png 11w, https:\/\/www.shelltonewhaleproject.org\/wp-content\/uploads\/2025\/10\/lgog-SWP-respect-1-LD-977x1024-300x300.png 300w\" sizes=\"auto, (max-width: 250px) 100vw, 250px\" \/>    \n        <\/div>\n    <!-- \/image-wrap -->\n    \n        <\/div>\n<!-- \/module image -->        <\/div>\n                        <\/div>\n        <\/div>\n            <\/div>\n<!--\/themify_builder_content--><\/div>\n    <\/div>\n<\/div>\n<!-- \/module plain text -->        <\/div>\n                        <\/div>\n        <\/div>\n                        <div  data-css_id=\"plcj645\" data-lazy=\"1\" class=\"module_row themify_builder_row fullwidth_row_container tb_plcj645 tf_w\">\n                        <div class=\"row_inner col_align_top tb_col_count_1 tf_box tf_rel\">\n                        <div  data-lazy=\"1\" class=\"module_column tb-column col-full tb_zxo7645 first\">\n                    <!-- module text -->\n<div  class=\"module module-text tb_n5o9123    wow\" data-tf-animation=\"fadeInUp\" data-tf-animation_delay=\"1\" data-lazy=\"1\">\n        <div  class=\"tb_text_wrap\">\n        <h1 style=\"text-align: center;\"><span style=\"color: #093c7a;\">La opini\u00f3n del equipo de Shelltone<\/span><\/h1>    <\/div>\n<\/div>\n<!-- \/module text --><!-- module text -->\n<div  class=\"module module-text tb_sqnb677    wow\" data-tf-animation=\"fadeInUp\" data-tf-animation_delay=\"1\" data-lazy=\"1\">\n        <div  class=\"tb_text_wrap\">\n        <p style=\"text-align: center;\"><strong>Emprenda una aventura inolvidable en el coraz\u00f3n del Atl\u00e1ntico Norte, desde Lajes do Pico, y descubra hasta 27 especies diferentes de cet\u00e1ceos. Majestuosas ballenas, juguetones delfines, aves marinas, tortugas y peces le esperan en su h\u00e1bitat natural.<\/strong><\/p>\n<p style=\"text-align: center;\"><strong>Durante unas 3 horas, le acompa\u00f1ar\u00e1 un equipo apasionado formado por patrones experimentados, bi\u00f3logos marinos y un \"Vig\u00eda\" (observador en tierra), que le guiar\u00e1 a trav\u00e9s de una experiencia \u00fanica, entre la observaci\u00f3n de la fauna marina y la exploraci\u00f3n de la costa sur de la isla de Pico.<\/strong><\/p>\n<p style=\"text-align: center;\"><strong>Los aficionados a los cet\u00e1ceos seleccionados por el equipo de Shelltone en Pico han elegido el <span style=\"color: #6e9e2f;\">RESPETO<\/span>.<\/strong><\/p>    <\/div>\n<\/div>\n<!-- \/module text -->        <\/div>\n                        <\/div>\n        <\/div>\n                        <div  data-lazy=\"1\" class=\"module_row themify_builder_row tb_ifu1968 tf_w\">\n                        <div class=\"row_inner col_align_top tb_col_count_1 tf_box tf_rel\">\n                        <div  data-lazy=\"1\" class=\"module_column tb-column col-full tb_bl8t968 first\">\n                    <!-- module text -->\n<div  class=\"module module-text tb_9c93968    wow\" data-tf-animation=\"fadeInDown\" data-lazy=\"1\">\n        <div  class=\"tb_text_wrap\">\n        <h2 style=\"text-align: center;\"><strong>OBSERVACI\u00d3N DE CET\u00c1CEOS EN PICO<\/strong><\/h2>\n<p style=\"text-align: center;\"><strong>Calendario de salidas, tarifas, reservas...<\/strong><\/p>    <\/div>\n<\/div>\n<!-- \/module text --><!-- module plain text -->\n<div  class=\"module module-plain-text tb_ive4339\" data-lazy=\"1\">\n        <div class=\"tb_text_wrap\">\n    <div class=\"shelltone-fh-embed\">\n  <iframe\n    src=\"https:\/\/fareharbor.com\/embeds\/book\/aquaacores\/items\/210245\/calendar\/2026\/04\/?asn=fhdn-eur&#038;asn-ref=shelltonewhaleproject&#038;flow=no&#038;ref=shelltonewhaleproject&#038;full-items=yes&#038;branding=no\"\n    loading=\"lazy\"\n    scrolling=\"auto\">\n  <\/iframe>\n<\/div>\n    <\/div>\n<\/div>\n<!-- \/module plain text -->        <\/div>\n                        <\/div>\n        <\/div>\n                        <div  data-anchor=\"photos\" data-css_id=\"45l412\" data-lazy=\"1\" class=\"module_row themify_builder_row fullwidth tb_has_section tb_section-photos tb_45l412 tf_w\">\n                        <div class=\"row_inner col_align_top tb_col_count_1 tf_box tf_rel\">\n                        <div  data-lazy=\"1\" class=\"module_column tb-column col-full tb_bivo12 first\">\n                            <div  data-lazy=\"1\" class=\"module_subrow themify_builder_sub_row tf_w col_align_top tb_col_count_1 tb_l3i712\">\n                <div  data-lazy=\"1\" class=\"module_column sub_column col-full tb_smd412 first\">\n                    <!-- module text -->\n<div  class=\"module module-text tb_zo0312    wow\" data-tf-animation=\"fadeInUp\" data-tf-animation_delay=\"1\" data-lazy=\"1\">\n        <div  class=\"tb_text_wrap\">\n        <h1 style=\"text-align: center;\">Fotos de la expedici\u00f3n a las Azores<\/h1>    <\/div>\n<\/div>\n<!-- \/module text -->        <\/div>\n                    <\/div>\n                <\/div>\n                        <\/div>\n        <\/div>\n                        <div  data-anchor=\"photos\" data-css_id=\"obku213\" data-lazy=\"1\" class=\"module_row themify_builder_row fullwidth tb_has_section tb_section-photos tb_obku213 tf_w\">\n                        <div class=\"row_inner col_align_top tb_col_count_1 tf_box tf_rel\">\n                        <div  data-lazy=\"1\" class=\"module_column tb-column col-full tb_cvdh213 first\">\n                            <div  data-lazy=\"1\" class=\"module_subrow themify_builder_sub_row tf_w col_align_top tb_col_count_1 tb_hau1213\">\n                <div  data-lazy=\"1\" class=\"module_column sub_column col-full tb_mxes213 first\">\n                    <!-- module image -->\n<div  class=\"module module-image tb_ksvn213 image-top   auto_fullwidth tf_mw\" data-lazy=\"1\">\n        <div class=\"image-wrap tf_rel tf_mw\">\n            <img loading=\"lazy\" decoding=\"async\" width=\"1024\" height=\"768\" src=\"https:\/\/www.shelltonewhaleproject.org\/wp-content\/uploads\/2025\/05\/bateau-acores-1.jpg\" class=\"wp-post-image wp-image-7031\" title=\"barco-acores-1\" alt=\"barco-acores-1\" srcset=\"https:\/\/www.shelltonewhaleproject.org\/wp-content\/uploads\/2025\/05\/bateau-acores-1.jpg 1024w, https:\/\/www.shelltonewhaleproject.org\/wp-content\/uploads\/2025\/05\/bateau-acores-1-300x225.jpg 300w, https:\/\/www.shelltonewhaleproject.org\/wp-content\/uploads\/2025\/05\/bateau-acores-1-768x576.jpg 768w, https:\/\/www.shelltonewhaleproject.org\/wp-content\/uploads\/2025\/05\/bateau-acores-1-16x12.jpg 16w, https:\/\/www.shelltonewhaleproject.org\/wp-content\/uploads\/2025\/05\/bateau-acores-1-550x412.jpg 550w\" sizes=\"auto, (max-width: 1024px) 100vw, 1024px\" \/>    \n        <\/div>\n    <!-- \/image-wrap -->\n    \n        <\/div>\n<!-- \/module image --><!-- module image -->\n<div  class=\"module module-image tb_ka9f213 image-top   auto_fullwidth tf_mw\" data-lazy=\"1\">\n        <div class=\"image-wrap tf_rel tf_mw\">\n            <img loading=\"lazy\" decoding=\"async\" width=\"1600\" height=\"1071\" src=\"https:\/\/www.shelltonewhaleproject.org\/wp-content\/uploads\/2025\/04\/Baleine-3.jpeg\" class=\"wp-post-image wp-image-6736\" title=\"Ballena-3\" alt=\"Ballena-3\" srcset=\"https:\/\/www.shelltonewhaleproject.org\/wp-content\/uploads\/2025\/04\/Baleine-3.jpeg 1600w, https:\/\/www.shelltonewhaleproject.org\/wp-content\/uploads\/2025\/04\/Baleine-3-300x201.jpeg 300w, https:\/\/www.shelltonewhaleproject.org\/wp-content\/uploads\/2025\/04\/Baleine-3-1024x685.jpeg 1024w, https:\/\/www.shelltonewhaleproject.org\/wp-content\/uploads\/2025\/04\/Baleine-3-768x514.jpeg 768w, https:\/\/www.shelltonewhaleproject.org\/wp-content\/uploads\/2025\/04\/Baleine-3-1536x1028.jpeg 1536w, https:\/\/www.shelltonewhaleproject.org\/wp-content\/uploads\/2025\/04\/Baleine-3-18x12.jpeg 18w, https:\/\/www.shelltonewhaleproject.org\/wp-content\/uploads\/2025\/04\/Baleine-3-1024x685-550x368.jpeg 550w\" sizes=\"auto, (max-width: 1600px) 100vw, 1600px\" \/>    \n        <\/div>\n    <!-- \/image-wrap -->\n    \n        <\/div>\n<!-- \/module image --><!-- module image -->\n<div  class=\"module module-image tb_830u213 image-top   auto_fullwidth tf_mw\" data-lazy=\"1\">\n        <div class=\"image-wrap tf_rel tf_mw\">\n            <img loading=\"lazy\" decoding=\"async\" width=\"1000\" height=\"667\" src=\"https:\/\/www.shelltonewhaleproject.org\/wp-content\/uploads\/2025\/04\/IMG_7731-1.jpg\" class=\"wp-post-image wp-image-6744\" title=\"IMG_7731\" alt=\"IMG_7731\" srcset=\"https:\/\/www.shelltonewhaleproject.org\/wp-content\/uploads\/2025\/04\/IMG_7731-1.jpg 1000w, https:\/\/www.shelltonewhaleproject.org\/wp-content\/uploads\/2025\/04\/IMG_7731-1-300x200.jpg 300w, https:\/\/www.shelltonewhaleproject.org\/wp-content\/uploads\/2025\/04\/IMG_7731-1-768x512.jpg 768w, https:\/\/www.shelltonewhaleproject.org\/wp-content\/uploads\/2025\/04\/IMG_7731-1-18x12.jpg 18w, https:\/\/www.shelltonewhaleproject.org\/wp-content\/uploads\/2025\/04\/IMG_7731-1-550x366.jpg 550w\" sizes=\"auto, (max-width: 1000px) 100vw, 1000px\" \/>    \n        <\/div>\n    <!-- \/image-wrap -->\n    \n        <\/div>\n<!-- \/module image -->        <\/div>\n                    <\/div>\n                <\/div>\n                        <\/div>\n        <\/div>\n        <\/div>\n<!--\/themify_builder_content-->","protected":false},"excerpt":{"rendered":"<p>Observation respectueuse de baleines depuis Pico (A\u00e7ores) L&rsquo;avis de la team Shelltone Partez pour une aventure inoubliable au c\u0153ur de l\u2019Atlantique Nord, au d\u00e9part de Lajes do Pico, et d\u00e9couvrez jusqu\u2019\u00e0 27 esp\u00e8ces diff\u00e9rentes de c\u00e9tac\u00e9s&nbsp;! Baleines majestueuses, dauphins joueurs, oiseaux marins, tortues et poissons vous attendent dans leur habitat naturel. Pendant environ 3 heures, [&hellip;]<\/p>\n","protected":false},"author":1,"featured_media":0,"parent":0,"menu_order":0,"comment_status":"closed","ping_status":"closed","template":"","meta":{"footnotes":""},"class_list":["post-6721","page","type-page","status-publish","hentry","has-post-title","has-post-date","has-post-category","has-post-tag","has-post-comment","has-post-author",""],"builder_content":"<h1 style=\"text-align: center;\">Observation respectueuse de baleines depuis Pico (A\u00e7ores)<\/h1>\n[themify_layout_part id=\"8399\"]\n<h1 style=\"text-align: center;\">L'avis de la team Shelltone<\/h1>\n<p style=\"text-align: center;\"><strong>Partez pour une aventure inoubliable au c\u0153ur de l\u2019Atlantique Nord, au d\u00e9part de Lajes do Pico, et d\u00e9couvrez jusqu\u2019\u00e0 27 esp\u00e8ces diff\u00e9rentes de c\u00e9tac\u00e9s ! Baleines majestueuses, dauphins joueurs, oiseaux marins, tortues et poissons vous attendent dans leur habitat naturel.<\/strong><\/p> <p style=\"text-align: center;\"><strong>Pendant environ 3 heures, vous serez accompagn\u00e9s par une \u00e9quipe passionn\u00e9e compos\u00e9e de skippers exp\u00e9riment\u00e9s, biologistes marins et d\u2019un \"Vigia\" (observateur \u00e0 terre), qui vous guideront pour vivre une exp\u00e9rience unique, entre observation de la faune marine et exploration de la c\u00f4te sud de l\u2019\u00eele de Pico.<\/strong><\/p> <p style=\"text-align: center;\"><strong>Les observateurs passionn\u00e9s de c\u00e9tac\u00e9s s\u00e9lectionn\u00e9s par la team Shelltone \u00e0 Pico ont choisi le RESPECT.<\/strong><\/p>\n<h2 style=\"text-align: center;\"><strong>OBSERVATION DE C\u00c9TAC\u00c9S \u00c0 PICO<\/strong><\/h2> <p style=\"text-align: center;\"><strong>Calendrier des sorties, tarifs, r\u00e9servations...<\/strong><\/p>\n<iframe src=\"https:\/\/fareharbor.com\/embeds\/book\/aquaacores\/items\/210245\/calendar\/2026\/04\/?asn=fhdn-eur&asn-ref=shelltonewhaleproject&flow=no&ref=shelltonewhaleproject&full-items=yes&branding=no\" loading=\"lazy\" scrolling=\"auto\"> <\/iframe>\n<h1 style=\"text-align: center;\">Photos de l'exp\u00e9dition \u00e0 A\u00e7ores<\/h1>\n<img src=\"https:\/\/www.shelltonewhaleproject.org\/wp-content\/uploads\/2025\/05\/bateau-acores-1.jpg\" title=\"bateau-acores-1\" alt=\"bateau-acores-1\" srcset=\"https:\/\/www.shelltonewhaleproject.org\/wp-content\/uploads\/2025\/05\/bateau-acores-1.jpg 1024w, https:\/\/www.shelltonewhaleproject.org\/wp-content\/uploads\/2025\/05\/bateau-acores-1-300x225.jpg 300w, https:\/\/www.shelltonewhaleproject.org\/wp-content\/uploads\/2025\/05\/bateau-acores-1-768x576.jpg 768w, https:\/\/www.shelltonewhaleproject.org\/wp-content\/uploads\/2025\/05\/bateau-acores-1-16x12.jpg 16w, https:\/\/www.shelltonewhaleproject.org\/wp-content\/uploads\/2025\/05\/bateau-acores-1-550x412.jpg 550w\" sizes=\"(max-width: 1024px) 100vw, 1024px\" \/>\n<img src=\"https:\/\/www.shelltonewhaleproject.org\/wp-content\/uploads\/2025\/04\/Baleine-3.jpeg\" title=\"Baleine-3\" alt=\"Baleine-3\" srcset=\"https:\/\/www.shelltonewhaleproject.org\/wp-content\/uploads\/2025\/04\/Baleine-3.jpeg 1600w, https:\/\/www.shelltonewhaleproject.org\/wp-content\/uploads\/2025\/04\/Baleine-3-300x201.jpeg 300w, https:\/\/www.shelltonewhaleproject.org\/wp-content\/uploads\/2025\/04\/Baleine-3-1024x685.jpeg 1024w, https:\/\/www.shelltonewhaleproject.org\/wp-content\/uploads\/2025\/04\/Baleine-3-768x514.jpeg 768w, https:\/\/www.shelltonewhaleproject.org\/wp-content\/uploads\/2025\/04\/Baleine-3-1536x1028.jpeg 1536w, https:\/\/www.shelltonewhaleproject.org\/wp-content\/uploads\/2025\/04\/Baleine-3-18x12.jpeg 18w, https:\/\/www.shelltonewhaleproject.org\/wp-content\/uploads\/2025\/04\/Baleine-3-1024x685-550x368.jpeg 550w\" sizes=\"(max-width: 1600px) 100vw, 1600px\" \/>\n<img src=\"https:\/\/www.shelltonewhaleproject.org\/wp-content\/uploads\/2025\/04\/IMG_7731-1.jpg\" title=\"IMG_7731\" alt=\"IMG_7731\" srcset=\"https:\/\/www.shelltonewhaleproject.org\/wp-content\/uploads\/2025\/04\/IMG_7731-1.jpg 1000w, https:\/\/www.shelltonewhaleproject.org\/wp-content\/uploads\/2025\/04\/IMG_7731-1-300x200.jpg 300w, https:\/\/www.shelltonewhaleproject.org\/wp-content\/uploads\/2025\/04\/IMG_7731-1-768x512.jpg 768w, https:\/\/www.shelltonewhaleproject.org\/wp-content\/uploads\/2025\/04\/IMG_7731-1-18x12.jpg 18w, https:\/\/www.shelltonewhaleproject.org\/wp-content\/uploads\/2025\/04\/IMG_7731-1-550x366.jpg 550w\" sizes=\"(max-width: 1000px) 100vw, 1000px\" \/>","_links":{"self":[{"href":"https:\/\/www.shelltonewhaleproject.org\/es\/wp-json\/wp\/v2\/pages\/6721","targetHints":{"allow":["GET"]}}],"collection":[{"href":"https:\/\/www.shelltonewhaleproject.org\/es\/wp-json\/wp\/v2\/pages"}],"about":[{"href":"https:\/\/www.shelltonewhaleproject.org\/es\/wp-json\/wp\/v2\/types\/page"}],"author":[{"embeddable":true,"href":"https:\/\/www.shelltonewhaleproject.org\/es\/wp-json\/wp\/v2\/users\/1"}],"replies":[{"embeddable":true,"href":"https:\/\/www.shelltonewhaleproject.org\/es\/wp-json\/wp\/v2\/comments?post=6721"}],"version-history":[{"count":4,"href":"https:\/\/www.shelltonewhaleproject.org\/es\/wp-json\/wp\/v2\/pages\/6721\/revisions"}],"predecessor-version":[{"id":9583,"href":"https:\/\/www.shelltonewhaleproject.org\/es\/wp-json\/wp\/v2\/pages\/6721\/revisions\/9583"}],"wp:attachment":[{"href":"https:\/\/www.shelltonewhaleproject.org\/es\/wp-json\/wp\/v2\/media?parent=6721"}],"curies":[{"name":"wp","href":"https:\/\/api.w.org\/{rel}","templated":true}]}}