{"id":6587,"date":"2025-04-04T11:24:20","date_gmt":"2025-04-04T09:24:20","guid":{"rendered":"https:\/\/www.shelltonewhaleproject.org\/observer-baleines-depuis-kona-copy\/"},"modified":"2026-04-27T13:11:48","modified_gmt":"2026-04-27T11:11:48","slug":"observar-ballenas-en-les-escoumins","status":"publish","type":"page","link":"https:\/\/www.shelltonewhaleproject.org\/es\/observer-baleines-les-escoumins\/","title":{"rendered":"AVISTAMIENTO DE CET\u00c1CEOS DESDE LOS ESCOUMINS"},"content":{"rendered":"<!--themify_builder_content-->\n<div id=\"themify_builder_content-6587\" data-postid=\"6587\" class=\"themify_builder_content themify_builder_content-6587 themify_builder tf_clear\">\n                    <div  data-lazy=\"1\" class=\"module_row themify_builder_row tb_sdfk160 tb_first tf_w\">\n            <span  class=\"builder_row_cover tf_abs\" data-lazy=\"1\"><\/span>            <div class=\"row_inner col_align_top tb_col_count_1 tf_box tf_rel\">\n                        <div  data-lazy=\"1\" class=\"module_column tb-column col-full tb_2c18160 first\">\n                    <!-- module text -->\n<div  class=\"module module-text tb_scsq160    wow\" data-tf-animation=\"fadeInDown\" data-lazy=\"1\">\n        <div  class=\"tb_text_wrap\">\n        <h1 style=\"text-align: center;\">Avistamiento respetuoso de cet\u00e1ceos en Les Escoumins (Quebec, Canad\u00e1)<\/h1>    <\/div>\n<\/div>\n<!-- \/module text --><!-- module plain text -->\n<div  class=\"module module-plain-text tb_x8d3160\" data-lazy=\"1\">\n        <div class=\"tb_text_wrap\">\n    <div class=\"tb_layout_part_wrap tf_w\"><!--themify_builder_content-->\n    <div  class=\"themify_builder_content themify_builder_content-8399 themify_builder not_editable_builder in_the_loop\" data-postid=\"8399\">\n                        <div  data-lazy=\"1\" class=\"module_row themify_builder_row tb_tjb8415 tf_w\">\n                        <div class=\"row_inner col_align_top tb_col_count_1 tf_box tf_rel\">\n                        <div  data-lazy=\"1\" class=\"module_column tb-column col-full tb_7b53415 first\">\n                    <!-- module text -->\n<div  class=\"module module-text tb_2jx4524\" data-lazy=\"1\">\n        <div  class=\"tb_text_wrap\">\n        <h4 style=\"text-align: center;\"><b>Shelltone Whale Project enumera una selecci\u00f3n de operadores de avistamiento de cet\u00e1ceos que se comprometen a adoptar un enfoque respetuoso.<\/b><\/h4>\n<h4 style=\"text-align: center;\">\u00a0<\/h4>\n<h4 style=\"text-align: center;\"><b>Bi\u00f3logos marinos y gu\u00edas experimentados que anteponen el bienestar de los animales.<\/b><\/h4>\n<h4 style=\"text-align: center;\">\u00a0<\/h4>\n<h4 style=\"text-align: center;\"><b>Compruebe directamente su disponibilidad y reserve su experiencia al mejor precio, sin coste adicional.<\/b><\/h4>    <\/div>\n<\/div>\n<!-- \/module text --><!-- module image -->\n<div  class=\"module module-image tb_06zv177 image-center   tf_mw\" data-lazy=\"1\">\n        <div class=\"image-wrap tf_rel tf_mw\">\n            <img loading=\"lazy\" decoding=\"async\" src=\"https:\/\/www.shelltonewhaleproject.org\/wp-content\/uploads\/2025\/10\/lgog-SWP-respect-1-LD-977x1024-250x250.png\" width=\"250\" height=\"250\" class=\"wp-post-image wp-image-8330\" title=\"lgog-SWP-respeto-1-LD\" alt=\"lgog-SWP-respeto-1-LD\" srcset=\"https:\/\/www.shelltonewhaleproject.org\/wp-content\/uploads\/2025\/10\/lgog-SWP-respect-1-LD-977x1024-250x250.png 250w, https:\/\/www.shelltonewhaleproject.org\/wp-content\/uploads\/2025\/10\/lgog-SWP-respect-1-LD-150x150.png 150w, https:\/\/www.shelltonewhaleproject.org\/wp-content\/uploads\/2025\/10\/lgog-SWP-respect-1-LD-11x12.png 11w, https:\/\/www.shelltonewhaleproject.org\/wp-content\/uploads\/2025\/10\/lgog-SWP-respect-1-LD-977x1024-300x300.png 300w\" sizes=\"auto, (max-width: 250px) 100vw, 250px\" \/>    \n        <\/div>\n    <!-- \/image-wrap -->\n    \n        <\/div>\n<!-- \/module image -->        <\/div>\n                        <\/div>\n        <\/div>\n            <\/div>\n<!--\/themify_builder_content--><\/div>\n    <\/div>\n<\/div>\n<!-- \/module plain text -->        <\/div>\n                        <\/div>\n        <\/div>\n                        <div  data-css_id=\"ucxo329\" data-lazy=\"1\" class=\"module_row themify_builder_row fullwidth_row_container tb_ucxo329 tf_w\">\n                        <div class=\"row_inner col_align_top tb_col_count_1 tf_box tf_rel\">\n                        <div  data-lazy=\"1\" class=\"module_column tb-column col-full tb_4igs329 first\">\n                    <!-- module text -->\n<div  class=\"module module-text tb_ssuw370    wow\" data-tf-animation=\"fadeInUp\" data-tf-animation_delay=\"1\" data-lazy=\"1\">\n        <div  class=\"tb_text_wrap\">\n        <h1 style=\"text-align: center;\"><span style=\"color: #093c7a;\">La opini\u00f3n del equipo de Shelltone<\/span><\/h1>    <\/div>\n<\/div>\n<!-- \/module text --><!-- module text -->\n<div  class=\"module module-text tb_w6rk148    wow\" data-tf-animation=\"fadeInUp\" data-tf-animation_delay=\"1\" data-lazy=\"1\">\n        <div  class=\"tb_text_wrap\">\n        <p style=\"text-align: center;\"><strong>La base de observaci\u00f3n de cet\u00e1ceos \"Du Fleuve\", a orillas del San Lorenzo, en Quebec, es sin duda el mejor punto de observaci\u00f3n de cet\u00e1ceos de esta parte de Canad\u00e1. La base est\u00e1 dirigida por cuatro j\u00f3venes entusiastas, entre ellos Robin, el hijo de nuestra experta Cathy Lacourbas.<\/strong><br><strong>Esta base es un ejemplo perfecto del futuro de la observaci\u00f3n de ballenas respetuosa y aut\u00e9ntica.<\/strong><br><strong>Se respeta plenamente la carta de observaci\u00f3n de cet\u00e1ceos del Proyecto Ballena de Shelltone.<\/strong><\/p>\n<p style=\"text-align: center;\"><strong>Los aficionados a los cet\u00e1ceos seleccionados por el equipo de Shelltone en Les Escoumins han elegido el <span style=\"color: #6e9e2f;\">RESPETO<\/span>.<\/strong><\/p>    <\/div>\n<\/div>\n<!-- \/module text -->        <\/div>\n                        <\/div>\n        <\/div>\n                        <div  data-lazy=\"1\" class=\"module_row themify_builder_row tb_xc0k465 tf_w\">\n                        <div class=\"row_inner col_align_top tb_col_count_1 tf_box tf_rel\">\n                        <div  data-lazy=\"1\" class=\"module_column tb-column col-full tb_f955465 first\">\n                    <!-- module text -->\n<div  class=\"module module-text tb_wq4n465    wow\" data-tf-animation=\"fadeInDown\" data-lazy=\"1\">\n        <div  class=\"tb_text_wrap\">\n        <h2 style=\"text-align: center;\"><strong>OBSERVACI\u00d3N DE CET\u00c1CEOS EN LES ESCOUMINS<\/strong><\/h2>\n<p style=\"text-align: center;\"><strong>Calendario de salidas, tarifas, reservas...<\/strong><\/p>    <\/div>\n<\/div>\n<!-- \/module text --><!-- module plain text -->\n<div  class=\"module module-plain-text tb_q228319\" data-lazy=\"1\">\n        <div class=\"tb_text_wrap\">\n    <div class=\"shelltone-fh-embed\">\n  <iframe\n    src=\"https:\/\/fareharbor.com\/embeds\/book\/dufleuve\/items\/577133\/?asn=fhdn-cad&#038;asn-ref=shelltonewhaleproject&#038;full-items=yes&#038;flow=no&#038;branding=yes&#038;bookable-only=yes&#038;ref=shelltonewhaleproject&#038;back=BACKLINK\"\n    loading=\"lazy\"\n    scrolling=\"auto\">\n  <\/iframe>\n<\/div>\n    <\/div>\n<\/div>\n<!-- \/module plain text -->        <\/div>\n                        <\/div>\n        <\/div>\n                        <div  data-anchor=\"photos\" data-css_id=\"282u615\" data-lazy=\"1\" class=\"module_row themify_builder_row fullwidth tb_has_section tb_section-photos tb_282u615 tf_w\">\n                        <div class=\"row_inner col_align_top tb_col_count_1 tf_box tf_rel\">\n                        <div  data-lazy=\"1\" class=\"module_column tb-column col-full tb_2oy2615 first\">\n                            <div  data-lazy=\"1\" class=\"module_subrow themify_builder_sub_row tf_w col_align_top tb_col_count_1 tb_s507615\">\n                <div  data-lazy=\"1\" class=\"module_column sub_column col-full tb_dcaq615 first\">\n                    <!-- module text -->\n<div  class=\"module module-text tb_1vka615    wow\" data-tf-animation=\"fadeInUp\" data-tf-animation_delay=\"1\" data-lazy=\"1\">\n        <div  class=\"tb_text_wrap\">\n        <h1 style=\"text-align: center;\">Fotos de la expedici\u00f3n a Les Escoumins<\/h1>    <\/div>\n<\/div>\n<!-- \/module text -->        <\/div>\n                    <\/div>\n                <\/div>\n                        <\/div>\n        <\/div>\n                        <div  data-anchor=\"photos\" data-css_id=\"cjsw957\" data-lazy=\"1\" class=\"module_row themify_builder_row fullwidth tb_has_section tb_section-photos tb_cjsw957 tf_w\">\n                        <div class=\"row_inner col_align_top tb_col_count_1 tf_box tf_rel\">\n                        <div  data-lazy=\"1\" class=\"module_column tb-column col-full tb_drqq957 first\">\n                            <div  data-lazy=\"1\" class=\"module_subrow themify_builder_sub_row tf_w col_align_top tb_col_count_1 tb_3vqq957\">\n                <div  data-lazy=\"1\" class=\"module_column sub_column col-full tb_anq3957 first\">\n                    <!-- module image -->\n<div  class=\"module module-image tb_yuea957 image-top   auto_fullwidth tf_mw\" data-lazy=\"1\">\n        <div class=\"image-wrap tf_rel tf_mw\">\n            <img loading=\"lazy\" decoding=\"async\" width=\"1600\" height=\"1030\" src=\"https:\/\/www.shelltonewhaleproject.org\/wp-content\/uploads\/2025\/04\/baleines-les-escourmins-canada-10.jpeg\" class=\"wp-post-image wp-image-6602\" title=\"ballenas-las-minas-canad\u00e1-10\" alt=\"Observer dauphins baleines c\u00e9tac\u00e9s Les Escoumins Canada\" srcset=\"https:\/\/www.shelltonewhaleproject.org\/wp-content\/uploads\/2025\/04\/baleines-les-escourmins-canada-10.jpeg 1600w, https:\/\/www.shelltonewhaleproject.org\/wp-content\/uploads\/2025\/04\/baleines-les-escourmins-canada-10-300x193.jpeg 300w, https:\/\/www.shelltonewhaleproject.org\/wp-content\/uploads\/2025\/04\/baleines-les-escourmins-canada-10-1024x659.jpeg 1024w, https:\/\/www.shelltonewhaleproject.org\/wp-content\/uploads\/2025\/04\/baleines-les-escourmins-canada-10-768x494.jpeg 768w, https:\/\/www.shelltonewhaleproject.org\/wp-content\/uploads\/2025\/04\/baleines-les-escourmins-canada-10-1536x989.jpeg 1536w, https:\/\/www.shelltonewhaleproject.org\/wp-content\/uploads\/2025\/04\/baleines-les-escourmins-canada-10-18x12.jpeg 18w, https:\/\/www.shelltonewhaleproject.org\/wp-content\/uploads\/2025\/04\/baleines-les-escourmins-canada-10-1024x659-550x354.jpeg 550w\" sizes=\"auto, (max-width: 1600px) 100vw, 1600px\" \/>    \n        <\/div>\n    <!-- \/image-wrap -->\n    \n        <\/div>\n<!-- \/module image --><!-- module image -->\n<div  class=\"module module-image tb_hamx957 image-top   auto_fullwidth tf_mw\" data-lazy=\"1\">\n        <div class=\"image-wrap tf_rel tf_mw\">\n            <img loading=\"lazy\" decoding=\"async\" width=\"1600\" height=\"1051\" src=\"https:\/\/www.shelltonewhaleproject.org\/wp-content\/uploads\/2025\/04\/baleines-les-escourmins-canada-3.jpeg\" class=\"wp-post-image wp-image-6609\" title=\"ballenas-las-minas-canad\u00e1-3\" alt=\"ballenas-las-minas-canad\u00e1-3\" srcset=\"https:\/\/www.shelltonewhaleproject.org\/wp-content\/uploads\/2025\/04\/baleines-les-escourmins-canada-3.jpeg 1600w, https:\/\/www.shelltonewhaleproject.org\/wp-content\/uploads\/2025\/04\/baleines-les-escourmins-canada-3-300x197.jpeg 300w, https:\/\/www.shelltonewhaleproject.org\/wp-content\/uploads\/2025\/04\/baleines-les-escourmins-canada-3-1024x673.jpeg 1024w, https:\/\/www.shelltonewhaleproject.org\/wp-content\/uploads\/2025\/04\/baleines-les-escourmins-canada-3-768x504.jpeg 768w, https:\/\/www.shelltonewhaleproject.org\/wp-content\/uploads\/2025\/04\/baleines-les-escourmins-canada-3-1536x1009.jpeg 1536w, https:\/\/www.shelltonewhaleproject.org\/wp-content\/uploads\/2025\/04\/baleines-les-escourmins-canada-3-18x12.jpeg 18w, https:\/\/www.shelltonewhaleproject.org\/wp-content\/uploads\/2025\/04\/baleines-les-escourmins-canada-3-1024x673-550x361.jpeg 550w\" sizes=\"auto, (max-width: 1600px) 100vw, 1600px\" \/>    \n        <\/div>\n    <!-- \/image-wrap -->\n    \n        <\/div>\n<!-- \/module image --><!-- module image -->\n<div  class=\"module module-image tb_5uc2957 image-top   auto_fullwidth tf_mw\" data-lazy=\"1\">\n        <div class=\"image-wrap tf_rel tf_mw\">\n            <img loading=\"lazy\" decoding=\"async\" width=\"1600\" height=\"1066\" src=\"https:\/\/www.shelltonewhaleproject.org\/wp-content\/uploads\/2025\/04\/baleines-les-escourmins-canada-1.jpeg\" class=\"wp-post-image wp-image-6595\" title=\"ballenas-las-minas-canad\u00e1-1\" alt=\"ballenas-las-minas-canad\u00e1-1\" srcset=\"https:\/\/www.shelltonewhaleproject.org\/wp-content\/uploads\/2025\/04\/baleines-les-escourmins-canada-1.jpeg 1600w, https:\/\/www.shelltonewhaleproject.org\/wp-content\/uploads\/2025\/04\/baleines-les-escourmins-canada-1-300x200.jpeg 300w, https:\/\/www.shelltonewhaleproject.org\/wp-content\/uploads\/2025\/04\/baleines-les-escourmins-canada-1-1024x682.jpeg 1024w, https:\/\/www.shelltonewhaleproject.org\/wp-content\/uploads\/2025\/04\/baleines-les-escourmins-canada-1-768x512.jpeg 768w, https:\/\/www.shelltonewhaleproject.org\/wp-content\/uploads\/2025\/04\/baleines-les-escourmins-canada-1-1536x1023.jpeg 1536w, https:\/\/www.shelltonewhaleproject.org\/wp-content\/uploads\/2025\/04\/baleines-les-escourmins-canada-1-18x12.jpeg 18w, https:\/\/www.shelltonewhaleproject.org\/wp-content\/uploads\/2025\/04\/baleines-les-escourmins-canada-1-1024x682-550x366.jpeg 550w\" sizes=\"auto, (max-width: 1600px) 100vw, 1600px\" \/>    \n        <\/div>\n    <!-- \/image-wrap -->\n    \n        <\/div>\n<!-- \/module image -->        <\/div>\n                    <\/div>\n                <\/div>\n                        <\/div>\n        <\/div>\n        <\/div>\n<!--\/themify_builder_content-->","protected":false},"excerpt":{"rendered":"<p>Observation respectueuse de baleines aux Escoumins (Quebec, Canada) L&rsquo;avis de la team Shelltone La base d\u2019observation des c\u00e9tac\u00e9s \u00ab&nbsp;&nbsp;\u00a0Du Fleuve\u00a0&nbsp;&nbsp;\u00bb au bord du Saint Laurent au Qu\u00e9bec est certainement le meilleur spot d\u2019observation de c\u00e9tac\u00e9s de cette r\u00e9gion du Canada. Cette base est g\u00e9r\u00e9e par quatre jeunes passionn\u00e9s, dont Robin, le fils de notre experte [&hellip;]<\/p>\n","protected":false},"author":1,"featured_media":6602,"parent":0,"menu_order":0,"comment_status":"closed","ping_status":"closed","template":"","meta":{"footnotes":""},"class_list":["post-6587","page","type-page","status-publish","has-post-thumbnail","hentry","has-post-title","has-post-date","has-post-category","has-post-tag","has-post-comment","has-post-author",""],"builder_content":"<h1 style=\"text-align: center;\">Observation respectueuse de baleines aux Escoumins (Quebec, Canada)<\/h1>\n[themify_layout_part id=\"8399\"]\n<h1 style=\"text-align: center;\">L'avis de la team Shelltone<\/h1>\n<p style=\"text-align: center;\"><strong>La base d\u2019observation des c\u00e9tac\u00e9s \u00ab\u00a0Du Fleuve\u00a0\u00bb au bord du Saint Laurent au Qu\u00e9bec est certainement le meilleur spot d\u2019observation de c\u00e9tac\u00e9s de cette r\u00e9gion du Canada. Cette base est g\u00e9r\u00e9e par quatre jeunes passionn\u00e9s, dont Robin, le fils de notre experte Cathy Lacourbas.<\/strong><br><strong>Cette base est un parfait exemple de l\u2019avenir d\u2019un whale watching respectueux et authentique.<\/strong><br><strong>La charte d\u2019observation des c\u00e9tac\u00e9s du Shelltone Whale Project y est parfaitement respect\u00e9e.<\/strong><\/p> <p style=\"text-align: center;\"><strong>Les observateurs passionn\u00e9s de c\u00e9tac\u00e9s s\u00e9lectionn\u00e9s par la team Shelltone aux Escoumins ont choisi le RESPECT.<\/strong><\/p>\n<h2 style=\"text-align: center;\"><strong>OBSERVATION DE C\u00c9TAC\u00c9S AUX ESCOUMINS<\/strong><\/h2> <p style=\"text-align: center;\"><strong>Calendrier des sorties, tarifs, r\u00e9servations...<\/strong><\/p>\n<iframe src=\"https:\/\/fareharbor.com\/embeds\/book\/dufleuve\/items\/577133\/?asn=fhdn-cad&asn-ref=shelltonewhaleproject&full-items=yes&flow=no&branding=yes&bookable-only=yes&ref=shelltonewhaleproject&back=BACKLINK\" loading=\"lazy\" scrolling=\"auto\"> <\/iframe>\n<h1 style=\"text-align: center;\">Photos de l'exp\u00e9dition aux Escoumins<\/h1>\n<img src=\"https:\/\/www.shelltonewhaleproject.org\/wp-content\/uploads\/2025\/04\/baleines-les-escourmins-canada-10.jpeg\" title=\"baleines-les-escourmins-canada-10\" alt=\"Observer dauphins baleines c\u00e9tac\u00e9s Les Escoumins Canada\" srcset=\"https:\/\/www.shelltonewhaleproject.org\/wp-content\/uploads\/2025\/04\/baleines-les-escourmins-canada-10.jpeg 1600w, https:\/\/www.shelltonewhaleproject.org\/wp-content\/uploads\/2025\/04\/baleines-les-escourmins-canada-10-300x193.jpeg 300w, https:\/\/www.shelltonewhaleproject.org\/wp-content\/uploads\/2025\/04\/baleines-les-escourmins-canada-10-1024x659.jpeg 1024w, https:\/\/www.shelltonewhaleproject.org\/wp-content\/uploads\/2025\/04\/baleines-les-escourmins-canada-10-768x494.jpeg 768w, https:\/\/www.shelltonewhaleproject.org\/wp-content\/uploads\/2025\/04\/baleines-les-escourmins-canada-10-1536x989.jpeg 1536w, https:\/\/www.shelltonewhaleproject.org\/wp-content\/uploads\/2025\/04\/baleines-les-escourmins-canada-10-18x12.jpeg 18w, https:\/\/www.shelltonewhaleproject.org\/wp-content\/uploads\/2025\/04\/baleines-les-escourmins-canada-10-1024x659-550x354.jpeg 550w\" sizes=\"(max-width: 1600px) 100vw, 1600px\" \/>\n<img src=\"https:\/\/www.shelltonewhaleproject.org\/wp-content\/uploads\/2025\/04\/baleines-les-escourmins-canada-3.jpeg\" title=\"baleines-les-escourmins-canada-3\" alt=\"baleines-les-escourmins-canada-3\" srcset=\"https:\/\/www.shelltonewhaleproject.org\/wp-content\/uploads\/2025\/04\/baleines-les-escourmins-canada-3.jpeg 1600w, https:\/\/www.shelltonewhaleproject.org\/wp-content\/uploads\/2025\/04\/baleines-les-escourmins-canada-3-300x197.jpeg 300w, https:\/\/www.shelltonewhaleproject.org\/wp-content\/uploads\/2025\/04\/baleines-les-escourmins-canada-3-1024x673.jpeg 1024w, https:\/\/www.shelltonewhaleproject.org\/wp-content\/uploads\/2025\/04\/baleines-les-escourmins-canada-3-768x504.jpeg 768w, https:\/\/www.shelltonewhaleproject.org\/wp-content\/uploads\/2025\/04\/baleines-les-escourmins-canada-3-1536x1009.jpeg 1536w, https:\/\/www.shelltonewhaleproject.org\/wp-content\/uploads\/2025\/04\/baleines-les-escourmins-canada-3-18x12.jpeg 18w, https:\/\/www.shelltonewhaleproject.org\/wp-content\/uploads\/2025\/04\/baleines-les-escourmins-canada-3-1024x673-550x361.jpeg 550w\" sizes=\"(max-width: 1600px) 100vw, 1600px\" \/>\n<img src=\"https:\/\/www.shelltonewhaleproject.org\/wp-content\/uploads\/2025\/04\/baleines-les-escourmins-canada-1.jpeg\" title=\"baleines-les-escourmins-canada-1\" alt=\"baleines-les-escourmins-canada-1\" srcset=\"https:\/\/www.shelltonewhaleproject.org\/wp-content\/uploads\/2025\/04\/baleines-les-escourmins-canada-1.jpeg 1600w, https:\/\/www.shelltonewhaleproject.org\/wp-content\/uploads\/2025\/04\/baleines-les-escourmins-canada-1-300x200.jpeg 300w, https:\/\/www.shelltonewhaleproject.org\/wp-content\/uploads\/2025\/04\/baleines-les-escourmins-canada-1-1024x682.jpeg 1024w, https:\/\/www.shelltonewhaleproject.org\/wp-content\/uploads\/2025\/04\/baleines-les-escourmins-canada-1-768x512.jpeg 768w, https:\/\/www.shelltonewhaleproject.org\/wp-content\/uploads\/2025\/04\/baleines-les-escourmins-canada-1-1536x1023.jpeg 1536w, https:\/\/www.shelltonewhaleproject.org\/wp-content\/uploads\/2025\/04\/baleines-les-escourmins-canada-1-18x12.jpeg 18w, https:\/\/www.shelltonewhaleproject.org\/wp-content\/uploads\/2025\/04\/baleines-les-escourmins-canada-1-1024x682-550x366.jpeg 550w\" sizes=\"(max-width: 1600px) 100vw, 1600px\" \/>","_links":{"self":[{"href":"https:\/\/www.shelltonewhaleproject.org\/es\/wp-json\/wp\/v2\/pages\/6587","targetHints":{"allow":["GET"]}}],"collection":[{"href":"https:\/\/www.shelltonewhaleproject.org\/es\/wp-json\/wp\/v2\/pages"}],"about":[{"href":"https:\/\/www.shelltonewhaleproject.org\/es\/wp-json\/wp\/v2\/types\/page"}],"author":[{"embeddable":true,"href":"https:\/\/www.shelltonewhaleproject.org\/es\/wp-json\/wp\/v2\/users\/1"}],"replies":[{"embeddable":true,"href":"https:\/\/www.shelltonewhaleproject.org\/es\/wp-json\/wp\/v2\/comments?post=6587"}],"version-history":[{"count":16,"href":"https:\/\/www.shelltonewhaleproject.org\/es\/wp-json\/wp\/v2\/pages\/6587\/revisions"}],"predecessor-version":[{"id":10340,"href":"https:\/\/www.shelltonewhaleproject.org\/es\/wp-json\/wp\/v2\/pages\/6587\/revisions\/10340"}],"wp:featuredmedia":[{"embeddable":true,"href":"https:\/\/www.shelltonewhaleproject.org\/es\/wp-json\/wp\/v2\/media\/6602"}],"wp:attachment":[{"href":"https:\/\/www.shelltonewhaleproject.org\/es\/wp-json\/wp\/v2\/media?parent=6587"}],"curies":[{"name":"wp","href":"https:\/\/api.w.org\/{rel}","templated":true}]}}