{"id":5514,"date":"2024-09-21T15:31:45","date_gmt":"2024-09-21T13:31:45","guid":{"rendered":"https:\/\/www.shelltonewhaleproject.org\/observer-baleines-depuis-kona-copy\/"},"modified":"2025-12-25T10:26:14","modified_gmt":"2025-12-25T09:26:14","slug":"observar-ballenas-maui","status":"publish","type":"page","link":"https:\/\/www.shelltonewhaleproject.org\/es\/observer-baleines-maui\/","title":{"rendered":"AVISTAMIENTO DE BALLENAS DESDE MAUI"},"content":{"rendered":"<!--themify_builder_content-->\n<div id=\"themify_builder_content-5514\" data-postid=\"5514\" class=\"themify_builder_content themify_builder_content-5514 themify_builder tf_clear\">\n                    <div  data-lazy=\"1\" class=\"module_row themify_builder_row tb_3pm580 tb_first tf_w\">\n            <span  class=\"builder_row_cover tf_abs\" data-lazy=\"1\"><\/span>            <div class=\"row_inner col_align_top tb_col_count_1 tf_box tf_rel\">\n                        <div  data-lazy=\"1\" class=\"module_column tb-column col-full tb_8tzd80 first\">\n                    <!-- module text -->\n<div  class=\"module module-text tb_t3db80    wow\" data-tf-animation=\"fadeInDown\" data-lazy=\"1\">\n        <div  class=\"tb_text_wrap\">\n        <h1 style=\"text-align: center;\">Avistamiento respetuoso de ballenas desde Maui (Hawai)<\/h1>    <\/div>\n<\/div>\n<!-- \/module text --><!-- module plain text -->\n<div  class=\"module module-plain-text tb_dcsb80\" data-lazy=\"1\">\n        <div class=\"tb_text_wrap\">\n    <div class=\"tb_layout_part_wrap tf_w\"><!--themify_builder_content-->\n    <div  class=\"themify_builder_content themify_builder_content-8399 themify_builder not_editable_builder in_the_loop\" data-postid=\"8399\">\n                        <div  data-lazy=\"1\" class=\"module_row themify_builder_row tb_tjb8415 tf_w\">\n                        <div class=\"row_inner col_align_top tb_col_count_1 tf_box tf_rel\">\n                        <div  data-lazy=\"1\" class=\"module_column tb-column col-full tb_7b53415 first\">\n                    <!-- module text -->\n<div  class=\"module module-text tb_2jx4524\" data-lazy=\"1\">\n        <div  class=\"tb_text_wrap\">\n        <h4 style=\"text-align: center;\"><b>Shelltone Whale Project enumera una selecci\u00f3n de operadores de avistamiento de cet\u00e1ceos que se comprometen a adoptar un enfoque respetuoso.<\/b><\/h4>\n<h4 style=\"text-align: center;\">\u00a0<\/h4>\n<h4 style=\"text-align: center;\"><b>Bi\u00f3logos marinos y gu\u00edas experimentados que anteponen el bienestar de los animales.<\/b><\/h4>\n<h4 style=\"text-align: center;\">\u00a0<\/h4>\n<h4 style=\"text-align: center;\"><b>Compruebe directamente su disponibilidad y reserve su experiencia al mejor precio, sin coste adicional.<\/b><\/h4>    <\/div>\n<\/div>\n<!-- \/module text --><!-- module image -->\n<div  class=\"module module-image tb_06zv177 image-center   tf_mw\" data-lazy=\"1\">\n        <div class=\"image-wrap tf_rel tf_mw\">\n            <img loading=\"lazy\" decoding=\"async\" src=\"https:\/\/www.shelltonewhaleproject.org\/wp-content\/uploads\/2025\/10\/lgog-SWP-respect-1-LD-977x1024-250x250.png\" width=\"250\" height=\"250\" class=\"wp-post-image wp-image-8330\" title=\"lgog-SWP-respeto-1-LD\" alt=\"lgog-SWP-respeto-1-LD\" srcset=\"https:\/\/www.shelltonewhaleproject.org\/wp-content\/uploads\/2025\/10\/lgog-SWP-respect-1-LD-977x1024-250x250.png 250w, https:\/\/www.shelltonewhaleproject.org\/wp-content\/uploads\/2025\/10\/lgog-SWP-respect-1-LD-150x150.png 150w, https:\/\/www.shelltonewhaleproject.org\/wp-content\/uploads\/2025\/10\/lgog-SWP-respect-1-LD-11x12.png 11w, https:\/\/www.shelltonewhaleproject.org\/wp-content\/uploads\/2025\/10\/lgog-SWP-respect-1-LD-977x1024-300x300.png 300w\" sizes=\"auto, (max-width: 250px) 100vw, 250px\" \/>    \n        <\/div>\n    <!-- \/image-wrap -->\n    \n        <\/div>\n<!-- \/module image -->        <\/div>\n                        <\/div>\n        <\/div>\n            <\/div>\n<!--\/themify_builder_content--><\/div>\n    <\/div>\n<\/div>\n<!-- \/module plain text -->        <\/div>\n                        <\/div>\n        <\/div>\n                        <div  data-css_id=\"s4k6844\" data-lazy=\"1\" class=\"module_row themify_builder_row fullwidth_row_container tb_s4k6844 tf_w\">\n                        <div class=\"row_inner col_align_top tb_col_count_1 tf_box tf_rel\">\n                        <div  data-lazy=\"1\" class=\"module_column tb-column col-full tb_pii5844 first\">\n                    <!-- module text -->\n<div  class=\"module module-text tb_y5nn371    wow\" data-tf-animation=\"fadeInUp\" data-tf-animation_delay=\"1\" data-lazy=\"1\">\n        <div  class=\"tb_text_wrap\">\n        <h1 style=\"text-align: center;\"><span style=\"color: #093c7a;\">La opini\u00f3n del equipo de Shelltone<\/span><\/h1>    <\/div>\n<\/div>\n<!-- \/module text --><!-- module text -->\n<div  class=\"module module-text tb_1x0j870    wow\" data-tf-animation=\"fadeInUp\" data-tf-animation_delay=\"1\" data-lazy=\"1\">\n        <div  class=\"tb_text_wrap\">\n        <p style=\"text-align: center;\"><b>La cadena de islas hawaianas es uno de los h\u00e1bitats m\u00e1s importantes del mundo para las ballenas jorobadas del Pac\u00edfico Norte, y Maui ofrece algunos de los mejores avistamientos de ballenas de Hawai.<\/b><b>\u00a0<\/b><\/p>\n<p style=\"text-align: center;\"><b>Hawai es el \u00fanico lugar de Estados Unidos donde las ballenas jorobadas se reproducen, paren y amamantan a sus cr\u00edas, y Hawai es el mejor lugar para observar este fen\u00f3meno.<\/b><b>\u00a0<\/b><\/p>\n<p style=\"text-align: center;\"><b>Los cient\u00edficos calculan que dos tercios de la poblaci\u00f3n total del Pac\u00edfico Norte (entre 4.000 y 5.000 ballenas) migran cada invierno a aguas hawaianas, donde barcos como el nuestro navegan cuidadosamente entre ellas para ofrecer excursiones de avistamiento sin igual.<\/b><\/p>\n<p style=\"text-align: center;\"><b>Los entusiastas de los cet\u00e1ceos seleccionados por el equipo de Shelltone en Maui han elegido el <span style=\"color: #6e9e2f;\">RESPETO<\/span>.<\/b><\/p>    <\/div>\n<\/div>\n<!-- \/module text -->        <\/div>\n                        <\/div>\n        <\/div>\n                        <div  data-lazy=\"1\" class=\"module_row themify_builder_row tb_4rc0165 tf_w\">\n                        <div class=\"row_inner col_align_top tb_col_count_1 tf_box tf_rel\">\n                        <div  data-lazy=\"1\" class=\"module_column tb-column col-full tb_ev5u165 first\">\n                    <!-- module text -->\n<div  class=\"module module-text tb_mzm4165    wow\" data-tf-animation=\"fadeInDown\" data-lazy=\"1\">\n        <div  class=\"tb_text_wrap\">\n        <h2 style=\"text-align: center;\"><strong>AVISTAMIENTO DE CET\u00c1CEOS EN MAUI<\/strong><\/h2>\n<p style=\"text-align: center;\"><strong>Calendario de salidas, tarifas, reservas...<\/strong><\/p>    <\/div>\n<\/div>\n<!-- \/module text --><!-- module plain text -->\n<div  class=\"module module-plain-text tb_94ju509\" data-lazy=\"1\">\n        <div class=\"tb_text_wrap\">\n    <div class=\"shelltone-fh-embed\">\n  <iframe\n    src=\"https:\/\/fareharbor.com\/embeds\/book\/pacific-whale\/items\/410237\/?asn=fhdn&#038;asn-ref=shelltonewhaleproject&#038;full-items=yes&#038;flow=no&#038;branding=yes&#038;bookable-only=yes&#038;ref=shelltonewhaleproject&#038;back=BACKLINK\"\n    loading=\"lazy\"\n    scrolling=\"auto\">\n  <\/iframe>\n<\/div>    <\/div>\n<\/div>\n<!-- \/module plain text -->        <\/div>\n                        <\/div>\n        <\/div>\n                        <div  data-anchor=\"photos\" data-css_id=\"7qly771\" data-lazy=\"1\" class=\"module_row themify_builder_row fullwidth tb_has_section tb_section-photos tb_7qly771 tf_w\">\n                        <div class=\"row_inner col_align_top tb_col_count_1 tf_box tf_rel\">\n                        <div  data-lazy=\"1\" class=\"module_column tb-column col-full tb_k4it771 first\">\n                            <div  data-lazy=\"1\" class=\"module_subrow themify_builder_sub_row tf_w col_align_top tb_col_count_1 tb_scn2771\">\n                <div  data-lazy=\"1\" class=\"module_column sub_column col-full tb_va8i771 first\">\n                    <!-- module text -->\n<div  class=\"module module-text tb_drww771    wow\" data-tf-animation=\"fadeInUp\" data-tf-animation_delay=\"1\" data-lazy=\"1\">\n        <div  class=\"tb_text_wrap\">\n        <h1 style=\"text-align: center;\">Fotos de la expedici\u00f3n a Maui<\/h1>    <\/div>\n<\/div>\n<!-- \/module text -->        <\/div>\n                    <\/div>\n                <\/div>\n                        <\/div>\n        <\/div>\n                        <div  data-anchor=\"photos\" data-css_id=\"bl1n492\" data-lazy=\"1\" class=\"module_row themify_builder_row fullwidth tb_has_section tb_section-photos tb_bl1n492 tf_w\">\n                        <div class=\"row_inner col_align_top tb_col_count_1 tf_box tf_rel\">\n                        <div  data-lazy=\"1\" class=\"module_column tb-column col-full tb_lsfh492 first\">\n                            <div  data-lazy=\"1\" class=\"module_subrow themify_builder_sub_row tf_w col_align_top tb_col_count_1 tb_09ay492\">\n                <div  data-lazy=\"1\" class=\"module_column sub_column col-full tb_6oi5492 first\">\n                    <!-- module image -->\n<div  class=\"module module-image tb_uj8m492 image-top   auto_fullwidth tf_mw\" data-lazy=\"1\">\n        <div class=\"image-wrap tf_rel tf_mw\">\n            <img loading=\"lazy\" decoding=\"async\" width=\"2560\" height=\"1707\" src=\"https:\/\/www.shelltonewhaleproject.org\/wp-content\/uploads\/2024\/09\/Blow-scaled.jpg\" class=\"wp-post-image wp-image-5600\" title=\"Safari fotogr\u00e1fico\" alt=\"Safari fotogr\u00e1fico\" srcset=\"https:\/\/www.shelltonewhaleproject.org\/wp-content\/uploads\/2024\/09\/Blow-scaled.jpg 2560w, https:\/\/www.shelltonewhaleproject.org\/wp-content\/uploads\/2024\/09\/Blow-300x200.jpg 300w, https:\/\/www.shelltonewhaleproject.org\/wp-content\/uploads\/2024\/09\/Blow-1024x683.jpg 1024w, https:\/\/www.shelltonewhaleproject.org\/wp-content\/uploads\/2024\/09\/Blow-768x512.jpg 768w, https:\/\/www.shelltonewhaleproject.org\/wp-content\/uploads\/2024\/09\/Blow-1536x1024.jpg 1536w, https:\/\/www.shelltonewhaleproject.org\/wp-content\/uploads\/2024\/09\/Blow-2048x1365.jpg 2048w, https:\/\/www.shelltonewhaleproject.org\/wp-content\/uploads\/2024\/09\/Blow-18x12.jpg 18w, https:\/\/www.shelltonewhaleproject.org\/wp-content\/uploads\/2024\/09\/Blow-1024x683-550x366.jpg 550w\" sizes=\"auto, (max-width: 2560px) 100vw, 2560px\" \/>    \n        <\/div>\n    <!-- \/image-wrap -->\n    \n        <\/div>\n<!-- \/module image --><!-- module image -->\n<div  class=\"module module-image tb_siiw492 image-top   auto_fullwidth tf_mw\" data-lazy=\"1\">\n        <div class=\"image-wrap tf_rel tf_mw\">\n            <img loading=\"lazy\" decoding=\"async\" width=\"2560\" height=\"1707\" src=\"https:\/\/www.shelltonewhaleproject.org\/wp-content\/uploads\/2024\/09\/N4A5734-scaled.jpg\" class=\"wp-post-image wp-image-5596\" title=\"Skiff\" alt=\"Skiff\" srcset=\"https:\/\/www.shelltonewhaleproject.org\/wp-content\/uploads\/2024\/09\/N4A5734-scaled.jpg 2560w, https:\/\/www.shelltonewhaleproject.org\/wp-content\/uploads\/2024\/09\/N4A5734-300x200.jpg 300w, https:\/\/www.shelltonewhaleproject.org\/wp-content\/uploads\/2024\/09\/N4A5734-1024x683.jpg 1024w, https:\/\/www.shelltonewhaleproject.org\/wp-content\/uploads\/2024\/09\/N4A5734-768x512.jpg 768w, https:\/\/www.shelltonewhaleproject.org\/wp-content\/uploads\/2024\/09\/N4A5734-1536x1024.jpg 1536w, https:\/\/www.shelltonewhaleproject.org\/wp-content\/uploads\/2024\/09\/N4A5734-2048x1365.jpg 2048w, https:\/\/www.shelltonewhaleproject.org\/wp-content\/uploads\/2024\/09\/N4A5734-18x12.jpg 18w, https:\/\/www.shelltonewhaleproject.org\/wp-content\/uploads\/2024\/09\/N4A5734-1024x683-550x366.jpg 550w\" sizes=\"auto, (max-width: 2560px) 100vw, 2560px\" \/>    \n        <\/div>\n    <!-- \/image-wrap -->\n    \n        <\/div>\n<!-- \/module image --><!-- module image -->\n<div  class=\"module module-image tb_h2y0492 image-top   auto_fullwidth tf_mw\" data-lazy=\"1\">\n        <div class=\"image-wrap tf_rel tf_mw\">\n            <img loading=\"lazy\" decoding=\"async\" width=\"2560\" height=\"1707\" src=\"https:\/\/www.shelltonewhaleproject.org\/wp-content\/uploads\/2024\/09\/IMG_0641-scaled.jpg\" class=\"wp-post-image wp-image-5601\" title=\"Tomadas por un fot\u00f3grafo profesional en Photo Safari Cruisess\" alt=\"Tomadas por un fot\u00f3grafo profesional en Photo Safari Cruisess\" srcset=\"https:\/\/www.shelltonewhaleproject.org\/wp-content\/uploads\/2024\/09\/IMG_0641-scaled.jpg 2560w, https:\/\/www.shelltonewhaleproject.org\/wp-content\/uploads\/2024\/09\/IMG_0641-300x200.jpg 300w, https:\/\/www.shelltonewhaleproject.org\/wp-content\/uploads\/2024\/09\/IMG_0641-1024x683.jpg 1024w, https:\/\/www.shelltonewhaleproject.org\/wp-content\/uploads\/2024\/09\/IMG_0641-768x512.jpg 768w, https:\/\/www.shelltonewhaleproject.org\/wp-content\/uploads\/2024\/09\/IMG_0641-1536x1024.jpg 1536w, https:\/\/www.shelltonewhaleproject.org\/wp-content\/uploads\/2024\/09\/IMG_0641-2048x1365.jpg 2048w, https:\/\/www.shelltonewhaleproject.org\/wp-content\/uploads\/2024\/09\/IMG_0641-18x12.jpg 18w, https:\/\/www.shelltonewhaleproject.org\/wp-content\/uploads\/2024\/09\/IMG_0641-1024x683-550x366.jpg 550w\" sizes=\"auto, (max-width: 2560px) 100vw, 2560px\" \/>    \n        <\/div>\n    <!-- \/image-wrap -->\n    \n        <\/div>\n<!-- \/module image -->        <\/div>\n                    <\/div>\n                <\/div>\n                        <\/div>\n        <\/div>\n        <\/div>\n<!--\/themify_builder_content-->","protected":false},"excerpt":{"rendered":"<p>Observation respectueuse de baleines depuis Maui, Hawa\u00ef L&rsquo;avis de la team Shelltone La cha\u00eene des \u00eeles hawa\u00efennes constitue l&rsquo;un des habitats les plus importants au monde pour les baleines \u00e0 bosse du Pacifique Nord, et Maui offre l&rsquo;un des meilleurs sites d&rsquo;observation des baleines \u00e0 Hawa\u00ef.\u00a0 Hawa\u00ef est le seul endroit aux \u00c9tats-Unis o\u00f9 les [&hellip;]<\/p>\n","protected":false},"author":1,"featured_media":0,"parent":0,"menu_order":0,"comment_status":"closed","ping_status":"closed","template":"","meta":{"footnotes":""},"class_list":["post-5514","page","type-page","status-publish","hentry","has-post-title","has-post-date","has-post-category","has-post-tag","has-post-comment","has-post-author",""],"builder_content":"<h1 style=\"text-align: center;\">Observation respectueuse de baleines depuis Maui, Hawa\u00ef<\/h1>\n[themify_layout_part id=\"8399\"]\n<h1 style=\"text-align: center;\">L'avis de la team Shelltone<\/h1>\n<p style=\"text-align: center;\"><b>La cha\u00eene des \u00eeles hawa\u00efennes constitue l'un des habitats les plus importants au monde pour les baleines \u00e0 bosse du Pacifique Nord, et Maui offre l'un des meilleurs sites d'observation des baleines \u00e0 Hawa\u00ef.<\/b><b>\u00a0<\/b><\/p> <p style=\"text-align: center;\"><b>Hawa\u00ef est le seul endroit aux \u00c9tats-Unis o\u00f9 les baleines \u00e0 bosse se reproduisent, mettent bas et allaitent leurs petits, et Hawa\u00ef est le meilleur endroit pour observer ce ph\u00e9nom\u00e8ne.<\/b><b>\u00a0<\/b><\/p> <p style=\"text-align: center;\"><b>Les scientifiques estiment que les deux tiers de la population totale du Pacifique Nord (environ 4 000 \u00e0 5 000 baleines) migrent chaque hiver vers les eaux hawa\u00efennes, o\u00f9 des bateaux comme le n\u00f4tre naviguent prudemment parmi elles pour offrir des excursions d'observation des baleines sans pareilles.<\/b><\/p> <p style=\"text-align: center;\"><b>Les observateurs passionn\u00e9s de c\u00e9tac\u00e9s s\u00e9lectionn\u00e9s par la team Shelltone \u00e0 Maui ont choisi le RESPECT.<\/b><\/p>\n<h2 style=\"text-align: center;\"><strong>OBSERVATION DE C\u00c9TAC\u00c9S \u00c0 MAUI<\/strong><\/h2> <p style=\"text-align: center;\"><strong>Calendrier des sorties, tarifs, r\u00e9servations...<\/strong><\/p>\n<iframe src=\"https:\/\/fareharbor.com\/embeds\/book\/pacific-whale\/items\/410237\/?asn=fhdn&asn-ref=shelltonewhaleproject&full-items=yes&flow=no&branding=yes&bookable-only=yes&ref=shelltonewhaleproject&back=BACKLINK\" loading=\"lazy\" scrolling=\"auto\"> <\/iframe>\n<h1 style=\"text-align: center;\">Photos de l'exp\u00e9dition \u00e0 Maui<\/h1>\n<img src=\"https:\/\/www.shelltonewhaleproject.org\/wp-content\/uploads\/2024\/09\/Blow-scaled.jpg\" title=\"Photo Safari\" alt=\"Photo Safari\" srcset=\"https:\/\/www.shelltonewhaleproject.org\/wp-content\/uploads\/2024\/09\/Blow-scaled.jpg 2560w, https:\/\/www.shelltonewhaleproject.org\/wp-content\/uploads\/2024\/09\/Blow-300x200.jpg 300w, https:\/\/www.shelltonewhaleproject.org\/wp-content\/uploads\/2024\/09\/Blow-1024x683.jpg 1024w, https:\/\/www.shelltonewhaleproject.org\/wp-content\/uploads\/2024\/09\/Blow-768x512.jpg 768w, https:\/\/www.shelltonewhaleproject.org\/wp-content\/uploads\/2024\/09\/Blow-1536x1024.jpg 1536w, https:\/\/www.shelltonewhaleproject.org\/wp-content\/uploads\/2024\/09\/Blow-2048x1365.jpg 2048w, https:\/\/www.shelltonewhaleproject.org\/wp-content\/uploads\/2024\/09\/Blow-18x12.jpg 18w, https:\/\/www.shelltonewhaleproject.org\/wp-content\/uploads\/2024\/09\/Blow-1024x683-550x366.jpg 550w\" sizes=\"(max-width: 2560px) 100vw, 2560px\" \/>\n<img src=\"https:\/\/www.shelltonewhaleproject.org\/wp-content\/uploads\/2024\/09\/N4A5734-scaled.jpg\" title=\"Skiff\" alt=\"Skiff\" srcset=\"https:\/\/www.shelltonewhaleproject.org\/wp-content\/uploads\/2024\/09\/N4A5734-scaled.jpg 2560w, https:\/\/www.shelltonewhaleproject.org\/wp-content\/uploads\/2024\/09\/N4A5734-300x200.jpg 300w, https:\/\/www.shelltonewhaleproject.org\/wp-content\/uploads\/2024\/09\/N4A5734-1024x683.jpg 1024w, https:\/\/www.shelltonewhaleproject.org\/wp-content\/uploads\/2024\/09\/N4A5734-768x512.jpg 768w, https:\/\/www.shelltonewhaleproject.org\/wp-content\/uploads\/2024\/09\/N4A5734-1536x1024.jpg 1536w, https:\/\/www.shelltonewhaleproject.org\/wp-content\/uploads\/2024\/09\/N4A5734-2048x1365.jpg 2048w, https:\/\/www.shelltonewhaleproject.org\/wp-content\/uploads\/2024\/09\/N4A5734-18x12.jpg 18w, https:\/\/www.shelltonewhaleproject.org\/wp-content\/uploads\/2024\/09\/N4A5734-1024x683-550x366.jpg 550w\" sizes=\"(max-width: 2560px) 100vw, 2560px\" \/>\n<img src=\"https:\/\/www.shelltonewhaleproject.org\/wp-content\/uploads\/2024\/09\/IMG_0641-scaled.jpg\" title=\"Taken by professional photographer on Photo Safari Cruisess\" alt=\"Taken by professional photographer on Photo Safari Cruisess\" srcset=\"https:\/\/www.shelltonewhaleproject.org\/wp-content\/uploads\/2024\/09\/IMG_0641-scaled.jpg 2560w, https:\/\/www.shelltonewhaleproject.org\/wp-content\/uploads\/2024\/09\/IMG_0641-300x200.jpg 300w, https:\/\/www.shelltonewhaleproject.org\/wp-content\/uploads\/2024\/09\/IMG_0641-1024x683.jpg 1024w, https:\/\/www.shelltonewhaleproject.org\/wp-content\/uploads\/2024\/09\/IMG_0641-768x512.jpg 768w, https:\/\/www.shelltonewhaleproject.org\/wp-content\/uploads\/2024\/09\/IMG_0641-1536x1024.jpg 1536w, https:\/\/www.shelltonewhaleproject.org\/wp-content\/uploads\/2024\/09\/IMG_0641-2048x1365.jpg 2048w, https:\/\/www.shelltonewhaleproject.org\/wp-content\/uploads\/2024\/09\/IMG_0641-18x12.jpg 18w, https:\/\/www.shelltonewhaleproject.org\/wp-content\/uploads\/2024\/09\/IMG_0641-1024x683-550x366.jpg 550w\" sizes=\"(max-width: 2560px) 100vw, 2560px\" \/>","_links":{"self":[{"href":"https:\/\/www.shelltonewhaleproject.org\/es\/wp-json\/wp\/v2\/pages\/5514","targetHints":{"allow":["GET"]}}],"collection":[{"href":"https:\/\/www.shelltonewhaleproject.org\/es\/wp-json\/wp\/v2\/pages"}],"about":[{"href":"https:\/\/www.shelltonewhaleproject.org\/es\/wp-json\/wp\/v2\/types\/page"}],"author":[{"embeddable":true,"href":"https:\/\/www.shelltonewhaleproject.org\/es\/wp-json\/wp\/v2\/users\/1"}],"replies":[{"embeddable":true,"href":"https:\/\/www.shelltonewhaleproject.org\/es\/wp-json\/wp\/v2\/comments?post=5514"}],"version-history":[{"count":5,"href":"https:\/\/www.shelltonewhaleproject.org\/es\/wp-json\/wp\/v2\/pages\/5514\/revisions"}],"predecessor-version":[{"id":9571,"href":"https:\/\/www.shelltonewhaleproject.org\/es\/wp-json\/wp\/v2\/pages\/5514\/revisions\/9571"}],"wp:attachment":[{"href":"https:\/\/www.shelltonewhaleproject.org\/es\/wp-json\/wp\/v2\/media?parent=5514"}],"curies":[{"name":"wp","href":"https:\/\/api.w.org\/{rel}","templated":true}]}}