{"id":5313,"date":"2024-09-12T18:05:05","date_gmt":"2024-09-12T16:05:05","guid":{"rendered":"https:\/\/www.shelltonewhaleproject.org\/observer-baleines-et-dauphins-depuis-cadaques-copy\/"},"modified":"2026-01-06T09:20:56","modified_gmt":"2026-01-06T08:20:56","slug":"observar-ballenas-y-delfines-kona","status":"publish","type":"page","link":"https:\/\/www.shelltonewhaleproject.org\/es\/observer-baleines-kona\/","title":{"rendered":"AVISTAMIENTO DE BALLENAS DESDE KONA"},"content":{"rendered":"<!--themify_builder_content-->\n<div id=\"themify_builder_content-5313\" data-postid=\"5313\" class=\"themify_builder_content themify_builder_content-5313 themify_builder tf_clear\">\n                    <div  data-lazy=\"1\" class=\"module_row themify_builder_row tb_uel4999 tb_first tf_w\">\n            <span  class=\"builder_row_cover tf_abs\" data-lazy=\"1\"><\/span>            <div class=\"row_inner col_align_top tb_col_count_1 tf_box tf_rel\">\n                        <div  data-lazy=\"1\" class=\"module_column tb-column col-full tb_q4m0999 first\">\n                    <!-- module text -->\n<div  class=\"module module-text tb_2ksl999    wow\" data-tf-animation=\"fadeInDown\" data-lazy=\"1\">\n        <div  class=\"tb_text_wrap\">\n        <h1 style=\"text-align: center;\">Avistamiento respetuoso de ballenas desde Kona (Hawai)<\/h1>    <\/div>\n<\/div>\n<!-- \/module text --><!-- module plain text -->\n<div  class=\"module module-plain-text tb_5k6u999\" data-lazy=\"1\">\n        <div class=\"tb_text_wrap\">\n    <div class=\"tb_layout_part_wrap tf_w\"><!--themify_builder_content-->\n    <div  class=\"themify_builder_content themify_builder_content-8399 themify_builder not_editable_builder in_the_loop\" data-postid=\"8399\">\n                        <div  data-lazy=\"1\" class=\"module_row themify_builder_row tb_tjb8415 tf_w\">\n                        <div class=\"row_inner col_align_top tb_col_count_1 tf_box tf_rel\">\n                        <div  data-lazy=\"1\" class=\"module_column tb-column col-full tb_7b53415 first\">\n                    <!-- module text -->\n<div  class=\"module module-text tb_2jx4524\" data-lazy=\"1\">\n        <div  class=\"tb_text_wrap\">\n        <h4 style=\"text-align: center;\"><b>Shelltone Whale Project enumera una selecci\u00f3n de operadores de avistamiento de cet\u00e1ceos que se comprometen a adoptar un enfoque respetuoso.<\/b><\/h4>\n<h4 style=\"text-align: center;\">\u00a0<\/h4>\n<h4 style=\"text-align: center;\"><b>Bi\u00f3logos marinos y gu\u00edas experimentados que anteponen el bienestar de los animales.<\/b><\/h4>\n<h4 style=\"text-align: center;\">\u00a0<\/h4>\n<h4 style=\"text-align: center;\"><b>Compruebe directamente su disponibilidad y reserve su experiencia al mejor precio, sin coste adicional.<\/b><\/h4>    <\/div>\n<\/div>\n<!-- \/module text --><!-- module image -->\n<div  class=\"module module-image tb_06zv177 image-center   tf_mw\" data-lazy=\"1\">\n        <div class=\"image-wrap tf_rel tf_mw\">\n            <img loading=\"lazy\" decoding=\"async\" src=\"https:\/\/www.shelltonewhaleproject.org\/wp-content\/uploads\/2025\/10\/lgog-SWP-respect-1-LD-977x1024-250x250.png\" width=\"250\" height=\"250\" class=\"wp-post-image wp-image-8330\" title=\"lgog-SWP-respeto-1-LD\" alt=\"lgog-SWP-respeto-1-LD\" srcset=\"https:\/\/www.shelltonewhaleproject.org\/wp-content\/uploads\/2025\/10\/lgog-SWP-respect-1-LD-977x1024-250x250.png 250w, https:\/\/www.shelltonewhaleproject.org\/wp-content\/uploads\/2025\/10\/lgog-SWP-respect-1-LD-150x150.png 150w, https:\/\/www.shelltonewhaleproject.org\/wp-content\/uploads\/2025\/10\/lgog-SWP-respect-1-LD-11x12.png 11w, https:\/\/www.shelltonewhaleproject.org\/wp-content\/uploads\/2025\/10\/lgog-SWP-respect-1-LD-977x1024-300x300.png 300w\" sizes=\"auto, (max-width: 250px) 100vw, 250px\" \/>    \n        <\/div>\n    <!-- \/image-wrap -->\n    \n        <\/div>\n<!-- \/module image -->        <\/div>\n                        <\/div>\n        <\/div>\n            <\/div>\n<!--\/themify_builder_content--><\/div>\n    <\/div>\n<\/div>\n<!-- \/module plain text -->        <\/div>\n                        <\/div>\n        <\/div>\n                        <div  data-css_id=\"2qzp699\" data-lazy=\"1\" class=\"module_row themify_builder_row fullwidth_row_container tb_2qzp699 tf_w\">\n                        <div class=\"row_inner col_align_top tb_col_count_1 tf_box tf_rel\">\n                        <div  data-lazy=\"1\" class=\"module_column tb-column col-full tb_nzmt699 first\">\n                    <!-- module text -->\n<div  class=\"module module-text tb_f0nc588    wow\" data-tf-animation=\"fadeInUp\" data-tf-animation_delay=\"1\" data-lazy=\"1\">\n        <div  class=\"tb_text_wrap\">\n        <h1 style=\"text-align: center;\"><span style=\"color: #093c7a;\">La opini\u00f3n del equipo de Shelltone<\/span><\/h1>    <\/div>\n<\/div>\n<!-- \/module text --><!-- module text -->\n<div  class=\"module module-text tb_lwzt882    wow\" data-tf-animation=\"fadeInUp\" data-tf-animation_delay=\"1\" data-lazy=\"1\">\n        <div  class=\"tb_text_wrap\">\n        <p style=\"text-align: center;\"><strong>La cadena de islas hawaianas es uno de los h\u00e1bitats m\u00e1s importantes del mundo para las ballenas jorobadas del Pac\u00edfico Norte, y Kona ofrece uno de los mejores lugares de Hawai para la observaci\u00f3n de ballenas.<\/strong><\/p>\n<p style=\"text-align: center;\"><strong>Hawai es el \u00fanico lugar de Estados Unidos donde las ballenas jorobadas se reproducen, paren y amamantan a sus cr\u00edas, y Hawai es el mejor lugar para observar este fen\u00f3meno.<\/strong><\/p>\n<p style=\"text-align: center;\"><strong>Los cient\u00edficos calculan que dos tercios de la poblaci\u00f3n total del Pac\u00edfico Norte (entre 4.000 y 5.000 ballenas) migran a aguas hawaianas cada invierno.\u00a0<\/strong><\/p>\n<p style=\"text-align: center;\"><strong>Los entusiastas de los cet\u00e1ceos seleccionados por el equipo de Shelltone en Kona han elegido el <span style=\"color: #6e9e2f;\">RESPETO<\/span>.<\/strong><\/p>    <\/div>\n<\/div>\n<!-- \/module text -->        <\/div>\n                        <\/div>\n        <\/div>\n                        <div  data-lazy=\"1\" class=\"module_row themify_builder_row tb_i6lr537 tf_w\">\n                        <div class=\"row_inner col_align_top tb_col_count_1 tf_box tf_rel\">\n                        <div  data-lazy=\"1\" class=\"module_column tb-column col-full tb_4lb2537 first\">\n                    <!-- module text -->\n<div  class=\"module module-text tb_8zz3537    wow\" data-tf-animation=\"fadeInDown\" data-lazy=\"1\">\n        <div  class=\"tb_text_wrap\">\n        <h2 style=\"text-align: center;\"><strong>AVISTAMIENTO DE CET\u00c1CEOS EN KONA<\/strong><\/h2>\n<p style=\"text-align: center;\"><strong>Calendario de salidas, tarifas, reservas...<\/strong><\/p>    <\/div>\n<\/div>\n<!-- \/module text --><!-- module plain text -->\n<div  class=\"module module-plain-text tb_5huq806\" data-lazy=\"1\">\n        <div class=\"tb_text_wrap\">\n    <div class=\"shelltone-fh-embed\">\n  <iframe\n    src=\"https:\/\/fareharbor.com\/embeds\/book\/bodyglove\/items\/397615\/?asn=fhdn&#038;asn-ref=shelltonewhaleproject&#038;ref=shelltonewhaleproject&#038;bookable-only=yes&#038;full-items=yes&#038;marketplace=yes&#038;flow=no&#038;branding=no\"\n    loading=\"lazy\"\n    scrolling=\"auto\">\n  <\/iframe>\n<\/div>\n    <\/div>\n<\/div>\n<!-- \/module plain text -->        <\/div>\n                        <\/div>\n        <\/div>\n                        <div  data-anchor=\"photos\" data-css_id=\"a27j947\" data-lazy=\"1\" class=\"module_row themify_builder_row fullwidth tb_has_section tb_section-photos tb_a27j947 tf_w\">\n                        <div class=\"row_inner col_align_top tb_col_count_1 tf_box tf_rel\">\n                        <div  data-lazy=\"1\" class=\"module_column tb-column col-full tb_yyxj947 first\">\n                            <div  data-lazy=\"1\" class=\"module_subrow themify_builder_sub_row tf_w col_align_top tb_col_count_1 tb_hswa947\">\n                <div  data-lazy=\"1\" class=\"module_column sub_column col-full tb_adwc947 first\">\n                    <!-- module text -->\n<div  class=\"module module-text tb_5skj947    wow\" data-tf-animation=\"fadeInUp\" data-tf-animation_delay=\"1\" data-lazy=\"1\">\n        <div  class=\"tb_text_wrap\">\n        <h1 style=\"text-align: center;\">Fotos de la expedici\u00f3n a Kona<\/h1>    <\/div>\n<\/div>\n<!-- \/module text -->        <\/div>\n                    <\/div>\n                <\/div>\n                        <\/div>\n        <\/div>\n                        <div  data-anchor=\"photos\" data-css_id=\"ai20755\" data-lazy=\"1\" class=\"module_row themify_builder_row fullwidth tb_has_section tb_section-photos tb_ai20755 tf_w\">\n                        <div class=\"row_inner col_align_top tb_col_count_1 tf_box tf_rel\">\n                        <div  data-lazy=\"1\" class=\"module_column tb-column col-full tb_y5e7755 first\">\n                            <div  data-lazy=\"1\" class=\"module_subrow themify_builder_sub_row tf_w col_align_top tb_col_count_1 tb_a4wg755\">\n                <div  data-lazy=\"1\" class=\"module_column sub_column col-full tb_ow3d755 first\">\n                    <!-- module image -->\n<div  class=\"module module-image tb_oiog755 image-top   auto_fullwidth tf_mw\" data-lazy=\"1\">\n        <div class=\"image-wrap tf_rel tf_mw\">\n            <img loading=\"lazy\" decoding=\"async\" width=\"1600\" height=\"1068\" src=\"https:\/\/www.shelltonewhaleproject.org\/wp-content\/uploads\/2026\/01\/kona-whalewatching-1-1.jpeg\" class=\"wp-post-image wp-image-9683\" title=\"Kona-avistamiento-de-ballenas-1\" alt=\"Kona-avistamiento-de-ballenas-1\" srcset=\"https:\/\/www.shelltonewhaleproject.org\/wp-content\/uploads\/2026\/01\/kona-whalewatching-1-1.jpeg 1600w, https:\/\/www.shelltonewhaleproject.org\/wp-content\/uploads\/2026\/01\/kona-whalewatching-1-1-300x200.jpeg 300w, https:\/\/www.shelltonewhaleproject.org\/wp-content\/uploads\/2026\/01\/kona-whalewatching-1-1-1024x684.jpeg 1024w, https:\/\/www.shelltonewhaleproject.org\/wp-content\/uploads\/2026\/01\/kona-whalewatching-1-1-768x513.jpeg 768w, https:\/\/www.shelltonewhaleproject.org\/wp-content\/uploads\/2026\/01\/kona-whalewatching-1-1-1536x1025.jpeg 1536w, https:\/\/www.shelltonewhaleproject.org\/wp-content\/uploads\/2026\/01\/kona-whalewatching-1-1-18x12.jpeg 18w\" sizes=\"auto, (max-width: 1600px) 100vw, 1600px\" \/>    \n        <\/div>\n    <!-- \/image-wrap -->\n    \n        <\/div>\n<!-- \/module image --><!-- module image -->\n<div  class=\"module module-image tb_px0g755 image-top   auto_fullwidth tf_mw\" data-lazy=\"1\">\n        <div class=\"image-wrap tf_rel tf_mw\">\n            <img loading=\"lazy\" decoding=\"async\" width=\"1600\" height=\"900\" src=\"https:\/\/www.shelltonewhaleproject.org\/wp-content\/uploads\/2024\/09\/hump1.jpg\" class=\"wp-post-image wp-image-5320\" title=\"joroba1\" alt=\"joroba1\" srcset=\"https:\/\/www.shelltonewhaleproject.org\/wp-content\/uploads\/2024\/09\/hump1.jpg 1600w, https:\/\/www.shelltonewhaleproject.org\/wp-content\/uploads\/2024\/09\/hump1-300x169.jpg 300w, https:\/\/www.shelltonewhaleproject.org\/wp-content\/uploads\/2024\/09\/hump1-1024x576.jpg 1024w, https:\/\/www.shelltonewhaleproject.org\/wp-content\/uploads\/2024\/09\/hump1-768x432.jpg 768w, https:\/\/www.shelltonewhaleproject.org\/wp-content\/uploads\/2024\/09\/hump1-1536x864.jpg 1536w, https:\/\/www.shelltonewhaleproject.org\/wp-content\/uploads\/2024\/09\/hump1-18x10.jpg 18w, https:\/\/www.shelltonewhaleproject.org\/wp-content\/uploads\/2024\/09\/hump1-1024x576-550x309.jpg 550w\" sizes=\"auto, (max-width: 1600px) 100vw, 1600px\" \/>    \n        <\/div>\n    <!-- \/image-wrap -->\n    \n        <\/div>\n<!-- \/module image --><!-- module image -->\n<div  class=\"module module-image tb_v1gj755 image-top   auto_fullwidth tf_mw\" data-lazy=\"1\">\n        <div class=\"image-wrap tf_rel tf_mw\">\n            <img loading=\"lazy\" decoding=\"async\" width=\"1600\" height=\"900\" src=\"https:\/\/www.shelltonewhaleproject.org\/wp-content\/uploads\/2026\/01\/kona-whalewatching-2.jpeg\" class=\"wp-post-image wp-image-9684\" title=\"Kona-avistamiento-de-ballenas-2\" alt=\"Kona-avistamiento-de-ballenas-2\" srcset=\"https:\/\/www.shelltonewhaleproject.org\/wp-content\/uploads\/2026\/01\/kona-whalewatching-2.jpeg 1600w, https:\/\/www.shelltonewhaleproject.org\/wp-content\/uploads\/2026\/01\/kona-whalewatching-2-300x169.jpeg 300w, https:\/\/www.shelltonewhaleproject.org\/wp-content\/uploads\/2026\/01\/kona-whalewatching-2-1024x576.jpeg 1024w, https:\/\/www.shelltonewhaleproject.org\/wp-content\/uploads\/2026\/01\/kona-whalewatching-2-768x432.jpeg 768w, https:\/\/www.shelltonewhaleproject.org\/wp-content\/uploads\/2026\/01\/kona-whalewatching-2-1536x864.jpeg 1536w, https:\/\/www.shelltonewhaleproject.org\/wp-content\/uploads\/2026\/01\/kona-whalewatching-2-18x10.jpeg 18w\" sizes=\"auto, (max-width: 1600px) 100vw, 1600px\" \/>    \n        <\/div>\n    <!-- \/image-wrap -->\n    \n        <\/div>\n<!-- \/module image -->        <\/div>\n                    <\/div>\n                <\/div>\n                        <\/div>\n        <\/div>\n        <\/div>\n<!--\/themify_builder_content-->","protected":false},"excerpt":{"rendered":"<p>Observation respectueuse de baleines depuis Kona (Hawa\u00ef) L&rsquo;avis de la team Shelltone La cha\u00eene des \u00eeles hawa\u00efennes constitue l&rsquo;un des habitats les plus importants au monde pour les baleines \u00e0 bosse du Pacifique Nord, et Kona offre l&rsquo;un des meilleurs sites d&rsquo;observation des baleines \u00e0 Hawa\u00ef. Hawa\u00ef est le seul endroit aux \u00c9tats-Unis o\u00f9 les [&hellip;]<\/p>\n","protected":false},"author":1,"featured_media":0,"parent":0,"menu_order":0,"comment_status":"closed","ping_status":"closed","template":"","meta":{"footnotes":""},"class_list":["post-5313","page","type-page","status-publish","hentry","has-post-title","has-post-date","has-post-category","has-post-tag","has-post-comment","has-post-author",""],"builder_content":"<h1 style=\"text-align: center;\">Observation respectueuse de baleines depuis Kona (Hawa\u00ef)<\/h1>\n[themify_layout_part id=\"8399\"]\n<h1 style=\"text-align: center;\">L'avis de la team Shelltone<\/h1>\n<p style=\"text-align: center;\"><strong>La cha\u00eene des \u00eeles hawa\u00efennes constitue l'un des habitats les plus importants au monde pour les baleines \u00e0 bosse du Pacifique Nord, et Kona offre l'un des meilleurs sites d'observation des baleines \u00e0 Hawa\u00ef.<\/strong><\/p> <p style=\"text-align: center;\"><strong>Hawa\u00ef est le seul endroit aux \u00c9tats-Unis o\u00f9 les baleines \u00e0 bosse se reproduisent, mettent bas et allaitent leurs petits, et Hawa\u00ef est le meilleur endroit pour observer ce ph\u00e9nom\u00e8ne.<\/strong><\/p> <p style=\"text-align: center;\"><strong>Les scientifiques estiment que les deux tiers de la population totale du Pacifique Nord (environ 4 000 \u00e0 5 000 baleines) migrent chaque hiver vers les eaux hawa\u00efennes.\u00a0<\/strong><\/p> <p style=\"text-align: center;\"><strong>Les observateurs passionn\u00e9s de c\u00e9tac\u00e9s s\u00e9lectionn\u00e9s par la team Shelltone \u00e0 Kona ont choisi le RESPECT.<\/strong><\/p>\n<h2 style=\"text-align: center;\"><strong>OBSERVATION DE C\u00c9TAC\u00c9S \u00c0 KONA<\/strong><\/h2> <p style=\"text-align: center;\"><strong>Calendrier des sorties, tarifs, r\u00e9servations...<\/strong><\/p>\n<iframe src=\"https:\/\/fareharbor.com\/embeds\/book\/bodyglove\/items\/397615\/?asn=fhdn&asn-ref=shelltonewhaleproject&ref=shelltonewhaleproject&bookable-only=yes&full-items=yes&marketplace=yes&flow=no&branding=no\" loading=\"lazy\" scrolling=\"auto\"> <\/iframe>\n<h1 style=\"text-align: center;\">Photos de l'exp\u00e9dition \u00e0 Kona<\/h1>\n<img src=\"https:\/\/www.shelltonewhaleproject.org\/wp-content\/uploads\/2026\/01\/kona-whalewatching-1-1.jpeg\" title=\"Kona-whalewatching-1\" alt=\"Kona-whalewatching-1\" srcset=\"https:\/\/www.shelltonewhaleproject.org\/wp-content\/uploads\/2026\/01\/kona-whalewatching-1-1.jpeg 1600w, https:\/\/www.shelltonewhaleproject.org\/wp-content\/uploads\/2026\/01\/kona-whalewatching-1-1-300x200.jpeg 300w, https:\/\/www.shelltonewhaleproject.org\/wp-content\/uploads\/2026\/01\/kona-whalewatching-1-1-1024x684.jpeg 1024w, https:\/\/www.shelltonewhaleproject.org\/wp-content\/uploads\/2026\/01\/kona-whalewatching-1-1-768x513.jpeg 768w, https:\/\/www.shelltonewhaleproject.org\/wp-content\/uploads\/2026\/01\/kona-whalewatching-1-1-1536x1025.jpeg 1536w, https:\/\/www.shelltonewhaleproject.org\/wp-content\/uploads\/2026\/01\/kona-whalewatching-1-1-18x12.jpeg 18w\" sizes=\"(max-width: 1600px) 100vw, 1600px\" \/>\n<img src=\"https:\/\/www.shelltonewhaleproject.org\/wp-content\/uploads\/2024\/09\/hump1.jpg\" title=\"hump1\" alt=\"hump1\" srcset=\"https:\/\/www.shelltonewhaleproject.org\/wp-content\/uploads\/2024\/09\/hump1.jpg 1600w, https:\/\/www.shelltonewhaleproject.org\/wp-content\/uploads\/2024\/09\/hump1-300x169.jpg 300w, https:\/\/www.shelltonewhaleproject.org\/wp-content\/uploads\/2024\/09\/hump1-1024x576.jpg 1024w, https:\/\/www.shelltonewhaleproject.org\/wp-content\/uploads\/2024\/09\/hump1-768x432.jpg 768w, https:\/\/www.shelltonewhaleproject.org\/wp-content\/uploads\/2024\/09\/hump1-1536x864.jpg 1536w, https:\/\/www.shelltonewhaleproject.org\/wp-content\/uploads\/2024\/09\/hump1-18x10.jpg 18w, https:\/\/www.shelltonewhaleproject.org\/wp-content\/uploads\/2024\/09\/hump1-1024x576-550x309.jpg 550w\" sizes=\"(max-width: 1600px) 100vw, 1600px\" \/>\n<img src=\"https:\/\/www.shelltonewhaleproject.org\/wp-content\/uploads\/2026\/01\/kona-whalewatching-2.jpeg\" title=\"Kona-whalewatching-2\" alt=\"Kona-whalewatching-2\" srcset=\"https:\/\/www.shelltonewhaleproject.org\/wp-content\/uploads\/2026\/01\/kona-whalewatching-2.jpeg 1600w, https:\/\/www.shelltonewhaleproject.org\/wp-content\/uploads\/2026\/01\/kona-whalewatching-2-300x169.jpeg 300w, https:\/\/www.shelltonewhaleproject.org\/wp-content\/uploads\/2026\/01\/kona-whalewatching-2-1024x576.jpeg 1024w, https:\/\/www.shelltonewhaleproject.org\/wp-content\/uploads\/2026\/01\/kona-whalewatching-2-768x432.jpeg 768w, https:\/\/www.shelltonewhaleproject.org\/wp-content\/uploads\/2026\/01\/kona-whalewatching-2-1536x864.jpeg 1536w, https:\/\/www.shelltonewhaleproject.org\/wp-content\/uploads\/2026\/01\/kona-whalewatching-2-18x10.jpeg 18w\" sizes=\"(max-width: 1600px) 100vw, 1600px\" \/>","_links":{"self":[{"href":"https:\/\/www.shelltonewhaleproject.org\/es\/wp-json\/wp\/v2\/pages\/5313","targetHints":{"allow":["GET"]}}],"collection":[{"href":"https:\/\/www.shelltonewhaleproject.org\/es\/wp-json\/wp\/v2\/pages"}],"about":[{"href":"https:\/\/www.shelltonewhaleproject.org\/es\/wp-json\/wp\/v2\/types\/page"}],"author":[{"embeddable":true,"href":"https:\/\/www.shelltonewhaleproject.org\/es\/wp-json\/wp\/v2\/users\/1"}],"replies":[{"embeddable":true,"href":"https:\/\/www.shelltonewhaleproject.org\/es\/wp-json\/wp\/v2\/comments?post=5313"}],"version-history":[{"count":11,"href":"https:\/\/www.shelltonewhaleproject.org\/es\/wp-json\/wp\/v2\/pages\/5313\/revisions"}],"predecessor-version":[{"id":9688,"href":"https:\/\/www.shelltonewhaleproject.org\/es\/wp-json\/wp\/v2\/pages\/5313\/revisions\/9688"}],"wp:attachment":[{"href":"https:\/\/www.shelltonewhaleproject.org\/es\/wp-json\/wp\/v2\/media?parent=5313"}],"curies":[{"name":"wp","href":"https:\/\/api.w.org\/{rel}","templated":true}]}}