{"id":2935,"date":"2023-05-11T09:09:35","date_gmt":"2023-05-11T07:09:35","guid":{"rendered":"https:\/\/www.shelltonewhaleproject.org\/?page_id=2935"},"modified":"2026-04-03T10:16:36","modified_gmt":"2026-04-03T08:16:36","slug":"notas-legales","status":"publish","type":"page","link":"https:\/\/www.shelltonewhaleproject.org\/es\/mentions-legales\/","title":{"rendered":"INFORMACI\u00d3N LEGAL"},"content":{"rendered":"<!--themify_builder_content-->\n<div id=\"themify_builder_content-2935\" data-postid=\"2935\" class=\"themify_builder_content themify_builder_content-2935 themify_builder tf_clear\">\n                    <div  data-mobile-padding=\"2px,2px\" data-desktop-padding=\"10px,10px\" data-css_id=\"72lu194\" data-lazy=\"1\" class=\"module_row themify_builder_row fullwidth_row_container tb_72lu194 tb_first tf_w\">\n                        <div class=\"row_inner col_align_top tb_col_count_1 tf_box tf_rel\">\n                        <div  data-lazy=\"1\" class=\"module_column tb-column col-full tb_8i58195 first\">\n                    <!-- module text -->\n<div  class=\"module module-text tb_0pgv495\" data-lazy=\"1\">\n        <div  class=\"tb_text_wrap\">\n        <h1>AVISOS LEGALES<\/h1>\n<p><span style=\"font-size: 1.45em; letter-spacing: -0.02em;\">Propietario del sitio y de las im\u00e1genes : <\/span><\/p>\n<p><span style=\"font-size: 1.45em; letter-spacing: -0.02em; font-weight: bold;\">Shelltone Whale Project<\/span><\/p>\n<p>El Shelltone Whale Project es una organizaci\u00f3n medioambiental estructurada como una SRL.<\/p>\n<p>Avenida Delaware 1207<span class=\"Apple-converted-space\">\u00a0 <\/span>Wilmington, DE 19806 - EE.UU.<\/p>\n<p>\u201cShelltone Whale Project no opera viajes directamente. Proporcionamos recomendaciones independientes de operadores \u00e9ticos\u201d.\u201d<\/p>\n<p><strong>Contacto:<\/strong> shelltonewhaleexpeditions@gmail.com<\/p>\n<p><strong>Webmaster :<\/strong> <a class=\"\" href=\"https:\/\/www.aurelie-mzk.com\" target=\"_blank\" rel=\"noopener\">www.aurelie-mzk.com<\/a><br>\u00a0<br><strong>Anfitri\u00f3n del sitio :<\/strong> <a href=\"https:\/\/crackerstech.com\" target=\"_blank\" rel=\"noopener\">Cracker's Tech SARL\/S<\/a>.<br>RC Luxemburgo B887404<br>Domicilio social: M\u00fchlenweg 68 L-2155 Gaasperech L\u00ebtzebuerg, Luxemburgo<br>Tel: +352 27 94 20 83<\/p>\n<div class=\"elementor-element elementor-element-271967c exad-sticky-section-no exad-glass-effect-no elementor-widget elementor-widget-text-editor\" data-id=\"271967c\" data-element_type=\"widget\" data-widget_type=\"text-editor.default\">\n<div class=\"elementor-widget-container\">\n<div class=\"elementor-element elementor-element-72f4655 exad-sticky-section-no exad-glass-effect-no elementor-widget elementor-widget-text-editor\" data-id=\"72f4655\" data-element_type=\"widget\" data-widget_type=\"text-editor.default\">\n<div class=\"elementor-widget-container\">\n<p>Para saber m\u00e1s sobre la localizaci\u00f3n y tratamiento de datos : <a href=\"https:\/\/crackerstech.com\/nos-services\/hebergement-cloud\/nos-datacenters\/\" target=\"_blank\" rel=\"noopener\">Nuestros centros de datos<\/a>.<\/p>\n<\/div>\n<\/div>\n<\/div>\n<\/div>    <\/div>\n<\/div>\n<!-- \/module text -->        <\/div>\n                        <\/div>\n        <\/div>\n                        <div  data-css_id=\"hzpl281\" data-lazy=\"1\" class=\"module_row themify_builder_row fullwidth tb_hzpl281 tf_w\">\n                        <div class=\"row_inner col_align_top tb_col_count_1 tf_box tf_rel\">\n                        <div  data-lazy=\"1\" class=\"module_column tb-column col-full tb_wdon281 first\">\n                    <!-- module image -->\n<div  class=\"module module-image tb_45zt281 image-top   auto_fullwidth tf_mw\" data-lazy=\"1\">\n        <div class=\"image-wrap tf_rel tf_mw\">\n            <img loading=\"lazy\" decoding=\"async\" width=\"2000\" height=\"1243\" src=\"https:\/\/www.shelltonewhaleproject.org\/wp-content\/uploads\/2022\/07\/baleine-deshaies-guadeloupe-1.jpg\" class=\"wp-post-image wp-image-2359\" title=\"ballena-deshaies-guadeloupe-1\" alt=\"ballena-deshaies-guadeloupe-1\" srcset=\"https:\/\/www.shelltonewhaleproject.org\/wp-content\/uploads\/2022\/07\/baleine-deshaies-guadeloupe-1.jpg 2000w, https:\/\/www.shelltonewhaleproject.org\/wp-content\/uploads\/2022\/07\/baleine-deshaies-guadeloupe-1-300x186.jpg 300w, https:\/\/www.shelltonewhaleproject.org\/wp-content\/uploads\/2022\/07\/baleine-deshaies-guadeloupe-1-1024x636.jpg 1024w, https:\/\/www.shelltonewhaleproject.org\/wp-content\/uploads\/2022\/07\/baleine-deshaies-guadeloupe-1-768x477.jpg 768w, https:\/\/www.shelltonewhaleproject.org\/wp-content\/uploads\/2022\/07\/baleine-deshaies-guadeloupe-1-1536x955.jpg 1536w, https:\/\/www.shelltonewhaleproject.org\/wp-content\/uploads\/2022\/07\/baleine-deshaies-guadeloupe-1-18x12.jpg 18w\" sizes=\"auto, (max-width: 2000px) 100vw, 2000px\" \/>    \n        <\/div>\n    <!-- \/image-wrap -->\n    \n        <\/div>\n<!-- \/module image -->        <\/div>\n                        <\/div>\n        <\/div>\n        <\/div>\n<!--\/themify_builder_content-->","protected":false},"excerpt":{"rendered":"<p>MENTIONS L\u00c9GALES Propri\u00e9taire du site et des images&nbsp;: Shelltone Whale Project The Shelltone Whale Project is an environmental organization structured as a LLC. 1207 Delaware Avenue\u00a0 Wilmington, DE 19806 &#8211; USA \u201cShelltone Whale Project does not operate tours directly. We provide independent recommendations of ethical operators.\u201d Contact&nbsp;: shelltonewhaleexpeditions@gmail.com Webmaster&nbsp;: www.aurelie-mzk.com\u00a0H\u00e9bergeur du site&nbsp;: Cracker&rsquo;s Tech SARL\/S.RC [&hellip;]<\/p>\n","protected":false},"author":1,"featured_media":0,"parent":0,"menu_order":0,"comment_status":"closed","ping_status":"closed","template":"","meta":{"footnotes":""},"class_list":["post-2935","page","type-page","status-publish","hentry","has-post-title","has-post-date","has-post-category","has-post-tag","has-post-comment","has-post-author",""],"builder_content":"<h1>MENTIONS L\u00c9GALES<\/h1> <p>Propri\u00e9taire du site et des images : <\/p> <p>Shelltone Whale Project<\/p> <p>The Shelltone Whale Project is an environmental organization structured as a LLC.<\/p> <p>1207 Delaware Avenue\u00a0 Wilmington, DE 19806 - USA<\/p> <p>\u201cShelltone Whale Project does not operate tours directly. We provide independent recommendations of ethical operators.\u201d<\/p> <p><strong>Contact :<\/strong> shelltonewhaleexpeditions@gmail.com<\/p> <p><strong>Webmaster :<\/strong> <a href=\"https:\/\/www.aurelie-mzk.com\" target=\"_blank\" rel=\"noopener\">www.aurelie-mzk.com<\/a><br>\u00a0<br><strong>H\u00e9bergeur du site :<\/strong> <a href=\"https:\/\/crackerstech.com\">Cracker's Tech SARL\/S<\/a>.<br>RC Luxembourg B887404<br>Si\u00e8ge social : M\u00fchlenweg 68 L-2155 Gaasperech L\u00ebtzebuerg, Luxembourg<br>T\u00e9l : +352 27 94 20 83<\/p>\n<p>Pour en savoir plus sur l\u2019emplacement et le traitement des donn\u00e9es : <a href=\"https:\/\/crackerstech.com\/nos-services\/hebergement-cloud\/nos-datacenters\/\">Nos centres de donn\u00e9es<\/a>.<\/p>\n<img src=\"https:\/\/www.shelltonewhaleproject.org\/wp-content\/uploads\/2022\/07\/baleine-deshaies-guadeloupe-1.jpg\" title=\"baleine-deshaies-guadeloupe-1\" alt=\"baleine-deshaies-guadeloupe-1\" srcset=\"https:\/\/www.shelltonewhaleproject.org\/wp-content\/uploads\/2022\/07\/baleine-deshaies-guadeloupe-1.jpg 2000w, https:\/\/www.shelltonewhaleproject.org\/wp-content\/uploads\/2022\/07\/baleine-deshaies-guadeloupe-1-300x186.jpg 300w, https:\/\/www.shelltonewhaleproject.org\/wp-content\/uploads\/2022\/07\/baleine-deshaies-guadeloupe-1-1024x636.jpg 1024w, https:\/\/www.shelltonewhaleproject.org\/wp-content\/uploads\/2022\/07\/baleine-deshaies-guadeloupe-1-768x477.jpg 768w, https:\/\/www.shelltonewhaleproject.org\/wp-content\/uploads\/2022\/07\/baleine-deshaies-guadeloupe-1-1536x955.jpg 1536w, https:\/\/www.shelltonewhaleproject.org\/wp-content\/uploads\/2022\/07\/baleine-deshaies-guadeloupe-1-18x12.jpg 18w\" sizes=\"(max-width: 2000px) 100vw, 2000px\" \/>","_links":{"self":[{"href":"https:\/\/www.shelltonewhaleproject.org\/es\/wp-json\/wp\/v2\/pages\/2935","targetHints":{"allow":["GET"]}}],"collection":[{"href":"https:\/\/www.shelltonewhaleproject.org\/es\/wp-json\/wp\/v2\/pages"}],"about":[{"href":"https:\/\/www.shelltonewhaleproject.org\/es\/wp-json\/wp\/v2\/types\/page"}],"author":[{"embeddable":true,"href":"https:\/\/www.shelltonewhaleproject.org\/es\/wp-json\/wp\/v2\/users\/1"}],"replies":[{"embeddable":true,"href":"https:\/\/www.shelltonewhaleproject.org\/es\/wp-json\/wp\/v2\/comments?post=2935"}],"version-history":[{"count":6,"href":"https:\/\/www.shelltonewhaleproject.org\/es\/wp-json\/wp\/v2\/pages\/2935\/revisions"}],"predecessor-version":[{"id":10174,"href":"https:\/\/www.shelltonewhaleproject.org\/es\/wp-json\/wp\/v2\/pages\/2935\/revisions\/10174"}],"wp:attachment":[{"href":"https:\/\/www.shelltonewhaleproject.org\/es\/wp-json\/wp\/v2\/media?parent=2935"}],"curies":[{"name":"wp","href":"https:\/\/api.w.org\/{rel}","templated":true}]}}