{"id":1372,"date":"2020-03-07T07:59:49","date_gmt":"2020-03-07T06:59:49","guid":{"rendered":"https:\/\/www.shelltonewhaleproject.org\/?page_id=1372"},"modified":"2025-04-04T16:27:16","modified_gmt":"2025-04-04T14:27:16","slug":"noticias","status":"publish","type":"page","link":"https:\/\/www.shelltonewhaleproject.org\/es\/news\/","title":{"rendered":"NOTICIAS"},"content":{"rendered":"<!--themify_builder_content-->\n<div id=\"themify_builder_content-1372\" data-postid=\"1372\" class=\"themify_builder_content themify_builder_content-1372 themify_builder tf_clear\">\n                    <div  data-lazy=\"1\" class=\"module_row themify_builder_row tb_8qvd280 tb_first tf_w\">\n                        <div class=\"row_inner col_align_top tb_col_count_1 tf_box tf_rel\">\n                        <div  data-lazy=\"1\" class=\"module_column tb-column col-full tb_vm6i281 first\">\n                    <!-- module text -->\n<div  class=\"module module-text tb_b64o899\" data-lazy=\"1\">\n        <div  class=\"tb_text_wrap\">\n        <h1>NOTICIAS<\/h1>    <\/div>\n<\/div>\n<!-- \/module text --><!-- module text -->\n<div  class=\"module module-text tb_fwj7211\" data-lazy=\"1\">\n        <div  class=\"tb_text_wrap\">\n        <h3>Nuestros recientes avistamientos de cet\u00e1ceos y otras noticias relacionadas con el proyecto de la Ballena de Maravilla.<\/h3>    <\/div>\n<\/div>\n<!-- \/module text -->        <\/div>\n                        <\/div>\n        <\/div>\n        <\/div>\n<!--\/themify_builder_content-->","protected":false},"excerpt":{"rendered":"<p>NOTICIAS Nuestros recientes avistamientos de cet\u00e1ceos y otras noticias relacionadas con el proyecto de la Ballena de Maravilla.<\/p>","protected":false},"author":1,"featured_media":0,"parent":0,"menu_order":0,"comment_status":"closed","ping_status":"closed","template":"","meta":{"footnotes":""},"class_list":["post-1372","page","type-page","status-publish","hentry","has-post-title","has-post-date","has-post-category","has-post-tag","has-post-comment","has-post-author",""],"builder_content":"<h1>NEWS<\/h1>\n<h3>Nos observations de c\u00e9tac\u00e9s r\u00e9centes et autres news li\u00e9es au Shelltone Whale project.<\/h3>","_links":{"self":[{"href":"https:\/\/www.shelltonewhaleproject.org\/es\/wp-json\/wp\/v2\/pages\/1372","targetHints":{"allow":["GET"]}}],"collection":[{"href":"https:\/\/www.shelltonewhaleproject.org\/es\/wp-json\/wp\/v2\/pages"}],"about":[{"href":"https:\/\/www.shelltonewhaleproject.org\/es\/wp-json\/wp\/v2\/types\/page"}],"author":[{"embeddable":true,"href":"https:\/\/www.shelltonewhaleproject.org\/es\/wp-json\/wp\/v2\/users\/1"}],"replies":[{"embeddable":true,"href":"https:\/\/www.shelltonewhaleproject.org\/es\/wp-json\/wp\/v2\/comments?post=1372"}],"version-history":[{"count":0,"href":"https:\/\/www.shelltonewhaleproject.org\/es\/wp-json\/wp\/v2\/pages\/1372\/revisions"}],"wp:attachment":[{"href":"https:\/\/www.shelltonewhaleproject.org\/es\/wp-json\/wp\/v2\/media?parent=1372"}],"curies":[{"name":"wp","href":"https:\/\/api.w.org\/{rel}","templated":true}]}}