{"id":10043,"date":"2026-03-24T05:25:28","date_gmt":"2026-03-24T04:25:28","guid":{"rendered":"https:\/\/www.shelltonewhaleproject.org\/observer-baleines-depuis-alta-copy\/"},"modified":"2026-03-27T02:54:57","modified_gmt":"2026-03-27T01:54:57","slug":"avistamiento-de-ballenas-en-reykjavik","status":"publish","type":"page","link":"https:\/\/www.shelltonewhaleproject.org\/es\/observer-baleines-reykjavik\/","title":{"rendered":"AVISTAMIENTO DE BALLENAS DESDE REYKJAVIK"},"content":{"rendered":"<!--themify_builder_content-->\n<div id=\"themify_builder_content-10043\" data-postid=\"10043\" class=\"themify_builder_content themify_builder_content-10043 themify_builder tf_clear\">\n                    <div  data-lazy=\"1\" class=\"module_row themify_builder_row tb_dhkq820 tb_first tf_w\">\n            <span  class=\"builder_row_cover tf_abs\" data-lazy=\"1\"><\/span>            <div class=\"row_inner col_align_top tb_col_count_1 tf_box tf_rel\">\n                        <div  data-lazy=\"1\" class=\"module_column tb-column col-full tb_2pkj383 first\">\n                    <!-- module text -->\n<div  class=\"module module-text tb_t30r150    wow\" data-tf-animation=\"fadeInDown\" data-lazy=\"1\">\n        <div  class=\"tb_text_wrap\">\n        <h1 style=\"text-align: center;\">Avistamiento respetuoso de ballenas desde Reikiavik (Islandia)<\/h1>    <\/div>\n<\/div>\n<!-- \/module text --><!-- module plain text -->\n<div  class=\"module module-plain-text tb_xkkd912\" data-lazy=\"1\">\n        <div class=\"tb_text_wrap\">\n    <div class=\"tb_layout_part_wrap tf_w\"><!--themify_builder_content-->\n    <div  class=\"themify_builder_content themify_builder_content-8399 themify_builder not_editable_builder in_the_loop\" data-postid=\"8399\">\n                        <div  data-lazy=\"1\" class=\"module_row themify_builder_row tb_tjb8415 tf_w\">\n                        <div class=\"row_inner col_align_top tb_col_count_1 tf_box tf_rel\">\n                        <div  data-lazy=\"1\" class=\"module_column tb-column col-full tb_7b53415 first\">\n                    <!-- module text -->\n<div  class=\"module module-text tb_2jx4524\" data-lazy=\"1\">\n        <div  class=\"tb_text_wrap\">\n        <h4 style=\"text-align: center;\"><b>Shelltone Whale Project enumera una selecci\u00f3n de operadores de avistamiento de cet\u00e1ceos que se comprometen a adoptar un enfoque respetuoso.<\/b><\/h4>\n<h4 style=\"text-align: center;\">\u00a0<\/h4>\n<h4 style=\"text-align: center;\"><b>Bi\u00f3logos marinos y gu\u00edas experimentados que anteponen el bienestar de los animales.<\/b><\/h4>\n<h4 style=\"text-align: center;\">\u00a0<\/h4>\n<h4 style=\"text-align: center;\"><b>Compruebe directamente su disponibilidad y reserve su experiencia al mejor precio, sin coste adicional.<\/b><\/h4>    <\/div>\n<\/div>\n<!-- \/module text --><!-- module image -->\n<div  class=\"module module-image tb_06zv177 image-center   tf_mw\" data-lazy=\"1\">\n        <div class=\"image-wrap tf_rel tf_mw\">\n            <img loading=\"lazy\" decoding=\"async\" src=\"https:\/\/www.shelltonewhaleproject.org\/wp-content\/uploads\/2025\/10\/lgog-SWP-respect-1-LD-977x1024-250x250.png\" width=\"250\" height=\"250\" class=\"wp-post-image wp-image-8330\" title=\"lgog-SWP-respeto-1-LD\" alt=\"lgog-SWP-respeto-1-LD\" srcset=\"https:\/\/www.shelltonewhaleproject.org\/wp-content\/uploads\/2025\/10\/lgog-SWP-respect-1-LD-977x1024-250x250.png 250w, https:\/\/www.shelltonewhaleproject.org\/wp-content\/uploads\/2025\/10\/lgog-SWP-respect-1-LD-150x150.png 150w, https:\/\/www.shelltonewhaleproject.org\/wp-content\/uploads\/2025\/10\/lgog-SWP-respect-1-LD-11x12.png 11w, https:\/\/www.shelltonewhaleproject.org\/wp-content\/uploads\/2025\/10\/lgog-SWP-respect-1-LD-977x1024-300x300.png 300w\" sizes=\"auto, (max-width: 250px) 100vw, 250px\" \/>    \n        <\/div>\n    <!-- \/image-wrap -->\n    \n        <\/div>\n<!-- \/module image -->        <\/div>\n                        <\/div>\n        <\/div>\n            <\/div>\n<!--\/themify_builder_content--><\/div>\n    <\/div>\n<\/div>\n<!-- \/module plain text -->        <\/div>\n                        <\/div>\n        <\/div>\n                        <div  data-css_id=\"i2o1231\" data-lazy=\"1\" class=\"module_row themify_builder_row fullwidth_row_container tb_i2o1231 tf_w\">\n                        <div class=\"row_inner col_align_top tb_col_count_1 tf_box tf_rel\">\n                        <div  data-lazy=\"1\" class=\"module_column tb-column col-full tb_87pq092 first\">\n                    <!-- module text -->\n<div  class=\"module module-text tb_cadh322    wow\" data-tf-animation=\"fadeInUp\" data-tf-animation_delay=\"1\" data-lazy=\"1\">\n        <div  class=\"tb_text_wrap\">\n        <h1 style=\"text-align: center;\"><span style=\"color: #093c7a;\">La opini\u00f3n del equipo de Shelltone<\/span><\/h1>    <\/div>\n<\/div>\n<!-- \/module text --><!-- module text -->\n<div  class=\"module module-text tb_k4uf003    wow\" data-tf-animation=\"fadeInUp\" data-tf-animation_delay=\"1\" data-lazy=\"1\">\n        <div  class=\"tb_text_wrap\">\n        <p style=\"text-align: center;\"><strong>Con salidas diarias desde el Puerto Viejo de Reikiavik, de abril a octubre, observe ballenas jorobadas en peque\u00f1os grupos en un barco semirr\u00edgido, estable y c\u00f3modo, especialmente dise\u00f1ado para esta actividad, que le permite acercarse m\u00e1s y m\u00e1s r\u00e1pido a las ballenas que embarcaciones m\u00e1s grandes, lo que aumenta sus posibilidades de ver de cerca a estos incre\u00edbles animales.<\/strong><br><strong>Le acompa\u00f1ar\u00e1 una tripulaci\u00f3n especialmente formada y un capit\u00e1n titulado.<\/strong><br><strong>De regreso a Reikiavik, disfrutar\u00e1 de una vista \u00fanica de la costa de la ciudad.<\/strong><\/p>\n<p style=\"text-align: center;\"><strong>Los entusiastas de la observaci\u00f3n de cet\u00e1ceos seleccionados por el equipo de Shelltone en Reikiavik eligieron el <span style=\"color: #6e9e2f;\">RESPETO<\/span>.<\/strong><\/p>    <\/div>\n<\/div>\n<!-- \/module text -->        <\/div>\n                        <\/div>\n        <\/div>\n                        <div  data-lazy=\"1\" class=\"module_row themify_builder_row tb_i34j555 tf_w\">\n                        <div class=\"row_inner col_align_top tb_col_count_1 tf_box tf_rel\">\n                        <div  data-lazy=\"1\" class=\"module_column tb-column col-full tb_euk3349 first\">\n                    <!-- module text -->\n<div  class=\"module module-text tb_06yu349    wow\" data-tf-animation=\"fadeInDown\" data-lazy=\"1\">\n        <div  class=\"tb_text_wrap\">\n        <h2 style=\"text-align: center;\"><strong style=\"color: #193861;\">avistamientos de cet\u00e1ceos en reykjavik<\/strong><\/h2>\n<p style=\"text-align: center;\"><strong style=\"color: #193861;\">Calendario de salidas, tarifas, reservas...<\/strong><\/p>    <\/div>\n<\/div>\n<!-- \/module text --><!-- module plain text -->\n<div  class=\"module module-plain-text tb_qszr349\" data-lazy=\"1\">\n        <div class=\"tb_text_wrap\">\n    <script type=\"text\/javascript\" src=\"https:\/\/widgets.bokun.io\/assets\/javascripts\/apps\/build\/BokunWidgetsLoader.js?bookingChannelUUID=afa2a357-b652-4145-8e91-75e89053f379\" async><\/script>\n     \n    <div class=\"bokunWidget\" data-src=\"https:\/\/widgets.bokun.io\/online-sales\/afa2a357-b652-4145-8e91-75e89053f379\/experience\/10980\"><\/div>\n    <noscript>Por favor, active javascript en su navegador para reservar<\/noscript>\n    <\/div>\n<\/div>\n<!-- \/module plain text -->        <\/div>\n                        <\/div>\n        <\/div>\n                        <div  data-anchor=\"photos\" data-css_id=\"e84e100\" data-lazy=\"1\" class=\"module_row themify_builder_row fullwidth tb_has_section tb_section-photos tb_e84e100 tf_w\">\n                        <div class=\"row_inner col_align_top tb_col_count_1 tf_box tf_rel\">\n                        <div  data-lazy=\"1\" class=\"module_column tb-column col-full tb_68uv001 first\">\n                            <div  data-lazy=\"1\" class=\"module_subrow themify_builder_sub_row tf_w col_align_top tb_col_count_1 tb_4iei512\">\n                <div  data-lazy=\"1\" class=\"module_column sub_column col-full tb_3ubp120 first\">\n                    <!-- module text -->\n<div  class=\"module module-text tb_2d2i111    wow\" data-tf-animation=\"fadeInUp\" data-tf-animation_delay=\"1\" data-lazy=\"1\">\n        <div  class=\"tb_text_wrap\">\n        <h1 style=\"text-align: center;\">Fotos de la expedici\u00f3n a Reikiavik<\/h1>    <\/div>\n<\/div>\n<!-- \/module text -->        <\/div>\n                    <\/div>\n                <\/div>\n                        <\/div>\n        <\/div>\n                        <div  data-anchor=\"photos\" data-css_id=\"1a2y305\" data-lazy=\"1\" class=\"module_row themify_builder_row fullwidth tb_has_section tb_section-photos tb_1a2y305 tf_w\">\n                        <div class=\"row_inner col_align_top tb_col_count_1 tf_box tf_rel\">\n                        <div  data-lazy=\"1\" class=\"module_column tb-column col-full tb_8k6o124 first\">\n                            <div  data-lazy=\"1\" class=\"module_subrow themify_builder_sub_row tf_w col_align_top tb_col_count_1 tb_6ie1504\">\n                <div  data-lazy=\"1\" class=\"module_column sub_column col-full tb_wegq050 first\">\n                    <!-- module image -->\n<div  class=\"module module-image tb_pqpx101 image-top   auto_fullwidth tf_mw\" data-lazy=\"1\">\n        <div class=\"image-wrap tf_rel tf_mw\">\n            <img loading=\"lazy\" decoding=\"async\" width=\"1600\" height=\"1066\" src=\"https:\/\/www.shelltonewhaleproject.org\/wp-content\/uploads\/2026\/03\/reykjavik-iceland-shelltonewhaleproject-1.jpg\" class=\"wp-post-image wp-image-10047\" title=\"Reykjavik-iceland-shelltonewhaleproject-1\" alt=\"Reykjavik-iceland-shelltonewhaleproject-1\" srcset=\"https:\/\/www.shelltonewhaleproject.org\/wp-content\/uploads\/2026\/03\/reykjavik-iceland-shelltonewhaleproject-1.jpg 1600w, https:\/\/www.shelltonewhaleproject.org\/wp-content\/uploads\/2026\/03\/reykjavik-iceland-shelltonewhaleproject-1-300x200.jpg 300w, https:\/\/www.shelltonewhaleproject.org\/wp-content\/uploads\/2026\/03\/reykjavik-iceland-shelltonewhaleproject-1-1024x682.jpg 1024w, https:\/\/www.shelltonewhaleproject.org\/wp-content\/uploads\/2026\/03\/reykjavik-iceland-shelltonewhaleproject-1-768x512.jpg 768w, https:\/\/www.shelltonewhaleproject.org\/wp-content\/uploads\/2026\/03\/reykjavik-iceland-shelltonewhaleproject-1-1536x1023.jpg 1536w, https:\/\/www.shelltonewhaleproject.org\/wp-content\/uploads\/2026\/03\/reykjavik-iceland-shelltonewhaleproject-1-18x12.jpg 18w\" sizes=\"auto, (max-width: 1600px) 100vw, 1600px\" \/>    \n        <\/div>\n    <!-- \/image-wrap -->\n    \n        <\/div>\n<!-- \/module image --><!-- module image -->\n<div  class=\"module module-image tb_1l96490 image-top   auto_fullwidth tf_mw\" data-lazy=\"1\">\n        <div class=\"image-wrap tf_rel tf_mw\">\n            <img loading=\"lazy\" decoding=\"async\" width=\"1600\" height=\"1067\" src=\"https:\/\/www.shelltonewhaleproject.org\/wp-content\/uploads\/2026\/03\/reykjavik-iceland-shelltonewhaleproject-2.jpg\" class=\"wp-post-image wp-image-10048\" title=\"Reykjavik-iceland-shelltonewhaleproject-2\" alt=\"Reykjavik-iceland-shelltonewhaleproject-2\" srcset=\"https:\/\/www.shelltonewhaleproject.org\/wp-content\/uploads\/2026\/03\/reykjavik-iceland-shelltonewhaleproject-2.jpg 1600w, https:\/\/www.shelltonewhaleproject.org\/wp-content\/uploads\/2026\/03\/reykjavik-iceland-shelltonewhaleproject-2-300x200.jpg 300w, https:\/\/www.shelltonewhaleproject.org\/wp-content\/uploads\/2026\/03\/reykjavik-iceland-shelltonewhaleproject-2-1024x683.jpg 1024w, https:\/\/www.shelltonewhaleproject.org\/wp-content\/uploads\/2026\/03\/reykjavik-iceland-shelltonewhaleproject-2-768x512.jpg 768w, https:\/\/www.shelltonewhaleproject.org\/wp-content\/uploads\/2026\/03\/reykjavik-iceland-shelltonewhaleproject-2-1536x1024.jpg 1536w, https:\/\/www.shelltonewhaleproject.org\/wp-content\/uploads\/2026\/03\/reykjavik-iceland-shelltonewhaleproject-2-18x12.jpg 18w\" sizes=\"auto, (max-width: 1600px) 100vw, 1600px\" \/>    \n        <\/div>\n    <!-- \/image-wrap -->\n    \n        <\/div>\n<!-- \/module image --><!-- module image -->\n<div  class=\"module module-image tb_dsdt142 image-top   auto_fullwidth tf_mw\" data-lazy=\"1\">\n        <div class=\"image-wrap tf_rel tf_mw\">\n            <img loading=\"lazy\" decoding=\"async\" width=\"1600\" height=\"899\" src=\"https:\/\/www.shelltonewhaleproject.org\/wp-content\/uploads\/2026\/03\/reykjavik-iceland-shelltonewhaleproject-3.jpg\" class=\"wp-post-image wp-image-10049\" title=\"Reykjavik-iceland-shelltonewhaleproject-3\" alt=\"Reykjavik-iceland-shelltonewhaleproject-3\" srcset=\"https:\/\/www.shelltonewhaleproject.org\/wp-content\/uploads\/2026\/03\/reykjavik-iceland-shelltonewhaleproject-3.jpg 1600w, https:\/\/www.shelltonewhaleproject.org\/wp-content\/uploads\/2026\/03\/reykjavik-iceland-shelltonewhaleproject-3-300x169.jpg 300w, https:\/\/www.shelltonewhaleproject.org\/wp-content\/uploads\/2026\/03\/reykjavik-iceland-shelltonewhaleproject-3-1024x575.jpg 1024w, https:\/\/www.shelltonewhaleproject.org\/wp-content\/uploads\/2026\/03\/reykjavik-iceland-shelltonewhaleproject-3-768x432.jpg 768w, https:\/\/www.shelltonewhaleproject.org\/wp-content\/uploads\/2026\/03\/reykjavik-iceland-shelltonewhaleproject-3-1536x863.jpg 1536w, https:\/\/www.shelltonewhaleproject.org\/wp-content\/uploads\/2026\/03\/reykjavik-iceland-shelltonewhaleproject-3-18x10.jpg 18w\" sizes=\"auto, (max-width: 1600px) 100vw, 1600px\" \/>    \n        <\/div>\n    <!-- \/image-wrap -->\n    \n        <\/div>\n<!-- \/module image -->        <\/div>\n                    <\/div>\n                <\/div>\n                        <\/div>\n        <\/div>\n        <\/div>\n<!--\/themify_builder_content-->","protected":false},"excerpt":{"rendered":"<p>Observation respectueuse de baleines depuis Reykjavik (Islande) L&rsquo;avis de la team Shelltone Au d\u00e9part quotidien du Vieux Port de Reykjav\u00edk, de avril \u00e0 octobre, observez les baleines \u00e0 bosse en petit comit\u00e9 sur un bateau semi rigide, stable et confortable, sp\u00e9cialement con\u00e7us pour cette activit\u00e9, qui vous permettent de vous approcher plus pr\u00e8s et plus [&hellip;]<\/p>\n","protected":false},"author":14,"featured_media":0,"parent":0,"menu_order":0,"comment_status":"closed","ping_status":"closed","template":"","meta":{"footnotes":""},"class_list":["post-10043","page","type-page","status-publish","hentry","has-post-title","has-post-date","has-post-category","has-post-tag","has-post-comment","has-post-author",""],"builder_content":"<h1 style=\"text-align: center;\">Observation respectueuse de baleines depuis Reykjavik (Islande)<\/h1>\n[themify_layout_part id=\"8399\"]\n<h1 style=\"text-align: center;\">L'avis de la team Shelltone<\/h1>\n<p style=\"text-align: center;\"><strong>Au d\u00e9part quotidien du Vieux Port de Reykjav\u00edk, de avril \u00e0 octobre, observez les baleines \u00e0 bosse en petit comit\u00e9 sur un bateau semi rigide, stable et confortable, sp\u00e9cialement con\u00e7us pour cette activit\u00e9, qui vous permettent de vous approcher plus pr\u00e8s et plus rapidement des baleines que les navires plus grands, augmentant ainsi vos chances d'observer ces animaux incroyables de pr\u00e8s<\/strong><br><strong>Vous serez accompagn\u00e9s par un \u00e9quipage sp\u00e9cialement form\u00e9 et un capitaine certifi\u00e9.<\/strong><br><strong>Sur le chemin du retour vers Reykjav\u00edk, vous profiterez d'une vue unique sur le littoral de la ville.<\/strong><\/p> <p style=\"text-align: center;\"><strong>Les observateurs passionn\u00e9s de c\u00e9tac\u00e9s s\u00e9lectionn\u00e9s par la team Shelltone \u00e0 Reykjavik ont choisi le RESPECT.<\/strong><\/p>\n<h2 style=\"text-align: center;\"><strong style=\"color: #193861;\">OBSERVATION DE C\u00c9TAC\u00c9S \u00c0 Reykjavik<\/strong><\/h2> <p style=\"text-align: center;\"><strong style=\"color: #193861;\">Calendrier des sorties, tarifs, r\u00e9servations...<\/strong><\/p>\n<noscript>Please enable javascript in your browser to book<\/noscript>\n<h1 style=\"text-align: center;\">Photos de l'exp\u00e9dition \u00e0 Reykjavik<\/h1>\n<img src=\"https:\/\/www.shelltonewhaleproject.org\/wp-content\/uploads\/2026\/03\/reykjavik-iceland-shelltonewhaleproject-1.jpg\" title=\"Reykjavik-iceland-shelltonewhaleproject-1\" alt=\"Reykjavik-iceland-shelltonewhaleproject-1\" srcset=\"https:\/\/www.shelltonewhaleproject.org\/wp-content\/uploads\/2026\/03\/reykjavik-iceland-shelltonewhaleproject-1.jpg 1600w, https:\/\/www.shelltonewhaleproject.org\/wp-content\/uploads\/2026\/03\/reykjavik-iceland-shelltonewhaleproject-1-300x200.jpg 300w, https:\/\/www.shelltonewhaleproject.org\/wp-content\/uploads\/2026\/03\/reykjavik-iceland-shelltonewhaleproject-1-1024x682.jpg 1024w, https:\/\/www.shelltonewhaleproject.org\/wp-content\/uploads\/2026\/03\/reykjavik-iceland-shelltonewhaleproject-1-768x512.jpg 768w, https:\/\/www.shelltonewhaleproject.org\/wp-content\/uploads\/2026\/03\/reykjavik-iceland-shelltonewhaleproject-1-1536x1023.jpg 1536w, https:\/\/www.shelltonewhaleproject.org\/wp-content\/uploads\/2026\/03\/reykjavik-iceland-shelltonewhaleproject-1-18x12.jpg 18w\" sizes=\"(max-width: 1600px) 100vw, 1600px\" \/>\n<img src=\"https:\/\/www.shelltonewhaleproject.org\/wp-content\/uploads\/2026\/03\/reykjavik-iceland-shelltonewhaleproject-2.jpg\" title=\"Reykjavik-iceland-shelltonewhaleproject-2\" alt=\"Reykjavik-iceland-shelltonewhaleproject-2\" srcset=\"https:\/\/www.shelltonewhaleproject.org\/wp-content\/uploads\/2026\/03\/reykjavik-iceland-shelltonewhaleproject-2.jpg 1600w, https:\/\/www.shelltonewhaleproject.org\/wp-content\/uploads\/2026\/03\/reykjavik-iceland-shelltonewhaleproject-2-300x200.jpg 300w, https:\/\/www.shelltonewhaleproject.org\/wp-content\/uploads\/2026\/03\/reykjavik-iceland-shelltonewhaleproject-2-1024x683.jpg 1024w, https:\/\/www.shelltonewhaleproject.org\/wp-content\/uploads\/2026\/03\/reykjavik-iceland-shelltonewhaleproject-2-768x512.jpg 768w, https:\/\/www.shelltonewhaleproject.org\/wp-content\/uploads\/2026\/03\/reykjavik-iceland-shelltonewhaleproject-2-1536x1024.jpg 1536w, https:\/\/www.shelltonewhaleproject.org\/wp-content\/uploads\/2026\/03\/reykjavik-iceland-shelltonewhaleproject-2-18x12.jpg 18w\" sizes=\"(max-width: 1600px) 100vw, 1600px\" \/>\n<img src=\"https:\/\/www.shelltonewhaleproject.org\/wp-content\/uploads\/2026\/03\/reykjavik-iceland-shelltonewhaleproject-3.jpg\" title=\"Reykjavik-iceland-shelltonewhaleproject-3\" alt=\"Reykjavik-iceland-shelltonewhaleproject-3\" srcset=\"https:\/\/www.shelltonewhaleproject.org\/wp-content\/uploads\/2026\/03\/reykjavik-iceland-shelltonewhaleproject-3.jpg 1600w, https:\/\/www.shelltonewhaleproject.org\/wp-content\/uploads\/2026\/03\/reykjavik-iceland-shelltonewhaleproject-3-300x169.jpg 300w, https:\/\/www.shelltonewhaleproject.org\/wp-content\/uploads\/2026\/03\/reykjavik-iceland-shelltonewhaleproject-3-1024x575.jpg 1024w, https:\/\/www.shelltonewhaleproject.org\/wp-content\/uploads\/2026\/03\/reykjavik-iceland-shelltonewhaleproject-3-768x432.jpg 768w, https:\/\/www.shelltonewhaleproject.org\/wp-content\/uploads\/2026\/03\/reykjavik-iceland-shelltonewhaleproject-3-1536x863.jpg 1536w, https:\/\/www.shelltonewhaleproject.org\/wp-content\/uploads\/2026\/03\/reykjavik-iceland-shelltonewhaleproject-3-18x10.jpg 18w\" sizes=\"(max-width: 1600px) 100vw, 1600px\" \/>","_links":{"self":[{"href":"https:\/\/www.shelltonewhaleproject.org\/es\/wp-json\/wp\/v2\/pages\/10043","targetHints":{"allow":["GET"]}}],"collection":[{"href":"https:\/\/www.shelltonewhaleproject.org\/es\/wp-json\/wp\/v2\/pages"}],"about":[{"href":"https:\/\/www.shelltonewhaleproject.org\/es\/wp-json\/wp\/v2\/types\/page"}],"author":[{"embeddable":true,"href":"https:\/\/www.shelltonewhaleproject.org\/es\/wp-json\/wp\/v2\/users\/14"}],"replies":[{"embeddable":true,"href":"https:\/\/www.shelltonewhaleproject.org\/es\/wp-json\/wp\/v2\/comments?post=10043"}],"version-history":[{"count":12,"href":"https:\/\/www.shelltonewhaleproject.org\/es\/wp-json\/wp\/v2\/pages\/10043\/revisions"}],"predecessor-version":[{"id":10151,"href":"https:\/\/www.shelltonewhaleproject.org\/es\/wp-json\/wp\/v2\/pages\/10043\/revisions\/10151"}],"wp:attachment":[{"href":"https:\/\/www.shelltonewhaleproject.org\/es\/wp-json\/wp\/v2\/media?parent=10043"}],"curies":[{"name":"wp","href":"https:\/\/api.w.org\/{rel}","templated":true}]}}