{"id":10028,"date":"2026-03-24T05:05:51","date_gmt":"2026-03-24T04:05:51","guid":{"rendered":"https:\/\/www.shelltonewhaleproject.org\/observer-baleines-depuis-tromso-copy\/"},"modified":"2026-03-27T02:54:22","modified_gmt":"2026-03-27T01:54:22","slug":"avistamiento-de-ballenas-alta","status":"publish","type":"page","link":"https:\/\/www.shelltonewhaleproject.org\/es\/observer-baleines-alta\/","title":{"rendered":"AVISTAMIENTO DE CET\u00c1CEOS DESDE ALTA"},"content":{"rendered":"<!--themify_builder_content-->\n<div id=\"themify_builder_content-10028\" data-postid=\"10028\" class=\"themify_builder_content themify_builder_content-10028 themify_builder tf_clear\">\n                    <div  data-lazy=\"1\" class=\"module_row themify_builder_row tb_xdlz470 tb_first tf_w\">\n            <span  class=\"builder_row_cover tf_abs\" data-lazy=\"1\"><\/span>            <div class=\"row_inner col_align_top tb_col_count_1 tf_box tf_rel\">\n                        <div  data-lazy=\"1\" class=\"module_column tb-column col-full tb_qlck068 first\">\n                    <!-- module text -->\n<div  class=\"module module-text tb_p4jq460    wow\" data-tf-animation=\"fadeInDown\" data-lazy=\"1\">\n        <div  class=\"tb_text_wrap\">\n        <h1 style=\"text-align: center;\">Avistamiento respetuoso de ballenas desde Alta (Noruega)<\/h1>    <\/div>\n<\/div>\n<!-- \/module text --><!-- module plain text -->\n<div  class=\"module module-plain-text tb_sg8c960\" data-lazy=\"1\">\n        <div class=\"tb_text_wrap\">\n    <div class=\"tb_layout_part_wrap tf_w\"><!--themify_builder_content-->\n    <div  class=\"themify_builder_content themify_builder_content-8399 themify_builder not_editable_builder in_the_loop\" data-postid=\"8399\">\n                        <div  data-lazy=\"1\" class=\"module_row themify_builder_row tb_tjb8415 tf_w\">\n                        <div class=\"row_inner col_align_top tb_col_count_1 tf_box tf_rel\">\n                        <div  data-lazy=\"1\" class=\"module_column tb-column col-full tb_7b53415 first\">\n                    <!-- module text -->\n<div  class=\"module module-text tb_2jx4524\" data-lazy=\"1\">\n        <div  class=\"tb_text_wrap\">\n        <h4 style=\"text-align: center;\"><b>Shelltone Whale Project enumera una selecci\u00f3n de operadores de avistamiento de cet\u00e1ceos que se comprometen a adoptar un enfoque respetuoso.<\/b><\/h4>\n<h4 style=\"text-align: center;\">\u00a0<\/h4>\n<h4 style=\"text-align: center;\"><b>Bi\u00f3logos marinos y gu\u00edas experimentados que anteponen el bienestar de los animales.<\/b><\/h4>\n<h4 style=\"text-align: center;\">\u00a0<\/h4>\n<h4 style=\"text-align: center;\"><b>Compruebe directamente su disponibilidad y reserve su experiencia al mejor precio, sin coste adicional.<\/b><\/h4>    <\/div>\n<\/div>\n<!-- \/module text --><!-- module image -->\n<div  class=\"module module-image tb_06zv177 image-center   tf_mw\" data-lazy=\"1\">\n        <div class=\"image-wrap tf_rel tf_mw\">\n            <img loading=\"lazy\" decoding=\"async\" src=\"https:\/\/www.shelltonewhaleproject.org\/wp-content\/uploads\/2025\/10\/lgog-SWP-respect-1-LD-977x1024-250x250.png\" width=\"250\" height=\"250\" class=\"wp-post-image wp-image-8330\" title=\"lgog-SWP-respeto-1-LD\" alt=\"lgog-SWP-respeto-1-LD\" srcset=\"https:\/\/www.shelltonewhaleproject.org\/wp-content\/uploads\/2025\/10\/lgog-SWP-respect-1-LD-977x1024-250x250.png 250w, https:\/\/www.shelltonewhaleproject.org\/wp-content\/uploads\/2025\/10\/lgog-SWP-respect-1-LD-150x150.png 150w, https:\/\/www.shelltonewhaleproject.org\/wp-content\/uploads\/2025\/10\/lgog-SWP-respect-1-LD-11x12.png 11w, https:\/\/www.shelltonewhaleproject.org\/wp-content\/uploads\/2025\/10\/lgog-SWP-respect-1-LD-977x1024-300x300.png 300w\" sizes=\"auto, (max-width: 250px) 100vw, 250px\" \/>    \n        <\/div>\n    <!-- \/image-wrap -->\n    \n        <\/div>\n<!-- \/module image -->        <\/div>\n                        <\/div>\n        <\/div>\n            <\/div>\n<!--\/themify_builder_content--><\/div>\n    <\/div>\n<\/div>\n<!-- \/module plain text -->        <\/div>\n                        <\/div>\n        <\/div>\n                        <div  data-css_id=\"5mbl960\" data-lazy=\"1\" class=\"module_row themify_builder_row fullwidth_row_container tb_5mbl960 tf_w\">\n                        <div class=\"row_inner col_align_top tb_col_count_1 tf_box tf_rel\">\n                        <div  data-lazy=\"1\" class=\"module_column tb-column col-full tb_bqm0549 first\">\n                    <!-- module text -->\n<div  class=\"module module-text tb_7zv7970    wow\" data-tf-animation=\"fadeInUp\" data-tf-animation_delay=\"1\" data-lazy=\"1\">\n        <div  class=\"tb_text_wrap\">\n        <h1 style=\"text-align: center;\"><span style=\"color: #093c7a;\">La opini\u00f3n del equipo de Shelltone<\/span><\/h1>    <\/div>\n<\/div>\n<!-- \/module text --><!-- module text -->\n<div  class=\"module module-text tb_jgxe789    wow\" data-tf-animation=\"fadeInUp\" data-tf-animation_delay=\"1\" data-lazy=\"1\">\n        <div  class=\"tb_text_wrap\">\n        <p style=\"text-align: center;\"><strong>Observe orcas, ballenas jorobadas, delfines y otras especies de cet\u00e1ceos en los fiordos \u00e1rticos.<\/strong><\/p>\n<p style=\"text-align: center;\"><strong>De noviembre a enero, se re\u00fanen en los fiordos cercanos a Alta para su gran fest\u00edn de arenques. <\/strong><strong>Asistir a este extraordinario espect\u00e1culo le dejar\u00e1 recuerdos inolvidables. <\/strong><strong>Y la experiencia no acaba ah\u00ed. La regi\u00f3n es tambi\u00e9n el hogar de la majestuosa \u00e1guila marina, con una envergadura de hasta 2,5 metros, as\u00ed como de otras especies de aves marinas.<br><br><\/strong><strong>Los entusiastas de los cet\u00e1ceos seleccionados por el equipo de Shelltone en Alta han elegido el <span style=\"color: #6e9e2f;\">RESPETO<\/span>.<\/strong><\/p>    <\/div>\n<\/div>\n<!-- \/module text -->        <\/div>\n                        <\/div>\n        <\/div>\n                        <div  data-lazy=\"1\" class=\"module_row themify_builder_row tb_2yht099 tf_w\">\n                        <div class=\"row_inner col_align_top tb_col_count_1 tf_box tf_rel\">\n                        <div  data-lazy=\"1\" class=\"module_column tb-column col-full tb_t2kl759 first\">\n                    <!-- module text -->\n<div  class=\"module module-text tb_izy8969    wow\" data-tf-animation=\"fadeInDown\" data-lazy=\"1\">\n        <div  class=\"tb_text_wrap\">\n        <h2 style=\"text-align: center;\"><strong style=\"color: #193861;\">AVISTAMIENTO DE CET\u00c1CEOS EN ALTA<\/strong><\/h2>\n<p style=\"text-align: center;\"><strong style=\"color: #193861;\">Calendario de salidas, tarifas, reservas...<\/strong><\/p>    <\/div>\n<\/div>\n<!-- \/module text --><!-- module plain text -->\n<div  class=\"module module-plain-text tb_11n2006\" data-lazy=\"1\">\n        <div class=\"tb_text_wrap\">\n    <script type=\"text\/javascript\" src=\"https:\/\/widgets.bokun.io\/assets\/javascripts\/apps\/build\/BokunWidgetsLoader.js?bookingChannelUUID=afa2a357-b652-4145-8e91-75e89053f379\" async><\/script>\n     \n    <div class=\"bokunWidget\" data-src=\"https:\/\/widgets.bokun.io\/online-sales\/afa2a357-b652-4145-8e91-75e89053f379\/experience\/809238\"><\/div>\n    <noscript>Por favor, active javascript en su navegador para reservar<\/noscript>\n    <\/div>\n<\/div>\n<!-- \/module plain text -->        <\/div>\n                        <\/div>\n        <\/div>\n                        <div  data-anchor=\"photos\" data-css_id=\"iqes750\" data-lazy=\"1\" class=\"module_row themify_builder_row fullwidth tb_has_section tb_section-photos tb_iqes750 tf_w\">\n                        <div class=\"row_inner col_align_top tb_col_count_1 tf_box tf_rel\">\n                        <div  data-lazy=\"1\" class=\"module_column tb-column col-full tb_f6ea069 first\">\n                            <div  data-lazy=\"1\" class=\"module_subrow themify_builder_sub_row tf_w col_align_top tb_col_count_1 tb_9rz3900\">\n                <div  data-lazy=\"1\" class=\"module_column sub_column col-full tb_cn1x566 first\">\n                    <!-- module text -->\n<div  class=\"module module-text tb_bnyi672    wow\" data-tf-animation=\"fadeInUp\" data-tf-animation_delay=\"1\" data-lazy=\"1\">\n        <div  class=\"tb_text_wrap\">\n        <h1 style=\"text-align: center;\">Fotos de la expedici\u00f3n a Alta<\/h1>    <\/div>\n<\/div>\n<!-- \/module text -->        <\/div>\n                    <\/div>\n                <\/div>\n                        <\/div>\n        <\/div>\n                        <div  data-anchor=\"photos\" data-css_id=\"awba541\" data-lazy=\"1\" class=\"module_row themify_builder_row fullwidth tb_has_section tb_section-photos tb_awba541 tf_w\">\n                        <div class=\"row_inner col_align_top tb_col_count_1 tf_box tf_rel\">\n                        <div  data-lazy=\"1\" class=\"module_column tb-column col-full tb_lcds710 first\">\n                            <div  data-lazy=\"1\" class=\"module_subrow themify_builder_sub_row tf_w col_align_top tb_col_count_1 tb_w1c8199\">\n                <div  data-lazy=\"1\" class=\"module_column sub_column col-full tb_di9q158 first\">\n                    <!-- module image -->\n<div  class=\"module module-image tb_0vl7970 image-top   auto_fullwidth tf_mw\" data-lazy=\"1\">\n        <div class=\"image-wrap tf_rel tf_mw\">\n            <img loading=\"lazy\" decoding=\"async\" width=\"720\" height=\"480\" src=\"https:\/\/www.shelltonewhaleproject.org\/wp-content\/uploads\/2026\/03\/alta-norway-shelltonewhaleproject.jpeg\" class=\"wp-post-image wp-image-10037\" title=\"Alta-norway-shelltonewhaleproject\" alt=\"Alta-norway-shelltonewhaleproject\" srcset=\"https:\/\/www.shelltonewhaleproject.org\/wp-content\/uploads\/2026\/03\/alta-norway-shelltonewhaleproject.jpeg 720w, https:\/\/www.shelltonewhaleproject.org\/wp-content\/uploads\/2026\/03\/alta-norway-shelltonewhaleproject-300x200.jpeg 300w, https:\/\/www.shelltonewhaleproject.org\/wp-content\/uploads\/2026\/03\/alta-norway-shelltonewhaleproject-18x12.jpeg 18w\" sizes=\"auto, (max-width: 720px) 100vw, 720px\" \/>    \n        <\/div>\n    <!-- \/image-wrap -->\n    \n        <\/div>\n<!-- \/module image --><!-- module image -->\n<div  class=\"module module-image tb_ywh6270 image-top   auto_fullwidth tf_mw\" data-lazy=\"1\">\n        <div class=\"image-wrap tf_rel tf_mw\">\n            <img loading=\"lazy\" decoding=\"async\" width=\"720\" height=\"480\" src=\"https:\/\/www.shelltonewhaleproject.org\/wp-content\/uploads\/2026\/03\/alta-norway-shelltonewhaleproject-3.jpeg\" class=\"wp-post-image wp-image-10036\" title=\"Alta-norway-shelltonewhaleproject-3\" alt=\"Alta-norway-shelltonewhaleproject-3\" srcset=\"https:\/\/www.shelltonewhaleproject.org\/wp-content\/uploads\/2026\/03\/alta-norway-shelltonewhaleproject-3.jpeg 720w, https:\/\/www.shelltonewhaleproject.org\/wp-content\/uploads\/2026\/03\/alta-norway-shelltonewhaleproject-3-300x200.jpeg 300w, https:\/\/www.shelltonewhaleproject.org\/wp-content\/uploads\/2026\/03\/alta-norway-shelltonewhaleproject-3-18x12.jpeg 18w\" sizes=\"auto, (max-width: 720px) 100vw, 720px\" \/>    \n        <\/div>\n    <!-- \/image-wrap -->\n    \n        <\/div>\n<!-- \/module image --><!-- module image -->\n<div  class=\"module module-image tb_y4ci222 image-top   auto_fullwidth tf_mw\" data-lazy=\"1\">\n        <div class=\"image-wrap tf_rel tf_mw\">\n            <img loading=\"lazy\" decoding=\"async\" width=\"720\" height=\"480\" src=\"https:\/\/www.shelltonewhaleproject.org\/wp-content\/uploads\/2026\/03\/alta-norway-shelltonewhaleproject-2.jpeg\" class=\"wp-post-image wp-image-10035\" title=\"Alta-norway-shelltonewhaleproject-2\" alt=\"Alta-norway-shelltonewhaleproject-2\" srcset=\"https:\/\/www.shelltonewhaleproject.org\/wp-content\/uploads\/2026\/03\/alta-norway-shelltonewhaleproject-2.jpeg 720w, https:\/\/www.shelltonewhaleproject.org\/wp-content\/uploads\/2026\/03\/alta-norway-shelltonewhaleproject-2-300x200.jpeg 300w, https:\/\/www.shelltonewhaleproject.org\/wp-content\/uploads\/2026\/03\/alta-norway-shelltonewhaleproject-2-18x12.jpeg 18w\" sizes=\"auto, (max-width: 720px) 100vw, 720px\" \/>    \n        <\/div>\n    <!-- \/image-wrap -->\n    \n        <\/div>\n<!-- \/module image -->        <\/div>\n                    <\/div>\n                <\/div>\n                        <\/div>\n        <\/div>\n                        <div  data-lazy=\"1\" class=\"module_row themify_builder_row tb_kjf078 tf_w\">\n                        <div class=\"row_inner col_align_top tb_col_count_1 tf_box tf_rel\">\n                        <div  data-lazy=\"1\" class=\"module_column tb-column col-full tb_1gmk79 first\">\n                            <\/div>\n                        <\/div>\n        <\/div>\n        <\/div>\n<!--\/themify_builder_content-->","protected":false},"excerpt":{"rendered":"<p>Observation respectueuse de baleines depuis Alta (Norv\u00e8ge) L&rsquo;avis de la team Shelltone Observation des orques, des baleines \u00e0 bosse, des dauphins et autres esp\u00e8ces de c\u00e9tac\u00e9s dans les fjords de l&rsquo;Arctique. De novembre \u00e0 janvier, ils se rassemblent dans les fjords pr\u00e8s d&rsquo;Alta pour leur grand festin de harengs. Assister \u00e0 ce spectacle remarquable vous [&hellip;]<\/p>\n","protected":false},"author":14,"featured_media":0,"parent":0,"menu_order":0,"comment_status":"closed","ping_status":"closed","template":"","meta":{"footnotes":""},"class_list":["post-10028","page","type-page","status-publish","hentry","has-post-title","has-post-date","has-post-category","has-post-tag","has-post-comment","has-post-author",""],"builder_content":"<h1 style=\"text-align: center;\">Observation respectueuse de baleines depuis Alta (Norv\u00e8ge)<\/h1>\n[themify_layout_part id=\"8399\"]\n<h1 style=\"text-align: center;\">L'avis de la team Shelltone<\/h1>\n<p style=\"text-align: center;\"><strong>Observation des orques, des baleines \u00e0 bosse, des dauphins et autres esp\u00e8ces de c\u00e9tac\u00e9s dans les fjords de l'Arctique.<\/strong><\/p> <p style=\"text-align: center;\"><strong>De novembre \u00e0 janvier, ils se rassemblent dans les fjords pr\u00e8s d'Alta pour leur grand festin de harengs. <\/strong><strong>Assister \u00e0 ce spectacle remarquable vous laissera des souvenirs inoubliables. <\/strong><strong>Et l'exp\u00e9rience ne s'arr\u00eate pas l\u00e0. La r\u00e9gion abrite \u00e9galement le majestueux aigle de mer, dont l'envergure peut atteindre 2,5 m\u00e8tres, ainsi que d'autres esp\u00e8ces d'oiseaux marins.<br><br><\/strong><strong>Les observateurs passionn\u00e9s de c\u00e9tac\u00e9s s\u00e9lectionn\u00e9s par la team Shelltone \u00e0 Alta ont choisi le RESPECT.<\/strong><\/p>\n<h2 style=\"text-align: center;\"><strong style=\"color: #193861;\">OBSERVATION DE C\u00c9TAC\u00c9S \u00c0 ALTA<\/strong><\/h2> <p style=\"text-align: center;\"><strong style=\"color: #193861;\">Calendrier des sorties, tarifs, r\u00e9servations...<\/strong><\/p>\n<noscript>Please enable javascript in your browser to book<\/noscript>\n<h1 style=\"text-align: center;\">Photos de l'exp\u00e9dition \u00e0 Alta<\/h1>\n<img src=\"https:\/\/www.shelltonewhaleproject.org\/wp-content\/uploads\/2026\/03\/alta-norway-shelltonewhaleproject.jpeg\" title=\"Alta-norway-shelltonewhaleproject\" alt=\"Alta-norway-shelltonewhaleproject\" srcset=\"https:\/\/www.shelltonewhaleproject.org\/wp-content\/uploads\/2026\/03\/alta-norway-shelltonewhaleproject.jpeg 720w, https:\/\/www.shelltonewhaleproject.org\/wp-content\/uploads\/2026\/03\/alta-norway-shelltonewhaleproject-300x200.jpeg 300w, https:\/\/www.shelltonewhaleproject.org\/wp-content\/uploads\/2026\/03\/alta-norway-shelltonewhaleproject-18x12.jpeg 18w\" sizes=\"(max-width: 720px) 100vw, 720px\" \/>\n<img src=\"https:\/\/www.shelltonewhaleproject.org\/wp-content\/uploads\/2026\/03\/alta-norway-shelltonewhaleproject-3.jpeg\" title=\"Alta-norway-shelltonewhaleproject-3\" alt=\"Alta-norway-shelltonewhaleproject-3\" srcset=\"https:\/\/www.shelltonewhaleproject.org\/wp-content\/uploads\/2026\/03\/alta-norway-shelltonewhaleproject-3.jpeg 720w, https:\/\/www.shelltonewhaleproject.org\/wp-content\/uploads\/2026\/03\/alta-norway-shelltonewhaleproject-3-300x200.jpeg 300w, https:\/\/www.shelltonewhaleproject.org\/wp-content\/uploads\/2026\/03\/alta-norway-shelltonewhaleproject-3-18x12.jpeg 18w\" sizes=\"(max-width: 720px) 100vw, 720px\" \/>\n<img src=\"https:\/\/www.shelltonewhaleproject.org\/wp-content\/uploads\/2026\/03\/alta-norway-shelltonewhaleproject-2.jpeg\" title=\"Alta-norway-shelltonewhaleproject-2\" alt=\"Alta-norway-shelltonewhaleproject-2\" srcset=\"https:\/\/www.shelltonewhaleproject.org\/wp-content\/uploads\/2026\/03\/alta-norway-shelltonewhaleproject-2.jpeg 720w, https:\/\/www.shelltonewhaleproject.org\/wp-content\/uploads\/2026\/03\/alta-norway-shelltonewhaleproject-2-300x200.jpeg 300w, https:\/\/www.shelltonewhaleproject.org\/wp-content\/uploads\/2026\/03\/alta-norway-shelltonewhaleproject-2-18x12.jpeg 18w\" sizes=\"(max-width: 720px) 100vw, 720px\" \/>","_links":{"self":[{"href":"https:\/\/www.shelltonewhaleproject.org\/es\/wp-json\/wp\/v2\/pages\/10028","targetHints":{"allow":["GET"]}}],"collection":[{"href":"https:\/\/www.shelltonewhaleproject.org\/es\/wp-json\/wp\/v2\/pages"}],"about":[{"href":"https:\/\/www.shelltonewhaleproject.org\/es\/wp-json\/wp\/v2\/types\/page"}],"author":[{"embeddable":true,"href":"https:\/\/www.shelltonewhaleproject.org\/es\/wp-json\/wp\/v2\/users\/14"}],"replies":[{"embeddable":true,"href":"https:\/\/www.shelltonewhaleproject.org\/es\/wp-json\/wp\/v2\/comments?post=10028"}],"version-history":[{"count":14,"href":"https:\/\/www.shelltonewhaleproject.org\/es\/wp-json\/wp\/v2\/pages\/10028\/revisions"}],"predecessor-version":[{"id":10150,"href":"https:\/\/www.shelltonewhaleproject.org\/es\/wp-json\/wp\/v2\/pages\/10028\/revisions\/10150"}],"wp:attachment":[{"href":"https:\/\/www.shelltonewhaleproject.org\/es\/wp-json\/wp\/v2\/media?parent=10028"}],"curies":[{"name":"wp","href":"https:\/\/api.w.org\/{rel}","templated":true}]}}