{"id":7571,"date":"2025-06-22T18:43:39","date_gmt":"2025-06-22T16:43:39","guid":{"rendered":"https:\/\/www.shelltonewhaleproject.org\/observer-baleines-depuis-trinity-copy\/"},"modified":"2026-04-26T07:00:17","modified_gmt":"2026-04-26T05:00:17","slug":"whale-watching-vancouver-island","status":"publish","type":"page","link":"https:\/\/www.shelltonewhaleproject.org\/en\/observer-baleines-vancouver-island\/","title":{"rendered":"WHALE WATCHING FROM VANCOUVER ISLAND"},"content":{"rendered":"<!--themify_builder_content-->\n<div id=\"themify_builder_content-7571\" data-postid=\"7571\" class=\"themify_builder_content themify_builder_content-7571 themify_builder tf_clear\">\n                    <div  data-lazy=\"1\" class=\"module_row themify_builder_row tb_h1nq388 tb_first tf_w\">\n            <span  class=\"builder_row_cover tf_abs\" data-lazy=\"1\"><\/span>            <div class=\"row_inner col_align_top tb_col_count_1 tf_box tf_rel\">\n                        <div  data-lazy=\"1\" class=\"module_column tb-column col-full tb_4oa2388 first\">\n                    <!-- module text -->\n<div  class=\"module module-text tb_3e5i388    wow\" data-tf-animation=\"fadeInDown\" data-lazy=\"1\">\n        <div  class=\"tb_text_wrap\">\n        <h1 style=\"text-align: center;\">Respectful whale watching in Vancouver Island (Canada)<\/h1>    <\/div>\n<\/div>\n<!-- \/module text --><!-- module plain text -->\n<div  class=\"module module-plain-text tb_8wf6388\" data-lazy=\"1\">\n        <div class=\"tb_text_wrap\">\n    <div class=\"tb_layout_part_wrap tf_w\"><!--themify_builder_content-->\n    <div  class=\"themify_builder_content themify_builder_content-8399 themify_builder not_editable_builder in_the_loop\" data-postid=\"8399\">\n                        <div  data-lazy=\"1\" class=\"module_row themify_builder_row tb_tjb8415 tf_w\">\n                        <div class=\"row_inner col_align_top tb_col_count_1 tf_box tf_rel\">\n                        <div  data-lazy=\"1\" class=\"module_column tb-column col-full tb_7b53415 first\">\n                    <!-- module text -->\n<div  class=\"module module-text tb_2jx4524\" data-lazy=\"1\">\n        <div  class=\"tb_text_wrap\">\n        <h4 style=\"text-align: center;\"><b>The Shelltone Whale Project carefully selects whale-watching operators committed to a respectful approach.<\/b><\/h4>\n<h4 style=\"text-align: center;\">\u00a0<\/h4>\n<h4 style=\"text-align: center;\"><b>Marine biologists and experienced naturalists who put animal welfare first.<\/b><\/h4>\n<h4 style=\"text-align: center;\">\u00a0<\/h4>\n<h4 style=\"text-align: center;\"><b>Check availability directly and book your experience at the best available rate, with no additional fees.<\/b><\/h4>    <\/div>\n<\/div>\n<!-- \/module text --><!-- module image -->\n<div  class=\"module module-image tb_06zv177 image-center   tf_mw\" data-lazy=\"1\">\n        <div class=\"image-wrap tf_rel tf_mw\">\n            <img loading=\"lazy\" decoding=\"async\" src=\"https:\/\/www.shelltonewhaleproject.org\/wp-content\/uploads\/2025\/10\/lgog-SWP-respect-1-LD-977x1024-250x250.png\" width=\"250\" height=\"250\" class=\"wp-post-image wp-image-8330\" title=\"lgog-SWP-respect-1-LD\" alt=\"lgog-SWP-respect-1-LD\" srcset=\"https:\/\/www.shelltonewhaleproject.org\/wp-content\/uploads\/2025\/10\/lgog-SWP-respect-1-LD-977x1024-250x250.png 250w, https:\/\/www.shelltonewhaleproject.org\/wp-content\/uploads\/2025\/10\/lgog-SWP-respect-1-LD-150x150.png 150w, https:\/\/www.shelltonewhaleproject.org\/wp-content\/uploads\/2025\/10\/lgog-SWP-respect-1-LD-11x12.png 11w, https:\/\/www.shelltonewhaleproject.org\/wp-content\/uploads\/2025\/10\/lgog-SWP-respect-1-LD-977x1024-300x300.png 300w\" sizes=\"auto, (max-width: 250px) 100vw, 250px\" \/>    \n        <\/div>\n    <!-- \/image-wrap -->\n    \n        <\/div>\n<!-- \/module image -->        <\/div>\n                        <\/div>\n        <\/div>\n            <\/div>\n<!--\/themify_builder_content--><\/div>\n    <\/div>\n<\/div>\n<!-- \/module plain text -->        <\/div>\n                        <\/div>\n        <\/div>\n                        <div  data-css_id=\"4odm800\" data-lazy=\"1\" class=\"module_row themify_builder_row fullwidth_row_container tb_4odm800 tf_w\">\n                        <div class=\"row_inner col_align_top tb_col_count_1 tf_box tf_rel\">\n                        <div  data-lazy=\"1\" class=\"module_column tb-column col-full tb_7mmx128 first\">\n                    <!-- module text -->\n<div  class=\"module module-text tb_fx0c327    wow\" data-tf-animation=\"fadeInUp\" data-tf-animation_delay=\"1\" data-lazy=\"1\">\n        <div  class=\"tb_text_wrap\">\n        <h1 style=\"text-align: center;\"><span style=\"color: #093c7a;\">The Shelltone team's opinion<\/span><\/h1>    <\/div>\n<\/div>\n<!-- \/module text --><!-- module text -->\n<div  class=\"module module-text tb_t77s416    wow\" data-tf-animation=\"fadeInUp\" data-tf-animation_delay=\"1\" data-lazy=\"1\">\n        <div  class=\"tb_text_wrap\">\n        <p><strong>Set off from Tofino on an intimate, open-air Boston Whaler to explore the rich feeding grounds of Clayoquot Sound in search of grey whales, humpbacks, killer whales and other marine life. With seating for a small group and live interpretation from experienced crew, this seasonal March\u2013November excursion delivers unobstructed coastal and open-ocean views. Expect an immersive, close-to-nature experience as whales surface, breach and interact with their environment while guides share insights into migration and marine ecology.<\/strong><\/p>\n<p style=\"text-align: center;\"><b>The cetacean enthusiasts selected by the Shelltone team on Vancouver Island have chosen the <span style=\"color: #6e9e2f;\">RESPECT<\/span>.<\/b><\/p>    <\/div>\n<\/div>\n<!-- \/module text -->        <\/div>\n                        <\/div>\n        <\/div>\n                        <div  data-lazy=\"1\" class=\"module_row themify_builder_row tb_cg8m338 tf_w\">\n                        <div class=\"row_inner col_align_top tb_col_count_1 tf_box tf_rel\">\n                        <div  data-lazy=\"1\" class=\"module_column tb-column col-full tb_b0hf810 first\">\n                    <!-- module text -->\n<div  class=\"module module-text tb_ewtb000    wow\" data-tf-animation=\"fadeInDown\" data-lazy=\"1\">\n        <div  class=\"tb_text_wrap\">\n        <h2 style=\"text-align: center;\"><strong>Whale watching in Vancouver Island<\/strong><\/h2>\n<p style=\"text-align: center;\"><strong>Schedule, prices &amp; booking<\/strong><\/p>    <\/div>\n<\/div>\n<!-- \/module text --><!-- module plain text -->\n<div  class=\"module module-plain-text tb_fwhv435\" data-lazy=\"1\">\n        <div class=\"tb_text_wrap\">\n    <div class=\"shelltone-fh-embed\">\n  <iframe\n    src=\"https:\/\/fareharbor.com\/embeds\/book\/tofinowhalecentre\/items\/424497\/?asn=fhdn-cad&#038;asn-ref=shelltonewhaleproject&#038;ref=shelltonewhaleproject&#038;bookable-only=yes&#038;full-items=yes&#038;marketplace=yes&#038;flow=no&#038;branding=no\"\n    loading=\"lazy\"\n    scrolling=\"auto\">\n  <\/iframe>\n<\/div>    <\/div>\n<\/div>\n<!-- \/module plain text -->        <\/div>\n                        <\/div>\n        <\/div>\n                        <div  data-anchor=\"photos\" data-css_id=\"nz7y425\" data-lazy=\"1\" class=\"module_row themify_builder_row fullwidth tb_has_section tb_section-photos tb_nz7y425 tf_w\">\n                        <div class=\"row_inner col_align_top tb_col_count_1 tf_box tf_rel\">\n                        <div  data-lazy=\"1\" class=\"module_column tb-column col-full tb_nzau425 first\">\n                            <div  data-lazy=\"1\" class=\"module_subrow themify_builder_sub_row tf_w col_align_top tb_col_count_1 tb_x179425\">\n                <div  data-lazy=\"1\" class=\"module_column sub_column col-full tb_xarg425 first\">\n                    <!-- module text -->\n<div  class=\"module module-text tb_7dkf425    wow\" data-tf-animation=\"fadeInUp\" data-tf-animation_delay=\"1\" data-lazy=\"1\">\n        <div  class=\"tb_text_wrap\">\n        <h1 style=\"text-align: center;\">Photos of the Vancouver Island expedition<\/h1>    <\/div>\n<\/div>\n<!-- \/module text -->        <\/div>\n                    <\/div>\n                <\/div>\n                        <\/div>\n        <\/div>\n                        <div  data-anchor=\"photos\" data-css_id=\"7mx4383\" data-lazy=\"1\" class=\"module_row themify_builder_row fullwidth tb_has_section tb_section-photos tb_7mx4383 tf_w\">\n                        <div class=\"row_inner col_align_top tb_col_count_1 tf_box tf_rel\">\n                        <div  data-lazy=\"1\" class=\"module_column tb-column col-full tb_yhuj881 first\">\n                            <div  data-lazy=\"1\" class=\"module_subrow themify_builder_sub_row tf_w col_align_top tb_col_count_1 tb_ibsk883\">\n                <div  data-lazy=\"1\" class=\"module_column sub_column col-full tb_mujm338 first\">\n                    <!-- module image -->\n<div  class=\"module module-image tb_ymol330 image-top   auto_fullwidth tf_mw\" data-lazy=\"1\">\n        <div class=\"image-wrap tf_rel tf_mw\">\n            <img loading=\"lazy\" decoding=\"async\" width=\"1600\" height=\"1067\" src=\"https:\/\/www.shelltonewhaleproject.org\/wp-content\/uploads\/2026\/04\/vancouver-island-shelltone-1.jpeg\" class=\"wp-post-image wp-image-10327\" title=\"vancouver-island-shelltone-1\" alt=\"vancouver-island-shelltone-1\" srcset=\"https:\/\/www.shelltonewhaleproject.org\/wp-content\/uploads\/2026\/04\/vancouver-island-shelltone-1.jpeg 1600w, https:\/\/www.shelltonewhaleproject.org\/wp-content\/uploads\/2026\/04\/vancouver-island-shelltone-1-300x200.jpeg 300w, https:\/\/www.shelltonewhaleproject.org\/wp-content\/uploads\/2026\/04\/vancouver-island-shelltone-1-1024x683.jpeg 1024w, https:\/\/www.shelltonewhaleproject.org\/wp-content\/uploads\/2026\/04\/vancouver-island-shelltone-1-768x512.jpeg 768w, https:\/\/www.shelltonewhaleproject.org\/wp-content\/uploads\/2026\/04\/vancouver-island-shelltone-1-1536x1024.jpeg 1536w, https:\/\/www.shelltonewhaleproject.org\/wp-content\/uploads\/2026\/04\/vancouver-island-shelltone-1-18x12.jpeg 18w\" sizes=\"auto, (max-width: 1600px) 100vw, 1600px\" \/>    \n        <\/div>\n    <!-- \/image-wrap -->\n    \n        <\/div>\n<!-- \/module image --><!-- module image -->\n<div  class=\"module module-image tb_p3b0003 image-top   auto_fullwidth tf_mw\" data-lazy=\"1\">\n        <div class=\"image-wrap tf_rel tf_mw\">\n            <img loading=\"lazy\" decoding=\"async\" width=\"1500\" height=\"1000\" src=\"https:\/\/www.shelltonewhaleproject.org\/wp-content\/uploads\/2026\/04\/vancouver-island-shelltone.jpeg\" class=\"wp-post-image wp-image-10326\" title=\"vancouver-island-shelltone\" alt=\"vancouver-island-shelltone\" srcset=\"https:\/\/www.shelltonewhaleproject.org\/wp-content\/uploads\/2026\/04\/vancouver-island-shelltone.jpeg 1500w, https:\/\/www.shelltonewhaleproject.org\/wp-content\/uploads\/2026\/04\/vancouver-island-shelltone-300x200.jpeg 300w, https:\/\/www.shelltonewhaleproject.org\/wp-content\/uploads\/2026\/04\/vancouver-island-shelltone-1024x683.jpeg 1024w, https:\/\/www.shelltonewhaleproject.org\/wp-content\/uploads\/2026\/04\/vancouver-island-shelltone-768x512.jpeg 768w, https:\/\/www.shelltonewhaleproject.org\/wp-content\/uploads\/2026\/04\/vancouver-island-shelltone-18x12.jpeg 18w\" sizes=\"auto, (max-width: 1500px) 100vw, 1500px\" \/>    \n        <\/div>\n    <!-- \/image-wrap -->\n    \n        <\/div>\n<!-- \/module image --><!-- module image -->\n<div  class=\"module module-image tb_mjnt103 image-top   auto_fullwidth tf_mw\" data-lazy=\"1\">\n        <div class=\"image-wrap tf_rel tf_mw\">\n            <img loading=\"lazy\" decoding=\"async\" width=\"1600\" height=\"1065\" src=\"https:\/\/www.shelltonewhaleproject.org\/wp-content\/uploads\/2026\/04\/vancouver-island-shelltone-2.jpeg\" class=\"wp-post-image wp-image-10328\" title=\"vancouver-island-shelltone-2\" alt=\"vancouver-island-shelltone-2\" srcset=\"https:\/\/www.shelltonewhaleproject.org\/wp-content\/uploads\/2026\/04\/vancouver-island-shelltone-2.jpeg 1600w, https:\/\/www.shelltonewhaleproject.org\/wp-content\/uploads\/2026\/04\/vancouver-island-shelltone-2-300x200.jpeg 300w, https:\/\/www.shelltonewhaleproject.org\/wp-content\/uploads\/2026\/04\/vancouver-island-shelltone-2-1024x682.jpeg 1024w, https:\/\/www.shelltonewhaleproject.org\/wp-content\/uploads\/2026\/04\/vancouver-island-shelltone-2-768x511.jpeg 768w, https:\/\/www.shelltonewhaleproject.org\/wp-content\/uploads\/2026\/04\/vancouver-island-shelltone-2-1536x1022.jpeg 1536w, https:\/\/www.shelltonewhaleproject.org\/wp-content\/uploads\/2026\/04\/vancouver-island-shelltone-2-18x12.jpeg 18w\" sizes=\"auto, (max-width: 1600px) 100vw, 1600px\" \/>    \n        <\/div>\n    <!-- \/image-wrap -->\n    \n        <\/div>\n<!-- \/module image -->        <\/div>\n                    <\/div>\n                <\/div>\n                        <\/div>\n        <\/div>\n        <\/div>\n<!--\/themify_builder_content-->","protected":false},"excerpt":{"rendered":"<p>Observation respectueuse de baleines depuis Vancouver Island (Canada) L&rsquo;avis de la team Shelltone Embarquez \u00e0 Tofino \u00e0 bord d&rsquo;un Boston Whaler intimiste et \u00e0 ciel ouvert pour explorer les riches zones d&rsquo;alimentation du d\u00e9troit de Clayoquot, \u00e0 la recherche de baleines grises, de baleines \u00e0 bosse, d&rsquo;orques et d&rsquo;autres esp\u00e8ces marines. Avec une capacit\u00e9 d&rsquo;accueil [&hellip;]<\/p>\n","protected":false},"author":14,"featured_media":0,"parent":0,"menu_order":0,"comment_status":"closed","ping_status":"closed","template":"","meta":{"footnotes":""},"class_list":["post-7571","page","type-page","status-publish","hentry","has-post-title","has-post-date","has-post-category","has-post-tag","has-post-comment","has-post-author",""],"builder_content":"<h1 style=\"text-align: center;\">Observation respectueuse de baleines depuis Vancouver Island (Canada)<\/h1>\n[themify_layout_part id=\"8399\"]\n<h1 style=\"text-align: center;\">L'avis de la team Shelltone<\/h1>\n<p><strong>Embarquez \u00e0 Tofino \u00e0 bord d'un Boston Whaler intimiste et \u00e0 ciel ouvert pour explorer les riches zones d'alimentation du d\u00e9troit de Clayoquot, \u00e0 la recherche de baleines grises, de baleines \u00e0 bosse, d'orques et d'autres esp\u00e8ces marines. Avec une capacit\u00e9 d'accueil pour un petit groupe et les commentaires en direct d'un \u00e9quipage exp\u00e9riment\u00e9, cette excursion saisonni\u00e8re, propos\u00e9e de mars \u00e0 novembre, offre une vue imprenable sur la c\u00f4te et le large. Pr\u00e9parez-vous \u00e0 vivre une exp\u00e9rience immersive et proche de la nature, tandis que les baleines font surface, sautent hors de l'eau et interagissent avec leur environnement, et que les guides vous font d\u00e9couvrir la migration et l'\u00e9cologie marine.<\/strong><\/p> <p style=\"text-align: center;\"><b>Les observateurs passionn\u00e9s de c\u00e9tac\u00e9s s\u00e9lectionn\u00e9s par la team Shelltone \u00e0 Vancouver Island ont choisi le RESPECT.<\/b><\/p>\n<h2 style=\"text-align: center;\"><strong>OBSERVATION DE C\u00c9TAC\u00c9S \u00c0 VANCOUVER ISLAND<\/strong><\/h2> <p style=\"text-align: center;\"><strong>Calendrier des sorties, tarifs, r\u00e9servations...<\/strong><\/p>\n<iframe src=\"https:\/\/fareharbor.com\/embeds\/book\/tofinowhalecentre\/items\/424497\/?asn=fhdn-cad&asn-ref=shelltonewhaleproject&ref=shelltonewhaleproject&bookable-only=yes&full-items=yes&marketplace=yes&flow=no&branding=no\" loading=\"lazy\" scrolling=\"auto\"> <\/iframe>\n<h1 style=\"text-align: center;\">Photos de l'exp\u00e9dition \u00e0 Vancouver Island<\/h1>\n<img src=\"https:\/\/www.shelltonewhaleproject.org\/wp-content\/uploads\/2026\/04\/vancouver-island-shelltone-1.jpeg\" title=\"vancouver-island-shelltone-1\" alt=\"vancouver-island-shelltone-1\" srcset=\"https:\/\/www.shelltonewhaleproject.org\/wp-content\/uploads\/2026\/04\/vancouver-island-shelltone-1.jpeg 1600w, https:\/\/www.shelltonewhaleproject.org\/wp-content\/uploads\/2026\/04\/vancouver-island-shelltone-1-300x200.jpeg 300w, https:\/\/www.shelltonewhaleproject.org\/wp-content\/uploads\/2026\/04\/vancouver-island-shelltone-1-1024x683.jpeg 1024w, https:\/\/www.shelltonewhaleproject.org\/wp-content\/uploads\/2026\/04\/vancouver-island-shelltone-1-768x512.jpeg 768w, https:\/\/www.shelltonewhaleproject.org\/wp-content\/uploads\/2026\/04\/vancouver-island-shelltone-1-1536x1024.jpeg 1536w, https:\/\/www.shelltonewhaleproject.org\/wp-content\/uploads\/2026\/04\/vancouver-island-shelltone-1-18x12.jpeg 18w\" sizes=\"(max-width: 1600px) 100vw, 1600px\" \/>\n<img src=\"https:\/\/www.shelltonewhaleproject.org\/wp-content\/uploads\/2026\/04\/vancouver-island-shelltone.jpeg\" title=\"vancouver-island-shelltone\" alt=\"vancouver-island-shelltone\" srcset=\"https:\/\/www.shelltonewhaleproject.org\/wp-content\/uploads\/2026\/04\/vancouver-island-shelltone.jpeg 1500w, https:\/\/www.shelltonewhaleproject.org\/wp-content\/uploads\/2026\/04\/vancouver-island-shelltone-300x200.jpeg 300w, https:\/\/www.shelltonewhaleproject.org\/wp-content\/uploads\/2026\/04\/vancouver-island-shelltone-1024x683.jpeg 1024w, https:\/\/www.shelltonewhaleproject.org\/wp-content\/uploads\/2026\/04\/vancouver-island-shelltone-768x512.jpeg 768w, https:\/\/www.shelltonewhaleproject.org\/wp-content\/uploads\/2026\/04\/vancouver-island-shelltone-18x12.jpeg 18w\" sizes=\"(max-width: 1500px) 100vw, 1500px\" \/>\n<img src=\"https:\/\/www.shelltonewhaleproject.org\/wp-content\/uploads\/2026\/04\/vancouver-island-shelltone-2.jpeg\" title=\"vancouver-island-shelltone-2\" alt=\"vancouver-island-shelltone-2\" srcset=\"https:\/\/www.shelltonewhaleproject.org\/wp-content\/uploads\/2026\/04\/vancouver-island-shelltone-2.jpeg 1600w, https:\/\/www.shelltonewhaleproject.org\/wp-content\/uploads\/2026\/04\/vancouver-island-shelltone-2-300x200.jpeg 300w, https:\/\/www.shelltonewhaleproject.org\/wp-content\/uploads\/2026\/04\/vancouver-island-shelltone-2-1024x682.jpeg 1024w, https:\/\/www.shelltonewhaleproject.org\/wp-content\/uploads\/2026\/04\/vancouver-island-shelltone-2-768x511.jpeg 768w, https:\/\/www.shelltonewhaleproject.org\/wp-content\/uploads\/2026\/04\/vancouver-island-shelltone-2-1536x1022.jpeg 1536w, https:\/\/www.shelltonewhaleproject.org\/wp-content\/uploads\/2026\/04\/vancouver-island-shelltone-2-18x12.jpeg 18w\" sizes=\"(max-width: 1600px) 100vw, 1600px\" \/>","_links":{"self":[{"href":"https:\/\/www.shelltonewhaleproject.org\/en\/wp-json\/wp\/v2\/pages\/7571","targetHints":{"allow":["GET"]}}],"collection":[{"href":"https:\/\/www.shelltonewhaleproject.org\/en\/wp-json\/wp\/v2\/pages"}],"about":[{"href":"https:\/\/www.shelltonewhaleproject.org\/en\/wp-json\/wp\/v2\/types\/page"}],"author":[{"embeddable":true,"href":"https:\/\/www.shelltonewhaleproject.org\/en\/wp-json\/wp\/v2\/users\/14"}],"replies":[{"embeddable":true,"href":"https:\/\/www.shelltonewhaleproject.org\/en\/wp-json\/wp\/v2\/comments?post=7571"}],"version-history":[{"count":9,"href":"https:\/\/www.shelltonewhaleproject.org\/en\/wp-json\/wp\/v2\/pages\/7571\/revisions"}],"predecessor-version":[{"id":10331,"href":"https:\/\/www.shelltonewhaleproject.org\/en\/wp-json\/wp\/v2\/pages\/7571\/revisions\/10331"}],"wp:attachment":[{"href":"https:\/\/www.shelltonewhaleproject.org\/en\/wp-json\/wp\/v2\/media?parent=7571"}],"curies":[{"name":"wp","href":"https:\/\/api.w.org\/{rel}","templated":true}]}}