{"id":7437,"date":"2025-06-18T13:48:03","date_gmt":"2025-06-18T11:48:03","guid":{"rendered":"https:\/\/www.shelltonewhaleproject.org\/observer-baleines-depuis-la-peninsule-de-valdes-copy\/"},"modified":"2025-12-25T10:40:32","modified_gmt":"2025-12-25T09:40:32","slug":"whale-watching-valdes-peninsula-3","status":"publish","type":"page","link":"https:\/\/www.shelltonewhaleproject.org\/en\/observer-baleines-peninsule-valdes-3\/","title":{"rendered":"WHALE WATCHING FROM TROMSO"},"content":{"rendered":"<!--themify_builder_content-->\n<div id=\"themify_builder_content-7437\" data-postid=\"7437\" class=\"themify_builder_content themify_builder_content-7437 themify_builder tf_clear\">\n                    <div  data-lazy=\"1\" class=\"module_row themify_builder_row tb_5nw3859 tb_first tf_w\">\n            <span  class=\"builder_row_cover tf_abs\" data-lazy=\"1\"><\/span>            <div class=\"row_inner col_align_top tb_col_count_1 tf_box tf_rel\">\n                        <div  data-lazy=\"1\" class=\"module_column tb-column col-full tb_00vy859 first\">\n                    <!-- module text -->\n<div  class=\"module module-text tb_f6rv859    wow\" data-tf-animation=\"fadeInDown\" data-lazy=\"1\">\n        <div  class=\"tb_text_wrap\">\n        <h1 style=\"text-align: center;\">Respectful whale watching from Troms\u00f8 (Norway)<\/h1>    <\/div>\n<\/div>\n<!-- \/module text --><!-- module plain text -->\n<div  class=\"module module-plain-text tb_s1kp859\" data-lazy=\"1\">\n        <div class=\"tb_text_wrap\">\n    <div class=\"tb_layout_part_wrap tf_w\"><!--themify_builder_content-->\n    <div  class=\"themify_builder_content themify_builder_content-8399 themify_builder not_editable_builder in_the_loop\" data-postid=\"8399\">\n                        <div  data-lazy=\"1\" class=\"module_row themify_builder_row tb_tjb8415 tf_w\">\n                        <div class=\"row_inner col_align_top tb_col_count_1 tf_box tf_rel\">\n                        <div  data-lazy=\"1\" class=\"module_column tb-column col-full tb_7b53415 first\">\n                    <!-- module text -->\n<div  class=\"module module-text tb_2jx4524\" data-lazy=\"1\">\n        <div  class=\"tb_text_wrap\">\n        <h4 style=\"text-align: center;\"><b>The Shelltone Whale Project carefully selects whale-watching operators committed to a respectful approach.<\/b><\/h4>\n<h4 style=\"text-align: center;\">\u00a0<\/h4>\n<h4 style=\"text-align: center;\"><b>Marine biologists and experienced naturalists who put animal welfare first.<\/b><\/h4>\n<h4 style=\"text-align: center;\">\u00a0<\/h4>\n<h4 style=\"text-align: center;\"><b>Check availability directly and book your experience at the best available rate, with no additional fees.<\/b><\/h4>    <\/div>\n<\/div>\n<!-- \/module text --><!-- module image -->\n<div  class=\"module module-image tb_06zv177 image-center   tf_mw\" data-lazy=\"1\">\n        <div class=\"image-wrap tf_rel tf_mw\">\n            <img loading=\"lazy\" decoding=\"async\" src=\"https:\/\/www.shelltonewhaleproject.org\/wp-content\/uploads\/2025\/10\/lgog-SWP-respect-1-LD-977x1024-250x250.png\" width=\"250\" height=\"250\" class=\"wp-post-image wp-image-8330\" title=\"lgog-SWP-respect-1-LD\" alt=\"lgog-SWP-respect-1-LD\" srcset=\"https:\/\/www.shelltonewhaleproject.org\/wp-content\/uploads\/2025\/10\/lgog-SWP-respect-1-LD-977x1024-250x250.png 250w, https:\/\/www.shelltonewhaleproject.org\/wp-content\/uploads\/2025\/10\/lgog-SWP-respect-1-LD-150x150.png 150w, https:\/\/www.shelltonewhaleproject.org\/wp-content\/uploads\/2025\/10\/lgog-SWP-respect-1-LD-11x12.png 11w, https:\/\/www.shelltonewhaleproject.org\/wp-content\/uploads\/2025\/10\/lgog-SWP-respect-1-LD-977x1024-300x300.png 300w\" sizes=\"auto, (max-width: 250px) 100vw, 250px\" \/>    \n        <\/div>\n    <!-- \/image-wrap -->\n    \n        <\/div>\n<!-- \/module image -->        <\/div>\n                        <\/div>\n        <\/div>\n            <\/div>\n<!--\/themify_builder_content--><\/div>\n    <\/div>\n<\/div>\n<!-- \/module plain text -->        <\/div>\n                        <\/div>\n        <\/div>\n                        <div  data-css_id=\"xm24907\" data-lazy=\"1\" class=\"module_row themify_builder_row fullwidth_row_container tb_xm24907 tf_w\">\n                        <div class=\"row_inner col_align_top tb_col_count_1 tf_box tf_rel\">\n                        <div  data-lazy=\"1\" class=\"module_column tb-column col-full tb_82uw017 first\">\n                    <!-- module text -->\n<div  class=\"module module-text tb_h4gz934    wow\" data-tf-animation=\"fadeInUp\" data-tf-animation_delay=\"1\" data-lazy=\"1\">\n        <div  class=\"tb_text_wrap\">\n        <h1 style=\"text-align: center;\"><span style=\"color: #093c7a;\">The Shelltone team's opinion<\/span><\/h1>    <\/div>\n<\/div>\n<!-- \/module text --><!-- module text -->\n<div  class=\"module module-text tb_oedq333    wow\" data-tf-animation=\"fadeInUp\" data-tf-animation_delay=\"1\" data-lazy=\"1\">\n        <div  class=\"tb_text_wrap\">\n        <p style=\"text-align: center;\"><strong>From this base, you sail between snow-capped mountains and narrow fjords, in a magical setting.<\/strong><\/p>\n<p style=\"text-align: center;\"><strong>The most common species are the humpback whale and the killer whale.<span class=\"Apple-converted-space\">\u00a0 <\/span>In recent seasons, the whales are found to the north, in the Skjerv\u00f8y area, and the only way to get there by boat for a day cruise is to use a speedboat, like the one at this base.<\/strong><\/p>\n<p style=\"text-align: center;\"><strong>The city's most modern yacht is at your disposal, along with highly qualified and certified skippers.<\/strong><\/p>\n<p style=\"text-align: center;\"><b>The cetacean enthusiasts selected by the Shelltone team in Troms\u00f8 have chosen the <span style=\"color: #6e9e2f;\">RESPECT<\/span>.<\/b><\/p>    <\/div>\n<\/div>\n<!-- \/module text -->        <\/div>\n                        <\/div>\n        <\/div>\n                        <div  data-lazy=\"1\" class=\"module_row themify_builder_row tb_bs1o446 tf_w\">\n                        <div class=\"row_inner col_align_top tb_col_count_1 tf_box tf_rel\">\n                        <div  data-lazy=\"1\" class=\"module_column tb-column col-full tb_194h743 first\">\n                    <!-- module text -->\n<div  class=\"module module-text tb_vvoi740    wow\" data-tf-animation=\"fadeInDown\" data-lazy=\"1\">\n        <div  class=\"tb_text_wrap\">\n        <h2 style=\"text-align: center;\"><strong>Whale watching from Troms\u00f8<\/strong><\/h2>\n<p style=\"text-align: center;\"><strong>Schedule, prices &amp; booking<\/strong><\/p>    <\/div>\n<\/div>\n<!-- \/module text --><!-- module plain text -->\n<div  class=\"module module-plain-text tb_5oyw0\" data-lazy=\"1\">\n        <div class=\"tb_text_wrap\">\n    <div class=\"shelltone-fh-embed\">\n  <iframe\n    src=\"https:\/\/fareharbor.com\/embeds\/book\/acinorway\/items\/267052\/?asn=fhdn-nok&#038;asn-ref=shelltonewhaleproject&#038;ref=shelltonewhaleproject&#038;bookable-only=yes&#038;full-items=yes&#038;marketplace=yes&#038;flow=no\"\n    loading=\"lazy\"\n    scrolling=\"auto\">\n  <\/iframe>\n<\/div>\n\n    <\/div>\n<\/div>\n<!-- \/module plain text -->        <\/div>\n                        <\/div>\n        <\/div>\n                        <div  data-anchor=\"photos\" data-css_id=\"h6eq649\" data-lazy=\"1\" class=\"module_row themify_builder_row fullwidth tb_has_section tb_section-photos tb_h6eq649 tf_w\">\n                        <div class=\"row_inner col_align_top tb_col_count_1 tf_box tf_rel\">\n                        <div  data-lazy=\"1\" class=\"module_column tb-column col-full tb_8txi649 first\">\n                            <div  data-lazy=\"1\" class=\"module_subrow themify_builder_sub_row tf_w col_align_top tb_col_count_1 tb_bygt649\">\n                <div  data-lazy=\"1\" class=\"module_column sub_column col-full tb_ybre649 first\">\n                    <!-- module text -->\n<div  class=\"module module-text tb_8h0k649    wow\" data-tf-animation=\"fadeInUp\" data-tf-animation_delay=\"1\" data-lazy=\"1\">\n        <div  class=\"tb_text_wrap\">\n        <h1 style=\"text-align: center;\">Photos of the Troms\u00f8 expedition<\/h1>    <\/div>\n<\/div>\n<!-- \/module text -->        <\/div>\n                    <\/div>\n                <\/div>\n                        <\/div>\n        <\/div>\n                        <div  data-anchor=\"photos\" data-css_id=\"spyi407\" data-lazy=\"1\" class=\"module_row themify_builder_row fullwidth tb_has_section tb_section-photos tb_spyi407 tf_w\">\n                        <div class=\"row_inner col_align_top tb_col_count_1 tf_box tf_rel\">\n                        <div  data-lazy=\"1\" class=\"module_column tb-column col-full tb_g9jv930 first\">\n                            <div  data-lazy=\"1\" class=\"module_subrow themify_builder_sub_row tf_w col_align_top tb_col_count_1 tb_9dna043\">\n                <div  data-lazy=\"1\" class=\"module_column sub_column col-full tb_8p8r304 first\">\n                    <!-- module image -->\n<div  class=\"module module-image tb_7wrt207 image-top   auto_fullwidth tf_mw\" data-lazy=\"1\">\n        <div class=\"image-wrap tf_rel tf_mw\">\n            <img loading=\"lazy\" decoding=\"async\" width=\"1024\" height=\"768\" src=\"https:\/\/www.shelltonewhaleproject.org\/wp-content\/uploads\/2025\/06\/Shelltone-whale-Tromso.jpeg\" class=\"wp-post-image wp-image-7448\" title=\"Shelltone-whale-Tromso\" alt=\"Shelltone-whale-Tromso\" srcset=\"https:\/\/www.shelltonewhaleproject.org\/wp-content\/uploads\/2025\/06\/Shelltone-whale-Tromso.jpeg 1024w, https:\/\/www.shelltonewhaleproject.org\/wp-content\/uploads\/2025\/06\/Shelltone-whale-Tromso-300x225.jpeg 300w, https:\/\/www.shelltonewhaleproject.org\/wp-content\/uploads\/2025\/06\/Shelltone-whale-Tromso-768x576.jpeg 768w, https:\/\/www.shelltonewhaleproject.org\/wp-content\/uploads\/2025\/06\/Shelltone-whale-Tromso-16x12.jpeg 16w\" sizes=\"auto, (max-width: 1024px) 100vw, 1024px\" \/>    \n        <\/div>\n    <!-- \/image-wrap -->\n    \n        <\/div>\n<!-- \/module image --><!-- module image -->\n<div  class=\"module module-image tb_3arv044 image-top   auto_fullwidth tf_mw\" data-lazy=\"1\">\n        <div class=\"image-wrap tf_rel tf_mw\">\n            <img loading=\"lazy\" decoding=\"async\" width=\"1600\" height=\"966\" src=\"https:\/\/www.shelltonewhaleproject.org\/wp-content\/uploads\/2025\/06\/Shelltone-whale-Tromso-2.jpeg\" class=\"wp-post-image wp-image-7450\" title=\"Shelltone-whale-Tromso-2\" alt=\"Shelltone-whale-Tromso-2\" srcset=\"https:\/\/www.shelltonewhaleproject.org\/wp-content\/uploads\/2025\/06\/Shelltone-whale-Tromso-2.jpeg 1600w, https:\/\/www.shelltonewhaleproject.org\/wp-content\/uploads\/2025\/06\/Shelltone-whale-Tromso-2-300x181.jpeg 300w, https:\/\/www.shelltonewhaleproject.org\/wp-content\/uploads\/2025\/06\/Shelltone-whale-Tromso-2-1024x618.jpeg 1024w, https:\/\/www.shelltonewhaleproject.org\/wp-content\/uploads\/2025\/06\/Shelltone-whale-Tromso-2-768x464.jpeg 768w, https:\/\/www.shelltonewhaleproject.org\/wp-content\/uploads\/2025\/06\/Shelltone-whale-Tromso-2-1536x927.jpeg 1536w, https:\/\/www.shelltonewhaleproject.org\/wp-content\/uploads\/2025\/06\/Shelltone-whale-Tromso-2-18x12.jpeg 18w\" sizes=\"auto, (max-width: 1600px) 100vw, 1600px\" \/>    \n        <\/div>\n    <!-- \/image-wrap -->\n    \n        <\/div>\n<!-- \/module image --><!-- module image -->\n<div  class=\"module module-image tb_kb1l375 image-top   auto_fullwidth tf_mw\" data-lazy=\"1\">\n        <div class=\"image-wrap tf_rel tf_mw\">\n            <img loading=\"lazy\" decoding=\"async\" width=\"1600\" height=\"1061\" src=\"https:\/\/www.shelltonewhaleproject.org\/wp-content\/uploads\/2025\/06\/Shelltone-whale-Tromso-1.jpeg\" class=\"wp-post-image wp-image-7449\" title=\"Shelltone-whale-Tromso-1\" alt=\"Shelltone-whale-Tromso-1\" srcset=\"https:\/\/www.shelltonewhaleproject.org\/wp-content\/uploads\/2025\/06\/Shelltone-whale-Tromso-1.jpeg 1600w, https:\/\/www.shelltonewhaleproject.org\/wp-content\/uploads\/2025\/06\/Shelltone-whale-Tromso-1-300x199.jpeg 300w, https:\/\/www.shelltonewhaleproject.org\/wp-content\/uploads\/2025\/06\/Shelltone-whale-Tromso-1-1024x679.jpeg 1024w, https:\/\/www.shelltonewhaleproject.org\/wp-content\/uploads\/2025\/06\/Shelltone-whale-Tromso-1-768x509.jpeg 768w, https:\/\/www.shelltonewhaleproject.org\/wp-content\/uploads\/2025\/06\/Shelltone-whale-Tromso-1-1536x1019.jpeg 1536w, https:\/\/www.shelltonewhaleproject.org\/wp-content\/uploads\/2025\/06\/Shelltone-whale-Tromso-1-18x12.jpeg 18w\" sizes=\"auto, (max-width: 1600px) 100vw, 1600px\" \/>    \n        <\/div>\n    <!-- \/image-wrap -->\n    \n        <\/div>\n<!-- \/module image -->        <\/div>\n                    <\/div>\n                <\/div>\n                        <\/div>\n        <\/div>\n        <\/div>\n<!--\/themify_builder_content-->","protected":false},"excerpt":{"rendered":"<p>Observation respectueuse de baleines depuis Troms\u00f8 (Norv\u00e8ge) L&rsquo;avis de la team Shelltone Depuis cette base, vous naviguez entre des montagnes enneig\u00e9es et des fjords \u00e9troits, dans un d\u00e9cor magique. Les esp\u00e8ces les plus courantes sont la baleine \u00e0 bosse et l&rsquo;orque.\u00a0 Ces derni\u00e8res saisons, les baleines se trouvent au nord, dans la r\u00e9gion de Skjerv\u00f8y, [&hellip;]<\/p>\n","protected":false},"author":1,"featured_media":0,"parent":0,"menu_order":0,"comment_status":"closed","ping_status":"closed","template":"","meta":{"footnotes":""},"class_list":["post-7437","page","type-page","status-publish","hentry","has-post-title","has-post-date","has-post-category","has-post-tag","has-post-comment","has-post-author",""],"builder_content":"<h1 style=\"text-align: center;\">Observation respectueuse de baleines depuis Troms\u00f8 (Norv\u00e8ge)<\/h1>\n[themify_layout_part id=\"8399\"]\n<h1 style=\"text-align: center;\">L'avis de la team Shelltone<\/h1>\n<p style=\"text-align: center;\"><strong>Depuis cette base, vous naviguez entre des montagnes enneig\u00e9es et des fjords \u00e9troits, dans un d\u00e9cor magique.<\/strong><\/p> <p style=\"text-align: center;\"><strong>Les esp\u00e8ces les plus courantes sont la baleine \u00e0 bosse et l'orque.\u00a0 Ces derni\u00e8res saisons, les baleines se trouvent au nord, dans la r\u00e9gion de Skjerv\u00f8y, et le seul moyen de s'y rendre en bateau pour une croisi\u00e8re d'une journ\u00e9e est d'utiliser un bateau rapide, comme celui de cette base.<\/strong><\/p> <p style=\"text-align: center;\"><strong>Le yacht le plus moderne de la ville est mis \u00e0 votre disposition, ainsi que des skippers hautement qualifi\u00e9s et certifi\u00e9s.<\/strong><\/p> <p style=\"text-align: center;\"><b>Les observateurs passionn\u00e9s de c\u00e9tac\u00e9s s\u00e9lectionn\u00e9s par la team Shelltone \u00e0 Troms\u00f8 ont choisi le RESPECT.<\/b><\/p>\n<h2 style=\"text-align: center;\"><strong>OBSERVATION DE C\u00c9TAC\u00c9S \u00c0 Troms\u00f8<\/strong><\/h2> <p style=\"text-align: center;\"><strong>Calendrier des sorties, tarifs, r\u00e9servations...<\/strong><\/p>\n<iframe src=\"https:\/\/fareharbor.com\/embeds\/book\/acinorway\/items\/267052\/?asn=fhdn-nok&asn-ref=shelltonewhaleproject&ref=shelltonewhaleproject&bookable-only=yes&full-items=yes&marketplace=yes&flow=no\" loading=\"lazy\" scrolling=\"auto\"> <\/iframe>\n<h1 style=\"text-align: center;\">Photos de l'exp\u00e9dition \u00e0 Troms\u00f8<\/h1>\n<img src=\"https:\/\/www.shelltonewhaleproject.org\/wp-content\/uploads\/2025\/06\/Shelltone-whale-Tromso.jpeg\" title=\"Shelltone-whale-Tromso\" alt=\"Shelltone-whale-Tromso\" srcset=\"https:\/\/www.shelltonewhaleproject.org\/wp-content\/uploads\/2025\/06\/Shelltone-whale-Tromso.jpeg 1024w, https:\/\/www.shelltonewhaleproject.org\/wp-content\/uploads\/2025\/06\/Shelltone-whale-Tromso-300x225.jpeg 300w, https:\/\/www.shelltonewhaleproject.org\/wp-content\/uploads\/2025\/06\/Shelltone-whale-Tromso-768x576.jpeg 768w, https:\/\/www.shelltonewhaleproject.org\/wp-content\/uploads\/2025\/06\/Shelltone-whale-Tromso-16x12.jpeg 16w\" sizes=\"(max-width: 1024px) 100vw, 1024px\" \/>\n<img src=\"https:\/\/www.shelltonewhaleproject.org\/wp-content\/uploads\/2025\/06\/Shelltone-whale-Tromso-2.jpeg\" title=\"Shelltone-whale-Tromso-2\" alt=\"Shelltone-whale-Tromso-2\" srcset=\"https:\/\/www.shelltonewhaleproject.org\/wp-content\/uploads\/2025\/06\/Shelltone-whale-Tromso-2.jpeg 1600w, https:\/\/www.shelltonewhaleproject.org\/wp-content\/uploads\/2025\/06\/Shelltone-whale-Tromso-2-300x181.jpeg 300w, https:\/\/www.shelltonewhaleproject.org\/wp-content\/uploads\/2025\/06\/Shelltone-whale-Tromso-2-1024x618.jpeg 1024w, https:\/\/www.shelltonewhaleproject.org\/wp-content\/uploads\/2025\/06\/Shelltone-whale-Tromso-2-768x464.jpeg 768w, https:\/\/www.shelltonewhaleproject.org\/wp-content\/uploads\/2025\/06\/Shelltone-whale-Tromso-2-1536x927.jpeg 1536w, https:\/\/www.shelltonewhaleproject.org\/wp-content\/uploads\/2025\/06\/Shelltone-whale-Tromso-2-18x12.jpeg 18w\" sizes=\"(max-width: 1600px) 100vw, 1600px\" \/>\n<img src=\"https:\/\/www.shelltonewhaleproject.org\/wp-content\/uploads\/2025\/06\/Shelltone-whale-Tromso-1.jpeg\" title=\"Shelltone-whale-Tromso-1\" alt=\"Shelltone-whale-Tromso-1\" srcset=\"https:\/\/www.shelltonewhaleproject.org\/wp-content\/uploads\/2025\/06\/Shelltone-whale-Tromso-1.jpeg 1600w, https:\/\/www.shelltonewhaleproject.org\/wp-content\/uploads\/2025\/06\/Shelltone-whale-Tromso-1-300x199.jpeg 300w, https:\/\/www.shelltonewhaleproject.org\/wp-content\/uploads\/2025\/06\/Shelltone-whale-Tromso-1-1024x679.jpeg 1024w, https:\/\/www.shelltonewhaleproject.org\/wp-content\/uploads\/2025\/06\/Shelltone-whale-Tromso-1-768x509.jpeg 768w, https:\/\/www.shelltonewhaleproject.org\/wp-content\/uploads\/2025\/06\/Shelltone-whale-Tromso-1-1536x1019.jpeg 1536w, https:\/\/www.shelltonewhaleproject.org\/wp-content\/uploads\/2025\/06\/Shelltone-whale-Tromso-1-18x12.jpeg 18w\" sizes=\"(max-width: 1600px) 100vw, 1600px\" \/>","_links":{"self":[{"href":"https:\/\/www.shelltonewhaleproject.org\/en\/wp-json\/wp\/v2\/pages\/7437","targetHints":{"allow":["GET"]}}],"collection":[{"href":"https:\/\/www.shelltonewhaleproject.org\/en\/wp-json\/wp\/v2\/pages"}],"about":[{"href":"https:\/\/www.shelltonewhaleproject.org\/en\/wp-json\/wp\/v2\/types\/page"}],"author":[{"embeddable":true,"href":"https:\/\/www.shelltonewhaleproject.org\/en\/wp-json\/wp\/v2\/users\/1"}],"replies":[{"embeddable":true,"href":"https:\/\/www.shelltonewhaleproject.org\/en\/wp-json\/wp\/v2\/comments?post=7437"}],"version-history":[{"count":4,"href":"https:\/\/www.shelltonewhaleproject.org\/en\/wp-json\/wp\/v2\/pages\/7437\/revisions"}],"predecessor-version":[{"id":9601,"href":"https:\/\/www.shelltonewhaleproject.org\/en\/wp-json\/wp\/v2\/pages\/7437\/revisions\/9601"}],"wp:attachment":[{"href":"https:\/\/www.shelltonewhaleproject.org\/en\/wp-json\/wp\/v2\/media?parent=7437"}],"curies":[{"name":"wp","href":"https:\/\/api.w.org\/{rel}","templated":true}]}}