{"id":7355,"date":"2025-06-13T21:37:00","date_gmt":"2025-06-13T19:37:00","guid":{"rendered":"https:\/\/www.shelltonewhaleproject.org\/observer-baleines-depuis-san-diego-copy\/"},"modified":"2025-12-25T10:21:45","modified_gmt":"2025-12-25T09:21:45","slug":"whale-watching-at-dana-point","status":"publish","type":"page","link":"https:\/\/www.shelltonewhaleproject.org\/en\/observer-baleines-dana-point\/","title":{"rendered":"WHALE WATCHING FROM DANA POINT"},"content":{"rendered":"<!--themify_builder_content-->\n<div id=\"themify_builder_content-7355\" data-postid=\"7355\" class=\"themify_builder_content themify_builder_content-7355 themify_builder tf_clear\">\n                    <div  data-lazy=\"1\" class=\"module_row themify_builder_row tb_vw9s383 tb_first tf_w\">\n            <span  class=\"builder_row_cover tf_abs\" data-lazy=\"1\"><\/span>            <div class=\"row_inner col_align_top tb_col_count_1 tf_box tf_rel\">\n                        <div  data-lazy=\"1\" class=\"module_column tb-column col-full tb_loy4383 first\">\n                    <!-- module text -->\n<div  class=\"module module-text tb_upp5383    wow\" data-tf-animation=\"fadeInDown\" data-lazy=\"1\">\n        <div  class=\"tb_text_wrap\">\n        <h1 style=\"text-align: center;\">Respectful whale watching from DANA POINT (California)<\/h1>    <\/div>\n<\/div>\n<!-- \/module text --><!-- module plain text -->\n<div  class=\"module module-plain-text tb_u53k383\" data-lazy=\"1\">\n        <div class=\"tb_text_wrap\">\n    <div class=\"tb_layout_part_wrap tf_w\"><!--themify_builder_content-->\n    <div  class=\"themify_builder_content themify_builder_content-8399 themify_builder not_editable_builder in_the_loop\" data-postid=\"8399\">\n                        <div  data-lazy=\"1\" class=\"module_row themify_builder_row tb_tjb8415 tf_w\">\n                        <div class=\"row_inner col_align_top tb_col_count_1 tf_box tf_rel\">\n                        <div  data-lazy=\"1\" class=\"module_column tb-column col-full tb_7b53415 first\">\n                    <!-- module text -->\n<div  class=\"module module-text tb_2jx4524\" data-lazy=\"1\">\n        <div  class=\"tb_text_wrap\">\n        <h4 style=\"text-align: center;\"><b>The Shelltone Whale Project carefully selects whale-watching operators committed to a respectful approach.<\/b><\/h4>\n<h4 style=\"text-align: center;\">\u00a0<\/h4>\n<h4 style=\"text-align: center;\"><b>Marine biologists and experienced naturalists who put animal welfare first.<\/b><\/h4>\n<h4 style=\"text-align: center;\">\u00a0<\/h4>\n<h4 style=\"text-align: center;\"><b>Check availability directly and book your experience at the best available rate, with no additional fees.<\/b><\/h4>    <\/div>\n<\/div>\n<!-- \/module text --><!-- module image -->\n<div  class=\"module module-image tb_06zv177 image-center   tf_mw\" data-lazy=\"1\">\n        <div class=\"image-wrap tf_rel tf_mw\">\n            <img loading=\"lazy\" decoding=\"async\" src=\"https:\/\/www.shelltonewhaleproject.org\/wp-content\/uploads\/2025\/10\/lgog-SWP-respect-1-LD-977x1024-250x250.png\" width=\"250\" height=\"250\" class=\"wp-post-image wp-image-8330\" title=\"lgog-SWP-respect-1-LD\" alt=\"lgog-SWP-respect-1-LD\" srcset=\"https:\/\/www.shelltonewhaleproject.org\/wp-content\/uploads\/2025\/10\/lgog-SWP-respect-1-LD-977x1024-250x250.png 250w, https:\/\/www.shelltonewhaleproject.org\/wp-content\/uploads\/2025\/10\/lgog-SWP-respect-1-LD-150x150.png 150w, https:\/\/www.shelltonewhaleproject.org\/wp-content\/uploads\/2025\/10\/lgog-SWP-respect-1-LD-11x12.png 11w, https:\/\/www.shelltonewhaleproject.org\/wp-content\/uploads\/2025\/10\/lgog-SWP-respect-1-LD-977x1024-300x300.png 300w\" sizes=\"auto, (max-width: 250px) 100vw, 250px\" \/>    \n        <\/div>\n    <!-- \/image-wrap -->\n    \n        <\/div>\n<!-- \/module image -->        <\/div>\n                        <\/div>\n        <\/div>\n            <\/div>\n<!--\/themify_builder_content--><\/div>\n    <\/div>\n<\/div>\n<!-- \/module plain text -->        <\/div>\n                        <\/div>\n        <\/div>\n                        <div  data-css_id=\"p06m903\" data-lazy=\"1\" class=\"module_row themify_builder_row fullwidth_row_container tb_p06m903 tf_w\">\n                        <div class=\"row_inner col_align_top tb_col_count_1 tf_box tf_rel\">\n                        <div  data-lazy=\"1\" class=\"module_column tb-column col-full tb_cyup800 first\">\n                    <!-- module text -->\n<div  class=\"module module-text tb_19kw952    wow\" data-tf-animation=\"fadeInUp\" data-tf-animation_delay=\"1\" data-lazy=\"1\">\n        <div  class=\"tb_text_wrap\">\n        <h1 style=\"text-align: center;\"><span style=\"color: #093c7a;\">The Shelltone team's opinion<\/span><\/h1>    <\/div>\n<\/div>\n<!-- \/module text --><!-- module text -->\n<div  class=\"module module-text tb_nw9r610    wow\" data-tf-animation=\"fadeInUp\" data-tf-animation_delay=\"1\" data-lazy=\"1\">\n        <div  class=\"tb_text_wrap\">\n        <p style=\"text-align: center;\"><strong>This base at Dana Point, the world's whale-watching capital, was created in 1971.<\/strong><\/p>\n<p style=\"text-align: center;\"><strong>Onboard naturalist guides will share their knowledge and passion with you.<\/strong><\/p>\n<p style=\"text-align: center;\"><b>The cetacean enthusiasts selected by the Shelltone team at Dana Point chose the <span style=\"color: #6e9e2f;\">RESPECT<\/span>.<\/b><\/p>    <\/div>\n<\/div>\n<!-- \/module text -->        <\/div>\n                        <\/div>\n        <\/div>\n                        <div  data-lazy=\"1\" class=\"module_row themify_builder_row tb_sd1a391 tf_w\">\n                        <div class=\"row_inner col_align_top tb_col_count_1 tf_box tf_rel\">\n                        <div  data-lazy=\"1\" class=\"module_column tb-column col-full tb_pkbq105 first\">\n                    <!-- module text -->\n<div  class=\"module module-text tb_1nua160    wow\" data-tf-animation=\"fadeInDown\" data-lazy=\"1\">\n        <div  class=\"tb_text_wrap\">\n        <h2 style=\"text-align: center;\"><strong>WHALE WATCHING FROM DANA POINT<\/strong><\/h2>\n<p style=\"text-align: center;\"><strong>Schedule, prices &amp; booking<\/strong><\/p>    <\/div>\n<\/div>\n<!-- \/module text --><!-- module plain text -->\n<div  class=\"module module-plain-text tb_n55m854\" data-lazy=\"1\">\n        <div class=\"tb_text_wrap\">\n    <div class=\"shelltone-fh-embed\">\n  <iframe\n    src=\"https:\/\/fareharbor.com\/embeds\/book\/danawharf\/items\/26352\/?asn=fhdn&#038;asn-ref=shelltonewhaleproject&#038;ref=shelltonewhaleproject&#038;bookable-only=yes&#038;full-items=yes&#038;marketplace=yes&#038;flow=no\"\n    loading=\"lazy\"\n    scrolling=\"auto\">\n  <\/iframe>\n<\/div>\n    <\/div>\n<\/div>\n<!-- \/module plain text -->        <\/div>\n                        <\/div>\n        <\/div>\n                        <div  data-anchor=\"photos\" data-css_id=\"r38m34\" data-lazy=\"1\" class=\"module_row themify_builder_row fullwidth tb_has_section tb_section-photos tb_r38m34 tf_w\">\n                        <div class=\"row_inner col_align_top tb_col_count_1 tf_box tf_rel\">\n                        <div  data-lazy=\"1\" class=\"module_column tb-column col-full tb_yy6o34 first\">\n                            <div  data-lazy=\"1\" class=\"module_subrow themify_builder_sub_row tf_w col_align_top tb_col_count_1 tb_791v34\">\n                <div  data-lazy=\"1\" class=\"module_column sub_column col-full tb_k1oo34 first\">\n                    <!-- module text -->\n<div  class=\"module module-text tb_49mf34    wow\" data-tf-animation=\"fadeInUp\" data-tf-animation_delay=\"1\" data-lazy=\"1\">\n        <div  class=\"tb_text_wrap\">\n        <h1 style=\"text-align: center;\">Photos of the Dana Point expedition<\/h1>    <\/div>\n<\/div>\n<!-- \/module text -->        <\/div>\n                    <\/div>\n                <\/div>\n                        <\/div>\n        <\/div>\n                        <div  data-anchor=\"photos\" data-css_id=\"bm33071\" data-lazy=\"1\" class=\"module_row themify_builder_row fullwidth tb_has_section tb_section-photos tb_bm33071 tf_w\">\n                        <div class=\"row_inner col_align_top tb_col_count_1 tf_box tf_rel\">\n                        <div  data-lazy=\"1\" class=\"module_column tb-column col-full tb_aiux171 first\">\n                            <div  data-lazy=\"1\" class=\"module_subrow themify_builder_sub_row tf_w col_align_top tb_col_count_1 tb_e9h6101\">\n                <div  data-lazy=\"1\" class=\"module_column sub_column col-full tb_k1dq787 first\">\n                    <!-- module image -->\n<div  class=\"module module-image tb_s5zu011 image-top   auto_fullwidth tf_mw\" data-lazy=\"1\">\n        <div class=\"image-wrap tf_rel tf_mw\">\n            <img loading=\"lazy\" decoding=\"async\" width=\"1372\" height=\"917\" src=\"https:\/\/www.shelltonewhaleproject.org\/wp-content\/uploads\/2025\/06\/Shelltone-whale-dana-point.jpeg\" class=\"wp-post-image wp-image-7364\" title=\"Shelltone-whale-dana-point\" alt=\"Shelltone-whale-dana-point\" srcset=\"https:\/\/www.shelltonewhaleproject.org\/wp-content\/uploads\/2025\/06\/Shelltone-whale-dana-point.jpeg 1372w, https:\/\/www.shelltonewhaleproject.org\/wp-content\/uploads\/2025\/06\/Shelltone-whale-dana-point-300x201.jpeg 300w, https:\/\/www.shelltonewhaleproject.org\/wp-content\/uploads\/2025\/06\/Shelltone-whale-dana-point-1024x684.jpeg 1024w, https:\/\/www.shelltonewhaleproject.org\/wp-content\/uploads\/2025\/06\/Shelltone-whale-dana-point-768x513.jpeg 768w, https:\/\/www.shelltonewhaleproject.org\/wp-content\/uploads\/2025\/06\/Shelltone-whale-dana-point-18x12.jpeg 18w\" sizes=\"auto, (max-width: 1372px) 100vw, 1372px\" \/>    \n        <\/div>\n    <!-- \/image-wrap -->\n    \n        <\/div>\n<!-- \/module image --><!-- module image -->\n<div  class=\"module module-image tb_vtno006 image-top   auto_fullwidth tf_mw\" data-lazy=\"1\">\n        <div class=\"image-wrap tf_rel tf_mw\">\n            <img loading=\"lazy\" decoding=\"async\" width=\"1372\" height=\"814\" src=\"https:\/\/www.shelltonewhaleproject.org\/wp-content\/uploads\/2025\/06\/Shelltone-whale-dana-point-1.jpeg\" class=\"wp-post-image wp-image-7363\" title=\"Shelltone-whale-dana-point-1\" alt=\"Shelltone-whale-dana-point-1\" srcset=\"https:\/\/www.shelltonewhaleproject.org\/wp-content\/uploads\/2025\/06\/Shelltone-whale-dana-point-1.jpeg 1372w, https:\/\/www.shelltonewhaleproject.org\/wp-content\/uploads\/2025\/06\/Shelltone-whale-dana-point-1-300x178.jpeg 300w, https:\/\/www.shelltonewhaleproject.org\/wp-content\/uploads\/2025\/06\/Shelltone-whale-dana-point-1-1024x608.jpeg 1024w, https:\/\/www.shelltonewhaleproject.org\/wp-content\/uploads\/2025\/06\/Shelltone-whale-dana-point-1-768x456.jpeg 768w, https:\/\/www.shelltonewhaleproject.org\/wp-content\/uploads\/2025\/06\/Shelltone-whale-dana-point-1-18x12.jpeg 18w\" sizes=\"auto, (max-width: 1372px) 100vw, 1372px\" \/>    \n        <\/div>\n    <!-- \/image-wrap -->\n    \n        <\/div>\n<!-- \/module image --><!-- module image -->\n<div  class=\"module module-image tb_n00j676 image-top   auto_fullwidth tf_mw\" data-lazy=\"1\">\n        <div class=\"image-wrap tf_rel tf_mw\">\n            <img loading=\"lazy\" decoding=\"async\" width=\"1192\" height=\"795\" src=\"https:\/\/www.shelltonewhaleproject.org\/wp-content\/uploads\/2025\/06\/Shelltone-whale-dana-point-2.jpeg\" class=\"wp-post-image wp-image-7365\" title=\"Shelltone-whale-dana-point-2\" alt=\"Shelltone-whale-dana-point-2\" srcset=\"https:\/\/www.shelltonewhaleproject.org\/wp-content\/uploads\/2025\/06\/Shelltone-whale-dana-point-2.jpeg 1192w, https:\/\/www.shelltonewhaleproject.org\/wp-content\/uploads\/2025\/06\/Shelltone-whale-dana-point-2-300x200.jpeg 300w, https:\/\/www.shelltonewhaleproject.org\/wp-content\/uploads\/2025\/06\/Shelltone-whale-dana-point-2-1024x683.jpeg 1024w, https:\/\/www.shelltonewhaleproject.org\/wp-content\/uploads\/2025\/06\/Shelltone-whale-dana-point-2-768x512.jpeg 768w, https:\/\/www.shelltonewhaleproject.org\/wp-content\/uploads\/2025\/06\/Shelltone-whale-dana-point-2-18x12.jpeg 18w\" sizes=\"auto, (max-width: 1192px) 100vw, 1192px\" \/>    \n        <\/div>\n    <!-- \/image-wrap -->\n    \n        <\/div>\n<!-- \/module image -->        <\/div>\n                    <\/div>\n                <\/div>\n                        <\/div>\n        <\/div>\n        <\/div>\n<!--\/themify_builder_content-->","protected":false},"excerpt":{"rendered":"<p>Observation respectueuse de baleines depuis DANA POINT (Californie) L&rsquo;avis de la team Shelltone Cette base situ\u00e9e \u00e0 Dana Point, capitale mondiale de l&rsquo;observation des baleines, a \u00e9t\u00e9 cr\u00e9\u00e9e en 1971. Des guides naturalistes \u00e0 bord partagerons avec vous leur connaissance et leur passion. Les observateurs passionn\u00e9s de c\u00e9tac\u00e9s s\u00e9lectionn\u00e9s par la team Shelltone \u00e0 Dana [&hellip;]<\/p>\n","protected":false},"author":14,"featured_media":0,"parent":0,"menu_order":0,"comment_status":"closed","ping_status":"closed","template":"","meta":{"footnotes":""},"class_list":["post-7355","page","type-page","status-publish","hentry","has-post-title","has-post-date","has-post-category","has-post-tag","has-post-comment","has-post-author",""],"builder_content":"<h1 style=\"text-align: center;\">Observation respectueuse de baleines depuis DANA POINT (Californie)<\/h1>\n[themify_layout_part id=\"8399\"]\n<h1 style=\"text-align: center;\">L'avis de la team Shelltone<\/h1>\n<p style=\"text-align: center;\"><strong>Cette base situ\u00e9e \u00e0 Dana Point, capitale mondiale de l'observation des baleines, a \u00e9t\u00e9 cr\u00e9\u00e9e en 1971.<\/strong><\/p> <p style=\"text-align: center;\"><strong>Des guides naturalistes \u00e0 bord partagerons avec vous leur connaissance et leur passion.<\/strong><\/p> <p style=\"text-align: center;\"><b>Les observateurs passionn\u00e9s de c\u00e9tac\u00e9s s\u00e9lectionn\u00e9s par la team Shelltone \u00e0 Dana Point ont choisi le RESPECT.<\/b><\/p>\n<h2 style=\"text-align: center;\"><strong>OBSERVATION DE C\u00c9TAC\u00c9S \u00c0 DANA POINT<\/strong><\/h2> <p style=\"text-align: center;\"><strong>Calendrier des sorties, tarifs, r\u00e9servations...<\/strong><\/p>\n<iframe src=\"https:\/\/fareharbor.com\/embeds\/book\/danawharf\/items\/26352\/?asn=fhdn&asn-ref=shelltonewhaleproject&ref=shelltonewhaleproject&bookable-only=yes&full-items=yes&marketplace=yes&flow=no\" loading=\"lazy\" scrolling=\"auto\"> <\/iframe>\n<h1 style=\"text-align: center;\">Photos de l'exp\u00e9dition \u00e0 Dana Point<\/h1>\n<img src=\"https:\/\/www.shelltonewhaleproject.org\/wp-content\/uploads\/2025\/06\/Shelltone-whale-dana-point.jpeg\" title=\"Shelltone-whale-dana-point\" alt=\"Shelltone-whale-dana-point\" srcset=\"https:\/\/www.shelltonewhaleproject.org\/wp-content\/uploads\/2025\/06\/Shelltone-whale-dana-point.jpeg 1372w, https:\/\/www.shelltonewhaleproject.org\/wp-content\/uploads\/2025\/06\/Shelltone-whale-dana-point-300x201.jpeg 300w, https:\/\/www.shelltonewhaleproject.org\/wp-content\/uploads\/2025\/06\/Shelltone-whale-dana-point-1024x684.jpeg 1024w, https:\/\/www.shelltonewhaleproject.org\/wp-content\/uploads\/2025\/06\/Shelltone-whale-dana-point-768x513.jpeg 768w, https:\/\/www.shelltonewhaleproject.org\/wp-content\/uploads\/2025\/06\/Shelltone-whale-dana-point-18x12.jpeg 18w\" sizes=\"(max-width: 1372px) 100vw, 1372px\" \/>\n<img src=\"https:\/\/www.shelltonewhaleproject.org\/wp-content\/uploads\/2025\/06\/Shelltone-whale-dana-point-1.jpeg\" title=\"Shelltone-whale-dana-point-1\" alt=\"Shelltone-whale-dana-point-1\" srcset=\"https:\/\/www.shelltonewhaleproject.org\/wp-content\/uploads\/2025\/06\/Shelltone-whale-dana-point-1.jpeg 1372w, https:\/\/www.shelltonewhaleproject.org\/wp-content\/uploads\/2025\/06\/Shelltone-whale-dana-point-1-300x178.jpeg 300w, https:\/\/www.shelltonewhaleproject.org\/wp-content\/uploads\/2025\/06\/Shelltone-whale-dana-point-1-1024x608.jpeg 1024w, https:\/\/www.shelltonewhaleproject.org\/wp-content\/uploads\/2025\/06\/Shelltone-whale-dana-point-1-768x456.jpeg 768w, https:\/\/www.shelltonewhaleproject.org\/wp-content\/uploads\/2025\/06\/Shelltone-whale-dana-point-1-18x12.jpeg 18w\" sizes=\"(max-width: 1372px) 100vw, 1372px\" \/>\n<img src=\"https:\/\/www.shelltonewhaleproject.org\/wp-content\/uploads\/2025\/06\/Shelltone-whale-dana-point-2.jpeg\" title=\"Shelltone-whale-dana-point-2\" alt=\"Shelltone-whale-dana-point-2\" srcset=\"https:\/\/www.shelltonewhaleproject.org\/wp-content\/uploads\/2025\/06\/Shelltone-whale-dana-point-2.jpeg 1192w, https:\/\/www.shelltonewhaleproject.org\/wp-content\/uploads\/2025\/06\/Shelltone-whale-dana-point-2-300x200.jpeg 300w, https:\/\/www.shelltonewhaleproject.org\/wp-content\/uploads\/2025\/06\/Shelltone-whale-dana-point-2-1024x683.jpeg 1024w, https:\/\/www.shelltonewhaleproject.org\/wp-content\/uploads\/2025\/06\/Shelltone-whale-dana-point-2-768x512.jpeg 768w, https:\/\/www.shelltonewhaleproject.org\/wp-content\/uploads\/2025\/06\/Shelltone-whale-dana-point-2-18x12.jpeg 18w\" sizes=\"(max-width: 1192px) 100vw, 1192px\" \/>","_links":{"self":[{"href":"https:\/\/www.shelltonewhaleproject.org\/en\/wp-json\/wp\/v2\/pages\/7355","targetHints":{"allow":["GET"]}}],"collection":[{"href":"https:\/\/www.shelltonewhaleproject.org\/en\/wp-json\/wp\/v2\/pages"}],"about":[{"href":"https:\/\/www.shelltonewhaleproject.org\/en\/wp-json\/wp\/v2\/types\/page"}],"author":[{"embeddable":true,"href":"https:\/\/www.shelltonewhaleproject.org\/en\/wp-json\/wp\/v2\/users\/14"}],"replies":[{"embeddable":true,"href":"https:\/\/www.shelltonewhaleproject.org\/en\/wp-json\/wp\/v2\/comments?post=7355"}],"version-history":[{"count":4,"href":"https:\/\/www.shelltonewhaleproject.org\/en\/wp-json\/wp\/v2\/pages\/7355\/revisions"}],"predecessor-version":[{"id":9567,"href":"https:\/\/www.shelltonewhaleproject.org\/en\/wp-json\/wp\/v2\/pages\/7355\/revisions\/9567"}],"wp:attachment":[{"href":"https:\/\/www.shelltonewhaleproject.org\/en\/wp-json\/wp\/v2\/media?parent=7355"}],"curies":[{"name":"wp","href":"https:\/\/api.w.org\/{rel}","templated":true}]}}