{"id":7334,"date":"2025-06-13T21:13:55","date_gmt":"2025-06-13T19:13:55","guid":{"rendered":"https:\/\/www.shelltonewhaleproject.org\/observer-baleines-depuis-monterey-copy\/"},"modified":"2025-12-25T10:28:19","modified_gmt":"2025-12-25T09:28:19","slug":"whale-watching-in-san-diego","status":"publish","type":"page","link":"https:\/\/www.shelltonewhaleproject.org\/en\/observer-baleines-san-diego\/","title":{"rendered":"WHALE WATCHING FROM SAN DIEGO"},"content":{"rendered":"<!--themify_builder_content-->\n<div id=\"themify_builder_content-7334\" data-postid=\"7334\" class=\"themify_builder_content themify_builder_content-7334 themify_builder tf_clear\">\n                    <div  data-lazy=\"1\" class=\"module_row themify_builder_row tb_ymdm115 tb_first tf_w\">\n            <span  class=\"builder_row_cover tf_abs\" data-lazy=\"1\"><\/span>            <div class=\"row_inner col_align_top tb_col_count_1 tf_box tf_rel\">\n                        <div  data-lazy=\"1\" class=\"module_column tb-column col-full tb_mn88115 first\">\n                    <!-- module text -->\n<div  class=\"module module-text tb_4yh9115    wow\" data-tf-animation=\"fadeInDown\" data-lazy=\"1\">\n        <div  class=\"tb_text_wrap\">\n        <h1 style=\"text-align: center;\">Respectful whale watching from San Diego (California)<\/h1>    <\/div>\n<\/div>\n<!-- \/module text --><!-- module plain text -->\n<div  class=\"module module-plain-text tb_sdc3115\" data-lazy=\"1\">\n        <div class=\"tb_text_wrap\">\n    <div class=\"tb_layout_part_wrap tf_w\"><!--themify_builder_content-->\n    <div  class=\"themify_builder_content themify_builder_content-8399 themify_builder not_editable_builder in_the_loop\" data-postid=\"8399\">\n                        <div  data-lazy=\"1\" class=\"module_row themify_builder_row tb_tjb8415 tf_w\">\n                        <div class=\"row_inner col_align_top tb_col_count_1 tf_box tf_rel\">\n                        <div  data-lazy=\"1\" class=\"module_column tb-column col-full tb_7b53415 first\">\n                    <!-- module text -->\n<div  class=\"module module-text tb_2jx4524\" data-lazy=\"1\">\n        <div  class=\"tb_text_wrap\">\n        <h4 style=\"text-align: center;\"><b>The Shelltone Whale Project carefully selects whale-watching operators committed to a respectful approach.<\/b><\/h4>\n<h4 style=\"text-align: center;\">\u00a0<\/h4>\n<h4 style=\"text-align: center;\"><b>Marine biologists and experienced naturalists who put animal welfare first.<\/b><\/h4>\n<h4 style=\"text-align: center;\">\u00a0<\/h4>\n<h4 style=\"text-align: center;\"><b>Check availability directly and book your experience at the best available rate, with no additional fees.<\/b><\/h4>    <\/div>\n<\/div>\n<!-- \/module text --><!-- module image -->\n<div  class=\"module module-image tb_06zv177 image-center   tf_mw\" data-lazy=\"1\">\n        <div class=\"image-wrap tf_rel tf_mw\">\n            <img loading=\"lazy\" decoding=\"async\" src=\"https:\/\/www.shelltonewhaleproject.org\/wp-content\/uploads\/2025\/10\/lgog-SWP-respect-1-LD-977x1024-250x250.png\" width=\"250\" height=\"250\" class=\"wp-post-image wp-image-8330\" title=\"lgog-SWP-respect-1-LD\" alt=\"lgog-SWP-respect-1-LD\" srcset=\"https:\/\/www.shelltonewhaleproject.org\/wp-content\/uploads\/2025\/10\/lgog-SWP-respect-1-LD-977x1024-250x250.png 250w, https:\/\/www.shelltonewhaleproject.org\/wp-content\/uploads\/2025\/10\/lgog-SWP-respect-1-LD-150x150.png 150w, https:\/\/www.shelltonewhaleproject.org\/wp-content\/uploads\/2025\/10\/lgog-SWP-respect-1-LD-11x12.png 11w, https:\/\/www.shelltonewhaleproject.org\/wp-content\/uploads\/2025\/10\/lgog-SWP-respect-1-LD-977x1024-300x300.png 300w\" sizes=\"auto, (max-width: 250px) 100vw, 250px\" \/>    \n        <\/div>\n    <!-- \/image-wrap -->\n    \n        <\/div>\n<!-- \/module image -->        <\/div>\n                        <\/div>\n        <\/div>\n            <\/div>\n<!--\/themify_builder_content--><\/div>\n    <\/div>\n<\/div>\n<!-- \/module plain text -->        <\/div>\n                        <\/div>\n        <\/div>\n                        <div  data-css_id=\"jg0n141\" data-lazy=\"1\" class=\"module_row themify_builder_row fullwidth_row_container tb_jg0n141 tf_w\">\n                        <div class=\"row_inner col_align_top tb_col_count_1 tf_box tf_rel\">\n                        <div  data-lazy=\"1\" class=\"module_column tb-column col-full tb_rx35001 first\">\n                    <!-- module text -->\n<div  class=\"module module-text tb_9iyf539    wow\" data-tf-animation=\"fadeInUp\" data-tf-animation_delay=\"1\" data-lazy=\"1\">\n        <div  class=\"tb_text_wrap\">\n        <h1 style=\"text-align: center;\"><span style=\"color: #093c7a;\">The Shelltone team's opinion<\/span><\/h1>    <\/div>\n<\/div>\n<!-- \/module text --><!-- module text -->\n<div  class=\"module module-text tb_dh52858    wow\" data-tf-animation=\"fadeInUp\" data-tf-animation_delay=\"1\" data-lazy=\"1\">\n        <div  class=\"tb_text_wrap\">\n        <p style=\"text-align: center;\"><strong>This operator's fleet of zodiacs covers a wider area than any other company, increasing your chances of encountering a diverse range of marine wildlife.<\/strong><\/p>\n<p style=\"text-align: center;\"><strong>From gray whales in winter to blue whales in summer and acrobatic humpbacks in autumn, every season brings its own wonders. Throughout the year, you'll also encounter mischievous dolphins, while rare orcas add an extra touch of excitement.<\/strong><\/p>\n<p style=\"text-align: center;\"><strong>Led by expert guides, our excursions combine thrills with a deep respect for marine life, setting a new standard in whale watching. Each expedition is as unique as the ocean itself, offering you an unforgettable adventure.<\/strong><\/p>\n<p style=\"text-align: center;\"><b>The cetacean enthusiasts selected by the Shelltone team in San Diego have chosen the <span style=\"color: #6e9e2f;\">RESPECT<\/span>.<\/b><\/p>    <\/div>\n<\/div>\n<!-- \/module text -->        <\/div>\n                        <\/div>\n        <\/div>\n                        <div  data-lazy=\"1\" class=\"module_row themify_builder_row tb_fj2i301 tf_w\">\n                        <div class=\"row_inner col_align_top tb_col_count_1 tf_box tf_rel\">\n                        <div  data-lazy=\"1\" class=\"module_column tb-column col-full tb_t79w117 first\">\n                    <!-- module text -->\n<div  class=\"module module-text tb_vt4c014\" data-lazy=\"1\">\n        <div  class=\"tb_text_wrap\">\n        <h2 style=\"text-align: center;\"><strong>WHALE WATCHING from SAN DIEGO<\/strong><\/h2>\n<h6 style=\"text-align: center;\"><strong>Schedule, prices &amp; booking<\/strong><\/h6>    <\/div>\n<\/div>\n<!-- \/module text --><!-- module plain text -->\n<div  class=\"module module-plain-text tb_ioep875\" data-lazy=\"1\">\n        <div class=\"tb_text_wrap\">\n    <div class=\"shelltone-fh-embed\">\n  <iframe\n    src=\"https:\/\/fareharbor.com\/embeds\/book\/netzeroexpeditions\/items\/431944\/?asn=fhdn&#038;asn-ref=shelltonewhaleproject&#038;ref=shelltonewhaleproject&#038;bookable-only=yes&#038;full-items=yes&#038;marketplace=yes&#038;flow=no\"\n    loading=\"lazy\"\n    scrolling=\"auto\">\n  <\/iframe>\n<\/div>\n\n    <\/div>\n<\/div>\n<!-- \/module plain text -->        <\/div>\n                        <\/div>\n        <\/div>\n                        <div  data-anchor=\"photos\" data-css_id=\"x6p5125\" data-lazy=\"1\" class=\"module_row themify_builder_row fullwidth tb_has_section tb_section-photos tb_x6p5125 tf_w\">\n                        <div class=\"row_inner col_align_top tb_col_count_1 tf_box tf_rel\">\n                        <div  data-lazy=\"1\" class=\"module_column tb-column col-full tb_mltx125 first\">\n                            <div  data-lazy=\"1\" class=\"module_subrow themify_builder_sub_row tf_w col_align_top tb_col_count_1 tb_2ado125\">\n                <div  data-lazy=\"1\" class=\"module_column sub_column col-full tb_hkc1125 first\">\n                    <!-- module text -->\n<div  class=\"module module-text tb_m3yb125    wow\" data-tf-animation=\"fadeInUp\" data-tf-animation_delay=\"1\" data-lazy=\"1\">\n        <div  class=\"tb_text_wrap\">\n        <h1 style=\"text-align: center;\">Photos of the San Diego expedition<\/h1>    <\/div>\n<\/div>\n<!-- \/module text -->        <\/div>\n                    <\/div>\n                <\/div>\n                        <\/div>\n        <\/div>\n                        <div  data-anchor=\"photos\" data-css_id=\"gmzr122\" data-lazy=\"1\" class=\"module_row themify_builder_row fullwidth tb_has_section tb_section-photos tb_gmzr122 tf_w\">\n                        <div class=\"row_inner col_align_top tb_col_count_1 tf_box tf_rel\">\n                        <div  data-lazy=\"1\" class=\"module_column tb-column col-full tb_n4n9022 first\">\n                            <div  data-lazy=\"1\" class=\"module_subrow themify_builder_sub_row tf_w col_align_top tb_col_count_1 tb_z9un028\">\n                <div  data-lazy=\"1\" class=\"module_column sub_column col-full tb_oiik072 first\">\n                    <!-- module image -->\n<div  class=\"module module-image tb_r5uu122 image-top   auto_fullwidth tf_mw\" data-lazy=\"1\">\n        <div class=\"image-wrap tf_rel tf_mw\">\n            <img loading=\"lazy\" decoding=\"async\" width=\"1185\" height=\"616\" src=\"https:\/\/www.shelltonewhaleproject.org\/wp-content\/uploads\/2025\/06\/Shelltone-whale-san-diego.jpeg\" class=\"wp-post-image wp-image-7342\" title=\"Shelltone-whale-san-diego\" alt=\"Shelltone-whale-san-diego\" srcset=\"https:\/\/www.shelltonewhaleproject.org\/wp-content\/uploads\/2025\/06\/Shelltone-whale-san-diego.jpeg 1185w, https:\/\/www.shelltonewhaleproject.org\/wp-content\/uploads\/2025\/06\/Shelltone-whale-san-diego-300x156.jpeg 300w, https:\/\/www.shelltonewhaleproject.org\/wp-content\/uploads\/2025\/06\/Shelltone-whale-san-diego-1024x532.jpeg 1024w, https:\/\/www.shelltonewhaleproject.org\/wp-content\/uploads\/2025\/06\/Shelltone-whale-san-diego-768x399.jpeg 768w, https:\/\/www.shelltonewhaleproject.org\/wp-content\/uploads\/2025\/06\/Shelltone-whale-san-diego-18x9.jpeg 18w\" sizes=\"auto, (max-width: 1185px) 100vw, 1185px\" \/>    \n        <\/div>\n    <!-- \/image-wrap -->\n    \n        <\/div>\n<!-- \/module image --><!-- module image -->\n<div  class=\"module module-image tb_1rjz040 image-top   auto_fullwidth tf_mw\" data-lazy=\"1\">\n        <div class=\"image-wrap tf_rel tf_mw\">\n            <img loading=\"lazy\" decoding=\"async\" width=\"1000\" height=\"667\" src=\"https:\/\/www.shelltonewhaleproject.org\/wp-content\/uploads\/2025\/06\/Shelltone-whale-san-diego-2.jpeg\" class=\"wp-post-image wp-image-7344\" title=\"Shelltone-whale-san-diego-2\" alt=\"Shelltone-whale-san-diego-2\" srcset=\"https:\/\/www.shelltonewhaleproject.org\/wp-content\/uploads\/2025\/06\/Shelltone-whale-san-diego-2.jpeg 1000w, https:\/\/www.shelltonewhaleproject.org\/wp-content\/uploads\/2025\/06\/Shelltone-whale-san-diego-2-300x200.jpeg 300w, https:\/\/www.shelltonewhaleproject.org\/wp-content\/uploads\/2025\/06\/Shelltone-whale-san-diego-2-768x512.jpeg 768w, https:\/\/www.shelltonewhaleproject.org\/wp-content\/uploads\/2025\/06\/Shelltone-whale-san-diego-2-18x12.jpeg 18w\" sizes=\"auto, (max-width: 1000px) 100vw, 1000px\" \/>    \n        <\/div>\n    <!-- \/image-wrap -->\n    \n        <\/div>\n<!-- \/module image --><!-- module image -->\n<div  class=\"module module-image tb_7s8x450 image-top   auto_fullwidth tf_mw\" data-lazy=\"1\">\n        <div class=\"image-wrap tf_rel tf_mw\">\n            <img loading=\"lazy\" decoding=\"async\" width=\"1358\" height=\"1600\" src=\"https:\/\/www.shelltonewhaleproject.org\/wp-content\/uploads\/2025\/06\/Shelltone-whale-san-diego-1.jpeg\" class=\"wp-post-image wp-image-7343\" title=\"Shelltone-whale-san-diego-1\" alt=\"Shelltone-whale-san-diego-1\" srcset=\"https:\/\/www.shelltonewhaleproject.org\/wp-content\/uploads\/2025\/06\/Shelltone-whale-san-diego-1.jpeg 1358w, https:\/\/www.shelltonewhaleproject.org\/wp-content\/uploads\/2025\/06\/Shelltone-whale-san-diego-1-255x300.jpeg 255w, https:\/\/www.shelltonewhaleproject.org\/wp-content\/uploads\/2025\/06\/Shelltone-whale-san-diego-1-869x1024.jpeg 869w, https:\/\/www.shelltonewhaleproject.org\/wp-content\/uploads\/2025\/06\/Shelltone-whale-san-diego-1-768x905.jpeg 768w, https:\/\/www.shelltonewhaleproject.org\/wp-content\/uploads\/2025\/06\/Shelltone-whale-san-diego-1-1304x1536.jpeg 1304w, https:\/\/www.shelltonewhaleproject.org\/wp-content\/uploads\/2025\/06\/Shelltone-whale-san-diego-1-10x12.jpeg 10w\" sizes=\"auto, (max-width: 1358px) 100vw, 1358px\" \/>    \n        <\/div>\n    <!-- \/image-wrap -->\n    \n        <\/div>\n<!-- \/module image -->        <\/div>\n                    <\/div>\n                <\/div>\n                        <\/div>\n        <\/div>\n        <\/div>\n<!--\/themify_builder_content-->","protected":false},"excerpt":{"rendered":"<p>Observation respectueuse de baleines depuis San Diego (Californie) L&rsquo;avis de la team Shelltone La flotte de zodiacs de cet op\u00e9rateur couvre une zone plus vaste que celle de toute autre compagnie, ce qui augmente vos chances de rencontrer une faune marine diversifi\u00e9e. Des baleines grises en hiver aux baleines bleues en \u00e9t\u00e9, en passant par [&hellip;]<\/p>\n","protected":false},"author":14,"featured_media":0,"parent":0,"menu_order":0,"comment_status":"closed","ping_status":"closed","template":"","meta":{"footnotes":""},"class_list":["post-7334","page","type-page","status-publish","hentry","has-post-title","has-post-date","has-post-category","has-post-tag","has-post-comment","has-post-author",""],"builder_content":"<h1 style=\"text-align: center;\">Observation respectueuse de baleines depuis San Diego (Californie)<\/h1>\n[themify_layout_part id=\"8399\"]\n<h1 style=\"text-align: center;\">L'avis de la team Shelltone<\/h1>\n<p style=\"text-align: center;\"><strong>La flotte de zodiacs de cet op\u00e9rateur couvre une zone plus vaste que celle de toute autre compagnie, ce qui augmente vos chances de rencontrer une faune marine diversifi\u00e9e.<\/strong><\/p> <p style=\"text-align: center;\"><strong>Des baleines grises en hiver aux baleines bleues en \u00e9t\u00e9, en passant par les baleines \u00e0 bosse acrobatiques en automne, chaque saison apporte son lot de merveilles. Tout au long de l'ann\u00e9e, vous rencontrerez \u00e9galement des dauphins espi\u00e8gles, tandis que les rares orques ajouteront une touche d'excitation suppl\u00e9mentaire.<\/strong><\/p> <p style=\"text-align: center;\"><strong>Dirig\u00e9es par des guides experts, nos excursions allient sensations fortes et profond respect pour la vie marine, \u00e9tablissant une nouvelle norme en mati\u00e8re d'observation des baleines. Chaque exp\u00e9dition est aussi unique que l'oc\u00e9an lui-m\u00eame, vous offrant une aventure inoubliable.<\/strong><\/p> <p style=\"text-align: center;\"><b>Les observateurs passionn\u00e9s de c\u00e9tac\u00e9s s\u00e9lectionn\u00e9s par la team Shelltone \u00e0 San Diego ont choisi le RESPECT.<\/b><\/p>\n<h2 style=\"text-align: center;\"><strong>OBSERVATION DE C\u00c9TAC\u00c9S \u00c0 SAN DIEGO<\/strong><\/h2> <h6 style=\"text-align: center;\"><strong>Calendrier des sorties, tarifs, r\u00e9servations...<\/strong><\/h6>\n<iframe src=\"https:\/\/fareharbor.com\/embeds\/book\/netzeroexpeditions\/items\/431944\/?asn=fhdn&asn-ref=shelltonewhaleproject&ref=shelltonewhaleproject&bookable-only=yes&full-items=yes&marketplace=yes&flow=no\" loading=\"lazy\" scrolling=\"auto\"> <\/iframe>\n<h1 style=\"text-align: center;\">Photos de l'exp\u00e9dition \u00e0 San Diego<\/h1>\n<img src=\"https:\/\/www.shelltonewhaleproject.org\/wp-content\/uploads\/2025\/06\/Shelltone-whale-san-diego.jpeg\" title=\"Shelltone-whale-san-diego\" alt=\"Shelltone-whale-san-diego\" srcset=\"https:\/\/www.shelltonewhaleproject.org\/wp-content\/uploads\/2025\/06\/Shelltone-whale-san-diego.jpeg 1185w, https:\/\/www.shelltonewhaleproject.org\/wp-content\/uploads\/2025\/06\/Shelltone-whale-san-diego-300x156.jpeg 300w, https:\/\/www.shelltonewhaleproject.org\/wp-content\/uploads\/2025\/06\/Shelltone-whale-san-diego-1024x532.jpeg 1024w, https:\/\/www.shelltonewhaleproject.org\/wp-content\/uploads\/2025\/06\/Shelltone-whale-san-diego-768x399.jpeg 768w, https:\/\/www.shelltonewhaleproject.org\/wp-content\/uploads\/2025\/06\/Shelltone-whale-san-diego-18x9.jpeg 18w\" sizes=\"(max-width: 1185px) 100vw, 1185px\" \/>\n<img src=\"https:\/\/www.shelltonewhaleproject.org\/wp-content\/uploads\/2025\/06\/Shelltone-whale-san-diego-2.jpeg\" title=\"Shelltone-whale-san-diego-2\" alt=\"Shelltone-whale-san-diego-2\" srcset=\"https:\/\/www.shelltonewhaleproject.org\/wp-content\/uploads\/2025\/06\/Shelltone-whale-san-diego-2.jpeg 1000w, https:\/\/www.shelltonewhaleproject.org\/wp-content\/uploads\/2025\/06\/Shelltone-whale-san-diego-2-300x200.jpeg 300w, https:\/\/www.shelltonewhaleproject.org\/wp-content\/uploads\/2025\/06\/Shelltone-whale-san-diego-2-768x512.jpeg 768w, https:\/\/www.shelltonewhaleproject.org\/wp-content\/uploads\/2025\/06\/Shelltone-whale-san-diego-2-18x12.jpeg 18w\" sizes=\"(max-width: 1000px) 100vw, 1000px\" \/>\n<img src=\"https:\/\/www.shelltonewhaleproject.org\/wp-content\/uploads\/2025\/06\/Shelltone-whale-san-diego-1.jpeg\" title=\"Shelltone-whale-san-diego-1\" alt=\"Shelltone-whale-san-diego-1\" srcset=\"https:\/\/www.shelltonewhaleproject.org\/wp-content\/uploads\/2025\/06\/Shelltone-whale-san-diego-1.jpeg 1358w, https:\/\/www.shelltonewhaleproject.org\/wp-content\/uploads\/2025\/06\/Shelltone-whale-san-diego-1-255x300.jpeg 255w, https:\/\/www.shelltonewhaleproject.org\/wp-content\/uploads\/2025\/06\/Shelltone-whale-san-diego-1-869x1024.jpeg 869w, https:\/\/www.shelltonewhaleproject.org\/wp-content\/uploads\/2025\/06\/Shelltone-whale-san-diego-1-768x905.jpeg 768w, https:\/\/www.shelltonewhaleproject.org\/wp-content\/uploads\/2025\/06\/Shelltone-whale-san-diego-1-1304x1536.jpeg 1304w, https:\/\/www.shelltonewhaleproject.org\/wp-content\/uploads\/2025\/06\/Shelltone-whale-san-diego-1-10x12.jpeg 10w\" sizes=\"(max-width: 1358px) 100vw, 1358px\" \/>","_links":{"self":[{"href":"https:\/\/www.shelltonewhaleproject.org\/en\/wp-json\/wp\/v2\/pages\/7334","targetHints":{"allow":["GET"]}}],"collection":[{"href":"https:\/\/www.shelltonewhaleproject.org\/en\/wp-json\/wp\/v2\/pages"}],"about":[{"href":"https:\/\/www.shelltonewhaleproject.org\/en\/wp-json\/wp\/v2\/types\/page"}],"author":[{"embeddable":true,"href":"https:\/\/www.shelltonewhaleproject.org\/en\/wp-json\/wp\/v2\/users\/14"}],"replies":[{"embeddable":true,"href":"https:\/\/www.shelltonewhaleproject.org\/en\/wp-json\/wp\/v2\/comments?post=7334"}],"version-history":[{"count":6,"href":"https:\/\/www.shelltonewhaleproject.org\/en\/wp-json\/wp\/v2\/pages\/7334\/revisions"}],"predecessor-version":[{"id":9577,"href":"https:\/\/www.shelltonewhaleproject.org\/en\/wp-json\/wp\/v2\/pages\/7334\/revisions\/9577"}],"wp:attachment":[{"href":"https:\/\/www.shelltonewhaleproject.org\/en\/wp-json\/wp\/v2\/media?parent=7334"}],"curies":[{"name":"wp","href":"https:\/\/api.w.org\/{rel}","templated":true}]}}