{"id":5674,"date":"2024-09-23T08:54:22","date_gmt":"2024-09-23T06:54:22","guid":{"rendered":"https:\/\/www.shelltonewhaleproject.org\/observer-baleines-depuis-kona-copy\/"},"modified":"2026-02-07T09:00:57","modified_gmt":"2026-02-07T08:00:57","slug":"whale-watching-hervey-bay","status":"publish","type":"page","link":"https:\/\/www.shelltonewhaleproject.org\/en\/observer-baleines-hervey-bay\/","title":{"rendered":"WHALE WATCHING FROM HERVEY BAY"},"content":{"rendered":"<!--themify_builder_content-->\n<div id=\"themify_builder_content-5674\" data-postid=\"5674\" class=\"themify_builder_content themify_builder_content-5674 themify_builder tf_clear\">\n                    <div  data-lazy=\"1\" class=\"module_row themify_builder_row tb_6omy554 tb_first tf_w\">\n            <span  class=\"builder_row_cover tf_abs\" data-lazy=\"1\"><\/span>            <div class=\"row_inner col_align_top tb_col_count_1 tf_box tf_rel\">\n                        <div  data-lazy=\"1\" class=\"module_column tb-column col-full tb_2emf554 first\">\n                    <!-- module text -->\n<div  class=\"module module-text tb_6398554    wow\" data-tf-animation=\"fadeInDown\" data-lazy=\"1\">\n        <div  class=\"tb_text_wrap\">\n        <h1 style=\"text-align: center;\">Respectful whale watching from HERVEY BAY - AUSTRALIA<\/h1>    <\/div>\n<\/div>\n<!-- \/module text --><!-- module plain text -->\n<div  class=\"module module-plain-text tb_sykq554\" data-lazy=\"1\">\n        <div class=\"tb_text_wrap\">\n    <div class=\"tb_layout_part_wrap tf_w\"><!--themify_builder_content-->\n    <div  class=\"themify_builder_content themify_builder_content-8399 themify_builder not_editable_builder in_the_loop\" data-postid=\"8399\">\n                        <div  data-lazy=\"1\" class=\"module_row themify_builder_row tb_tjb8415 tf_w\">\n                        <div class=\"row_inner col_align_top tb_col_count_1 tf_box tf_rel\">\n                        <div  data-lazy=\"1\" class=\"module_column tb-column col-full tb_7b53415 first\">\n                    <!-- module text -->\n<div  class=\"module module-text tb_2jx4524\" data-lazy=\"1\">\n        <div  class=\"tb_text_wrap\">\n        <h4 style=\"text-align: center;\">The Shelltone Whale Project is an environmental organization that lists respectful whale watching operators.<\/h4>\n<h4 style=\"text-align: center;\">\u00a0<\/h4>\n<h4 style=\"text-align: center;\">Marine biologists and nature guides who favor gentle and respectful approaches.<\/h4>\n<h4 style=\"text-align: center;\">\u00a0<\/h4>\n<h4 style=\"text-align: center;\">From our website, you have direct access to the calendars of the operators we have selected, so you can book your outing directly with them, at the best rate, at no extra charge.<\/h4>    <\/div>\n<\/div>\n<!-- \/module text --><!-- module image -->\n<div  class=\"module module-image tb_06zv177 image-center   tf_mw\" data-lazy=\"1\">\n        <div class=\"image-wrap tf_rel tf_mw\">\n            <img loading=\"lazy\" decoding=\"async\" src=\"https:\/\/www.shelltonewhaleproject.org\/wp-content\/uploads\/2025\/10\/lgog-SWP-respect-1-LD-977x1024-250x250.png\" width=\"250\" height=\"250\" class=\"wp-post-image wp-image-8330\" title=\"lgog-SWP-respect-1-LD\" alt=\"lgog-SWP-respect-1-LD\" srcset=\"https:\/\/www.shelltonewhaleproject.org\/wp-content\/uploads\/2025\/10\/lgog-SWP-respect-1-LD-977x1024-250x250.png 250w, https:\/\/www.shelltonewhaleproject.org\/wp-content\/uploads\/2025\/10\/lgog-SWP-respect-1-LD-150x150.png 150w, https:\/\/www.shelltonewhaleproject.org\/wp-content\/uploads\/2025\/10\/lgog-SWP-respect-1-LD-11x12.png 11w, https:\/\/www.shelltonewhaleproject.org\/wp-content\/uploads\/2025\/10\/lgog-SWP-respect-1-LD-977x1024-300x300.png 300w\" sizes=\"auto, (max-width: 250px) 100vw, 250px\" \/>    \n        <\/div>\n    <!-- \/image-wrap -->\n    \n        <\/div>\n<!-- \/module image -->        <\/div>\n                        <\/div>\n        <\/div>\n            <\/div>\n<!--\/themify_builder_content--><\/div>\n    <\/div>\n<\/div>\n<!-- \/module plain text -->        <\/div>\n                        <\/div>\n        <\/div>\n                        <div  data-css_id=\"iqb3200\" data-lazy=\"1\" class=\"module_row themify_builder_row fullwidth_row_container tb_iqb3200 tf_w wow\" data-tf-animation=\"fadeInUp\">\n                        <div class=\"row_inner col_align_top tb_col_count_1 tf_box tf_rel\">\n                        <div  data-lazy=\"1\" class=\"module_column tb-column col-full tb_94o2068 first\">\n                    <!-- module text -->\n<div  class=\"module module-text tb_vonb328\" data-lazy=\"1\">\n        <div  class=\"tb_text_wrap\">\n        <h1 style=\"text-align: center;\"><strong><span style=\"color: #093c7a;\">The Shelltone team's opinion<\/span><\/strong><\/h1>    <\/div>\n<\/div>\n<!-- \/module text --><!-- module text -->\n<div  class=\"module module-text tb_ckyj609\" data-lazy=\"1\">\n        <div  class=\"tb_text_wrap\">\n        <p class=\"p1\" style=\"text-align: center;\"><span data-sheets-root=\"1\"><strong>Hervey Bay is Australia's whale-watching capital.<\/strong><br><strong>Our partner, the Pacific Whale Foundation, is an international non-governmental organization and a global pioneer in sustainable ecotourism.<\/strong><br><strong>The guides are all marine biologists specializing in whale behavior.<\/strong><br><br><\/span><\/p>\n<p style=\"text-align: center;\"><b>The cetacean enthusiasts selected by the Shelltone team in Ketchikan have chosen the <\/b><b><span style=\"color: #6e9e2f;\">RESPECT<\/span><\/b><b>.<\/b><\/p>    <\/div>\n<\/div>\n<!-- \/module text -->        <\/div>\n                        <\/div>\n        <\/div>\n                        <div  data-lazy=\"1\" class=\"module_row themify_builder_row tb_qwkz759 tf_w\">\n                        <div class=\"row_inner col_align_top tb_col_count_1 tf_box tf_rel\">\n                        <div  data-lazy=\"1\" class=\"module_column tb-column col-full tb_1kvt759 first\">\n                    <!-- module text -->\n<div  class=\"module module-text tb_z9r7759    wow\" data-tf-animation=\"fadeInDown\" data-lazy=\"1\">\n        <div  class=\"tb_text_wrap\">\n        <h2 style=\"text-align: center;\"><strong>WALUSSE WATCHING IN HERVEY BAY<\/strong><\/h2>\n<p style=\"text-align: center;\"><strong>Release schedule, prices, reservations, etc.<\/strong><\/p>    <\/div>\n<\/div>\n<!-- \/module text --><!-- module plain text -->\n<div  class=\"module module-plain-text tb_ypk7935\" data-lazy=\"1\">\n        <div class=\"tb_text_wrap\">\n    <div class=\"shelltone-fh-embed\">\n  <iframe\n    src=\"https:\/\/fareharbor.com\/embeds\/book\/pacificwhaleoz\/items\/46288\/?asn=fhdn-aud&#038;asn-ref=shelltonewhaleproject&#038;full-items=yes&#038;flow=no&#038;branding=yes&#038;bookable-only=yes&#038;ref=shelltonewhaleproject&#038;back=BACKLINK&#038;u=52c78f15-e8ea-480a-a7c3-7542e1fd9a45&#038;from-ssl=yes&#038;g4=yes&#038;cp=no&#038;csp=no\"\n    loading=\"lazy\"\n    scrolling=\"auto\">\n  <\/iframe>\n<\/div>\n\n    <\/div>\n<\/div>\n<!-- \/module plain text -->        <\/div>\n                        <\/div>\n        <\/div>\n                        <div  data-anchor=\"photos\" data-css_id=\"isdn243\" data-lazy=\"1\" class=\"module_row themify_builder_row fullwidth tb_has_section tb_section-photos tb_isdn243 tf_w\">\n                        <div class=\"row_inner col_align_top tb_col_count_1 tf_box tf_rel\">\n                        <div  data-lazy=\"1\" class=\"module_column tb-column col-full tb_8rvh243 first\">\n                            <div  data-lazy=\"1\" class=\"module_subrow themify_builder_sub_row tf_w col_align_top tb_col_count_1 tb_wtq1243\">\n                <div  data-lazy=\"1\" class=\"module_column sub_column col-full tb_djyo243 first\">\n                    <!-- module text -->\n<div  class=\"module module-text tb_nr54243    wow\" data-tf-animation=\"fadeInUp\" data-tf-animation_delay=\"1\" data-lazy=\"1\">\n        <div  class=\"tb_text_wrap\">\n        <h1 style=\"text-align: center;\">Photos of the Hervey Bay expedition<\/h1>    <\/div>\n<\/div>\n<!-- \/module text -->        <\/div>\n                    <\/div>\n                <\/div>\n                        <\/div>\n        <\/div>\n                        <div  data-anchor=\"photos\" data-css_id=\"l6qs304\" data-lazy=\"1\" class=\"module_row themify_builder_row fullwidth tb_has_section tb_section-photos tb_l6qs304 tf_w\">\n                        <div class=\"row_inner col_align_top tb_col_count_1 tf_box tf_rel\">\n                        <div  data-lazy=\"1\" class=\"module_column tb-column col-full tb_nv6k304 first\">\n                            <div  data-lazy=\"1\" class=\"module_subrow themify_builder_sub_row tf_w col_align_top tb_col_count_1 tb_6rp6304\">\n                <div  data-lazy=\"1\" class=\"module_column sub_column col-full tb_ekpd304 first\">\n                    <!-- module image -->\n<div  class=\"module module-image tb_ykp7304 image-top   auto_fullwidth tf_mw\" data-lazy=\"1\">\n        <div class=\"image-wrap tf_rel tf_mw\">\n            <img loading=\"lazy\" decoding=\"async\" width=\"1200\" height=\"800\" src=\"https:\/\/www.shelltonewhaleproject.org\/wp-content\/uploads\/2024\/09\/PWF_HerveyBay_079.jpg\" class=\"wp-post-image wp-image-5694\" title=\"PWF_HerveyBay_079\" alt=\"PWF_HerveyBay_079\" srcset=\"https:\/\/www.shelltonewhaleproject.org\/wp-content\/uploads\/2024\/09\/PWF_HerveyBay_079.jpg 1200w, https:\/\/www.shelltonewhaleproject.org\/wp-content\/uploads\/2024\/09\/PWF_HerveyBay_079-300x200.jpg 300w, https:\/\/www.shelltonewhaleproject.org\/wp-content\/uploads\/2024\/09\/PWF_HerveyBay_079-1024x683.jpg 1024w, https:\/\/www.shelltonewhaleproject.org\/wp-content\/uploads\/2024\/09\/PWF_HerveyBay_079-768x512.jpg 768w, https:\/\/www.shelltonewhaleproject.org\/wp-content\/uploads\/2024\/09\/PWF_HerveyBay_079-18x12.jpg 18w, https:\/\/www.shelltonewhaleproject.org\/wp-content\/uploads\/2024\/09\/PWF_HerveyBay_079-1024x683-550x366.jpg 550w\" sizes=\"auto, (max-width: 1200px) 100vw, 1200px\" \/>    \n        <\/div>\n    <!-- \/image-wrap -->\n    \n        <\/div>\n<!-- \/module image --><!-- module image -->\n<div  class=\"module module-image tb_xo13304 image-top   auto_fullwidth tf_mw\" data-lazy=\"1\">\n        <div class=\"image-wrap tf_rel tf_mw\">\n            <img loading=\"lazy\" decoding=\"async\" width=\"2560\" height=\"1707\" src=\"https:\/\/www.shelltonewhaleproject.org\/wp-content\/uploads\/2024\/09\/IMG_0641-scaled.jpg\" class=\"wp-post-image wp-image-5601\" title=\"Taken by professional photographer on Photo Safari Cruisess\" alt=\"Taken by professional photographer on Photo Safari Cruisess\" srcset=\"https:\/\/www.shelltonewhaleproject.org\/wp-content\/uploads\/2024\/09\/IMG_0641-scaled.jpg 2560w, https:\/\/www.shelltonewhaleproject.org\/wp-content\/uploads\/2024\/09\/IMG_0641-300x200.jpg 300w, https:\/\/www.shelltonewhaleproject.org\/wp-content\/uploads\/2024\/09\/IMG_0641-1024x683.jpg 1024w, https:\/\/www.shelltonewhaleproject.org\/wp-content\/uploads\/2024\/09\/IMG_0641-768x512.jpg 768w, https:\/\/www.shelltonewhaleproject.org\/wp-content\/uploads\/2024\/09\/IMG_0641-1536x1024.jpg 1536w, https:\/\/www.shelltonewhaleproject.org\/wp-content\/uploads\/2024\/09\/IMG_0641-2048x1365.jpg 2048w, https:\/\/www.shelltonewhaleproject.org\/wp-content\/uploads\/2024\/09\/IMG_0641-18x12.jpg 18w, https:\/\/www.shelltonewhaleproject.org\/wp-content\/uploads\/2024\/09\/IMG_0641-1024x683-550x366.jpg 550w\" sizes=\"auto, (max-width: 2560px) 100vw, 2560px\" \/>    \n        <\/div>\n    <!-- \/image-wrap -->\n    \n        <\/div>\n<!-- \/module image --><!-- module image -->\n<div  class=\"module module-image tb_zlqx304 image-top   auto_fullwidth tf_mw\" data-lazy=\"1\">\n        <div class=\"image-wrap tf_rel tf_mw\">\n            <img loading=\"lazy\" decoding=\"async\" width=\"2560\" height=\"1708\" src=\"https:\/\/www.shelltonewhaleproject.org\/wp-content\/uploads\/2024\/09\/404A5374-1-scaled.jpg\" class=\"wp-post-image wp-image-5597\" title=\"MAC\" alt=\"MAC\" srcset=\"https:\/\/www.shelltonewhaleproject.org\/wp-content\/uploads\/2024\/09\/404A5374-1-scaled.jpg 2560w, https:\/\/www.shelltonewhaleproject.org\/wp-content\/uploads\/2024\/09\/404A5374-1-300x200.jpg 300w, https:\/\/www.shelltonewhaleproject.org\/wp-content\/uploads\/2024\/09\/404A5374-1-1024x683.jpg 1024w, https:\/\/www.shelltonewhaleproject.org\/wp-content\/uploads\/2024\/09\/404A5374-1-768x512.jpg 768w, https:\/\/www.shelltonewhaleproject.org\/wp-content\/uploads\/2024\/09\/404A5374-1-1536x1025.jpg 1536w, https:\/\/www.shelltonewhaleproject.org\/wp-content\/uploads\/2024\/09\/404A5374-1-2048x1366.jpg 2048w, https:\/\/www.shelltonewhaleproject.org\/wp-content\/uploads\/2024\/09\/404A5374-1-18x12.jpg 18w, https:\/\/www.shelltonewhaleproject.org\/wp-content\/uploads\/2024\/09\/404A5374-1-1024x683-550x366.jpg 550w\" sizes=\"auto, (max-width: 2560px) 100vw, 2560px\" \/>    \n        <\/div>\n    <!-- \/image-wrap -->\n    \n        <\/div>\n<!-- \/module image -->        <\/div>\n                    <\/div>\n                <\/div>\n                        <\/div>\n        <\/div>\n        <\/div>\n<!--\/themify_builder_content-->","protected":false},"excerpt":{"rendered":"<p>Observation respectueuse de baleines depuis HERVEY BAY &#8211; AUSTRALIE L&rsquo;avis de la team Shelltone Hervey Bay est la capitale australienne de l&rsquo;observation des baleines.Notre partenaire, la Pacific Whale Foundation est une organisation internationale non gouvernementale et un pionnier mondial de l&rsquo;\u00e9cotourisme durable.Les guides sont tous des biologistes marins sp\u00e9cialistes du comportement des baleines. Les observateurs [&hellip;]<\/p>\n","protected":false},"author":1,"featured_media":0,"parent":0,"menu_order":0,"comment_status":"closed","ping_status":"closed","template":"","meta":{"footnotes":""},"class_list":["post-5674","page","type-page","status-publish","hentry","has-post-title","has-post-date","has-post-category","has-post-tag","has-post-comment","has-post-author",""],"builder_content":"<h1 style=\"text-align: center;\">Observation respectueuse de baleines depuis HERVEY BAY - AUSTRALIE<\/h1>\n[themify_layout_part id=\"8399\"]\n<h1 style=\"text-align: center;\"><strong>L'avis de la team Shelltone<\/strong><\/h1>\n<p style=\"text-align: center;\"><strong>Hervey Bay est la capitale australienne de l'observation des baleines.<\/strong><br><strong>Notre partenaire, la Pacific Whale Foundation est une organisation internationale non gouvernementale et un pionnier mondial de l'\u00e9cotourisme durable.<\/strong><br><strong>Les guides sont tous des biologistes marins sp\u00e9cialistes du comportement des baleines.<\/strong><br><br><\/p> <p style=\"text-align: center;\"><b>Les observateurs passionn\u00e9s de c\u00e9tac\u00e9s s\u00e9lectionn\u00e9s par la team Shelltone \u00e0 Ketchikan ont choisi le <\/b><b>RESPECT<\/b><b>.<\/b><\/p>\n<h2 style=\"text-align: center;\"><strong>OBSERVATION DE C\u00c9TAC\u00c9S \u00c0 HERVEY BAY<\/strong><\/h2> <p style=\"text-align: center;\"><strong>Calendrier des sorties, tarifs, r\u00e9servations...<\/strong><\/p>\n<iframe src=\"https:\/\/fareharbor.com\/embeds\/book\/pacificwhaleoz\/items\/46288\/?asn=fhdn-aud&asn-ref=shelltonewhaleproject&full-items=yes&flow=no&branding=yes&bookable-only=yes&ref=shelltonewhaleproject&back=BACKLINK&u=52c78f15-e8ea-480a-a7c3-7542e1fd9a45&from-ssl=yes&g4=yes&cp=no&csp=no\" loading=\"lazy\" scrolling=\"auto\"> <\/iframe>\n<h1 style=\"text-align: center;\">Photos de l'exp\u00e9dition \u00e0 Hervey Bay<\/h1>\n<img src=\"https:\/\/www.shelltonewhaleproject.org\/wp-content\/uploads\/2024\/09\/PWF_HerveyBay_079.jpg\" title=\"PWF_HerveyBay_079\" alt=\"PWF_HerveyBay_079\" srcset=\"https:\/\/www.shelltonewhaleproject.org\/wp-content\/uploads\/2024\/09\/PWF_HerveyBay_079.jpg 1200w, https:\/\/www.shelltonewhaleproject.org\/wp-content\/uploads\/2024\/09\/PWF_HerveyBay_079-300x200.jpg 300w, https:\/\/www.shelltonewhaleproject.org\/wp-content\/uploads\/2024\/09\/PWF_HerveyBay_079-1024x683.jpg 1024w, https:\/\/www.shelltonewhaleproject.org\/wp-content\/uploads\/2024\/09\/PWF_HerveyBay_079-768x512.jpg 768w, https:\/\/www.shelltonewhaleproject.org\/wp-content\/uploads\/2024\/09\/PWF_HerveyBay_079-18x12.jpg 18w, https:\/\/www.shelltonewhaleproject.org\/wp-content\/uploads\/2024\/09\/PWF_HerveyBay_079-1024x683-550x366.jpg 550w\" sizes=\"(max-width: 1200px) 100vw, 1200px\" \/>\n<img src=\"https:\/\/www.shelltonewhaleproject.org\/wp-content\/uploads\/2024\/09\/IMG_0641-scaled.jpg\" title=\"Taken by professional photographer on Photo Safari Cruisess\" alt=\"Taken by professional photographer on Photo Safari Cruisess\" srcset=\"https:\/\/www.shelltonewhaleproject.org\/wp-content\/uploads\/2024\/09\/IMG_0641-scaled.jpg 2560w, https:\/\/www.shelltonewhaleproject.org\/wp-content\/uploads\/2024\/09\/IMG_0641-300x200.jpg 300w, https:\/\/www.shelltonewhaleproject.org\/wp-content\/uploads\/2024\/09\/IMG_0641-1024x683.jpg 1024w, https:\/\/www.shelltonewhaleproject.org\/wp-content\/uploads\/2024\/09\/IMG_0641-768x512.jpg 768w, https:\/\/www.shelltonewhaleproject.org\/wp-content\/uploads\/2024\/09\/IMG_0641-1536x1024.jpg 1536w, https:\/\/www.shelltonewhaleproject.org\/wp-content\/uploads\/2024\/09\/IMG_0641-2048x1365.jpg 2048w, https:\/\/www.shelltonewhaleproject.org\/wp-content\/uploads\/2024\/09\/IMG_0641-18x12.jpg 18w, https:\/\/www.shelltonewhaleproject.org\/wp-content\/uploads\/2024\/09\/IMG_0641-1024x683-550x366.jpg 550w\" sizes=\"(max-width: 2560px) 100vw, 2560px\" \/>\n<img src=\"https:\/\/www.shelltonewhaleproject.org\/wp-content\/uploads\/2024\/09\/404A5374-1-scaled.jpg\" title=\"MAC\" alt=\"MAC\" srcset=\"https:\/\/www.shelltonewhaleproject.org\/wp-content\/uploads\/2024\/09\/404A5374-1-scaled.jpg 2560w, https:\/\/www.shelltonewhaleproject.org\/wp-content\/uploads\/2024\/09\/404A5374-1-300x200.jpg 300w, https:\/\/www.shelltonewhaleproject.org\/wp-content\/uploads\/2024\/09\/404A5374-1-1024x683.jpg 1024w, https:\/\/www.shelltonewhaleproject.org\/wp-content\/uploads\/2024\/09\/404A5374-1-768x512.jpg 768w, https:\/\/www.shelltonewhaleproject.org\/wp-content\/uploads\/2024\/09\/404A5374-1-1536x1025.jpg 1536w, https:\/\/www.shelltonewhaleproject.org\/wp-content\/uploads\/2024\/09\/404A5374-1-2048x1366.jpg 2048w, https:\/\/www.shelltonewhaleproject.org\/wp-content\/uploads\/2024\/09\/404A5374-1-18x12.jpg 18w, https:\/\/www.shelltonewhaleproject.org\/wp-content\/uploads\/2024\/09\/404A5374-1-1024x683-550x366.jpg 550w\" sizes=\"(max-width: 2560px) 100vw, 2560px\" \/>\n<h1 style=\"text-align: center;\">Galerie photos<\/h1>\n[gallery ids=\"5694,5690,5691,5692,5693,5601,5597,5598,5599,5600\"]\n<h2 style=\"text-align: center;\"><strong>C\u00e9tac\u00e9s observ\u00e9s \u00e0 Hervey Bay.<\/strong><\/h2> <h2 style=\"text-align: center;\"><strong>Calendrier des sorties, tarifs, r\u00e9servations etc...<\/strong><\/h2> <h2 style=\"text-align: center;\"><strong>Retrouvez ici toutes les informations :<\/strong><\/h2>\n<a href=\"https:\/\/fareharbor.com\/embeds\/book\/pacificwhaleoz\/items\/46288\/?asn=fhdn-aud&#038;asn-ref=shelltonewhaleproject&#038;full-items=yes&#038;flow=no&#038;branding=yes&#038;bookable-only=yes&#038;ref=shelltonewhaleproject&#038;back=BACKLINK\" > Information et r\u00e9servation \u00e0 Hervey Bay <\/a>","_links":{"self":[{"href":"https:\/\/www.shelltonewhaleproject.org\/en\/wp-json\/wp\/v2\/pages\/5674","targetHints":{"allow":["GET"]}}],"collection":[{"href":"https:\/\/www.shelltonewhaleproject.org\/en\/wp-json\/wp\/v2\/pages"}],"about":[{"href":"https:\/\/www.shelltonewhaleproject.org\/en\/wp-json\/wp\/v2\/types\/page"}],"author":[{"embeddable":true,"href":"https:\/\/www.shelltonewhaleproject.org\/en\/wp-json\/wp\/v2\/users\/1"}],"replies":[{"embeddable":true,"href":"https:\/\/www.shelltonewhaleproject.org\/en\/wp-json\/wp\/v2\/comments?post=5674"}],"version-history":[{"count":24,"href":"https:\/\/www.shelltonewhaleproject.org\/en\/wp-json\/wp\/v2\/pages\/5674\/revisions"}],"predecessor-version":[{"id":9994,"href":"https:\/\/www.shelltonewhaleproject.org\/en\/wp-json\/wp\/v2\/pages\/5674\/revisions\/9994"}],"wp:attachment":[{"href":"https:\/\/www.shelltonewhaleproject.org\/en\/wp-json\/wp\/v2\/media?parent=5674"}],"curies":[{"name":"wp","href":"https:\/\/api.w.org\/{rel}","templated":true}]}}