{"id":2632,"date":"2022-12-21T12:45:00","date_gmt":"2022-12-21T11:45:00","guid":{"rendered":"https:\/\/www.shelltonewhaleproject.org\/?page_id=2632"},"modified":"2026-01-07T13:04:55","modified_gmt":"2026-01-07T12:04:55","slug":"contact-shelltonewhaleproject","status":"publish","type":"page","link":"https:\/\/www.shelltonewhaleproject.org\/en\/contact-shelltonewhaleproject\/","title":{"rendered":"CONTACT"},"content":{"rendered":"<!--themify_builder_content-->\n<div id=\"themify_builder_content-2632\" data-postid=\"2632\" class=\"themify_builder_content themify_builder_content-2632 themify_builder tf_clear\">\n                    <div  data-lazy=\"1\" class=\"module_row themify_builder_row tb_b199696 tb_first tf_w\">\n                        <div class=\"row_inner col_align_top tb_col_count_2 tf_box tf_rel\">\n                        <div  data-lazy=\"1\" class=\"module_column tb-column col4-2 tb_7rmy696 first\">\n                            <\/div>\n                    <div  data-lazy=\"1\" class=\"module_column tb-column col4-2 tb_7900889 last\">\n                    <!-- module text -->\n<div  class=\"module module-text tb_0pgv495\" data-lazy=\"1\">\n        <div  class=\"tb_text_wrap\">\n        <h1><strong style=\"color: #093c7a;\">Shelltone Whale Project customer service is open Monday to Friday from 10am to 6pm (France only).<\/strong><\/h1>\n<p><span style=\"color: #093c7a;\">We are available by e-mail for any urgent requests concerning your reservations. <br>For all other questions, a FAQ (Frequently Asked Questions) is available on our website on the page for each destination, with all the answers to your main questions. Don't hesitate to consult it.<\/span><\/p>\n<p><span style=\"color: #093c7a;\">We look forward to welcoming you on board!<\/span><\/p>\n<p><span style=\"color: #093c7a;\">Shelltone Whale Project customer service\u00a0<\/span><\/p>    <\/div>\n<\/div>\n<!-- \/module text -->        <\/div>\n                        <\/div>\n        <\/div>\n                        <div  data-mobile-padding=\"2px,2px\" data-desktop-padding=\"10px,10px\" data-css_id=\"72lu194\" data-lazy=\"1\" class=\"module_row themify_builder_row fullwidth_row_container tb_72lu194 tf_w\">\n                        <div class=\"row_inner col_align_top tb_col_count_1 tf_box tf_rel\">\n                        <div  data-lazy=\"1\" class=\"module_column tb-column col-full tb_8i58195 first\">\n                    <!-- module text -->\n<div  class=\"module module-text tb_tds1323\" data-lazy=\"1\">\n        <div  class=\"tb_text_wrap\">\n        <p><span style=\"color: #093c7a;\"><strong>IMPORTANT<\/strong> :<\/span><\/p>\n<p><span style=\"font-size: 1em;\"><span style=\"color: #093c7a;\">Just think <\/span><span style=\"color: #ee2312;\">check your SPAMS<\/span><span style=\"color: #093c7a;\">, If it's not in your inbox, you'll find our answer there.<\/span><\/span><\/p>\n<p><span style=\"color: #093c7a;\">2 ways to contact us:<\/span><\/p>\n<ul>\n<li><span style=\"color: #093c7a;\">by e-mail to: shelltonecontact @ gmail.com<\/span><\/li>\n<li><span style=\"color: #093c7a;\">using the form below:\u00a0<\/span><\/li>\n<\/ul>    <\/div>\n<\/div>\n<!-- \/module text --><!-- module contact -->\n<div  id=\"tb_hv60263\" class=\"module module-contact tb_hv60263 contact-style1\" data-lazy=\"1\">\n    \n\t<form class=\"builder-contact\"\n\t\tid=\"tb_hv60263-form\"\n\t\tmethod=\"post\"\n\t\tdata-post-id=\"2632\"\n\t\tdata-element-id=\"hv60263\"\n\t\tdata-orig-id=\"2632\" action=\"\"\n\t>\n    <div class=\"contact-message\"><\/div>\n\t<input type=\"hidden\" id=\"bc_nonce\" name=\"bc_nonce\" value=\"e15750c3b7\" \/><input type=\"hidden\" name=\"_wp_http_referer\" value=\"\/en\/wp-json\/wp\/v2\/pages\/2632\" \/>\t<div class=\"builder-contact-fields tf_rel\">\n\t\t    \t\t    <div class=\"builder-contact-field builder-contact-field-name builder-contact-text-field\">\n\t\t\t    <label class=\"control-label\" for=\"tb_hv60263-contact-name\">\n\t\t\t\t\t\t\t\t\t\t<span class=\"tb-label-span\">First and last name <\/span><span class=\"required\">*<\/span>\t\t\t\t<\/label>\n\t\t\t    <div class=\"control-input tf_rel\">\n\t\t\t\t    \t\t\t\t\t    <input type=\"text\" name=\"contact-name\" placeholder=\"\" id=\"tb_hv60263-contact-name\" value=\"\" class=\"form-control\" required>\n\t\t\t\t    \t\t\t\t    \t\t\t    <\/div>\n\t\t<\/div>\n\t    \n\t\t    \t\t    <div class=\"builder-contact-field builder-contact-field-email builder-contact-text-field\">\n\t\t\t    <label class=\"control-label\" for=\"tb_hv60263-contact-email\">\n\t\t\t\t\t\t\t\t\t\t<span class=\"tb-label-span\">Email address <\/span><span class=\"required\">*<\/span>\t\t\t\t<\/label>\n\t\t\t    <div class=\"control-input tf_rel\">\n\t\t\t\t    \t\t\t\t\t    <input type=\"email\" name=\"contact-email\" placeholder=\"\" id=\"tb_hv60263-contact-email\" value=\"\" class=\"form-control\" required>\n\t\t\t\t    \t\t\t\t    \t\t\t    <\/div>\n\t\t<\/div>\n\t    \n\t\t    \t\t    <div class=\"builder-contact-field builder-contact-field-message builder-contact-textarea-field\">\n\t\t\t    <label class=\"control-label\" for=\"tb_hv60263-contact-message\">\n\t\t\t\t\t\t\t\t\t\t<span class=\"tb-label-span\">Message <\/span>\t\t\t\t<\/label>\n\t\t\t    <div class=\"control-input tf_rel\">\n\t\t\t\t    \t\t\t\t\t    <textarea name=\"contact-message\" placeholder=\"\" id=\"tb_hv60263-contact-message\" class=\"form-control\"><\/textarea>\n\t\t\t\t    \t\t\t\t    \t\t\t    <\/div>\n\t\t<\/div>\n\t    \n\t\t    \t\t\n\t\t\n\t    \n\t    <div class=\"builder-contact-field builder-contact-field-send control-input tf_textl tf_clear tf_rel\">\n\t\t\t<button type=\"submit\" class=\"btn btn-primary\">\n\t\t\t\t<span class=\"tf_loader\"><\/span>\t\t\t\t<span class=\"tf_submit_icon\"><\/span> \n\t\t\t\tSend\t\t\t<\/button>\n\t    <\/div>\n\t<\/div>\n    <input type=\"hidden\" name=\"trp-form-language\" value=\"en\"\/><\/form>\n    <\/div>\n<!-- \/module contact -->\n        <\/div>\n                        <\/div>\n        <\/div>\n                        <div  data-css_id=\"uz2x102\" data-lazy=\"1\" class=\"module_row themify_builder_row fullwidth tb_uz2x102 tf_w\">\n                        <div class=\"row_inner col_align_top tb_col_count_1 tf_box tf_rel\">\n                        <div  data-lazy=\"1\" class=\"module_column tb-column col-full tb_f3v6102 first\">\n                    <!-- module image -->\n<div  class=\"module module-image tb_ufgd13 image-top rounded  auto_fullwidth tf_mw\" data-lazy=\"1\">\n        <div class=\"image-wrap tf_rel tf_mw\">\n            <img loading=\"lazy\" decoding=\"async\" width=\"806\" height=\"605\" src=\"https:\/\/www.shelltonewhaleproject.org\/wp-content\/uploads\/2019\/12\/Shelltone-Pearly.jpg\" class=\"wp-post-image wp-image-834\" title=\"Shelltone on beach\" alt=\"Photograph of a Shelltone shell on a beach\" srcset=\"https:\/\/www.shelltonewhaleproject.org\/wp-content\/uploads\/2019\/12\/Shelltone-Pearly.jpg 806w, https:\/\/www.shelltonewhaleproject.org\/wp-content\/uploads\/2019\/12\/Shelltone-Pearly-300x225.jpg 300w, https:\/\/www.shelltonewhaleproject.org\/wp-content\/uploads\/2019\/12\/Shelltone-Pearly-768x576.jpg 768w\" sizes=\"auto, (max-width: 806px) 100vw, 806px\" \/>    \n        <\/div>\n    <!-- \/image-wrap -->\n    \n        <\/div>\n<!-- \/module image -->        <\/div>\n                        <\/div>\n        <\/div>\n        <\/div>\n<!--\/themify_builder_content-->","protected":false},"excerpt":{"rendered":"<p>Le service client Shelltone Whale Project est ouvert du lundi au vendredi de 10h \u00e0 18h (Heures France m\u00e9tropolitaine). Nous sommes disponibles par mail pour toute demande urgente concernant vos r\u00e9servations. Pour toutes autres questions, une FAQ (Foires Aux Questions) est disponible sur notre site internet sur la page de chaque destination, avec toutes les [&hellip;]<\/p>\n","protected":false},"author":1,"featured_media":0,"parent":0,"menu_order":0,"comment_status":"closed","ping_status":"closed","template":"","meta":{"footnotes":""},"class_list":["post-2632","page","type-page","status-publish","hentry","has-post-title","has-post-date","has-post-category","has-post-tag","has-post-comment","has-post-author",""],"builder_content":"<h1><strong style=\"color: #093c7a;\">Le service client Shelltone Whale Project est ouvert du lundi au vendredi de 10h \u00e0 18h (Heures France m\u00e9tropolitaine).<\/strong><\/h1> <p>Nous sommes disponibles par mail pour toute demande urgente concernant vos r\u00e9servations. <br>Pour toutes autres questions, une FAQ (Foires Aux Questions) est disponible sur notre site internet sur la page de chaque destination, avec toutes les r\u00e9ponses \u00e0 vos interrogations principales. N\u2019h\u00e9sitez pas \u00e0 la consulter.<\/p> <p>Au plaisir de vous accueillir \u00e0 bord !<\/p> <p>Le service client Shelltone Whale Project\u00a0<\/p>\n<p><strong>IMPORTANT<\/strong> :<\/p> <p>Pensez d'ailleurs \u00e0 v\u00e9rifier vos SPAMS, notre r\u00e9ponse s'y trouve surement si elle n'est pas dans votre boite de r\u00e9ception.<\/p> <p>2 solutions pour nous contacter :<\/p> <ul> <li>par mail \u00e0 : shelltonecontact @ gmail.com<\/li> <li>en utilisant le formulaire ci-dessous :\u00a0<\/li> <\/ul>\n<form id=\"tb_hv60263-form\" method=\"post\" data-post-id=\"0\" data-element-id=\"hv60263\" data-orig-id=\"2632\" > <input type=\"hidden\" id=\"bc_nonce\" name=\"bc_nonce\" value=\"e15750c3b7\" \/><input type=\"hidden\" name=\"_wp_http_referer\" value=\"\/en\/wp-json\/wp\/v2\/pages\/2632\" \/> <label for=\"tb_hv60263-contact-name\"> Nom et pr\u00e9nom * <\/label> <input type=\"text\" name=\"contact-name\" placeholder=\"\" id=\"tb_hv60263-contact-name\" value=\"\" required> <label for=\"tb_hv60263-contact-email\"> Adresse mail * <\/label> <input type=\"email\" name=\"contact-email\" placeholder=\"\" id=\"tb_hv60263-contact-email\" value=\"\" required> <label for=\"tb_hv60263-contact-message\"> Message <\/label> <textarea name=\"contact-message\" placeholder=\"\" id=\"tb_hv60263-contact-message\"><\/textarea> <button type=\"submit\"> Envoyer <\/button> <\/form>\n<img src=\"https:\/\/www.shelltonewhaleproject.org\/wp-content\/uploads\/2019\/12\/Shelltone-Pearly.jpg\" title=\"Coquillage Shelltone sur plage\" alt=\"Photographie d&#039;un coquillage marqu\u00e9 Shelltone sur une plage\" srcset=\"https:\/\/www.shelltonewhaleproject.org\/wp-content\/uploads\/2019\/12\/Shelltone-Pearly.jpg 806w, https:\/\/www.shelltonewhaleproject.org\/wp-content\/uploads\/2019\/12\/Shelltone-Pearly-300x225.jpg 300w, https:\/\/www.shelltonewhaleproject.org\/wp-content\/uploads\/2019\/12\/Shelltone-Pearly-768x576.jpg 768w\" sizes=\"(max-width: 806px) 100vw, 806px\" \/>","_links":{"self":[{"href":"https:\/\/www.shelltonewhaleproject.org\/en\/wp-json\/wp\/v2\/pages\/2632","targetHints":{"allow":["GET"]}}],"collection":[{"href":"https:\/\/www.shelltonewhaleproject.org\/en\/wp-json\/wp\/v2\/pages"}],"about":[{"href":"https:\/\/www.shelltonewhaleproject.org\/en\/wp-json\/wp\/v2\/types\/page"}],"author":[{"embeddable":true,"href":"https:\/\/www.shelltonewhaleproject.org\/en\/wp-json\/wp\/v2\/users\/1"}],"replies":[{"embeddable":true,"href":"https:\/\/www.shelltonewhaleproject.org\/en\/wp-json\/wp\/v2\/comments?post=2632"}],"version-history":[{"count":7,"href":"https:\/\/www.shelltonewhaleproject.org\/en\/wp-json\/wp\/v2\/pages\/2632\/revisions"}],"predecessor-version":[{"id":9733,"href":"https:\/\/www.shelltonewhaleproject.org\/en\/wp-json\/wp\/v2\/pages\/2632\/revisions\/9733"}],"wp:attachment":[{"href":"https:\/\/www.shelltonewhaleproject.org\/en\/wp-json\/wp\/v2\/media?parent=2632"}],"curies":[{"name":"wp","href":"https:\/\/api.w.org\/{rel}","templated":true}]}}