{"id":10132,"date":"2026-03-26T14:22:51","date_gmt":"2026-03-26T13:22:51","guid":{"rendered":"https:\/\/www.shelltonewhaleproject.org\/observer-baleines-depuis-hauganes-copy\/"},"modified":"2026-03-27T02:52:50","modified_gmt":"2026-03-27T01:52:50","slug":"whale-watching-husavik","status":"publish","type":"page","link":"https:\/\/www.shelltonewhaleproject.org\/en\/observer-baleines-husavik\/","title":{"rendered":"WATCH WHALES FROM H\u00fasav\u00edk"},"content":{"rendered":"<!--themify_builder_content-->\n<div id=\"themify_builder_content-10132\" data-postid=\"10132\" class=\"themify_builder_content themify_builder_content-10132 themify_builder tf_clear\">\n                    <div  data-lazy=\"1\" class=\"module_row themify_builder_row tb_4j4y645 tb_first tf_w\">\n            <span  class=\"builder_row_cover tf_abs\" data-lazy=\"1\"><\/span>            <div class=\"row_inner col_align_top tb_col_count_1 tf_box tf_rel\">\n                        <div  data-lazy=\"1\" class=\"module_column tb-column col-full tb_8fh1460 first\">\n                    <!-- module text -->\n<div  class=\"module module-text tb_eza4620    wow\" data-tf-animation=\"fadeInDown\" data-lazy=\"1\">\n        <div  class=\"tb_text_wrap\">\n        <h1 style=\"text-align: center;\">Respectful whale watching from H\u00fasav\u00edk (Iceland)<\/h1>    <\/div>\n<\/div>\n<!-- \/module text --><!-- module plain text -->\n<div  class=\"module module-plain-text tb_pmdo000\" data-lazy=\"1\">\n        <div class=\"tb_text_wrap\">\n    <div class=\"tb_layout_part_wrap tf_w\"><!--themify_builder_content-->\n    <div  class=\"themify_builder_content themify_builder_content-8399 themify_builder not_editable_builder in_the_loop\" data-postid=\"8399\">\n                        <div  data-lazy=\"1\" class=\"module_row themify_builder_row tb_tjb8415 tf_w\">\n                        <div class=\"row_inner col_align_top tb_col_count_1 tf_box tf_rel\">\n                        <div  data-lazy=\"1\" class=\"module_column tb-column col-full tb_7b53415 first\">\n                    <!-- module text -->\n<div  class=\"module module-text tb_2jx4524\" data-lazy=\"1\">\n        <div  class=\"tb_text_wrap\">\n        <h4 style=\"text-align: center;\"><b>The Shelltone Whale Project carefully selects whale-watching operators committed to a respectful approach.<\/b><\/h4>\n<h4 style=\"text-align: center;\">\u00a0<\/h4>\n<h4 style=\"text-align: center;\"><b>Marine biologists and experienced naturalists who put animal welfare first.<\/b><\/h4>\n<h4 style=\"text-align: center;\">\u00a0<\/h4>\n<h4 style=\"text-align: center;\"><b>Check availability directly and book your experience at the best available rate, with no additional fees.<\/b><\/h4>    <\/div>\n<\/div>\n<!-- \/module text --><!-- module image -->\n<div  class=\"module module-image tb_06zv177 image-center   tf_mw\" data-lazy=\"1\">\n        <div class=\"image-wrap tf_rel tf_mw\">\n            <img loading=\"lazy\" decoding=\"async\" src=\"https:\/\/www.shelltonewhaleproject.org\/wp-content\/uploads\/2025\/10\/lgog-SWP-respect-1-LD-977x1024-250x250.png\" width=\"250\" height=\"250\" class=\"wp-post-image wp-image-8330\" title=\"lgog-SWP-respect-1-LD\" alt=\"lgog-SWP-respect-1-LD\" srcset=\"https:\/\/www.shelltonewhaleproject.org\/wp-content\/uploads\/2025\/10\/lgog-SWP-respect-1-LD-977x1024-250x250.png 250w, https:\/\/www.shelltonewhaleproject.org\/wp-content\/uploads\/2025\/10\/lgog-SWP-respect-1-LD-150x150.png 150w, https:\/\/www.shelltonewhaleproject.org\/wp-content\/uploads\/2025\/10\/lgog-SWP-respect-1-LD-11x12.png 11w, https:\/\/www.shelltonewhaleproject.org\/wp-content\/uploads\/2025\/10\/lgog-SWP-respect-1-LD-977x1024-300x300.png 300w\" sizes=\"auto, (max-width: 250px) 100vw, 250px\" \/>    \n        <\/div>\n    <!-- \/image-wrap -->\n    \n        <\/div>\n<!-- \/module image -->        <\/div>\n                        <\/div>\n        <\/div>\n            <\/div>\n<!--\/themify_builder_content--><\/div>\n    <\/div>\n<\/div>\n<!-- \/module plain text -->        <\/div>\n                        <\/div>\n        <\/div>\n                        <div  data-css_id=\"0p6t005\" data-lazy=\"1\" class=\"module_row themify_builder_row fullwidth_row_container tb_0p6t005 tf_w\">\n                        <div class=\"row_inner col_align_top tb_col_count_1 tf_box tf_rel\">\n                        <div  data-lazy=\"1\" class=\"module_column tb-column col-full tb_seyc006 first\">\n                    <!-- module text -->\n<div  class=\"module module-text tb_crns644    wow\" data-tf-animation=\"fadeInUp\" data-tf-animation_delay=\"1\" data-lazy=\"1\">\n        <div  class=\"tb_text_wrap\">\n        <h1 style=\"text-align: center;\"><span style=\"color: #093c7a;\">The Shelltone team's opinion<\/span><\/h1>    <\/div>\n<\/div>\n<!-- \/module text --><!-- module text -->\n<div  class=\"module module-text tb_jhxx060    wow\" data-tf-animation=\"fadeInUp\" data-tf-animation_delay=\"1\" data-lazy=\"1\">\n        <div  class=\"tb_text_wrap\">\n        <p style=\"text-align: center;\">In Europe's whale-watching capital, you can observe humpback whales, minke whales, blue whales, sei whales, fin whales, sperm whales, orcas, northern bottlenose whales, pilot whales or white-beaked dolphins in their natural environment. Throughout the tour, we'll share fascinating facts about these incredible animals and the ecosystem they call home.<\/p>\n<p style=\"text-align: center;\">Set sail with a small local team whose priority is the safety of our passengers while respecting the whales. They follow and uphold strict guidelines to ensure minimum disturbance and interference with the whales' natural behavior, proving that responsible tourism can go hand in hand with the creation of unforgettable experiences.<span class=\"Apple-converted-space\">\u00a0<\/span><\/p>\n<p style=\"text-align: center;\">The cetacean enthusiasts selected by the Shelltone team in Husavik have chosen the <strong style=\"color: #6e9e2f;\">RESPECT<\/strong>.<\/p>    <\/div>\n<\/div>\n<!-- \/module text -->        <\/div>\n                        <\/div>\n        <\/div>\n                        <div  data-lazy=\"1\" class=\"module_row themify_builder_row tb_pm4r430 tf_w\">\n                        <div class=\"row_inner col_align_top tb_col_count_1 tf_box tf_rel\">\n                        <div  data-lazy=\"1\" class=\"module_column tb-column col-full tb_5xxz080 first\">\n                    <!-- module text -->\n<div  class=\"module module-text tb_1pmd700    wow\" data-tf-animation=\"fadeInDown\" data-lazy=\"1\">\n        <div  class=\"tb_text_wrap\">\n        <h2 style=\"text-align: center;\"><strong>cetacean sightings from h\u00fasav\u00edk<\/strong><\/h2>\n<p style=\"text-align: center;\"><strong>Schedule, prices &amp; booking<\/strong><\/p>    <\/div>\n<\/div>\n<!-- \/module text --><!-- module plain text -->\n<div  class=\"module module-plain-text tb_jq8o040\" data-lazy=\"1\">\n        <div class=\"tb_text_wrap\">\n    <script type=\"text\/javascript\" src=\"https:\/\/widgets.bokun.io\/assets\/javascripts\/apps\/build\/BokunWidgetsLoader.js?bookingChannelUUID=afa2a357-b652-4145-8e91-75e89053f379\" async><\/script>\n     \n    <div class=\"bokunWidget\" data-src=\"https:\/\/widgets.bokun.io\/online-sales\/afa2a357-b652-4145-8e91-75e89053f379\/experience\/752602\"><\/div>\n    <noscript>Please enable javascript in your browser to book<\/noscript>    <\/div>\n<\/div>\n<!-- \/module plain text -->        <\/div>\n                        <\/div>\n        <\/div>\n                        <div  data-anchor=\"photos\" data-css_id=\"i58y408\" data-lazy=\"1\" class=\"module_row themify_builder_row fullwidth tb_has_section tb_section-photos tb_i58y408 tf_w\">\n                        <div class=\"row_inner col_align_top tb_col_count_1 tf_box tf_rel\">\n                        <div  data-lazy=\"1\" class=\"module_column tb-column col-full tb_2yyn840 first\">\n                            <div  data-lazy=\"1\" class=\"module_subrow themify_builder_sub_row tf_w col_align_top tb_col_count_1 tb_v785558\">\n                <div  data-lazy=\"1\" class=\"module_column sub_column col-full tb_77ii080 first\">\n                    <!-- module text -->\n<div  class=\"module module-text tb_gkip404    wow\" data-tf-animation=\"fadeInUp\" data-tf-animation_delay=\"1\" data-lazy=\"1\">\n        <div  class=\"tb_text_wrap\">\n        <h1 style=\"text-align: center;\">Photos of the H\u00fasav\u00edk expedition<\/h1>    <\/div>\n<\/div>\n<!-- \/module text -->        <\/div>\n                    <\/div>\n                <\/div>\n                        <\/div>\n        <\/div>\n                        <div  data-anchor=\"photos\" data-css_id=\"ejnr402\" data-lazy=\"1\" class=\"module_row themify_builder_row fullwidth tb_has_section tb_section-photos tb_ejnr402 tf_w\">\n                        <div class=\"row_inner col_align_top tb_col_count_1 tf_box tf_rel\">\n                        <div  data-lazy=\"1\" class=\"module_column tb-column col-full tb_5gm8400 first\">\n                            <div  data-lazy=\"1\" class=\"module_subrow themify_builder_sub_row tf_w col_align_top tb_col_count_1 tb_377m004\">\n                <div  data-lazy=\"1\" class=\"module_column sub_column col-full tb_a2z5805 first\">\n                    <!-- module image -->\n<div  class=\"module module-image tb_cd2h555 image-top   auto_fullwidth tf_mw\" data-lazy=\"1\">\n        <div class=\"image-wrap tf_rel tf_mw\">\n            <img loading=\"lazy\" decoding=\"async\" width=\"1600\" height=\"1131\" src=\"https:\/\/www.shelltonewhaleproject.org\/wp-content\/uploads\/2026\/03\/whatsapp-image-2026-03-24-at-21.59.10-1.jpeg\" class=\"wp-post-image wp-image-10138\" title=\"WhatsApp Image 2026-03-24 at 21.59.10 (1)\" alt=\"WhatsApp Image 2026-03-24 at 21.59.10 (1)\" srcset=\"https:\/\/www.shelltonewhaleproject.org\/wp-content\/uploads\/2026\/03\/whatsapp-image-2026-03-24-at-21.59.10-1.jpeg 1600w, https:\/\/www.shelltonewhaleproject.org\/wp-content\/uploads\/2026\/03\/whatsapp-image-2026-03-24-at-21.59.10-1-300x212.jpeg 300w, https:\/\/www.shelltonewhaleproject.org\/wp-content\/uploads\/2026\/03\/whatsapp-image-2026-03-24-at-21.59.10-1-1024x724.jpeg 1024w, https:\/\/www.shelltonewhaleproject.org\/wp-content\/uploads\/2026\/03\/whatsapp-image-2026-03-24-at-21.59.10-1-768x543.jpeg 768w, https:\/\/www.shelltonewhaleproject.org\/wp-content\/uploads\/2026\/03\/whatsapp-image-2026-03-24-at-21.59.10-1-1536x1086.jpeg 1536w, https:\/\/www.shelltonewhaleproject.org\/wp-content\/uploads\/2026\/03\/whatsapp-image-2026-03-24-at-21.59.10-1-18x12.jpeg 18w\" sizes=\"auto, (max-width: 1600px) 100vw, 1600px\" \/>    \n        <\/div>\n    <!-- \/image-wrap -->\n    \n        <\/div>\n<!-- \/module image --><!-- module image -->\n<div  class=\"module module-image tb_br8c061 image-top   auto_fullwidth tf_mw\" data-lazy=\"1\">\n        <div class=\"image-wrap tf_rel tf_mw\">\n            <img loading=\"lazy\" decoding=\"async\" width=\"1600\" height=\"1075\" src=\"https:\/\/www.shelltonewhaleproject.org\/wp-content\/uploads\/2026\/03\/whatsapp-image-2026-03-24-at-23.24.12.jpeg\" class=\"wp-post-image wp-image-10140\" title=\"WhatsApp Image 2026-03-24 at 23.24.12\" alt=\"WhatsApp Image 2026-03-24 at 23.24.12\" srcset=\"https:\/\/www.shelltonewhaleproject.org\/wp-content\/uploads\/2026\/03\/whatsapp-image-2026-03-24-at-23.24.12.jpeg 1600w, https:\/\/www.shelltonewhaleproject.org\/wp-content\/uploads\/2026\/03\/whatsapp-image-2026-03-24-at-23.24.12-300x202.jpeg 300w, https:\/\/www.shelltonewhaleproject.org\/wp-content\/uploads\/2026\/03\/whatsapp-image-2026-03-24-at-23.24.12-1024x688.jpeg 1024w, https:\/\/www.shelltonewhaleproject.org\/wp-content\/uploads\/2026\/03\/whatsapp-image-2026-03-24-at-23.24.12-768x516.jpeg 768w, https:\/\/www.shelltonewhaleproject.org\/wp-content\/uploads\/2026\/03\/whatsapp-image-2026-03-24-at-23.24.12-1536x1032.jpeg 1536w, https:\/\/www.shelltonewhaleproject.org\/wp-content\/uploads\/2026\/03\/whatsapp-image-2026-03-24-at-23.24.12-18x12.jpeg 18w\" sizes=\"auto, (max-width: 1600px) 100vw, 1600px\" \/>    \n        <\/div>\n    <!-- \/image-wrap -->\n    \n        <\/div>\n<!-- \/module image --><!-- module image -->\n<div  class=\"module module-image tb_ri52048 image-top   auto_fullwidth tf_mw\" data-lazy=\"1\">\n        <div class=\"image-wrap tf_rel tf_mw\">\n            <img loading=\"lazy\" decoding=\"async\" width=\"1600\" height=\"1132\" src=\"https:\/\/www.shelltonewhaleproject.org\/wp-content\/uploads\/2026\/03\/whatsapp-image-2026-03-24-at-21.59.10-2.jpeg\" class=\"wp-post-image wp-image-10139\" title=\"WhatsApp Image 2026-03-24 at 21.59.10 (2)\" alt=\"WhatsApp Image 2026-03-24 at 21.59.10 (2)\" srcset=\"https:\/\/www.shelltonewhaleproject.org\/wp-content\/uploads\/2026\/03\/whatsapp-image-2026-03-24-at-21.59.10-2.jpeg 1600w, https:\/\/www.shelltonewhaleproject.org\/wp-content\/uploads\/2026\/03\/whatsapp-image-2026-03-24-at-21.59.10-2-300x212.jpeg 300w, https:\/\/www.shelltonewhaleproject.org\/wp-content\/uploads\/2026\/03\/whatsapp-image-2026-03-24-at-21.59.10-2-1024x724.jpeg 1024w, https:\/\/www.shelltonewhaleproject.org\/wp-content\/uploads\/2026\/03\/whatsapp-image-2026-03-24-at-21.59.10-2-768x543.jpeg 768w, https:\/\/www.shelltonewhaleproject.org\/wp-content\/uploads\/2026\/03\/whatsapp-image-2026-03-24-at-21.59.10-2-1536x1087.jpeg 1536w, https:\/\/www.shelltonewhaleproject.org\/wp-content\/uploads\/2026\/03\/whatsapp-image-2026-03-24-at-21.59.10-2-18x12.jpeg 18w\" sizes=\"auto, (max-width: 1600px) 100vw, 1600px\" \/>    \n        <\/div>\n    <!-- \/image-wrap -->\n    \n        <\/div>\n<!-- \/module image -->        <\/div>\n                    <\/div>\n                <\/div>\n                        <\/div>\n        <\/div>\n        <\/div>\n<!--\/themify_builder_content-->","protected":false},"excerpt":{"rendered":"<p>Observation respectueuse de baleines depuis H\u00fasav\u00edk (Islande) L&rsquo;avis de la team Shelltone Dans la capitale europ\u00e9enne de l&rsquo;observation des baleines, vous pourrez observer les baleines \u00e0 bosse, les petits rorquals, les baleines bleues, les rorquals bor\u00e9aux, les rorquals communs, les cachalots, les orques, les baleines \u00e0 bec du Nord, les globic\u00e9phales ou les dauphins \u00e0 [&hellip;]<\/p>\n","protected":false},"author":14,"featured_media":0,"parent":0,"menu_order":0,"comment_status":"closed","ping_status":"closed","template":"","meta":{"footnotes":""},"class_list":["post-10132","page","type-page","status-publish","hentry","has-post-title","has-post-date","has-post-category","has-post-tag","has-post-comment","has-post-author",""],"builder_content":"<h1 style=\"text-align: center;\">Observation respectueuse de baleines depuis H\u00fasav\u00edk (Islande)<\/h1>\n[themify_layout_part id=\"8399\"]\n<h1 style=\"text-align: center;\">L'avis de la team Shelltone<\/h1>\n<p style=\"text-align: center;\">Dans la capitale europ\u00e9enne de l'observation des baleines, vous pourrez observer les baleines \u00e0 bosse, les petits rorquals, les baleines bleues, les rorquals bor\u00e9aux, les rorquals communs, les cachalots, les orques, les baleines \u00e0 bec du Nord, les globic\u00e9phales ou les dauphins \u00e0 bec blanc dans leur milieu naturel. Tout au long de l'excursion, nous vous ferons d\u00e9couvrir des faits fascinants sur ces animaux incroyables et l'\u00e9cosyst\u00e8me qui leur sert d'habitat.<\/p> <p style=\"text-align: center;\">Partez en mer avec une petite \u00e9quipe locale qui a pour priorit\u00e9 la s\u00e9curit\u00e9 de nos passagers tout en respectant les baleines, ils suivent et d\u00e9fendons des directives strictes afin de garantir un minimum de perturbation et d'interf\u00e9rence avec le comportement naturel des baleines, prouvant ainsi que le tourisme responsable peut aller de pair avec la cr\u00e9ation d\u2019exp\u00e9riences inoubliables.\u00a0<\/p> <p style=\"text-align: center;\">Les observateurs passionn\u00e9s de c\u00e9tac\u00e9s s\u00e9lectionn\u00e9s par la team Shelltone \u00e0 Husavik ont choisi le <strong style=\"color: #6e9e2f;\">RESPECT<\/strong>.<\/p>\n<h2 style=\"text-align: center;\"><strong>OBSERVATION DE C\u00c9TAC\u00c9S \u00c0 H\u00fasav\u00edk<\/strong><\/h2> <p style=\"text-align: center;\"><strong>Calendrier des sorties, tarifs, r\u00e9servations...<\/strong><\/p>\n<noscript>Please enable javascript in your browser to book<\/noscript>\n<h1 style=\"text-align: center;\">Photos de l'exp\u00e9dition \u00e0 H\u00fasav\u00edk<\/h1>\n<img src=\"https:\/\/www.shelltonewhaleproject.org\/wp-content\/uploads\/2026\/03\/whatsapp-image-2026-03-24-at-21.59.10-1.jpeg\" title=\"WhatsApp Image 2026-03-24 at 21.59.10 (1)\" alt=\"WhatsApp Image 2026-03-24 at 21.59.10 (1)\" srcset=\"https:\/\/www.shelltonewhaleproject.org\/wp-content\/uploads\/2026\/03\/whatsapp-image-2026-03-24-at-21.59.10-1.jpeg 1600w, https:\/\/www.shelltonewhaleproject.org\/wp-content\/uploads\/2026\/03\/whatsapp-image-2026-03-24-at-21.59.10-1-300x212.jpeg 300w, https:\/\/www.shelltonewhaleproject.org\/wp-content\/uploads\/2026\/03\/whatsapp-image-2026-03-24-at-21.59.10-1-1024x724.jpeg 1024w, https:\/\/www.shelltonewhaleproject.org\/wp-content\/uploads\/2026\/03\/whatsapp-image-2026-03-24-at-21.59.10-1-768x543.jpeg 768w, https:\/\/www.shelltonewhaleproject.org\/wp-content\/uploads\/2026\/03\/whatsapp-image-2026-03-24-at-21.59.10-1-1536x1086.jpeg 1536w, https:\/\/www.shelltonewhaleproject.org\/wp-content\/uploads\/2026\/03\/whatsapp-image-2026-03-24-at-21.59.10-1-18x12.jpeg 18w\" sizes=\"(max-width: 1600px) 100vw, 1600px\" \/>\n<img src=\"https:\/\/www.shelltonewhaleproject.org\/wp-content\/uploads\/2026\/03\/whatsapp-image-2026-03-24-at-23.24.12.jpeg\" title=\"WhatsApp Image 2026-03-24 at 23.24.12\" alt=\"WhatsApp Image 2026-03-24 at 23.24.12\" srcset=\"https:\/\/www.shelltonewhaleproject.org\/wp-content\/uploads\/2026\/03\/whatsapp-image-2026-03-24-at-23.24.12.jpeg 1600w, https:\/\/www.shelltonewhaleproject.org\/wp-content\/uploads\/2026\/03\/whatsapp-image-2026-03-24-at-23.24.12-300x202.jpeg 300w, https:\/\/www.shelltonewhaleproject.org\/wp-content\/uploads\/2026\/03\/whatsapp-image-2026-03-24-at-23.24.12-1024x688.jpeg 1024w, https:\/\/www.shelltonewhaleproject.org\/wp-content\/uploads\/2026\/03\/whatsapp-image-2026-03-24-at-23.24.12-768x516.jpeg 768w, https:\/\/www.shelltonewhaleproject.org\/wp-content\/uploads\/2026\/03\/whatsapp-image-2026-03-24-at-23.24.12-1536x1032.jpeg 1536w, https:\/\/www.shelltonewhaleproject.org\/wp-content\/uploads\/2026\/03\/whatsapp-image-2026-03-24-at-23.24.12-18x12.jpeg 18w\" sizes=\"(max-width: 1600px) 100vw, 1600px\" \/>\n<img src=\"https:\/\/www.shelltonewhaleproject.org\/wp-content\/uploads\/2026\/03\/whatsapp-image-2026-03-24-at-21.59.10-2.jpeg\" title=\"WhatsApp Image 2026-03-24 at 21.59.10 (2)\" alt=\"WhatsApp Image 2026-03-24 at 21.59.10 (2)\" srcset=\"https:\/\/www.shelltonewhaleproject.org\/wp-content\/uploads\/2026\/03\/whatsapp-image-2026-03-24-at-21.59.10-2.jpeg 1600w, https:\/\/www.shelltonewhaleproject.org\/wp-content\/uploads\/2026\/03\/whatsapp-image-2026-03-24-at-21.59.10-2-300x212.jpeg 300w, https:\/\/www.shelltonewhaleproject.org\/wp-content\/uploads\/2026\/03\/whatsapp-image-2026-03-24-at-21.59.10-2-1024x724.jpeg 1024w, https:\/\/www.shelltonewhaleproject.org\/wp-content\/uploads\/2026\/03\/whatsapp-image-2026-03-24-at-21.59.10-2-768x543.jpeg 768w, https:\/\/www.shelltonewhaleproject.org\/wp-content\/uploads\/2026\/03\/whatsapp-image-2026-03-24-at-21.59.10-2-1536x1087.jpeg 1536w, https:\/\/www.shelltonewhaleproject.org\/wp-content\/uploads\/2026\/03\/whatsapp-image-2026-03-24-at-21.59.10-2-18x12.jpeg 18w\" sizes=\"(max-width: 1600px) 100vw, 1600px\" \/>","_links":{"self":[{"href":"https:\/\/www.shelltonewhaleproject.org\/en\/wp-json\/wp\/v2\/pages\/10132","targetHints":{"allow":["GET"]}}],"collection":[{"href":"https:\/\/www.shelltonewhaleproject.org\/en\/wp-json\/wp\/v2\/pages"}],"about":[{"href":"https:\/\/www.shelltonewhaleproject.org\/en\/wp-json\/wp\/v2\/types\/page"}],"author":[{"embeddable":true,"href":"https:\/\/www.shelltonewhaleproject.org\/en\/wp-json\/wp\/v2\/users\/14"}],"replies":[{"embeddable":true,"href":"https:\/\/www.shelltonewhaleproject.org\/en\/wp-json\/wp\/v2\/comments?post=10132"}],"version-history":[{"count":8,"href":"https:\/\/www.shelltonewhaleproject.org\/en\/wp-json\/wp\/v2\/pages\/10132\/revisions"}],"predecessor-version":[{"id":10149,"href":"https:\/\/www.shelltonewhaleproject.org\/en\/wp-json\/wp\/v2\/pages\/10132\/revisions\/10149"}],"wp:attachment":[{"href":"https:\/\/www.shelltonewhaleproject.org\/en\/wp-json\/wp\/v2\/media?parent=10132"}],"curies":[{"name":"wp","href":"https:\/\/api.w.org\/{rel}","templated":true}]}}