{"id":10118,"date":"2026-03-26T14:09:32","date_gmt":"2026-03-26T13:09:32","guid":{"rendered":"https:\/\/www.shelltonewhaleproject.org\/observer-baleines-depuis-holmavik-copy\/"},"modified":"2026-04-22T00:57:29","modified_gmt":"2026-04-21T22:57:29","slug":"watching-haugan-whales","status":"publish","type":"page","link":"https:\/\/www.shelltonewhaleproject.org\/en\/observer-baleines-hauganes\/","title":{"rendered":"WHALE WATCHING FROM HAUGANES"},"content":{"rendered":"<!--themify_builder_content-->\n<div id=\"themify_builder_content-10118\" data-postid=\"10118\" class=\"themify_builder_content themify_builder_content-10118 themify_builder tf_clear\">\n                    <div  data-lazy=\"1\" class=\"module_row themify_builder_row tb_sswz921 tb_first tf_w\">\n            <span  class=\"builder_row_cover tf_abs\" data-lazy=\"1\"><\/span>            <div class=\"row_inner col_align_top tb_col_count_1 tf_box tf_rel\">\n                        <div  data-lazy=\"1\" class=\"module_column tb-column col-full tb_gas7201 first\">\n                    <!-- module text -->\n<div  class=\"module module-text tb_i75m112    wow\" data-tf-animation=\"fadeInDown\" data-lazy=\"1\">\n        <div  class=\"tb_text_wrap\">\n        <h1 style=\"text-align: center;\">Respectful whale watching from Hauganes (Iceland)<\/h1>    <\/div>\n<\/div>\n<!-- \/module text --><!-- module plain text -->\n<div  class=\"module module-plain-text tb_yyz3333\" data-lazy=\"1\">\n        <div class=\"tb_text_wrap\">\n    <div class=\"tb_layout_part_wrap tf_w\"><!--themify_builder_content-->\n    <div  class=\"themify_builder_content themify_builder_content-8399 themify_builder not_editable_builder in_the_loop\" data-postid=\"8399\">\n                        <div  data-lazy=\"1\" class=\"module_row themify_builder_row tb_tjb8415 tf_w\">\n                        <div class=\"row_inner col_align_top tb_col_count_1 tf_box tf_rel\">\n                        <div  data-lazy=\"1\" class=\"module_column tb-column col-full tb_7b53415 first\">\n                    <!-- module text -->\n<div  class=\"module module-text tb_2jx4524\" data-lazy=\"1\">\n        <div  class=\"tb_text_wrap\">\n        <h4 style=\"text-align: center;\"><b>The Shelltone Whale Project carefully selects whale-watching operators committed to a respectful approach.<\/b><\/h4>\n<h4 style=\"text-align: center;\">\u00a0<\/h4>\n<h4 style=\"text-align: center;\"><b>Marine biologists and experienced naturalists who put animal welfare first.<\/b><\/h4>\n<h4 style=\"text-align: center;\">\u00a0<\/h4>\n<h4 style=\"text-align: center;\"><b>Check availability directly and book your experience at the best available rate, with no additional fees.<\/b><\/h4>    <\/div>\n<\/div>\n<!-- \/module text --><!-- module image -->\n<div  class=\"module module-image tb_06zv177 image-center   tf_mw\" data-lazy=\"1\">\n        <div class=\"image-wrap tf_rel tf_mw\">\n            <img loading=\"lazy\" decoding=\"async\" src=\"https:\/\/www.shelltonewhaleproject.org\/wp-content\/uploads\/2025\/10\/lgog-SWP-respect-1-LD-977x1024-250x250.png\" width=\"250\" height=\"250\" class=\"wp-post-image wp-image-8330\" title=\"lgog-SWP-respect-1-LD\" alt=\"lgog-SWP-respect-1-LD\" srcset=\"https:\/\/www.shelltonewhaleproject.org\/wp-content\/uploads\/2025\/10\/lgog-SWP-respect-1-LD-977x1024-250x250.png 250w, https:\/\/www.shelltonewhaleproject.org\/wp-content\/uploads\/2025\/10\/lgog-SWP-respect-1-LD-150x150.png 150w, https:\/\/www.shelltonewhaleproject.org\/wp-content\/uploads\/2025\/10\/lgog-SWP-respect-1-LD-11x12.png 11w, https:\/\/www.shelltonewhaleproject.org\/wp-content\/uploads\/2025\/10\/lgog-SWP-respect-1-LD-977x1024-300x300.png 300w\" sizes=\"auto, (max-width: 250px) 100vw, 250px\" \/>    \n        <\/div>\n    <!-- \/image-wrap -->\n    \n        <\/div>\n<!-- \/module image -->        <\/div>\n                        <\/div>\n        <\/div>\n            <\/div>\n<!--\/themify_builder_content--><\/div>\n    <\/div>\n<\/div>\n<!-- \/module plain text -->        <\/div>\n                        <\/div>\n        <\/div>\n                        <div  data-css_id=\"duav905\" data-lazy=\"1\" class=\"module_row themify_builder_row fullwidth_row_container tb_duav905 tf_w\">\n                        <div class=\"row_inner col_align_top tb_col_count_1 tf_box tf_rel\">\n                        <div  data-lazy=\"1\" class=\"module_column tb-column col-full tb_14la919 first\">\n                    <!-- module text -->\n<div  class=\"module module-text tb_cfbv005    wow\" data-tf-animation=\"fadeInUp\" data-tf-animation_delay=\"1\" data-lazy=\"1\">\n        <div  class=\"tb_text_wrap\">\n        <h1 style=\"text-align: center;\"><span style=\"color: #093c7a;\">The Shelltone team's opinion<\/span><\/h1>    <\/div>\n<\/div>\n<!-- \/module text --><!-- module text -->\n<div  class=\"module module-text tb_vrfm040    wow\" data-tf-animation=\"fadeInUp\" data-tf-animation_delay=\"1\" data-lazy=\"1\">\n        <div  class=\"tb_text_wrap\">\n        <p style=\"text-align: center;\">The guides are highly experienced locals. To avoid disturbing the animals, they sail at moderate speed towards their habitat. You'll be able to observe various species of cetaceans, with humpback whales and porpoises often surfacing just a few meters from the boat. Once close to the whales, we take care not to disturb them with loud noises or sudden movements. Respect for the whales is at the heart of this excursion.<\/p>\n<p style=\"text-align: center;\">The team is a member of the Icelandic Whale-Watching Association, a very active organization of whale-watching tour operators in Iceland. The code of conduct defines the rules to be observed when sailing close to these giants of the sea.<\/p>\n<p style=\"text-align: center;\">The cetacean enthusiasts selected by the Shelltone team in Hauganes have chosen the <strong style=\"color: #6e9e2f;\">RESPECT<\/strong>.<\/p>    <\/div>\n<\/div>\n<!-- \/module text -->        <\/div>\n                        <\/div>\n        <\/div>\n                        <div  data-lazy=\"1\" class=\"module_row themify_builder_row tb_hmpj134 tf_w\">\n                        <div class=\"row_inner col_align_top tb_col_count_1 tf_box tf_rel\">\n                        <div  data-lazy=\"1\" class=\"module_column tb-column col-full tb_9o7o950 first\">\n                    <!-- module text -->\n<div  class=\"module module-text tb_m3ae205    wow\" data-tf-animation=\"fadeInDown\" data-lazy=\"1\">\n        <div  class=\"tb_text_wrap\">\n        <h2 style=\"text-align: center;\"><strong>WHALE WATCHING from HAUGANES<\/strong><\/h2>\n<p style=\"text-align: center;\"><strong>Schedule, prices &amp; booking<\/strong><\/p>    <\/div>\n<\/div>\n<!-- \/module text --><!-- module plain text -->\n<div  class=\"module module-plain-text tb_yhp9012\" data-lazy=\"1\">\n        <div class=\"tb_text_wrap\">\n    <script type=\"text\/javascript\" src=\"https:\/\/widgets.bokun.io\/assets\/javascripts\/apps\/build\/BokunWidgetsLoader.js?bookingChannelUUID=afa2a357-b652-4145-8e91-75e89053f379\" async><\/script>\n     \n    <div class=\"bokunWidget\" data-src=\"https:\/\/widgets.bokun.io\/online-sales\/afa2a357-b652-4145-8e91-75e89053f379\/experience\/15232\"><\/div>\n    <noscript>Please enable javascript in your browser to book<\/noscript>    <\/div>\n<\/div>\n<!-- \/module plain text -->        <\/div>\n                        <\/div>\n        <\/div>\n                        <div  data-anchor=\"photos\" data-css_id=\"sfqn055\" data-lazy=\"1\" class=\"module_row themify_builder_row fullwidth tb_has_section tb_section-photos tb_sfqn055 tf_w\">\n                        <div class=\"row_inner col_align_top tb_col_count_1 tf_box tf_rel\">\n                        <div  data-lazy=\"1\" class=\"module_column tb-column col-full tb_0bhv025 first\">\n                            <div  data-lazy=\"1\" class=\"module_subrow themify_builder_sub_row tf_w col_align_top tb_col_count_1 tb_7dyj215\">\n                <div  data-lazy=\"1\" class=\"module_column sub_column col-full tb_a6df057 first\">\n                    <!-- module text -->\n<div  class=\"module module-text tb_bf25050    wow\" data-tf-animation=\"fadeInUp\" data-tf-animation_delay=\"1\" data-lazy=\"1\">\n        <div  class=\"tb_text_wrap\">\n        <h1 style=\"text-align: center;\">Photos of the expedition to Hauganes<\/h1>    <\/div>\n<\/div>\n<!-- \/module text -->        <\/div>\n                    <\/div>\n                <\/div>\n                        <\/div>\n        <\/div>\n                        <div  data-anchor=\"photos\" data-css_id=\"5p5w250\" data-lazy=\"1\" class=\"module_row themify_builder_row fullwidth tb_has_section tb_section-photos tb_5p5w250 tf_w\">\n                        <div class=\"row_inner col_align_top tb_col_count_1 tf_box tf_rel\">\n                        <div  data-lazy=\"1\" class=\"module_column tb-column col-full tb_wf77655 first\">\n                            <div  data-lazy=\"1\" class=\"module_subrow themify_builder_sub_row tf_w col_align_top tb_col_count_1 tb_tpwx122\">\n                <div  data-lazy=\"1\" class=\"module_column sub_column col-full tb_ujx2005 first\">\n                    <!-- module image -->\n<div  class=\"module module-image tb_i2yp051 image-top   auto_fullwidth tf_mw\" data-lazy=\"1\">\n        <div class=\"image-wrap tf_rel tf_mw\">\n            <img loading=\"lazy\" decoding=\"async\" width=\"1024\" height=\"683\" src=\"https:\/\/www.shelltonewhaleproject.org\/wp-content\/uploads\/2026\/03\/whatsapp-image-2026-03-24-at-21.18.59-1.jpeg\" class=\"wp-post-image wp-image-10126\" title=\"WhatsApp Image 2026-03-24 at 21.18.59 (1)\" alt=\"WhatsApp Image 2026-03-24 at 21.18.59 (1)\" srcset=\"https:\/\/www.shelltonewhaleproject.org\/wp-content\/uploads\/2026\/03\/whatsapp-image-2026-03-24-at-21.18.59-1.jpeg 1024w, https:\/\/www.shelltonewhaleproject.org\/wp-content\/uploads\/2026\/03\/whatsapp-image-2026-03-24-at-21.18.59-1-300x200.jpeg 300w, https:\/\/www.shelltonewhaleproject.org\/wp-content\/uploads\/2026\/03\/whatsapp-image-2026-03-24-at-21.18.59-1-768x512.jpeg 768w, https:\/\/www.shelltonewhaleproject.org\/wp-content\/uploads\/2026\/03\/whatsapp-image-2026-03-24-at-21.18.59-1-18x12.jpeg 18w\" sizes=\"auto, (max-width: 1024px) 100vw, 1024px\" \/>    \n        <\/div>\n    <!-- \/image-wrap -->\n    \n        <\/div>\n<!-- \/module image --><!-- module image -->\n<div  class=\"module module-image tb_p0q1660 image-top   auto_fullwidth tf_mw\" data-lazy=\"1\">\n        <div class=\"image-wrap tf_rel tf_mw\">\n            <img loading=\"lazy\" decoding=\"async\" width=\"1500\" height=\"746\" src=\"https:\/\/www.shelltonewhaleproject.org\/wp-content\/uploads\/2026\/03\/whatsapp-image-2026-03-24-at-21.19.00-1.jpeg\" class=\"wp-post-image wp-image-10128\" title=\"WhatsApp Image 2026-03-24 at 21.19.00 (1)\" alt=\"WhatsApp Image 2026-03-24 at 21.19.00 (1)\" srcset=\"https:\/\/www.shelltonewhaleproject.org\/wp-content\/uploads\/2026\/03\/whatsapp-image-2026-03-24-at-21.19.00-1.jpeg 1500w, https:\/\/www.shelltonewhaleproject.org\/wp-content\/uploads\/2026\/03\/whatsapp-image-2026-03-24-at-21.19.00-1-300x149.jpeg 300w, https:\/\/www.shelltonewhaleproject.org\/wp-content\/uploads\/2026\/03\/whatsapp-image-2026-03-24-at-21.19.00-1-1024x509.jpeg 1024w, https:\/\/www.shelltonewhaleproject.org\/wp-content\/uploads\/2026\/03\/whatsapp-image-2026-03-24-at-21.19.00-1-768x382.jpeg 768w, https:\/\/www.shelltonewhaleproject.org\/wp-content\/uploads\/2026\/03\/whatsapp-image-2026-03-24-at-21.19.00-1-18x9.jpeg 18w\" sizes=\"auto, (max-width: 1500px) 100vw, 1500px\" \/>    \n        <\/div>\n    <!-- \/image-wrap -->\n    \n        <\/div>\n<!-- \/module image --><!-- module image -->\n<div  class=\"module module-image tb_cgas908 image-top   auto_fullwidth tf_mw\" data-lazy=\"1\">\n        <div class=\"image-wrap tf_rel tf_mw\">\n            <img loading=\"lazy\" decoding=\"async\" width=\"1024\" height=\"683\" src=\"https:\/\/www.shelltonewhaleproject.org\/wp-content\/uploads\/2026\/03\/whatsapp-image-2026-03-24-at-21.18.59.jpeg\" class=\"wp-post-image wp-image-10127\" title=\"WhatsApp Image 2026-03-24 at 21.18.59\" alt=\"WhatsApp Image 2026-03-24 at 21.18.59\" srcset=\"https:\/\/www.shelltonewhaleproject.org\/wp-content\/uploads\/2026\/03\/whatsapp-image-2026-03-24-at-21.18.59.jpeg 1024w, https:\/\/www.shelltonewhaleproject.org\/wp-content\/uploads\/2026\/03\/whatsapp-image-2026-03-24-at-21.18.59-300x200.jpeg 300w, https:\/\/www.shelltonewhaleproject.org\/wp-content\/uploads\/2026\/03\/whatsapp-image-2026-03-24-at-21.18.59-768x512.jpeg 768w, https:\/\/www.shelltonewhaleproject.org\/wp-content\/uploads\/2026\/03\/whatsapp-image-2026-03-24-at-21.18.59-18x12.jpeg 18w\" sizes=\"auto, (max-width: 1024px) 100vw, 1024px\" \/>    \n        <\/div>\n    <!-- \/image-wrap -->\n    \n        <\/div>\n<!-- \/module image -->        <\/div>\n                    <\/div>\n                <\/div>\n                        <\/div>\n        <\/div>\n        <\/div>\n<!--\/themify_builder_content-->","protected":false},"excerpt":{"rendered":"<p>Observation respectueuse de baleines depuis Hauganes (Islande) L&rsquo;avis de la team Shelltone Les guides sont des habitants de la r\u00e9gion tr\u00e8s exp\u00e9riment\u00e9s. Pour ne pas perturber les animaux, ils naviguent \u00e0 une vitesse mod\u00e9r\u00e9e vers leur lieu de vie. Vous pourrez observer diverses esp\u00e8ces de c\u00e9tac\u00e9s, des baleines \u00e0 bosse, des petits marsouins, font souvent [&hellip;]<\/p>\n","protected":false},"author":14,"featured_media":10143,"parent":0,"menu_order":0,"comment_status":"closed","ping_status":"closed","template":"","meta":{"footnotes":""},"class_list":["post-10118","page","type-page","status-publish","has-post-thumbnail","hentry","has-post-title","has-post-date","has-post-category","has-post-tag","has-post-comment","has-post-author",""],"builder_content":"<h1 style=\"text-align: center;\">Observation respectueuse de baleines depuis Hauganes (Islande)<\/h1>\n[themify_layout_part id=\"8399\"]\n<h1 style=\"text-align: center;\">L'avis de la team Shelltone<\/h1>\n<p style=\"text-align: center;\">Les guides sont des habitants de la r\u00e9gion tr\u00e8s exp\u00e9riment\u00e9s. Pour ne pas perturber les animaux, ils naviguent \u00e0 une vitesse mod\u00e9r\u00e9e vers leur lieu de vie. Vous pourrez observer diverses esp\u00e8ces de c\u00e9tac\u00e9s, des baleines \u00e0 bosse, des petits marsouins, font souvent surface \u00e0 quelques m\u00e8tres du bateau. Une fois pr\u00e8s des baleines, nous veillerons \u00e0 ne pas les d\u00e9ranger par des bruits forts ou des mouvements brusques. Le respect des baleines est au c\u0153ur de cette excursion.<\/p> <p style=\"text-align: center;\">La team est membre de l'Association islandaise d'observation des baleines, une organisation tr\u00e8s active qui regroupe les op\u00e9rateurs d'excursions d'observation des baleines en Islande. Le code de conduite d\u00e9finit les r\u00e8gles \u00e0 respecter lors de la navigation \u00e0 proximit\u00e9 de ces g\u00e9ants des mers.<\/p> <p style=\"text-align: center;\">Les observateurs passionn\u00e9s de c\u00e9tac\u00e9s s\u00e9lectionn\u00e9s par la team Shelltone \u00e0 Hauganes ont choisi le <strong style=\"color: #6e9e2f;\">RESPECT<\/strong>.<\/p>\n<h2 style=\"text-align: center;\"><strong>OBSERVATION DE C\u00c9TAC\u00c9S \u00c0 HAUGANES<\/strong><\/h2> <p style=\"text-align: center;\"><strong>Calendrier des sorties, tarifs, r\u00e9servations...<\/strong><\/p>\n<noscript>Please enable javascript in your browser to book<\/noscript>\n<h1 style=\"text-align: center;\">Photos de l'exp\u00e9dition \u00e0 Hauganes<\/h1>\n<img src=\"https:\/\/www.shelltonewhaleproject.org\/wp-content\/uploads\/2026\/03\/whatsapp-image-2026-03-24-at-21.18.59-1.jpeg\" title=\"WhatsApp Image 2026-03-24 at 21.18.59 (1)\" alt=\"WhatsApp Image 2026-03-24 at 21.18.59 (1)\" srcset=\"https:\/\/www.shelltonewhaleproject.org\/wp-content\/uploads\/2026\/03\/whatsapp-image-2026-03-24-at-21.18.59-1.jpeg 1024w, https:\/\/www.shelltonewhaleproject.org\/wp-content\/uploads\/2026\/03\/whatsapp-image-2026-03-24-at-21.18.59-1-300x200.jpeg 300w, https:\/\/www.shelltonewhaleproject.org\/wp-content\/uploads\/2026\/03\/whatsapp-image-2026-03-24-at-21.18.59-1-768x512.jpeg 768w, https:\/\/www.shelltonewhaleproject.org\/wp-content\/uploads\/2026\/03\/whatsapp-image-2026-03-24-at-21.18.59-1-18x12.jpeg 18w\" sizes=\"(max-width: 1024px) 100vw, 1024px\" \/>\n<img src=\"https:\/\/www.shelltonewhaleproject.org\/wp-content\/uploads\/2026\/03\/whatsapp-image-2026-03-24-at-21.19.00-1.jpeg\" title=\"WhatsApp Image 2026-03-24 at 21.19.00 (1)\" alt=\"WhatsApp Image 2026-03-24 at 21.19.00 (1)\" srcset=\"https:\/\/www.shelltonewhaleproject.org\/wp-content\/uploads\/2026\/03\/whatsapp-image-2026-03-24-at-21.19.00-1.jpeg 1500w, https:\/\/www.shelltonewhaleproject.org\/wp-content\/uploads\/2026\/03\/whatsapp-image-2026-03-24-at-21.19.00-1-300x149.jpeg 300w, https:\/\/www.shelltonewhaleproject.org\/wp-content\/uploads\/2026\/03\/whatsapp-image-2026-03-24-at-21.19.00-1-1024x509.jpeg 1024w, https:\/\/www.shelltonewhaleproject.org\/wp-content\/uploads\/2026\/03\/whatsapp-image-2026-03-24-at-21.19.00-1-768x382.jpeg 768w, https:\/\/www.shelltonewhaleproject.org\/wp-content\/uploads\/2026\/03\/whatsapp-image-2026-03-24-at-21.19.00-1-18x9.jpeg 18w\" sizes=\"(max-width: 1500px) 100vw, 1500px\" \/>\n<img src=\"https:\/\/www.shelltonewhaleproject.org\/wp-content\/uploads\/2026\/03\/whatsapp-image-2026-03-24-at-21.18.59.jpeg\" title=\"WhatsApp Image 2026-03-24 at 21.18.59\" alt=\"WhatsApp Image 2026-03-24 at 21.18.59\" srcset=\"https:\/\/www.shelltonewhaleproject.org\/wp-content\/uploads\/2026\/03\/whatsapp-image-2026-03-24-at-21.18.59.jpeg 1024w, https:\/\/www.shelltonewhaleproject.org\/wp-content\/uploads\/2026\/03\/whatsapp-image-2026-03-24-at-21.18.59-300x200.jpeg 300w, https:\/\/www.shelltonewhaleproject.org\/wp-content\/uploads\/2026\/03\/whatsapp-image-2026-03-24-at-21.18.59-768x512.jpeg 768w, https:\/\/www.shelltonewhaleproject.org\/wp-content\/uploads\/2026\/03\/whatsapp-image-2026-03-24-at-21.18.59-18x12.jpeg 18w\" sizes=\"(max-width: 1024px) 100vw, 1024px\" \/>","_links":{"self":[{"href":"https:\/\/www.shelltonewhaleproject.org\/en\/wp-json\/wp\/v2\/pages\/10118","targetHints":{"allow":["GET"]}}],"collection":[{"href":"https:\/\/www.shelltonewhaleproject.org\/en\/wp-json\/wp\/v2\/pages"}],"about":[{"href":"https:\/\/www.shelltonewhaleproject.org\/en\/wp-json\/wp\/v2\/types\/page"}],"author":[{"embeddable":true,"href":"https:\/\/www.shelltonewhaleproject.org\/en\/wp-json\/wp\/v2\/users\/14"}],"replies":[{"embeddable":true,"href":"https:\/\/www.shelltonewhaleproject.org\/en\/wp-json\/wp\/v2\/comments?post=10118"}],"version-history":[{"count":14,"href":"https:\/\/www.shelltonewhaleproject.org\/en\/wp-json\/wp\/v2\/pages\/10118\/revisions"}],"predecessor-version":[{"id":10301,"href":"https:\/\/www.shelltonewhaleproject.org\/en\/wp-json\/wp\/v2\/pages\/10118\/revisions\/10301"}],"wp:featuredmedia":[{"embeddable":true,"href":"https:\/\/www.shelltonewhaleproject.org\/en\/wp-json\/wp\/v2\/media\/10143"}],"wp:attachment":[{"href":"https:\/\/www.shelltonewhaleproject.org\/en\/wp-json\/wp\/v2\/media?parent=10118"}],"curies":[{"name":"wp","href":"https:\/\/api.w.org\/{rel}","templated":true}]}}