{"id":10057,"date":"2026-03-24T05:36:25","date_gmt":"2026-03-24T04:36:25","guid":{"rendered":"https:\/\/www.shelltonewhaleproject.org\/observer-baleines-depuis-reykjavik-copy\/"},"modified":"2026-03-27T02:55:29","modified_gmt":"2026-03-27T01:55:29","slug":"whale-watching-holmavik","status":"publish","type":"page","link":"https:\/\/www.shelltonewhaleproject.org\/en\/observer-baleines-holmavik\/","title":{"rendered":"WHALE WATCHING FROM HOLMAVIK"},"content":{"rendered":"<!--themify_builder_content-->\n<div id=\"themify_builder_content-10057\" data-postid=\"10057\" class=\"themify_builder_content themify_builder_content-10057 themify_builder tf_clear\">\n                    <div  data-lazy=\"1\" class=\"module_row themify_builder_row tb_8skn300 tb_first tf_w\">\n            <span  class=\"builder_row_cover tf_abs\" data-lazy=\"1\"><\/span>            <div class=\"row_inner col_align_top tb_col_count_1 tf_box tf_rel\">\n                        <div  data-lazy=\"1\" class=\"module_column tb-column col-full tb_0nec301 first\">\n                    <!-- module text -->\n<div  class=\"module module-text tb_o7vv000    wow\" data-tf-animation=\"fadeInDown\" data-lazy=\"1\">\n        <div  class=\"tb_text_wrap\">\n        <h1 style=\"text-align: center;\">Respectful whale watching from Holmavik (Iceland)<\/h1>    <\/div>\n<\/div>\n<!-- \/module text --><!-- module plain text -->\n<div  class=\"module module-plain-text tb_v1zq033\" data-lazy=\"1\">\n        <div class=\"tb_text_wrap\">\n    <div class=\"tb_layout_part_wrap tf_w\"><!--themify_builder_content-->\n    <div  class=\"themify_builder_content themify_builder_content-8399 themify_builder not_editable_builder in_the_loop\" data-postid=\"8399\">\n                        <div  data-lazy=\"1\" class=\"module_row themify_builder_row tb_tjb8415 tf_w\">\n                        <div class=\"row_inner col_align_top tb_col_count_1 tf_box tf_rel\">\n                        <div  data-lazy=\"1\" class=\"module_column tb-column col-full tb_7b53415 first\">\n                    <!-- module text -->\n<div  class=\"module module-text tb_2jx4524\" data-lazy=\"1\">\n        <div  class=\"tb_text_wrap\">\n        <h4 style=\"text-align: center;\"><b>The Shelltone Whale Project carefully selects whale-watching operators committed to a respectful approach.<\/b><\/h4>\n<h4 style=\"text-align: center;\">\u00a0<\/h4>\n<h4 style=\"text-align: center;\"><b>Marine biologists and experienced naturalists who put animal welfare first.<\/b><\/h4>\n<h4 style=\"text-align: center;\">\u00a0<\/h4>\n<h4 style=\"text-align: center;\"><b>Check availability directly and book your experience at the best available rate, with no additional fees.<\/b><\/h4>    <\/div>\n<\/div>\n<!-- \/module text --><!-- module image -->\n<div  class=\"module module-image tb_06zv177 image-center   tf_mw\" data-lazy=\"1\">\n        <div class=\"image-wrap tf_rel tf_mw\">\n            <img loading=\"lazy\" decoding=\"async\" src=\"https:\/\/www.shelltonewhaleproject.org\/wp-content\/uploads\/2025\/10\/lgog-SWP-respect-1-LD-977x1024-250x250.png\" width=\"250\" height=\"250\" class=\"wp-post-image wp-image-8330\" title=\"lgog-SWP-respect-1-LD\" alt=\"lgog-SWP-respect-1-LD\" srcset=\"https:\/\/www.shelltonewhaleproject.org\/wp-content\/uploads\/2025\/10\/lgog-SWP-respect-1-LD-977x1024-250x250.png 250w, https:\/\/www.shelltonewhaleproject.org\/wp-content\/uploads\/2025\/10\/lgog-SWP-respect-1-LD-150x150.png 150w, https:\/\/www.shelltonewhaleproject.org\/wp-content\/uploads\/2025\/10\/lgog-SWP-respect-1-LD-11x12.png 11w, https:\/\/www.shelltonewhaleproject.org\/wp-content\/uploads\/2025\/10\/lgog-SWP-respect-1-LD-977x1024-300x300.png 300w\" sizes=\"auto, (max-width: 250px) 100vw, 250px\" \/>    \n        <\/div>\n    <!-- \/image-wrap -->\n    \n        <\/div>\n<!-- \/module image -->        <\/div>\n                        <\/div>\n        <\/div>\n            <\/div>\n<!--\/themify_builder_content--><\/div>\n    <\/div>\n<\/div>\n<!-- \/module plain text -->        <\/div>\n                        <\/div>\n        <\/div>\n                        <div  data-css_id=\"4dt3010\" data-lazy=\"1\" class=\"module_row themify_builder_row fullwidth_row_container tb_4dt3010 tf_w\">\n                        <div class=\"row_inner col_align_top tb_col_count_1 tf_box tf_rel\">\n                        <div  data-lazy=\"1\" class=\"module_column tb-column col-full tb_r9i1100 first\">\n                    <!-- module text -->\n<div  class=\"module module-text tb_1uds131    wow\" data-tf-animation=\"fadeInUp\" data-tf-animation_delay=\"1\" data-lazy=\"1\">\n        <div  class=\"tb_text_wrap\">\n        <h1 style=\"text-align: center;\"><span style=\"color: #093c7a;\">The Shelltone team's opinion<\/span><\/h1>    <\/div>\n<\/div>\n<!-- \/module text --><!-- module text -->\n<div  class=\"module module-text tb_uhm1310    wow\" data-tf-animation=\"fadeInUp\" data-tf-animation_delay=\"1\" data-lazy=\"1\">\n        <div  class=\"tb_text_wrap\">\n        <p style=\"text-align: center;\"><strong>H\u00f3lmav\u00edk is located close to rich feeding grounds where humpback whales regularly gather, just a few minutes from the shore. <\/strong><br><strong>It's not unusual to find yourself alone in the fjord, surrounded by humpback whales slapping their tails, blowing and feeding in the calm of the western fjords.<\/strong><br><strong>This small group tour offers an excellent level of proximity and calm, which is rare in Icelandic whale watching.<\/strong><\/p>\n<p style=\"text-align: center;\"><strong>The cetacean enthusiasts selected by the Shelltone team in Holmavik have chosen the <span style=\"color: #6e9e2f;\">RESPECT<\/span>.<\/strong><\/p>    <\/div>\n<\/div>\n<!-- \/module text -->        <\/div>\n                        <\/div>\n        <\/div>\n                        <div  data-lazy=\"1\" class=\"module_row themify_builder_row tb_zfb2001 tf_w\">\n                        <div class=\"row_inner col_align_top tb_col_count_1 tf_box tf_rel\">\n                        <div  data-lazy=\"1\" class=\"module_column tb-column col-full tb_hs91017 first\">\n                    <!-- module text -->\n<div  class=\"module module-text tb_qxl4804    wow\" data-tf-animation=\"fadeInDown\" data-lazy=\"1\">\n        <div  class=\"tb_text_wrap\">\n        <h2 style=\"text-align: center;\"><strong>WHALE WATCHING from HOLMAVIK<\/strong><\/h2>\n<p style=\"text-align: center;\"><strong>Schedule, prices &amp; booking<\/strong><\/p>    <\/div>\n<\/div>\n<!-- \/module text --><!-- module plain text -->\n<div  class=\"module module-plain-text tb_3idn000\" data-lazy=\"1\">\n        <div class=\"tb_text_wrap\">\n        <\/div>\n<\/div>\n<!-- \/module plain text --><!-- module text -->\n<div  class=\"module module-text tb_djwj736\" data-lazy=\"1\">\n        <div  class=\"tb_text_wrap\">\n        <h6 style=\"text-align: center;\">BOOKING SOON POSSIBLE!\u00a0<\/h6>    <\/div>\n<\/div>\n<!-- \/module text -->        <\/div>\n                        <\/div>\n        <\/div>\n                        <div  data-anchor=\"photos\" data-css_id=\"32tb101\" data-lazy=\"1\" class=\"module_row themify_builder_row fullwidth tb_has_section tb_section-photos tb_32tb101 tf_w\">\n                        <div class=\"row_inner col_align_top tb_col_count_1 tf_box tf_rel\">\n                        <div  data-lazy=\"1\" class=\"module_column tb-column col-full tb_x3mr530 first\">\n                            <div  data-lazy=\"1\" class=\"module_subrow themify_builder_sub_row tf_w col_align_top tb_col_count_1 tb_kox2157\">\n                <div  data-lazy=\"1\" class=\"module_column sub_column col-full tb_xinu150 first\">\n                    <!-- module text -->\n<div  class=\"module module-text tb_7xz4370    wow\" data-tf-animation=\"fadeInUp\" data-tf-animation_delay=\"1\" data-lazy=\"1\">\n        <div  class=\"tb_text_wrap\">\n        <h1 style=\"text-align: center;\">Photos of the Holmavik expedition<\/h1>    <\/div>\n<\/div>\n<!-- \/module text -->        <\/div>\n                    <\/div>\n                <\/div>\n                        <\/div>\n        <\/div>\n                        <div  data-anchor=\"photos\" data-css_id=\"g7l5000\" data-lazy=\"1\" class=\"module_row themify_builder_row fullwidth tb_has_section tb_section-photos tb_g7l5000 tf_w\">\n                        <div class=\"row_inner col_align_top tb_col_count_1 tf_box tf_rel\">\n                        <div  data-lazy=\"1\" class=\"module_column tb-column col-full tb_2lhf001 first\">\n                            <div  data-lazy=\"1\" class=\"module_subrow themify_builder_sub_row tf_w col_align_top tb_col_count_1 tb_fnk4736\">\n                <div  data-lazy=\"1\" class=\"module_column sub_column col-full tb_urcu006 first\">\n                    <!-- module image -->\n<div  class=\"module module-image tb_q910100 image-top   auto_fullwidth tf_mw\" data-lazy=\"1\">\n        <div class=\"image-wrap tf_rel tf_mw\">\n            <img loading=\"lazy\" decoding=\"async\" width=\"1512\" height=\"1008\" src=\"https:\/\/www.shelltonewhaleproject.org\/wp-content\/uploads\/2026\/03\/holmavik-iceland-shelltonewhaleproject-3.jpeg\" class=\"wp-post-image wp-image-10068\" title=\"holmavik-iceland-shelltonewhaleproject-3\" alt=\"holmavik-iceland-shelltonewhaleproject-3\" srcset=\"https:\/\/www.shelltonewhaleproject.org\/wp-content\/uploads\/2026\/03\/holmavik-iceland-shelltonewhaleproject-3.jpeg 1512w, https:\/\/www.shelltonewhaleproject.org\/wp-content\/uploads\/2026\/03\/holmavik-iceland-shelltonewhaleproject-3-300x200.jpeg 300w, https:\/\/www.shelltonewhaleproject.org\/wp-content\/uploads\/2026\/03\/holmavik-iceland-shelltonewhaleproject-3-1024x683.jpeg 1024w, https:\/\/www.shelltonewhaleproject.org\/wp-content\/uploads\/2026\/03\/holmavik-iceland-shelltonewhaleproject-3-768x512.jpeg 768w, https:\/\/www.shelltonewhaleproject.org\/wp-content\/uploads\/2026\/03\/holmavik-iceland-shelltonewhaleproject-3-18x12.jpeg 18w\" sizes=\"auto, (max-width: 1512px) 100vw, 1512px\" \/>    \n        <\/div>\n    <!-- \/image-wrap -->\n    \n        <\/div>\n<!-- \/module image --><!-- module image -->\n<div  class=\"module module-image tb_dxbh606 image-top   auto_fullwidth tf_mw\" data-lazy=\"1\">\n        <div class=\"image-wrap tf_rel tf_mw\">\n            <img loading=\"lazy\" decoding=\"async\" width=\"1600\" height=\"1067\" src=\"https:\/\/www.shelltonewhaleproject.org\/wp-content\/uploads\/2026\/03\/reykjavik-iceland-shelltonewhaleproject-2.jpg\" class=\"wp-post-image wp-image-10048\" title=\"Reykjavik-iceland-shelltonewhaleproject-2\" alt=\"Reykjavik-iceland-shelltonewhaleproject-2\" srcset=\"https:\/\/www.shelltonewhaleproject.org\/wp-content\/uploads\/2026\/03\/reykjavik-iceland-shelltonewhaleproject-2.jpg 1600w, https:\/\/www.shelltonewhaleproject.org\/wp-content\/uploads\/2026\/03\/reykjavik-iceland-shelltonewhaleproject-2-300x200.jpg 300w, https:\/\/www.shelltonewhaleproject.org\/wp-content\/uploads\/2026\/03\/reykjavik-iceland-shelltonewhaleproject-2-1024x683.jpg 1024w, https:\/\/www.shelltonewhaleproject.org\/wp-content\/uploads\/2026\/03\/reykjavik-iceland-shelltonewhaleproject-2-768x512.jpg 768w, https:\/\/www.shelltonewhaleproject.org\/wp-content\/uploads\/2026\/03\/reykjavik-iceland-shelltonewhaleproject-2-1536x1024.jpg 1536w, https:\/\/www.shelltonewhaleproject.org\/wp-content\/uploads\/2026\/03\/reykjavik-iceland-shelltonewhaleproject-2-18x12.jpg 18w\" sizes=\"auto, (max-width: 1600px) 100vw, 1600px\" \/>    \n        <\/div>\n    <!-- \/image-wrap -->\n    \n        <\/div>\n<!-- \/module image --><!-- module image -->\n<div  class=\"module module-image tb_raap306 image-top   auto_fullwidth tf_mw\" data-lazy=\"1\">\n        <div class=\"image-wrap tf_rel tf_mw\">\n            <img loading=\"lazy\" decoding=\"async\" width=\"1600\" height=\"1067\" src=\"https:\/\/www.shelltonewhaleproject.org\/wp-content\/uploads\/2026\/03\/holmavik-iceland-shelltonewhaleproject-1.jpeg\" class=\"wp-post-image wp-image-10066\" title=\"holmavik-iceland-shelltonewhaleproject-1\" alt=\"holmavik-iceland-shelltonewhaleproject-1\" srcset=\"https:\/\/www.shelltonewhaleproject.org\/wp-content\/uploads\/2026\/03\/holmavik-iceland-shelltonewhaleproject-1.jpeg 1600w, https:\/\/www.shelltonewhaleproject.org\/wp-content\/uploads\/2026\/03\/holmavik-iceland-shelltonewhaleproject-1-300x200.jpeg 300w, https:\/\/www.shelltonewhaleproject.org\/wp-content\/uploads\/2026\/03\/holmavik-iceland-shelltonewhaleproject-1-1024x683.jpeg 1024w, https:\/\/www.shelltonewhaleproject.org\/wp-content\/uploads\/2026\/03\/holmavik-iceland-shelltonewhaleproject-1-768x512.jpeg 768w, https:\/\/www.shelltonewhaleproject.org\/wp-content\/uploads\/2026\/03\/holmavik-iceland-shelltonewhaleproject-1-1536x1024.jpeg 1536w, https:\/\/www.shelltonewhaleproject.org\/wp-content\/uploads\/2026\/03\/holmavik-iceland-shelltonewhaleproject-1-18x12.jpeg 18w\" sizes=\"auto, (max-width: 1600px) 100vw, 1600px\" \/>    \n        <\/div>\n    <!-- \/image-wrap -->\n    \n        <\/div>\n<!-- \/module image -->        <\/div>\n                    <\/div>\n                <\/div>\n                        <\/div>\n        <\/div>\n        <\/div>\n<!--\/themify_builder_content-->","protected":false},"excerpt":{"rendered":"<p>Observation respectueuse de baleines depuis Holmavik (Islande) L&rsquo;avis de la team Shelltone H\u00f3lmav\u00edk est situ\u00e9e \u00e0 proximit\u00e9 de riches zones d&rsquo;alimentation o\u00f9 les baleines \u00e0 bosse se rassemblent r\u00e9guli\u00e8rement, \u00e0 quelques minutes seulement du rivage. Il n&rsquo;est pas rare de se retrouver seul dans le fjord, entour\u00e9 de baleines \u00e0 bosse qui frappent l&rsquo;eau de [&hellip;]<\/p>\n","protected":false},"author":14,"featured_media":0,"parent":0,"menu_order":0,"comment_status":"closed","ping_status":"closed","template":"","meta":{"footnotes":""},"class_list":["post-10057","page","type-page","status-publish","hentry","has-post-title","has-post-date","has-post-category","has-post-tag","has-post-comment","has-post-author",""],"builder_content":"<h1 style=\"text-align: center;\">Observation respectueuse de baleines depuis Holmavik (Islande)<\/h1>\n[themify_layout_part id=\"8399\"]\n<h1 style=\"text-align: center;\">L'avis de la team Shelltone<\/h1>\n<p style=\"text-align: center;\"><strong>H\u00f3lmav\u00edk est situ\u00e9e \u00e0 proximit\u00e9 de riches zones d'alimentation o\u00f9 les baleines \u00e0 bosse se rassemblent r\u00e9guli\u00e8rement, \u00e0 quelques minutes seulement du rivage. <\/strong><br><strong>Il n'est pas rare de se retrouver seul dans le fjord, entour\u00e9 de baleines \u00e0 bosse qui frappent l'eau de leur queue, soufflent et se nourrissent dans le calme des fjords de l'Ouest.<\/strong><br><strong>Cette excursions en petit comit\u00e9 offre un excellent niveau de proximit\u00e9 et de calme, ce qui est rare dans l'observation des baleines en Islande.<\/strong><\/p> <p style=\"text-align: center;\"><strong>Les observateurs passionn\u00e9s de c\u00e9tac\u00e9s s\u00e9lectionn\u00e9s par la team Shelltone \u00e0 Holmavik ont choisi le RESPECT.<\/strong><\/p>\n<h2 style=\"text-align: center;\"><strong>OBSERVATION DE C\u00c9TAC\u00c9S \u00c0 HOLMAVIK<\/strong><\/h2> <p style=\"text-align: center;\"><strong>Calendrier des sorties, tarifs, r\u00e9servations...<\/strong><\/p>\n\n<h6 style=\"text-align: center;\">R\u00c9SERVATION BIENT\u00d4T POSSIBLE !\u00a0<\/h6>\n<h1 style=\"text-align: center;\">Photos de l'exp\u00e9dition \u00e0 Holmavik<\/h1>\n<img src=\"https:\/\/www.shelltonewhaleproject.org\/wp-content\/uploads\/2026\/03\/holmavik-iceland-shelltonewhaleproject-3.jpeg\" title=\"holmavik-iceland-shelltonewhaleproject-3\" alt=\"holmavik-iceland-shelltonewhaleproject-3\" srcset=\"https:\/\/www.shelltonewhaleproject.org\/wp-content\/uploads\/2026\/03\/holmavik-iceland-shelltonewhaleproject-3.jpeg 1512w, https:\/\/www.shelltonewhaleproject.org\/wp-content\/uploads\/2026\/03\/holmavik-iceland-shelltonewhaleproject-3-300x200.jpeg 300w, https:\/\/www.shelltonewhaleproject.org\/wp-content\/uploads\/2026\/03\/holmavik-iceland-shelltonewhaleproject-3-1024x683.jpeg 1024w, https:\/\/www.shelltonewhaleproject.org\/wp-content\/uploads\/2026\/03\/holmavik-iceland-shelltonewhaleproject-3-768x512.jpeg 768w, https:\/\/www.shelltonewhaleproject.org\/wp-content\/uploads\/2026\/03\/holmavik-iceland-shelltonewhaleproject-3-18x12.jpeg 18w\" sizes=\"(max-width: 1512px) 100vw, 1512px\" \/>\n<img src=\"https:\/\/www.shelltonewhaleproject.org\/wp-content\/uploads\/2026\/03\/reykjavik-iceland-shelltonewhaleproject-2.jpg\" title=\"Reykjavik-iceland-shelltonewhaleproject-2\" alt=\"Reykjavik-iceland-shelltonewhaleproject-2\" srcset=\"https:\/\/www.shelltonewhaleproject.org\/wp-content\/uploads\/2026\/03\/reykjavik-iceland-shelltonewhaleproject-2.jpg 1600w, https:\/\/www.shelltonewhaleproject.org\/wp-content\/uploads\/2026\/03\/reykjavik-iceland-shelltonewhaleproject-2-300x200.jpg 300w, https:\/\/www.shelltonewhaleproject.org\/wp-content\/uploads\/2026\/03\/reykjavik-iceland-shelltonewhaleproject-2-1024x683.jpg 1024w, https:\/\/www.shelltonewhaleproject.org\/wp-content\/uploads\/2026\/03\/reykjavik-iceland-shelltonewhaleproject-2-768x512.jpg 768w, https:\/\/www.shelltonewhaleproject.org\/wp-content\/uploads\/2026\/03\/reykjavik-iceland-shelltonewhaleproject-2-1536x1024.jpg 1536w, https:\/\/www.shelltonewhaleproject.org\/wp-content\/uploads\/2026\/03\/reykjavik-iceland-shelltonewhaleproject-2-18x12.jpg 18w\" sizes=\"(max-width: 1600px) 100vw, 1600px\" \/>\n<img src=\"https:\/\/www.shelltonewhaleproject.org\/wp-content\/uploads\/2026\/03\/holmavik-iceland-shelltonewhaleproject-1.jpeg\" title=\"holmavik-iceland-shelltonewhaleproject-1\" alt=\"holmavik-iceland-shelltonewhaleproject-1\" srcset=\"https:\/\/www.shelltonewhaleproject.org\/wp-content\/uploads\/2026\/03\/holmavik-iceland-shelltonewhaleproject-1.jpeg 1600w, https:\/\/www.shelltonewhaleproject.org\/wp-content\/uploads\/2026\/03\/holmavik-iceland-shelltonewhaleproject-1-300x200.jpeg 300w, https:\/\/www.shelltonewhaleproject.org\/wp-content\/uploads\/2026\/03\/holmavik-iceland-shelltonewhaleproject-1-1024x683.jpeg 1024w, https:\/\/www.shelltonewhaleproject.org\/wp-content\/uploads\/2026\/03\/holmavik-iceland-shelltonewhaleproject-1-768x512.jpeg 768w, https:\/\/www.shelltonewhaleproject.org\/wp-content\/uploads\/2026\/03\/holmavik-iceland-shelltonewhaleproject-1-1536x1024.jpeg 1536w, https:\/\/www.shelltonewhaleproject.org\/wp-content\/uploads\/2026\/03\/holmavik-iceland-shelltonewhaleproject-1-18x12.jpeg 18w\" sizes=\"(max-width: 1600px) 100vw, 1600px\" \/>","_links":{"self":[{"href":"https:\/\/www.shelltonewhaleproject.org\/en\/wp-json\/wp\/v2\/pages\/10057","targetHints":{"allow":["GET"]}}],"collection":[{"href":"https:\/\/www.shelltonewhaleproject.org\/en\/wp-json\/wp\/v2\/pages"}],"about":[{"href":"https:\/\/www.shelltonewhaleproject.org\/en\/wp-json\/wp\/v2\/types\/page"}],"author":[{"embeddable":true,"href":"https:\/\/www.shelltonewhaleproject.org\/en\/wp-json\/wp\/v2\/users\/14"}],"replies":[{"embeddable":true,"href":"https:\/\/www.shelltonewhaleproject.org\/en\/wp-json\/wp\/v2\/comments?post=10057"}],"version-history":[{"count":10,"href":"https:\/\/www.shelltonewhaleproject.org\/en\/wp-json\/wp\/v2\/pages\/10057\/revisions"}],"predecessor-version":[{"id":10152,"href":"https:\/\/www.shelltonewhaleproject.org\/en\/wp-json\/wp\/v2\/pages\/10057\/revisions\/10152"}],"wp:attachment":[{"href":"https:\/\/www.shelltonewhaleproject.org\/en\/wp-json\/wp\/v2\/media?parent=10057"}],"curies":[{"name":"wp","href":"https:\/\/api.w.org\/{rel}","templated":true}]}}